{"id":2405,"date":"2021-01-29T08:27:01","date_gmt":"2021-01-29T07:27:01","guid":{"rendered":"http:\/\/agora.xtec.cat\/ceip-joaquim-blume\/?page_id=2405"},"modified":"2021-01-29T08:27:01","modified_gmt":"2021-01-29T07:27:01","slug":"al-blume-tots-comptem","status":"publish","type":"page","link":"https:\/\/agora.xtec.cat\/ceip-joaquim-blume\/al-blume-tots-comptem\/","title":{"rendered":"Al Blume tots comptem"},"content":{"rendered":"<p>Hem rebut aquest ajut del Ministeri d&#8217;Educaci\u00f3 cofinan\u00e7iat per la Uni\u00f3 Europea, amb ell, estem duent a terme:<br \/>\n&#8211; Activitat personalitzades d\u2019atenci\u00f3, orientaci\u00f3 i refor\u00e7 educatiu per als alumnes de necessitats educatives espec\u00edfiques d\u2019atenci\u00f3 a la diversitat en horari lectiu amb l&#8217;alumnat de prim\u00e0ria.<br \/>\n&#8211; Taller d\u2019estudi assistit de 3r a 6\u00e8 en grups estables.<br \/>\n<img loading=\"lazy\" decoding=\"async\" src=\"https:\/\/agora.xtec.cat\/ceip-joaquim-blume\/wp-content\/uploads\/usu1577\/2021\/01\/Cartell-definitu-1024x724.jpg\" alt=\"\" width=\"1024\" height=\"724\" class=\"alignleft size-large wp-image-2403\" srcset=\"https:\/\/agora.xtec.cat\/ceip-joaquim-blume\/wp-content\/uploads\/usu1577\/2021\/01\/Cartell-definitu-1024x724.jpg 1024w, https:\/\/agora.xtec.cat\/ceip-joaquim-blume\/wp-content\/uploads\/usu1577\/2021\/01\/Cartell-definitu-300x212.jpg 300w, https:\/\/agora.xtec.cat\/ceip-joaquim-blume\/wp-content\/uploads\/usu1577\/2021\/01\/Cartell-definitu-768x543.jpg 768w, https:\/\/agora.xtec.cat\/ceip-joaquim-blume\/wp-content\/uploads\/usu1577\/2021\/01\/Cartell-definitu.jpg 1754w\" sizes=\"auto, (max-width: 1024px) 100vw, 1024px\" \/><\/p>\n","protected":false},"excerpt":{"rendered":"<p>Hem rebut aquest ajut del Ministeri d&#8217;Educaci\u00f3 cofinan\u00e7iat per la Uni\u00f3 Europea, amb ell, estem duent a terme:<br \/>\n&#8211; Activitat personalitzades d\u2019atenci\u00f3, orientaci\u00f3 i refor\u00e7 educatiu per als alumnes de necessitats educatives espec\u00edfiques d\u2019atenci\u00f3 a la diversitat en horari lectiu amb l&#8217;alumnat de prim\u00e0ria.<br \/>\n&#8211; Taller d\u2019estudi&hellip;  <a href=\"https:\/\/agora.xtec.cat\/ceip-joaquim-blume\/al-blume-tots-comptem\/\" title=\"Read Al Blume tots comptem\">Llegeix m\u00e9s\u00bb<\/a><\/p>\n","protected":false},"author":1,"featured_media":0,"parent":0,"menu_order":0,"comment_status":"closed","ping_status":"closed","template":"","meta":{"_bbp_topic_count":0,"_bbp_reply_count":0,"_bbp_total_topic_count":0,"_bbp_total_reply_count":0,"_bbp_voice_count":0,"_bbp_anonymous_reply_count":0,"_bbp_topic_count_hidden":0,"_bbp_reply_count_hidden":0,"_bbp_forum_subforum_count":0,"footnotes":""},"class_list":["post-2405","page","type-page","status-publish","hentry"],"post_mailing_queue_ids":[],"_links":{"self":[{"href":"https:\/\/agora.xtec.cat\/ceip-joaquim-blume\/wp-json\/wp\/v2\/pages\/2405","targetHints":{"allow":["GET"]}}],"collection":[{"href":"https:\/\/agora.xtec.cat\/ceip-joaquim-blume\/wp-json\/wp\/v2\/pages"}],"about":[{"href":"https:\/\/agora.xtec.cat\/ceip-joaquim-blume\/wp-json\/wp\/v2\/types\/page"}],"author":[{"embeddable":true,"href":"https:\/\/agora.xtec.cat\/ceip-joaquim-blume\/wp-json\/wp\/v2\/users\/1"}],"replies":[{"embeddable":true,"href":"https:\/\/agora.xtec.cat\/ceip-joaquim-blume\/wp-json\/wp\/v2\/comments?post=2405"}],"version-history":[{"count":3,"href":"https:\/\/agora.xtec.cat\/ceip-joaquim-blume\/wp-json\/wp\/v2\/pages\/2405\/revisions"}],"predecessor-version":[{"id":2408,"href":"https:\/\/agora.xtec.cat\/ceip-joaquim-blume\/wp-json\/wp\/v2\/pages\/2405\/revisions\/2408"}],"wp:attachment":[{"href":"https:\/\/agora.xtec.cat\/ceip-joaquim-blume\/wp-json\/wp\/v2\/media?parent=2405"}],"curies":[{"name":"wp","href":"https:\/\/api.w.org\/{rel}","templated":true}]}}