{"id":2226,"date":"2020-07-19T22:13:40","date_gmt":"2020-07-19T20:13:40","guid":{"rendered":"http:\/\/agora.xtec.cat\/ceip-joaquim-blume\/?page_id=2226"},"modified":"2022-02-21T13:25:51","modified_gmt":"2022-02-21T12:25:51","slug":"robotica","status":"publish","type":"page","link":"https:\/\/agora.xtec.cat\/ceip-joaquim-blume\/projecte-educatiu\/robotica\/","title":{"rendered":"Rob\u00f2tica al Blume"},"content":{"rendered":"<p><span style=\"font-weight: 400;\">Som conscients de la import\u00e0ncia d\u2019adaptar els aprenentatges a les necessitats de la societat i sabem que formar els nostres alumnes en el pensament computacional els far\u00e0 ser m\u00e9s competents en el futur. Introdu\u00efm la rob\u00f2tica a educaci\u00f3 infantil i, en grup redu\u00eft, es treballa a tots els nivells educatius amb materials que desenvolupen la creativitat, el treball cooperatiu i la programaci\u00f3.\u00a0<\/span><\/p>\n<p><img loading=\"lazy\" decoding=\"async\" class=\"size-full wp-image-1851 aligncenter\" src=\"https:\/\/agora.xtec.cat\/ceip-joaquim-blume\/wp-content\/uploads\/usu1577\/2020\/03\/beebots.jpg\" alt=\"\" width=\"1000\" height=\"220\" srcset=\"https:\/\/agora.xtec.cat\/ceip-joaquim-blume\/wp-content\/uploads\/usu1577\/2020\/03\/beebots.jpg 1000w, https:\/\/agora.xtec.cat\/ceip-joaquim-blume\/wp-content\/uploads\/usu1577\/2020\/03\/beebots-300x66.jpg 300w, https:\/\/agora.xtec.cat\/ceip-joaquim-blume\/wp-content\/uploads\/usu1577\/2020\/03\/beebots-768x169.jpg 768w\" sizes=\"auto, (max-width: 1000px) 100vw, 1000px\" \/><\/p>\n<p><span style=\"font-weight: 400;\">A l&#8217;etapa d&#8217;educaci\u00f3 infantil es comen\u00e7a a treballar amb les Codi eruga de Fisher Price i l&#8217;aplicaci\u00f3 &#8220;Think and learn code a pillar&#8221; i s&#8217;amplia amb els Code karts, les Bee Bot i el Coding express de Lego.<\/span><\/p>\n<p>A educaci\u00f3 prim\u00e0ria es comen\u00e7a la programaci\u00f3 amb el Lego We-Do i les aplicacions Lightbot Jr, Scratch Jr, Blue Bot, Tynker,.. es complementen aquestes activitats amb les Robot Turtles i l&#8217;Scottie go! i va evolucionant al llarg dels diferents cursos fins a arribar al Lego Mindstorms a la comunitat gran.<\/p>\n<p>Treball de lectoescriptura amb Bee Bot:<\/p>\n<p>Em dic&#8230;<\/p>\n<p><iframe loading=\"lazy\" title=\"Aleix\" width=\"500\" height=\"281\" src=\"https:\/\/www.youtube.com\/embed\/yJcUTiYAuq8?feature=oembed\" frameborder=\"0\" allow=\"accelerometer; autoplay; clipboard-write; encrypted-media; gyroscope; picture-in-picture; web-share\" referrerpolicy=\"strict-origin-when-cross-origin\" allowfullscreen><\/iframe><\/p>\n<p><iframe loading=\"lazy\" title=\"Ana\" width=\"500\" height=\"281\" src=\"https:\/\/www.youtube.com\/embed\/EN9Z5s2l7sE?feature=oembed\" frameborder=\"0\" allow=\"accelerometer; autoplay; clipboard-write; encrypted-media; gyroscope; picture-in-picture; web-share\" referrerpolicy=\"strict-origin-when-cross-origin\" allowfullscreen><\/iframe><\/p>\n<p><iframe loading=\"lazy\" title=\"Lucas\" width=\"500\" height=\"281\" src=\"https:\/\/www.youtube.com\/embed\/1nB224agHw8?feature=oembed\" frameborder=\"0\" allow=\"accelerometer; autoplay; clipboard-write; encrypted-media; gyroscope; picture-in-picture; web-share\" referrerpolicy=\"strict-origin-when-cross-origin\" allowfullscreen><\/iframe><\/p>\n<p>&nbsp;<\/p>\n<p>&nbsp;<\/p>\n<p><a href=\"https:\/\/agora.xtec.cat\/ceip-joaquim-blume\/categoria\/projecte-educatiu\/robotica\/\" target=\"_blank\" rel=\"noopener noreferrer\">Not\u00edcies relacionades<\/a><\/p>\n","protected":false},"excerpt":{"rendered":"<p>Som conscients de la import\u00e0ncia d\u2019adaptar els aprenentatges a les necessitats de la societat i sabem que formar els nostres alumnes en el pensament computacional els far\u00e0 ser m\u00e9s competents en el futur. Introdu\u00efm la rob\u00f2tica a educaci\u00f3 infantil i, en grup redu\u00eft, es treballa&hellip;  <a href=\"https:\/\/agora.xtec.cat\/ceip-joaquim-blume\/projecte-educatiu\/robotica\/\" title=\"Read Rob\u00f2tica al Blume\">Llegeix m\u00e9s\u00bb<\/a><\/p>\n","protected":false},"author":1,"featured_media":0,"parent":64,"menu_order":80,"comment_status":"closed","ping_status":"closed","template":"page-templates\/side-menu.php","meta":{"_bbp_topic_count":0,"_bbp_reply_count":0,"_bbp_total_topic_count":0,"_bbp_total_reply_count":0,"_bbp_voice_count":0,"_bbp_anonymous_reply_count":0,"_bbp_topic_count_hidden":0,"_bbp_reply_count_hidden":0,"_bbp_forum_subforum_count":0,"footnotes":""},"class_list":["post-2226","page","type-page","status-publish","hentry"],"post_mailing_queue_ids":[],"_links":{"self":[{"href":"https:\/\/agora.xtec.cat\/ceip-joaquim-blume\/wp-json\/wp\/v2\/pages\/2226","targetHints":{"allow":["GET"]}}],"collection":[{"href":"https:\/\/agora.xtec.cat\/ceip-joaquim-blume\/wp-json\/wp\/v2\/pages"}],"about":[{"href":"https:\/\/agora.xtec.cat\/ceip-joaquim-blume\/wp-json\/wp\/v2\/types\/page"}],"author":[{"embeddable":true,"href":"https:\/\/agora.xtec.cat\/ceip-joaquim-blume\/wp-json\/wp\/v2\/users\/1"}],"replies":[{"embeddable":true,"href":"https:\/\/agora.xtec.cat\/ceip-joaquim-blume\/wp-json\/wp\/v2\/comments?post=2226"}],"version-history":[{"count":4,"href":"https:\/\/agora.xtec.cat\/ceip-joaquim-blume\/wp-json\/wp\/v2\/pages\/2226\/revisions"}],"predecessor-version":[{"id":2784,"href":"https:\/\/agora.xtec.cat\/ceip-joaquim-blume\/wp-json\/wp\/v2\/pages\/2226\/revisions\/2784"}],"up":[{"embeddable":true,"href":"https:\/\/agora.xtec.cat\/ceip-joaquim-blume\/wp-json\/wp\/v2\/pages\/64"}],"wp:attachment":[{"href":"https:\/\/agora.xtec.cat\/ceip-joaquim-blume\/wp-json\/wp\/v2\/media?parent=2226"}],"curies":[{"name":"wp","href":"https:\/\/api.w.org\/{rel}","templated":true}]}}