{"id":1595,"date":"2019-10-04T16:24:17","date_gmt":"2019-10-04T14:24:17","guid":{"rendered":"http:\/\/agora.xtec.cat\/ceip-joaquim-blume\/?page_id=1595"},"modified":"2026-01-15T10:05:42","modified_gmt":"2026-01-15T09:05:42","slug":"cicle-mitja-i-superior","status":"publish","type":"page","link":"https:\/\/agora.xtec.cat\/ceip-joaquim-blume\/documents-de-centre\/acords-descola\/cicle-mitja-i-superior\/","title":{"rendered":"Cicle superior"},"content":{"rendered":"<p><b>ACORDS D\u2019ESCOLA<\/b><\/p>\n<p><span style=\"font-weight: 400;\">Entrades i Sortides\u00a0<\/span><\/p>\n<ol>\n<li style=\"font-weight: 400;\" aria-level=\"1\"><b>L\u2019alumnat ha d\u2019arribar puntual a l\u2019escola<\/b><span style=\"font-weight: 400;\"> i \u00e9s necessari que les fam\u00edlies <\/span><b>justifiqueu els retards i les abs\u00e8ncies per escrit a l\u2019agenda o a trav\u00e9s del Dinantia.<\/b><\/li>\n<li style=\"font-weight: 400;\" aria-level=\"1\"><b>Les fam\u00edlies que no puguin recollir als seus fills i\/o filles<\/b><span style=\"font-weight: 400;\"> hauran de signar una <\/span><b>autoritzaci\u00f3<\/b><span style=\"font-weight: 400;\"> informant de la persona a qui deleguen aquesta responsabilitat. Les autoritzacions de cursos anteriors continuen sent vigents.<\/span><\/li>\n<li style=\"font-weight: 400;\" aria-level=\"1\"><b>A partir de 4t, els alumnes, poden marxar sols cap a casa<\/b><span style=\"font-weight: 400;\"> si tenen la corresponent autoritzaci\u00f3 signada per la fam\u00edlia.<\/span><\/li>\n<li style=\"font-weight: 400;\" aria-level=\"1\"><span style=\"font-weight: 400;\">Si l\u2019alumnat ha de <\/span><b>sortir<\/b><span style=\"font-weight: 400;\"> de l\u2019escola <\/span><b>per causa<\/b> <b>justificada<\/b> <b>abans de l\u2019hora establerta <\/b><span style=\"font-weight: 400;\">s\u2019ha d\u2019indicar a l\u2019agenda o al Dinantia el motiu i l\u2019hora de sortida. <\/span><b>Nom\u00e9s podran sortir del centre si els venen a recollir una persona autoritzada. <\/b><span style=\"font-weight: 400;\">Totes les <\/span><b>faltes d\u2019assist\u00e8ncia<\/b><span style=\"font-weight: 400;\"> de l\u2019alumnat han de ser <\/span><b>rigorosament justificades<\/b><span style=\"font-weight: 400;\"> a <\/span><b>l\u2019agenda o a trav\u00e9s del Dinantia.<\/b><\/li>\n<\/ol>\n<p><span style=\"font-weight: 400;\">Menjador<\/span><span style=\"font-weight: 400;\"> (tel\u00e8fon coordinadora <\/span><b>Raquel 689660847)\u00a0<\/b><\/p>\n<ol>\n<li style=\"font-weight: 400;\" aria-level=\"1\"><span style=\"font-weight: 400;\">Si un alumne es queda al <\/span><b>menjador de forma espor\u00e0dica<\/b><span style=\"font-weight: 400;\"> cal fer <\/span><b>una nota a l\u2019agenda o a trav\u00e9s del Dinantia<\/b><span style=\"font-weight: 400;\"> per comunicar-ho al professorat i\u00a0 <\/span><b>tamb\u00e9 cal que ho comuniqueu al servei de menjador.<\/b><\/li>\n<li style=\"font-weight: 400;\" aria-level=\"1\"><span style=\"font-weight: 400;\">Si es queda al <\/span><b>menjador de manera habitual<\/b><span style=\"font-weight: 400;\"> i algun dia marxa a dinar a casa <\/span><b>tamb\u00e9 s\u2019ha de fer una nota a l\u2019agenda o a trav\u00e9s del Dinantia i comunicar-ho al servei de menjador<\/b><span style=\"font-weight: 400;\">.\u00a0<\/span><\/li>\n<\/ol>\n<p><span style=\"font-weight: 400;\">Salut, Medicaments i Higiene personal<\/span><\/p>\n<ol>\n<li style=\"font-weight: 400;\" aria-level=\"1\"><span style=\"font-weight: 400;\">A l\u2019hora del <\/span><b>pati<\/b><span style=\"font-weight: 400;\"> es recomana que portin un <\/span><b>esmorzar saludable (entrep\u00e0 o fruita)<\/b><span style=\"font-weight: 400;\"> amb un <\/span><b>embolcall reutilitzable. No es poden portar begudes ni llaminadures.<\/b><\/li>\n<li style=\"font-weight: 400;\" aria-level=\"1\"><b>En el cas que un alumne tingui una malaltia<\/b><span style=\"font-weight: 400;\"> contagiosa (tipus varicel\u00b7la, conjuntivitis, polls&#8230;) <\/span><b>o febre haur\u00e0 de quedar-se a casa<\/b><span style=\"font-weight: 400;\"> fins que estigui completament curat.<\/span><b> Cal estar 24h sense febre per poder retornar a l\u2019escola.<\/b><\/li>\n<li style=\"font-weight: 400;\" aria-level=\"1\"><span style=\"font-weight: 400;\">Si l\u2019alumnat <\/span><b>ha de prendre un medicament dins de l\u2019horari escolar<\/b><span style=\"font-weight: 400;\">, caldr\u00e0 que vingueu a l\u2019escola i signeu <\/span><b>l\u2019autoritzaci\u00f3<\/b><span style=\"font-weight: 400;\">, porteu una fotoc\u00f2pia de la <\/span><b>recepta m\u00e8dica<\/b><span style=\"font-weight: 400;\"> i ens entregueu el <\/span><b>medicament<\/b><span style=\"font-weight: 400;\">. En cap cas es poden portar medicaments a la bossa o motxilla.<\/span><\/li>\n<li style=\"font-weight: 400;\" aria-level=\"1\"><span style=\"font-weight: 400;\">Per mantenir una millor higiene i evitar contagis es demana que <\/span><b>tots els infants, durant els primers dies de l\u2019inici de curs, portin una capsa de mocadors d\u2019un sol \u00fas <\/b><span style=\"font-weight: 400;\">que es guardaran a les aules i s\u2019aniran utilitzant al llarg del curs.\u00a0<\/span><\/li>\n<li style=\"font-weight: 400;\" aria-level=\"1\"><span style=\"font-weight: 400;\">L\u2019alumnat <\/span><b>ha d\u2019anar al lavabo abans de venir a l\u2019escola<\/b><span style=\"font-weight: 400;\">. En hores de classe <\/span><b>no sortiran al lavabo<\/b><span style=\"font-weight: 400;\">, excepte si hi ha una urg\u00e8ncia o recomanaci\u00f3 m\u00e8dica. Tothom podr\u00e0 anar-hi abans i despr\u00e9s del pati.<\/span><\/li>\n<\/ol>\n<p><span style=\"font-weight: 400;\">Material\u00a0<\/span><\/p>\n<ol>\n<li style=\"font-weight: 400;\" aria-level=\"1\"><span style=\"font-weight: 400;\">L\u2019alumnat <\/span><b>ha de portar un estoig de roba o de pl\u00e0stic<\/b><span style=\"font-weight: 400;\">, a ser possible una mica gran, i <\/span><b>que es pugui penjar a la taula<\/b><span style=\"font-weight: 400;\"> (i es faran responsables del seu material). <\/span><b>L\u2019estoig \u00e9s d\u2019\u00fas escolar i no pot sortir del centre<\/b><span style=\"font-weight: 400;\">.<\/span><\/li>\n<li style=\"font-weight: 400;\" aria-level=\"1\"><span style=\"font-weight: 400;\">L\u2019alumnat ha de tenir <\/span><b>l\u2019agenda de l\u2019escola<\/b><span style=\"font-weight: 400;\"> per poder anotar les activitats a realitzar a casa. Quan s\u2019incompleixi el lliurament dels treballs es notificar\u00e0 a trav\u00e9s de l\u2019agenda. Aquestes i altres <\/span><b>notes o comunicats <\/b><span style=\"font-weight: 400;\">que us fem arribar, <\/span><b>s\u2019han de retornar sempre signades.<\/b><\/li>\n<li style=\"font-weight: 400;\" aria-level=\"1\"><span style=\"font-weight: 400;\">Totes les <\/span><b>faltes d\u2019assist\u00e8ncia<\/b><span style=\"font-weight: 400;\"> de l\u2019alumnat han de ser <\/span><b>rigorosament justificades<\/b><span style=\"font-weight: 400;\"> a <\/span><b>l\u2019agenda o a trav\u00e9s del Dinantia.<\/b><\/li>\n<li style=\"font-weight: 400;\" aria-level=\"1\"><b>No han de portar cap altre material de casa<\/b><span style=\"font-weight: 400;\">, des de l\u2019escola es facilita tot el que necessiten. Si fos necessari algun material especial es comunicar\u00e0 pr\u00e8viament. Per tant, <\/span><b>no es poden utilitzar correctors (\u201ct\u00edpex\u201d) ni \u201cfluorescents\u201d.<\/b><\/li>\n<li style=\"font-weight: 400;\" aria-level=\"1\"><span style=\"font-weight: 400;\">Per fomentar la responsabilitat de l\u2019alumnat cal que respectin el material, tant l\u2019individual com el del grup. <\/span><b>El material que perdin, trenquin o malmetin hauran de portar-lo nou de casa.<\/b><\/li>\n<li style=\"font-weight: 400;\" aria-level=\"1\"><span style=\"font-weight: 400;\">L\u2019alumnat disposa de <\/span><b>llibres socialitzats<\/b><span style=\"font-weight: 400;\"> a la seva classe i a les diferents biblioteques. Aquest llibres els portaran a casa quan els docents ho indiquin. En cas de deteriorament intencionat i\/o de p\u00e8rdua s\u2019haur\u00e0 de reposar o abonar l\u2019import.\u00a0<\/span><\/li>\n<\/ol>\n<p><span style=\"font-weight: 400;\">Educaci\u00f3 F\u00edsica<\/span><\/p>\n<ol>\n<li style=\"font-weight: 400;\" aria-level=\"1\"><span style=\"font-weight: 400;\">Per fer <\/span><b>Educaci\u00f3 F\u00edsica<\/b> <b>cal que portin la samarreta de l\u2019escola<\/b><span style=\"font-weight: 400;\">, pantalons d\u2019esport, mitjons i cal\u00e7at adequats. Tamb\u00e9 han de portar una <\/span><b>samarreta per canviar-se<\/b><span style=\"font-weight: 400;\">, una <\/span><b>tovallola petita<\/b><span style=\"font-weight: 400;\"> i una <\/span><b>ampolleta d\u2019aigua<\/b><span style=\"font-weight: 400;\"> en una bossa a part.\u00a0<\/span><\/li>\n<li style=\"font-weight: 400;\" aria-level=\"1\"><span style=\"font-weight: 400;\">Si no poden fer Educaci\u00f3 F\u00edsica han de portar un justificant a l\u2019agenda. <\/span><b>Si un alumne pateix algun tipus de malaltia que pugui afectar al desenvolupament normal de les activitats, caldr\u00e0 que la fam\u00edlia informeu per escrit al mestre especialista.<\/b><\/li>\n<\/ol>\n<p><span style=\"font-weight: 400;\">Sortides, excursions i col\u00f2nies.<\/span><\/p>\n<ol>\n<li style=\"font-weight: 400;\" aria-level=\"1\"><b>Les sortides i activitats complement\u00e0ries que s\u2019organitzen des de l\u2019escola s\u00f3n curriculars i estan contemplades dins de la quota unificada.<\/b><\/li>\n<li style=\"font-weight: 400;\" aria-level=\"1\"><b>\u00c9s obligatori que l\u2019alumnat porti posada la samarreta de l\u2019escola els dies de sortides i excursions.<\/b><\/li>\n<\/ol>\n<p><b>A TENIR EN COMPTE!<\/b><\/p>\n<ol>\n<li style=\"font-weight: 400;\" aria-level=\"1\"><b>Comuniqueu sempre a secretaria els canvis que es produeixin a les dades que consten a l\u2019escola<\/b><span style=\"font-weight: 400;\"> (adre\u00e7a, tel\u00e8fons,&#8230;).<\/span><\/li>\n<li style=\"font-weight: 400;\" aria-level=\"1\"><b>No es permet portar joguines, cromos, diners,&#8230;\u00a0<\/b><\/li>\n<li style=\"font-weight: 400;\" aria-level=\"1\"><b>En cap cas es poden portar tel\u00e8fons m\u00f2bils o altres dispositius com rellotges intel\u00b7ligents.\u00a0<\/b><\/li>\n<li style=\"font-weight: 400;\" aria-level=\"1\"><b>Cal revisar l\u2019aplicaci\u00f3 Dinantia o el correu electr\u00f2nica ja que \u00e9s el canal de comunicaci\u00f3 de l\u2019escola.<\/b><\/li>\n<\/ol>\n","protected":false},"excerpt":{"rendered":"<p>ACORDS D\u2019ESCOLA<br \/>\nEntrades i Sortides\u00a0<\/p>\n<ol>\n<li style=\"font-weight: 400;\" aria-level=\"1\">L\u2019alumnat ha d\u2019arribar puntual a l\u2019escola i \u00e9s necessari que les fam\u00edlies justifiqueu els retards i les abs\u00e8ncies per escrit a l\u2019agenda o a trav\u00e9s del Dinantia.<\/li>\n<li style=\"font-weight: 400;\" aria-level=\"1\">Les fam\u00edlies que no puguin recollir als seus fills i\/o&hellip;  <a href=\"https:\/\/agora.xtec.cat\/ceip-joaquim-blume\/documents-de-centre\/acords-descola\/cicle-mitja-i-superior\/\" title=\"Read Cicle superior\">Llegeix m\u00e9s\u00bb<\/a><br \/>\n","protected":false},"author":1,"featured_media":0,"parent":1591,"menu_order":0,"comment_status":"closed","ping_status":"closed","template":"","meta":{"_bbp_topic_count":0,"_bbp_reply_count":0,"_bbp_total_topic_count":0,"_bbp_total_reply_count":0,"_bbp_voice_count":0,"_bbp_anonymous_reply_count":0,"_bbp_topic_count_hidden":0,"_bbp_reply_count_hidden":0,"_bbp_forum_subforum_count":0,"footnotes":""},"class_list":["post-1595","page","type-page","status-publish","hentry"],"post_mailing_queue_ids":[],"_links":{"self":[{"href":"https:\/\/agora.xtec.cat\/ceip-joaquim-blume\/wp-json\/wp\/v2\/pages\/1595","targetHints":{"allow":["GET"]}}],"collection":[{"href":"https:\/\/agora.xtec.cat\/ceip-joaquim-blume\/wp-json\/wp\/v2\/pages"}],"about":[{"href":"https:\/\/agora.xtec.cat\/ceip-joaquim-blume\/wp-json\/wp\/v2\/types\/page"}],"author":[{"embeddable":true,"href":"https:\/\/agora.xtec.cat\/ceip-joaquim-blume\/wp-json\/wp\/v2\/users\/1"}],"replies":[{"embeddable":true,"href":"https:\/\/agora.xtec.cat\/ceip-joaquim-blume\/wp-json\/wp\/v2\/comments?post=1595"}],"version-history":[{"count":5,"href":"https:\/\/agora.xtec.cat\/ceip-joaquim-blume\/wp-json\/wp\/v2\/pages\/1595\/revisions"}],"predecessor-version":[{"id":4413,"href":"https:\/\/agora.xtec.cat\/ceip-joaquim-blume\/wp-json\/wp\/v2\/pages\/1595\/revisions\/4413"}],"up":[{"embeddable":true,"href":"https:\/\/agora.xtec.cat\/ceip-joaquim-blume\/wp-json\/wp\/v2\/pages\/1591"}],"wp:attachment":[{"href":"https:\/\/agora.xtec.cat\/ceip-joaquim-blume\/wp-json\/wp\/v2\/media?parent=1595"}],"curies":[{"name":"wp","href":"https:\/\/api.w.org\/{rel}","templated":true}]}}