{"id":1593,"date":"2019-10-04T16:24:00","date_gmt":"2019-10-04T14:24:00","guid":{"rendered":"http:\/\/agora.xtec.cat\/ceip-joaquim-blume\/?page_id=1593"},"modified":"2026-01-15T10:05:48","modified_gmt":"2026-01-15T09:05:48","slug":"cicle-inicial","status":"publish","type":"page","link":"https:\/\/agora.xtec.cat\/ceip-joaquim-blume\/documents-de-centre\/acords-descola\/cicle-inicial\/","title":{"rendered":"Cicle inicial i mitj\u00e0"},"content":{"rendered":"\n<p><strong>ACORDS D\u2019ESCOLA<\/strong><\/p>\n\n\n\n<p>Entrades i Sortides&nbsp;<\/p>\n\n\n\n<ol class=\"wp-block-list\">\n<li>L\u2019entrada i recollida d\u2019alumnes a l\u2019escola es realitzar\u00e0<strong> <\/strong>amb la<strong> m\u00e0xima puntualitat. <\/strong>\u00c9s necessari que les fam\u00edlies <strong>justifiqueu els retards i les abs\u00e8ncies per escrit a l\u2019agenda o trav\u00e9s el Dinantia.\u00a0<\/strong><\/li>\n\n\n\n<li><strong>La recollida dels alumnes de 1r i 2n es far\u00e0 a les aules i caldr\u00e0 accedir per la porta principal i pujar per l\u2019escala central.\u00a0<\/strong><\/li>\n\n\n\n<li><strong>Les fam\u00edlies que no puguin recollir als seus fills i\/o filles<\/strong> hauran de signar una <strong>autoritzaci\u00f3<\/strong> informant de la persona a qui deleguen aquesta responsabilitat. Les autoritzacions de cursos anteriors continuen sent vigents.<\/li>\n\n\n\n<li>Si un infant <strong>ha de sortir de l\u2019escola<\/strong> <strong>per causa<\/strong> <strong>justificada<\/strong> <strong>abans de l\u2019hora establerta <\/strong>s\u2019ha d\u2019indicar a l\u2019agenda o al Dinantia el motiu i l\u2019hora de sortida. <strong>Nom\u00e9s podran sortir del centre si els venen a recollir una persona autoritzada.<\/strong><\/li>\n<\/ol>\n\n\n\n<p>Menjador (tel\u00e8fon coordinadora <strong>Raquel 689660847)&nbsp;&nbsp;<\/strong><\/p>\n\n\n\n<ol start=\"5\" class=\"wp-block-list\">\n<li>Si un\/a alumne\/a es queda al <strong>menjador de forma espor\u00e0dica<\/strong> cal fer <strong>una nota a l\u2019agenda o a trav\u00e9s del Dinantia<\/strong> per comunicar-ho al professorat <strong>i\u00a0 tamb\u00e9 cal que ho comuniqueu al servei de menjador abans de les 10h.<\/strong><\/li>\n\n\n\n<li>Si es queda al <strong>menjador de manera habitual<\/strong> <strong>i algun dia marxa a dinar a casa<\/strong> <strong>tamb\u00e9 s\u2019ha de fer una nota a l\u2019agenda o a trav\u00e9s del Dinantia i comunicar-ho al servei de menjador<\/strong>.\u00a0<\/li>\n<\/ol>\n\n\n\n<p>Salut, Medicaments i Higiene personal<\/p>\n\n\n\n<ol start=\"7\" class=\"wp-block-list\">\n<li>A l\u2019hora del <strong>pati<\/strong> es recomana que portin un <strong>esmorzar saludable (entrep\u00e0 o fruita)<\/strong> amb un <strong>embolcall reutilitzable. No es poden portar begudes ni llaminadures.<\/strong><\/li>\n\n\n\n<li>En el cas que un <strong>infant tingui una malaltia contagiosa<\/strong> (tipus varicel\u00b7la, conjuntivitis, polls&#8230;) o febre <strong>haur\u00e0 de quedar-se a casa fins que estigui completament curat. Cal estar 24h sense febre per poder retornar a l\u2019escola.<\/strong><\/li>\n\n\n\n<li>Si l\u2019alumnat <strong>ha de prendre un medicament dins de l\u2019horari escolar<\/strong>, caldr\u00e0 que vingueu a l\u2019escola i signeu <strong>l\u2019autoritzaci\u00f3<\/strong>, porteu una fotoc\u00f2pia de la <strong>recepta m\u00e8dica<\/strong> i ens entregueu el <strong>medicament<\/strong>. En cap cas es poden portar medicaments a la bossa o a la motxilla.<\/li>\n\n\n\n<li>\u00c9s important que la fam\u00edlia col\u00b7labori en fomentar els h\u00e0bits d\u2019higiene i d\u2019autonomia personal: rentar mans, mocar-se,&#8230;<\/li>\n\n\n\n<li>Per mantenir una millor higiene i evitar contagis es demana que <strong>tots els infants, durant els primers dies de l\u2019inici de curs, portin dos capses de mocadors d\u2019un sol \u00fas <\/strong>que es guardaran a les aules i s\u2019aniran utilitzant al llarg del curs.\u00a0<\/li>\n\n\n\n<li>L\u2019alumnat <strong>ha d\u2019anar al lavabo abans de venir a l\u2019escola<\/strong>. Anem abans i despr\u00e9s del pati i procurarem que no hagin d\u2019anar durant les hores de classe.<\/li>\n<\/ol>\n\n\n\n<p>Material&nbsp;<\/p>\n\n\n\n<ol start=\"13\" class=\"wp-block-list\">\n<li>Tot l\u2019alumnat ha de tenir <strong>l\u2019agenda de l\u2019escola<\/strong> per apuntar les activitats, concertar entrevistes personals o establir una comunicaci\u00f3 amb la fam\u00edlia. (Cal que la fam\u00edlia <strong>revisi i signi l\u2019agenda<\/strong> cada cap de setmana).\u00a0<\/li>\n\n\n\n<li><strong>No han de portar cap altre material de casa<\/strong>, des de l\u2019escola es facilita tot el que necessiten. Si fos necessari algun material especial es comunicar\u00e0 pr\u00e8viament.\u00a0<\/li>\n\n\n\n<li>Per fomentar la responsabilitat de l\u2019alumnat cal que respectin el material, tant l\u2019individual com el del grup. <strong>El material que perdin, trenquin o malmetin hauran de portar-lo nou de casa.<\/strong><\/li>\n\n\n\n<li>L\u2019alumnat disposa de <strong>llibres socialitzats<\/strong> a la seva classe i a les diferents biblioteques. Aquests llibres els portaran a casa quan els docents ho indiquin. En cas de deteriorament intencionat i\/o de p\u00e8rdua s\u2019haur\u00e0 de reposar o abonar l\u2019import.\u00a0<\/li>\n<\/ol>\n\n\n\n<ol start=\"17\" class=\"wp-block-list\">\n<li>L\u2019alumnat ha de portar <strong>tota la roba<\/strong> que s\u2019hagin de treure a l\u2019escola (jaqueta, abric, bossa,&#8230;)<strong> marcada amb el seu nom<\/strong> i amb una veta llarga per poder-la penjar.<\/li>\n<\/ol>\n\n\n\n<p>Educaci\u00f3 F\u00edsica<\/p>\n\n\n\n<ol start=\"18\" class=\"wp-block-list\">\n<li>Per fer <strong>Educaci\u00f3 F\u00edsica<\/strong> cal que portin la <strong>samarreta de l\u2019escola<\/strong>, pantalons d\u2019esport, mitjons i cal\u00e7at adequats.<\/li>\n\n\n\n<li>Si no poden fer Educaci\u00f3 F\u00edsica han de portar un justificant a l\u2019agenda. <strong>Si un infant pateix algun tipus de malaltia que pugui afectar al desenvolupament normal de les activitats, caldr\u00e0 que la fam\u00edlia informi per escrit al mestre especialista.<\/strong><\/li>\n\n\n\n<li><strong>L\u2019activitat de piscina de 1r<\/strong> \u00e9s obligat\u00f2ria i forma part de l\u2019\u00e0rea d\u2019Educaci\u00f3 F\u00edsica.\u00a0<\/li>\n<\/ol>\n\n\n\n<p>Sortides, excursions i col\u00f2nies.<\/p>\n\n\n\n<ol start=\"21\" class=\"wp-block-list\">\n<li><strong>Les sortides i les activitats complement\u00e0ries que s\u2019organitzen des de l\u2019escola s\u00f3n curriculars i estan contemplades dins de la quota unificada.<\/strong><\/li>\n\n\n\n<li><strong>\u00c9s obligatori que l\u2019alumnat porti posada la samarreta de l\u2019escola els dies de sortides i excursions.<\/strong><\/li>\n\n\n\n<li>A les reunions d\u2019inici de curs es donar\u00e0 la informaci\u00f3 de les col\u00f2nies.\u00a0<\/li>\n<\/ol>\n\n\n\n<p><strong>A TENIR EN COMPTE!<\/strong><\/p>\n\n\n\n<ol start=\"24\" class=\"wp-block-list\">\n<li><strong>Comuniqueu sempre a secretaria els canvis que es produeixin a les dades que consten a l\u2019escola<\/strong> (adre\u00e7a, tel\u00e8fons, correu electr\u00f2nic,&#8230;).\u00a0<\/li>\n\n\n\n<li><strong>No es permet portar joguines, cromos, diners,&#8230;\u00a0<\/strong><\/li>\n\n\n\n<li><strong>En cap cas es poden portar tel\u00e8fons m\u00f2bils o altres dispositius com rellotges intel\u00b7ligents.\u00a0<\/strong><\/li>\n\n\n\n<li><strong>Cal revisar l\u2019aplicaci\u00f3 Dinantia o el correu electr\u00f2nic ja que \u00e9s el canal de comunicaci\u00f3 de l\u2019escola.<\/strong><\/li>\n<\/ol>\n\n\n\n<p><\/p>\n","protected":false},"excerpt":{"rendered":"<p>ACORDS D\u2019ESCOLA<\/p>\n<p>Entrades i Sortides&nbsp;<\/p>\n<ol class=\"wp-block-list\">\n<li>L\u2019entrada i recollida d\u2019alumnes a l\u2019escola es realitzar\u00e0 amb la m\u00e0xima puntualitat. \u00c9s necessari que les fam\u00edlies justifiqueu els retards i les abs\u00e8ncies per escrit a l\u2019agenda o trav\u00e9s el Dinantia.\u00a0<\/li>\n<li>La recollida dels alumnes de 1r i 2n es far\u00e0 a&hellip;  <a href=\"https:\/\/agora.xtec.cat\/ceip-joaquim-blume\/documents-de-centre\/acords-descola\/cicle-inicial\/\" title=\"Read Cicle inicial i mitj\u00e0\">Llegeix m\u00e9s\u00bb<\/a><br \/>\n","protected":false},"author":1,"featured_media":0,"parent":1591,"menu_order":0,"comment_status":"closed","ping_status":"closed","template":"","meta":{"_bbp_topic_count":0,"_bbp_reply_count":0,"_bbp_total_topic_count":0,"_bbp_total_reply_count":0,"_bbp_voice_count":0,"_bbp_anonymous_reply_count":0,"_bbp_topic_count_hidden":0,"_bbp_reply_count_hidden":0,"_bbp_forum_subforum_count":0,"footnotes":""},"class_list":["post-1593","page","type-page","status-publish","hentry"],"post_mailing_queue_ids":[],"_links":{"self":[{"href":"https:\/\/agora.xtec.cat\/ceip-joaquim-blume\/wp-json\/wp\/v2\/pages\/1593","targetHints":{"allow":["GET"]}}],"collection":[{"href":"https:\/\/agora.xtec.cat\/ceip-joaquim-blume\/wp-json\/wp\/v2\/pages"}],"about":[{"href":"https:\/\/agora.xtec.cat\/ceip-joaquim-blume\/wp-json\/wp\/v2\/types\/page"}],"author":[{"embeddable":true,"href":"https:\/\/agora.xtec.cat\/ceip-joaquim-blume\/wp-json\/wp\/v2\/users\/1"}],"replies":[{"embeddable":true,"href":"https:\/\/agora.xtec.cat\/ceip-joaquim-blume\/wp-json\/wp\/v2\/comments?post=1593"}],"version-history":[{"count":4,"href":"https:\/\/agora.xtec.cat\/ceip-joaquim-blume\/wp-json\/wp\/v2\/pages\/1593\/revisions"}],"predecessor-version":[{"id":4414,"href":"https:\/\/agora.xtec.cat\/ceip-joaquim-blume\/wp-json\/wp\/v2\/pages\/1593\/revisions\/4414"}],"up":[{"embeddable":true,"href":"https:\/\/agora.xtec.cat\/ceip-joaquim-blume\/wp-json\/wp\/v2\/pages\/1591"}],"wp:attachment":[{"href":"https:\/\/agora.xtec.cat\/ceip-joaquim-blume\/wp-json\/wp\/v2\/media?parent=1593"}],"curies":[{"name":"wp","href":"https:\/\/api.w.org\/{rel}","templated":true}]}}