{"id":73,"date":"2014-09-18T14:01:51","date_gmt":"2014-09-18T13:01:51","guid":{"rendered":"http:\/\/agora.xtec.cat\/ceip-joanplana\/?page_id=73"},"modified":"2026-03-26T10:49:48","modified_gmt":"2026-03-26T09:49:48","slug":"menjador-escolar","status":"publish","type":"page","link":"https:\/\/agora.xtec.cat\/ceip-joanplana\/serveis\/menjador-escolar\/","title":{"rendered":"Menjador escolar"},"content":{"rendered":"<p>El menjador escolar est\u00e0 gestionat per l\u2019AFA de l\u2019escola mitjan\u00e7ant l\u2019empresa \u00c0pats Sans <a href=\"https:\/\/apatssans.com\" target=\"_blank\" rel=\"noopener\">https:\/\/apatssans.com<\/a>. L\u2019alumnat pot fer-ne \u00fas de forma fixa o espor\u00e0dica. Aqu\u00ed podeu consultar el men\u00fa del mes corresponent.<a href=\"https:\/\/agora.xtec.cat\/ceip-joanplana\/wp-content\/uploads\/usu1704\/2026\/03\/Screenshot_2-1.jpg\"><img loading=\"lazy\" decoding=\"async\" class=\"aligncenter size-full wp-image-2958\" src=\"https:\/\/agora.xtec.cat\/ceip-joanplana\/wp-content\/uploads\/usu1704\/2026\/03\/Screenshot_2-1.jpg\" alt=\"\" width=\"1091\" height=\"777\" srcset=\"https:\/\/agora.xtec.cat\/ceip-joanplana\/wp-content\/uploads\/usu1704\/2026\/03\/Screenshot_2-1.jpg 1091w, https:\/\/agora.xtec.cat\/ceip-joanplana\/wp-content\/uploads\/usu1704\/2026\/03\/Screenshot_2-1-300x214.jpg 300w, https:\/\/agora.xtec.cat\/ceip-joanplana\/wp-content\/uploads\/usu1704\/2026\/03\/Screenshot_2-1-1024x729.jpg 1024w, https:\/\/agora.xtec.cat\/ceip-joanplana\/wp-content\/uploads\/usu1704\/2026\/03\/Screenshot_2-1-768x547.jpg 768w\" sizes=\"auto, (max-width: 1091px) 100vw, 1091px\" \/><\/a><\/p>\n<p>&nbsp;<\/p>\n","protected":false},"excerpt":{"rendered":"<p>El menjador escolar est\u00e0 gestionat per l\u2019AFA de l\u2019escola mitjan\u00e7ant l\u2019empresa \u00c0pats Sans <a href=\"https:\/\/apatssans.com\" target=\"_blank\" rel=\"noopener\">https:\/\/apatssans.com<\/a>. L\u2019alumnat pot fer-ne \u00fas de forma fixa o espor\u00e0dica. Aqu\u00ed podeu consultar el men\u00fa del mes corresponent.<a href=\"https:\/\/agora.xtec.cat\/ceip-joanplana\/wp-content\/uploads\/usu1704\/2026\/03\/Screenshot_2-1.jpg\"><\/a><br \/>\n&nbsp;<\/p>\n","protected":false},"author":1,"featured_media":0,"parent":66,"menu_order":30,"comment_status":"closed","ping_status":"closed","template":"page-templates\/side-menu.php","meta":{"_bbp_topic_count":0,"_bbp_reply_count":0,"_bbp_total_topic_count":0,"_bbp_total_reply_count":0,"_bbp_voice_count":0,"_bbp_anonymous_reply_count":0,"_bbp_topic_count_hidden":0,"_bbp_reply_count_hidden":0,"_bbp_forum_subforum_count":0,"footnotes":""},"class_list":["post-73","page","type-page","status-publish","hentry"],"post_mailing_queue_ids":[],"_links":{"self":[{"href":"https:\/\/agora.xtec.cat\/ceip-joanplana\/wp-json\/wp\/v2\/pages\/73","targetHints":{"allow":["GET"]}}],"collection":[{"href":"https:\/\/agora.xtec.cat\/ceip-joanplana\/wp-json\/wp\/v2\/pages"}],"about":[{"href":"https:\/\/agora.xtec.cat\/ceip-joanplana\/wp-json\/wp\/v2\/types\/page"}],"author":[{"embeddable":true,"href":"https:\/\/agora.xtec.cat\/ceip-joanplana\/wp-json\/wp\/v2\/users\/1"}],"replies":[{"embeddable":true,"href":"https:\/\/agora.xtec.cat\/ceip-joanplana\/wp-json\/wp\/v2\/comments?post=73"}],"version-history":[{"count":8,"href":"https:\/\/agora.xtec.cat\/ceip-joanplana\/wp-json\/wp\/v2\/pages\/73\/revisions"}],"predecessor-version":[{"id":2960,"href":"https:\/\/agora.xtec.cat\/ceip-joanplana\/wp-json\/wp\/v2\/pages\/73\/revisions\/2960"}],"up":[{"embeddable":true,"href":"https:\/\/agora.xtec.cat\/ceip-joanplana\/wp-json\/wp\/v2\/pages\/66"}],"wp:attachment":[{"href":"https:\/\/agora.xtec.cat\/ceip-joanplana\/wp-json\/wp\/v2\/media?parent=73"}],"curies":[{"name":"wp","href":"https:\/\/api.w.org\/{rel}","templated":true}]}}