{"id":703,"date":"2018-09-25T12:29:06","date_gmt":"2018-09-25T10:29:06","guid":{"rendered":"http:\/\/agora.xtec.cat\/ceip-joanplana\/?page_id=703"},"modified":"2024-11-14T15:30:07","modified_gmt":"2024-11-14T14:30:07","slug":"bloc","status":"publish","type":"page","link":"https:\/\/agora.xtec.cat\/ceip-joanplana\/lescola\/bloc\/","title":{"rendered":"Bloc de l&#8217;escola"},"content":{"rendered":"<p data-adtags-visited=\"true\"><a href=\"https:\/\/agora.xtec.cat\/ceip-joanplana\/wp-content\/uploads\/usu1704\/2022\/11\/infografies.png\"><img loading=\"lazy\" decoding=\"async\" class=\"wp-image-1503 alignleft\" src=\"https:\/\/agora.xtec.cat\/ceip-joanplana\/wp-content\/uploads\/usu1704\/2022\/11\/infografies.png\" alt=\"\" width=\"174\" height=\"105\" srcset=\"https:\/\/agora.xtec.cat\/ceip-joanplana\/wp-content\/uploads\/usu1704\/2022\/11\/infografies.png 610w, https:\/\/agora.xtec.cat\/ceip-joanplana\/wp-content\/uploads\/usu1704\/2022\/11\/infografies-300x181.png 300w\" sizes=\"auto, (max-width: 174px) 100vw, 174px\" \/><\/a><span style=\"font-family: 'trebuchet ms', geneva, sans-serif; font-size: 14pt;\">Pst! Ei! S\u00ed, vosaltres, no us quedeu a la porta. ENTREU! <\/span><\/p>\n<p style=\"text-align: justify;\" data-adtags-visited=\"true\"><span style=\"font-family: 'trebuchet ms', geneva, sans-serif;\">Us presentem el <strong>blog de l\u2019Escola Joan Plana<\/strong>, <\/span><span style=\"font-family: 'trebuchet ms', geneva, sans-serif;\">confeccionat per l&#8217;alumnat de 4t, 5\u00e8 i 6\u00e8 que realitza el <strong>TALLER DE PERIODISME<\/strong>. Cada setmana el revisen i l&#8217;actualitzen amb les \u00faltimes not\u00edcies i novetats del dia a dia a l&#8217;escola.<\/span><\/p>\n<p style=\"text-align: justify;\" data-adtags-visited=\"true\"><a href=\"https:\/\/blocs.xtec.cat\/escolajoanplanapuigpe\/\"><img loading=\"lazy\" decoding=\"async\" class=\"wp-image-1579 alignleft\" src=\"https:\/\/agora.xtec.cat\/ceip-joanplana\/wp-content\/uploads\/usu1704\/2022\/11\/Reminder-Positive-motivation-Instagram-Post.png\" alt=\"\" width=\"407\" height=\"192\" srcset=\"https:\/\/agora.xtec.cat\/ceip-joanplana\/wp-content\/uploads\/usu1704\/2022\/11\/Reminder-Positive-motivation-Instagram-Post.png 1080w, https:\/\/agora.xtec.cat\/ceip-joanplana\/wp-content\/uploads\/usu1704\/2022\/11\/Reminder-Positive-motivation-Instagram-Post-300x142.png 300w, https:\/\/agora.xtec.cat\/ceip-joanplana\/wp-content\/uploads\/usu1704\/2022\/11\/Reminder-Positive-motivation-Instagram-Post-1024x485.png 1024w, https:\/\/agora.xtec.cat\/ceip-joanplana\/wp-content\/uploads\/usu1704\/2022\/11\/Reminder-Positive-motivation-Instagram-Post-768x363.png 768w\" sizes=\"auto, (max-width: 407px) 100vw, 407px\" \/><\/a><\/p>\n<p>&nbsp;<\/p>\n<p>&nbsp;<\/p>\n","protected":false},"excerpt":{"rendered":"<p><a href=\"https:\/\/agora.xtec.cat\/ceip-joanplana\/wp-content\/uploads\/usu1704\/2022\/11\/infografies.png\"><\/a>Pst! Ei! S\u00ed, vosaltres, no us quedeu a la porta. ENTREU!<br \/>\nUs presentem el blog de l\u2019Escola Joan Plana, confeccionat per l&#8217;alumnat de 4t, 5\u00e8 i 6\u00e8 que realitza el TALLER DE PERIODISME. Cada setmana el revisen i l&#8217;actualitzen amb les \u00faltimes not\u00edcies i&hellip;  <a href=\"https:\/\/agora.xtec.cat\/ceip-joanplana\/lescola\/bloc\/\" title=\"Read Bloc de l&#8217;escola\">Llegeix m\u00e9s\u00bb<\/a><\/p>\n","protected":false},"author":3,"featured_media":0,"parent":22,"menu_order":0,"comment_status":"closed","ping_status":"closed","template":"page-templates\/side-menu.php","meta":{"_bbp_topic_count":0,"_bbp_reply_count":0,"_bbp_total_topic_count":0,"_bbp_total_reply_count":0,"_bbp_voice_count":0,"_bbp_anonymous_reply_count":0,"_bbp_topic_count_hidden":0,"_bbp_reply_count_hidden":0,"_bbp_forum_subforum_count":0,"footnotes":""},"class_list":["post-703","page","type-page","status-publish","hentry"],"post_mailing_queue_ids":[],"_links":{"self":[{"href":"https:\/\/agora.xtec.cat\/ceip-joanplana\/wp-json\/wp\/v2\/pages\/703","targetHints":{"allow":["GET"]}}],"collection":[{"href":"https:\/\/agora.xtec.cat\/ceip-joanplana\/wp-json\/wp\/v2\/pages"}],"about":[{"href":"https:\/\/agora.xtec.cat\/ceip-joanplana\/wp-json\/wp\/v2\/types\/page"}],"author":[{"embeddable":true,"href":"https:\/\/agora.xtec.cat\/ceip-joanplana\/wp-json\/wp\/v2\/users\/3"}],"replies":[{"embeddable":true,"href":"https:\/\/agora.xtec.cat\/ceip-joanplana\/wp-json\/wp\/v2\/comments?post=703"}],"version-history":[{"count":5,"href":"https:\/\/agora.xtec.cat\/ceip-joanplana\/wp-json\/wp\/v2\/pages\/703\/revisions"}],"predecessor-version":[{"id":2333,"href":"https:\/\/agora.xtec.cat\/ceip-joanplana\/wp-json\/wp\/v2\/pages\/703\/revisions\/2333"}],"up":[{"embeddable":true,"href":"https:\/\/agora.xtec.cat\/ceip-joanplana\/wp-json\/wp\/v2\/pages\/22"}],"wp:attachment":[{"href":"https:\/\/agora.xtec.cat\/ceip-joanplana\/wp-json\/wp\/v2\/media?parent=703"}],"curies":[{"name":"wp","href":"https:\/\/api.w.org\/{rel}","templated":true}]}}