{"id":38,"date":"2014-09-18T12:34:08","date_gmt":"2014-09-18T10:34:08","guid":{"rendered":"http:\/\/agora.xtec.cat\/ceip-joanplana\/?page_id=38"},"modified":"2023-09-14T10:40:43","modified_gmt":"2023-09-14T08:40:43","slug":"salut","status":"publish","type":"page","link":"https:\/\/agora.xtec.cat\/ceip-joanplana\/lescola\/salut\/","title":{"rendered":"Salut"},"content":{"rendered":"<p><u><b>Salut<\/b><\/u><\/p>\n<p>S\u2019aconsella que els dimarts i els dijous els alumnes portin fruita o fruits secs. Esmorzars saludables.<\/p>\n<p>Per tal de no generar residus, recomanem utilitzar les carmanyoles per portar l\u2019esmorzar, que han d\u2019estar marcades amb el nom.<\/p>\n<p>Cal comunicar al tutor\/a qualsevol problema de salut que el nen\/a pugui tenir.<\/p>\n<p>En cas d\u2019exist\u00e8ncia de par\u00e0sits (polls), l\u2019escola avisar\u00e0 a la fam\u00edlia perqu\u00e8 vingui a recollir el seu fill\/a per fer el tractament.<\/p>\n<p>En cas de malaltia infecciosa (conjuntivitis, xarampi\u00f3, varicel.la&#8230;), l\u2019alumne\/a no podr\u00e0 assistir al centre fins que es recuperi.<\/p>\n<p>No s\u2019administraran medicaments. Nom\u00e9s en casos excepcionals es podran donar amb una autoritzaci\u00f3 de la fam\u00edlia acompanyada d\u2019una prescripci\u00f3 m\u00e8dica (l\u2019autoritzaci\u00f3 la trobareu\u00a0 a consergeria).<\/p>\n<p><strong>Aniversaris<\/strong><\/p>\n<p>En compliment de la normativa del Departament de Salut no es permet que els\/les alumnes portin esmorzars casolans per celebrar el seu aniversari. Haur\u00e0 de ser un petit \u00e0pat (croissants, coca, galetes&#8230;) que no sigui elaborat a casa.<\/p>\n","protected":false},"excerpt":{"rendered":"<p>Salut<br \/>\nS\u2019aconsella que els dimarts i els dijous els alumnes portin fruita o fruits secs. Esmorzars saludables.<br \/>\nPer tal de no generar residus, recomanem utilitzar les carmanyoles per portar l\u2019esmorzar, que han d\u2019estar marcades amb el nom.<br \/>\nCal comunicar al tutor\/a qualsevol problema de salut que el nen\/a&hellip;  <a href=\"https:\/\/agora.xtec.cat\/ceip-joanplana\/lescola\/salut\/\" title=\"Read Salut\">Llegeix m\u00e9s\u00bb<\/a><\/p>\n","protected":false},"author":1,"featured_media":0,"parent":22,"menu_order":80,"comment_status":"closed","ping_status":"closed","template":"page-templates\/side-menu.php","meta":{"_bbp_topic_count":0,"_bbp_reply_count":0,"_bbp_total_topic_count":0,"_bbp_total_reply_count":0,"_bbp_voice_count":0,"_bbp_anonymous_reply_count":0,"_bbp_topic_count_hidden":0,"_bbp_reply_count_hidden":0,"_bbp_forum_subforum_count":0,"footnotes":""},"class_list":["post-38","page","type-page","status-publish","hentry"],"post_mailing_queue_ids":[],"_links":{"self":[{"href":"https:\/\/agora.xtec.cat\/ceip-joanplana\/wp-json\/wp\/v2\/pages\/38","targetHints":{"allow":["GET"]}}],"collection":[{"href":"https:\/\/agora.xtec.cat\/ceip-joanplana\/wp-json\/wp\/v2\/pages"}],"about":[{"href":"https:\/\/agora.xtec.cat\/ceip-joanplana\/wp-json\/wp\/v2\/types\/page"}],"author":[{"embeddable":true,"href":"https:\/\/agora.xtec.cat\/ceip-joanplana\/wp-json\/wp\/v2\/users\/1"}],"replies":[{"embeddable":true,"href":"https:\/\/agora.xtec.cat\/ceip-joanplana\/wp-json\/wp\/v2\/comments?post=38"}],"version-history":[{"count":3,"href":"https:\/\/agora.xtec.cat\/ceip-joanplana\/wp-json\/wp\/v2\/pages\/38\/revisions"}],"predecessor-version":[{"id":1588,"href":"https:\/\/agora.xtec.cat\/ceip-joanplana\/wp-json\/wp\/v2\/pages\/38\/revisions\/1588"}],"up":[{"embeddable":true,"href":"https:\/\/agora.xtec.cat\/ceip-joanplana\/wp-json\/wp\/v2\/pages\/22"}],"wp:attachment":[{"href":"https:\/\/agora.xtec.cat\/ceip-joanplana\/wp-json\/wp\/v2\/media?parent=38"}],"curies":[{"name":"wp","href":"https:\/\/api.w.org\/{rel}","templated":true}]}}