{"id":2589,"date":"2025-02-25T15:55:59","date_gmt":"2025-02-25T14:55:59","guid":{"rendered":"https:\/\/agora.xtec.cat\/ceip-joanplana\/?page_id=2589"},"modified":"2025-02-25T16:01:44","modified_gmt":"2025-02-25T15:01:44","slug":"una-escola-que-actua","status":"publish","type":"page","link":"https:\/\/agora.xtec.cat\/ceip-joanplana\/projecte-educatiu\/escola-verda\/una-escola-que-actua\/","title":{"rendered":"Una escola que actua"},"content":{"rendered":"<p><span style=\"font-weight: 400;\">A la nostra escola, la sostenibilitat \u00e9s un pilar fonamental del nostre projecte educatiu. Des del taller d\u2019escola verda i el comit\u00e8 ambiental, treballem activament per reduir el nostre impacte ambiental a trav\u00e9s de diverses accions concretes:<\/span><\/p>\n<ul>\n<li style=\"font-weight: 400;\" aria-level=\"1\"><b>Les 5R del reciclatge: gesti\u00f3 responsable de residus.<\/b><span style=\"font-weight: 400;\"> Implementem un sistema de separaci\u00f3 i control de residus eficient i fomentem la reutilitzaci\u00f3 de materials, reduint aix\u00ed la quantitat de deixalles que generem.<\/span><\/li>\n<li style=\"font-weight: 400;\" aria-level=\"1\"><b>Efici\u00e8ncia energ\u00e8tica i h\u00eddrica:<\/b><span style=\"font-weight: 400;\"> Sensibilitzem la comunitat educativa sobre la import\u00e0ncia de l&#8217;estalvi d&#8217;energia i aigua, assegurant-nos d&#8217;apagar els llums i fer un \u00fas responsable dels recursos h\u00eddrics.<\/span><\/li>\n<li style=\"font-weight: 400;\" aria-level=\"1\"><b>Entorn verd i biodiversitat:<\/b><span style=\"font-weight: 400;\"> Cuidem amb dedicaci\u00f3 el nostre hort escolar i el jard\u00ed de papallones, creant espais verds que fomenten la biodiversitat i l&#8217;aprenentatge sobre la natura.<\/span><\/li>\n<li style=\"font-weight: 400;\" aria-level=\"1\"><b>Mobilitat sostenible:<\/b><span style=\"font-weight: 400;\"> Promovem activament l&#8217;\u00fas de mitjans de transport sostenibles, animant els alumnes i les fam\u00edlies a venir a l&#8217;escola a peu o en bicicleta.<\/span><\/li>\n<li style=\"font-weight: 400;\" aria-level=\"1\"><b>Educaci\u00f3 ambiental:<\/b><span style=\"font-weight: 400;\"> Organitzem tallers, xerrades i activitats pr\u00e0ctiques per sensibilitzar sobre la import\u00e0ncia de la cura del planeta i proporcionar eines per adoptar h\u00e0bits m\u00e9s sostenibles.\u00a0<\/span><\/li>\n<\/ul>\n<p><span style=\"font-weight: 400;\">Aquestes accions, integrades en el nostre dia a dia, reflecteixen el nostre comprom\u00eds amb l&#8217;educaci\u00f3 en valors de sostenibilitat i la construcci\u00f3 d&#8217;un futur m\u00e9s respectu\u00f3s amb el medi ambient.<\/span><\/p>\n","protected":false},"excerpt":{"rendered":"<p>A la nostra escola, la sostenibilitat \u00e9s un pilar fonamental del nostre projecte educatiu. Des del taller d\u2019escola verda i el comit\u00e8 ambiental, treballem activament per reduir el nostre impacte ambiental a trav\u00e9s de diverses accions concretes:<\/p>\n<ul>\n<li style=\"font-weight: 400;\" aria-level=\"1\">Les 5R del reciclatge: gesti\u00f3 responsable&hellip;  <a href=\"https:\/\/agora.xtec.cat\/ceip-joanplana\/projecte-educatiu\/escola-verda\/una-escola-que-actua\/\" title=\"Read Una escola que actua\">Llegeix m\u00e9s\u00bb<\/a><br \/>\n","protected":false},"author":1,"featured_media":0,"parent":549,"menu_order":0,"comment_status":"closed","ping_status":"closed","template":"","meta":{"_bbp_topic_count":0,"_bbp_reply_count":0,"_bbp_total_topic_count":0,"_bbp_total_reply_count":0,"_bbp_voice_count":0,"_bbp_anonymous_reply_count":0,"_bbp_topic_count_hidden":0,"_bbp_reply_count_hidden":0,"_bbp_forum_subforum_count":0,"footnotes":""},"class_list":["post-2589","page","type-page","status-publish","hentry"],"post_mailing_queue_ids":[],"_links":{"self":[{"href":"https:\/\/agora.xtec.cat\/ceip-joanplana\/wp-json\/wp\/v2\/pages\/2589","targetHints":{"allow":["GET"]}}],"collection":[{"href":"https:\/\/agora.xtec.cat\/ceip-joanplana\/wp-json\/wp\/v2\/pages"}],"about":[{"href":"https:\/\/agora.xtec.cat\/ceip-joanplana\/wp-json\/wp\/v2\/types\/page"}],"author":[{"embeddable":true,"href":"https:\/\/agora.xtec.cat\/ceip-joanplana\/wp-json\/wp\/v2\/users\/1"}],"replies":[{"embeddable":true,"href":"https:\/\/agora.xtec.cat\/ceip-joanplana\/wp-json\/wp\/v2\/comments?post=2589"}],"version-history":[{"count":2,"href":"https:\/\/agora.xtec.cat\/ceip-joanplana\/wp-json\/wp\/v2\/pages\/2589\/revisions"}],"predecessor-version":[{"id":2597,"href":"https:\/\/agora.xtec.cat\/ceip-joanplana\/wp-json\/wp\/v2\/pages\/2589\/revisions\/2597"}],"up":[{"embeddable":true,"href":"https:\/\/agora.xtec.cat\/ceip-joanplana\/wp-json\/wp\/v2\/pages\/549"}],"wp:attachment":[{"href":"https:\/\/agora.xtec.cat\/ceip-joanplana\/wp-json\/wp\/v2\/media?parent=2589"}],"curies":[{"name":"wp","href":"https:\/\/api.w.org\/{rel}","templated":true}]}}