{"id":2587,"date":"2025-02-25T15:54:30","date_gmt":"2025-02-25T14:54:30","guid":{"rendered":"https:\/\/agora.xtec.cat\/ceip-joanplana\/?page_id=2587"},"modified":"2025-02-25T16:07:33","modified_gmt":"2025-02-25T15:07:33","slug":"una-escola-oberta-a-la-natura","status":"publish","type":"page","link":"https:\/\/agora.xtec.cat\/ceip-joanplana\/projecte-educatiu\/escola-verda\/una-escola-oberta-a-la-natura\/","title":{"rendered":"Una escola oberta a la natura"},"content":{"rendered":"<p><span style=\"font-weight: 400;\">L\u2019escola promou caminades per la natura amb l\u2019objectiu de gaudir i valorar l\u2019entorn proper, observant l\u2019impacte de les accions humanes i comprenent la import\u00e0ncia de mantenir els espais nets i cuidats.<\/span><\/p>\n<p><span style=\"font-weight: 400;\">Creiem que \u00e9s una manera excel\u00b7lent de mostrar els beneficis d\u2019aquesta activitat tant per als alumnes com per a tota la comunitat educativa, aix\u00ed com una oportunitat enriquidora per aprendre i cr\u00e9ixer, tant a nivell personal com acad\u00e8mic.<\/span><\/p>\n","protected":false},"excerpt":{"rendered":"<p>L\u2019escola promou caminades per la natura amb l\u2019objectiu de gaudir i valorar l\u2019entorn proper, observant l\u2019impacte de les accions humanes i comprenent la import\u00e0ncia de mantenir els espais nets i cuidats.<br \/>\nCreiem que \u00e9s una manera excel\u00b7lent de mostrar els beneficis d\u2019aquesta activitat tant per als&hellip;  <a href=\"https:\/\/agora.xtec.cat\/ceip-joanplana\/projecte-educatiu\/escola-verda\/una-escola-oberta-a-la-natura\/\" title=\"Read Una escola oberta a la natura\">Llegeix m\u00e9s\u00bb<\/a><\/p>\n","protected":false},"author":1,"featured_media":0,"parent":549,"menu_order":0,"comment_status":"closed","ping_status":"closed","template":"","meta":{"_bbp_topic_count":0,"_bbp_reply_count":0,"_bbp_total_topic_count":0,"_bbp_total_reply_count":0,"_bbp_voice_count":0,"_bbp_anonymous_reply_count":0,"_bbp_topic_count_hidden":0,"_bbp_reply_count_hidden":0,"_bbp_forum_subforum_count":0,"footnotes":""},"class_list":["post-2587","page","type-page","status-publish","hentry"],"post_mailing_queue_ids":[],"_links":{"self":[{"href":"https:\/\/agora.xtec.cat\/ceip-joanplana\/wp-json\/wp\/v2\/pages\/2587","targetHints":{"allow":["GET"]}}],"collection":[{"href":"https:\/\/agora.xtec.cat\/ceip-joanplana\/wp-json\/wp\/v2\/pages"}],"about":[{"href":"https:\/\/agora.xtec.cat\/ceip-joanplana\/wp-json\/wp\/v2\/types\/page"}],"author":[{"embeddable":true,"href":"https:\/\/agora.xtec.cat\/ceip-joanplana\/wp-json\/wp\/v2\/users\/1"}],"replies":[{"embeddable":true,"href":"https:\/\/agora.xtec.cat\/ceip-joanplana\/wp-json\/wp\/v2\/comments?post=2587"}],"version-history":[{"count":2,"href":"https:\/\/agora.xtec.cat\/ceip-joanplana\/wp-json\/wp\/v2\/pages\/2587\/revisions"}],"predecessor-version":[{"id":2595,"href":"https:\/\/agora.xtec.cat\/ceip-joanplana\/wp-json\/wp\/v2\/pages\/2587\/revisions\/2595"}],"up":[{"embeddable":true,"href":"https:\/\/agora.xtec.cat\/ceip-joanplana\/wp-json\/wp\/v2\/pages\/549"}],"wp:attachment":[{"href":"https:\/\/agora.xtec.cat\/ceip-joanplana\/wp-json\/wp\/v2\/media?parent=2587"}],"curies":[{"name":"wp","href":"https:\/\/api.w.org\/{rel}","templated":true}]}}