{"id":2585,"date":"2025-02-25T15:53:56","date_gmt":"2025-02-25T14:53:56","guid":{"rendered":"https:\/\/agora.xtec.cat\/ceip-joanplana\/?page_id=2585"},"modified":"2025-02-25T15:59:05","modified_gmt":"2025-02-25T14:59:05","slug":"eixos-de-treball-de-lescola","status":"publish","type":"page","link":"https:\/\/agora.xtec.cat\/ceip-joanplana\/projecte-educatiu\/escola-verda\/eixos-de-treball-de-lescola\/","title":{"rendered":"Eixos de treball de l&#8217;escola"},"content":{"rendered":"<p><span style=\"font-weight: 400;\">La nostra escola, amb el distintiu d&#8217;Escola Verda des del 2017, forma part activa de la xarxa d&#8217;Escoles Verdes. Aquest comprom\u00eds es materialitza en accions concretes que promouen la sostenibilitat en el nostre dia a dia. Els aspectes clau d&#8217;aquesta participaci\u00f3 inclouen:<\/span><\/p>\n<ul>\n<li style=\"font-weight: 400;\" aria-level=\"1\"><b>Educaci\u00f3 Ambiental:<\/b><span style=\"font-weight: 400;\"> Integrem els valors i coneixements relacionats amb el medi ambient, la sostenibilitat i la conservaci\u00f3 dels recursos naturals en el nostre curr\u00edculum i en les activitats extraescolars.<\/span><\/li>\n<li style=\"font-weight: 400;\" aria-level=\"1\"><b>Pr\u00e0ctiques Sostenibles:<\/b><span style=\"font-weight: 400;\"> Implementem mesures per reduir el nostre impacte ambiental, com ara la gesti\u00f3 eficient dels residus, l&#8217;estalvi d&#8217;energia i aigua, i la prioritzaci\u00f3 de materials reciclats.<\/span><\/li>\n<li style=\"font-weight: 400;\" aria-level=\"1\"><b>Espais Exteriors:<\/b><span style=\"font-weight: 400;\"> Transformem els nostres espais exteriors en entorns d&#8217;aprenentatge i connexi\u00f3 amb la natura, creant jardins, horts escolars i zones verdes que fomenten la biodiversitat.<\/span><\/li>\n<li style=\"font-weight: 400;\" aria-level=\"1\"><b>Millora Cont\u00ednua:<\/b><span style=\"font-weight: 400;\"> Avaluem peri\u00f2dicament les nostres accions i busquem constantment noves oportunitats per millorar la nostra sostenibilitat, involucrant tota la comunitat educativa en aquest proc\u00e9s.<\/span><\/li>\n<\/ul>\n<p><span style=\"font-weight: 400;\">Aquest comprom\u00eds amb el programa Escoles Verdes ens permet educar en valors de respecte pel medi ambient i contribuir a la construcci\u00f3 d&#8217;un futur m\u00e9s sostenible.<\/span><\/p>\n","protected":false},"excerpt":{"rendered":"<p>La nostra escola, amb el distintiu d&#8217;Escola Verda des del 2017, forma part activa de la xarxa d&#8217;Escoles Verdes. Aquest comprom\u00eds es materialitza en accions concretes que promouen la sostenibilitat en el nostre dia a dia. Els aspectes clau d&#8217;aquesta participaci\u00f3 inclouen:<\/p>\n<ul>\n<li style=\"font-weight: 400;\" aria-level=\"1\">Educaci\u00f3&hellip;  <a href=\"https:\/\/agora.xtec.cat\/ceip-joanplana\/projecte-educatiu\/escola-verda\/eixos-de-treball-de-lescola\/\" title=\"Read Eixos de treball de l&#8217;escola\">Llegeix m\u00e9s\u00bb<\/a><br \/>\n","protected":false},"author":1,"featured_media":0,"parent":549,"menu_order":0,"comment_status":"closed","ping_status":"closed","template":"","meta":{"_bbp_topic_count":0,"_bbp_reply_count":0,"_bbp_total_topic_count":0,"_bbp_total_reply_count":0,"_bbp_voice_count":0,"_bbp_anonymous_reply_count":0,"_bbp_topic_count_hidden":0,"_bbp_reply_count_hidden":0,"_bbp_forum_subforum_count":0,"footnotes":""},"class_list":["post-2585","page","type-page","status-publish","hentry"],"post_mailing_queue_ids":[],"_links":{"self":[{"href":"https:\/\/agora.xtec.cat\/ceip-joanplana\/wp-json\/wp\/v2\/pages\/2585","targetHints":{"allow":["GET"]}}],"collection":[{"href":"https:\/\/agora.xtec.cat\/ceip-joanplana\/wp-json\/wp\/v2\/pages"}],"about":[{"href":"https:\/\/agora.xtec.cat\/ceip-joanplana\/wp-json\/wp\/v2\/types\/page"}],"author":[{"embeddable":true,"href":"https:\/\/agora.xtec.cat\/ceip-joanplana\/wp-json\/wp\/v2\/users\/1"}],"replies":[{"embeddable":true,"href":"https:\/\/agora.xtec.cat\/ceip-joanplana\/wp-json\/wp\/v2\/comments?post=2585"}],"version-history":[{"count":2,"href":"https:\/\/agora.xtec.cat\/ceip-joanplana\/wp-json\/wp\/v2\/pages\/2585\/revisions"}],"predecessor-version":[{"id":2593,"href":"https:\/\/agora.xtec.cat\/ceip-joanplana\/wp-json\/wp\/v2\/pages\/2585\/revisions\/2593"}],"up":[{"embeddable":true,"href":"https:\/\/agora.xtec.cat\/ceip-joanplana\/wp-json\/wp\/v2\/pages\/549"}],"wp:attachment":[{"href":"https:\/\/agora.xtec.cat\/ceip-joanplana\/wp-json\/wp\/v2\/media?parent=2585"}],"curies":[{"name":"wp","href":"https:\/\/api.w.org\/{rel}","templated":true}]}}