{"id":2583,"date":"2025-02-25T15:53:16","date_gmt":"2025-02-25T14:53:16","guid":{"rendered":"https:\/\/agora.xtec.cat\/ceip-joanplana\/?page_id=2583"},"modified":"2025-02-25T16:02:30","modified_gmt":"2025-02-25T15:02:30","slug":"una-escola-de-la-xarxa","status":"publish","type":"page","link":"https:\/\/agora.xtec.cat\/ceip-joanplana\/projecte-educatiu\/escola-verda\/una-escola-de-la-xarxa\/","title":{"rendered":"Una escola de la xarxa"},"content":{"rendered":"<p><span style=\"font-weight: 400;\">Formar part de la Xarxa d&#8217;Escoles Verdes implica un comprom\u00eds integral amb la sostenibilitat, l&#8217;educaci\u00f3 ecosocial i la participaci\u00f3 activa de tota la comunitat escolar, amb l&#8217;objectiu de formar ciutadans conscients i responsables envers el medi ambient i l\u2019entorn.<\/span><\/p>\n","protected":false},"excerpt":{"rendered":"<p>Formar part de la Xarxa d&#8217;Escoles Verdes implica un comprom\u00eds integral amb la sostenibilitat, l&#8217;educaci\u00f3 ecosocial i la participaci\u00f3 activa de tota la comunitat escolar, amb l&#8217;objectiu de formar ciutadans conscients i responsables envers el medi ambient i l\u2019entorn.<\/p>\n","protected":false},"author":1,"featured_media":0,"parent":549,"menu_order":0,"comment_status":"closed","ping_status":"closed","template":"","meta":{"_bbp_topic_count":0,"_bbp_reply_count":0,"_bbp_total_topic_count":0,"_bbp_total_reply_count":0,"_bbp_voice_count":0,"_bbp_anonymous_reply_count":0,"_bbp_topic_count_hidden":0,"_bbp_reply_count_hidden":0,"_bbp_forum_subforum_count":0,"footnotes":""},"class_list":["post-2583","page","type-page","status-publish","hentry"],"post_mailing_queue_ids":[],"_links":{"self":[{"href":"https:\/\/agora.xtec.cat\/ceip-joanplana\/wp-json\/wp\/v2\/pages\/2583","targetHints":{"allow":["GET"]}}],"collection":[{"href":"https:\/\/agora.xtec.cat\/ceip-joanplana\/wp-json\/wp\/v2\/pages"}],"about":[{"href":"https:\/\/agora.xtec.cat\/ceip-joanplana\/wp-json\/wp\/v2\/types\/page"}],"author":[{"embeddable":true,"href":"https:\/\/agora.xtec.cat\/ceip-joanplana\/wp-json\/wp\/v2\/users\/1"}],"replies":[{"embeddable":true,"href":"https:\/\/agora.xtec.cat\/ceip-joanplana\/wp-json\/wp\/v2\/comments?post=2583"}],"version-history":[{"count":2,"href":"https:\/\/agora.xtec.cat\/ceip-joanplana\/wp-json\/wp\/v2\/pages\/2583\/revisions"}],"predecessor-version":[{"id":2591,"href":"https:\/\/agora.xtec.cat\/ceip-joanplana\/wp-json\/wp\/v2\/pages\/2583\/revisions\/2591"}],"up":[{"embeddable":true,"href":"https:\/\/agora.xtec.cat\/ceip-joanplana\/wp-json\/wp\/v2\/pages\/549"}],"wp:attachment":[{"href":"https:\/\/agora.xtec.cat\/ceip-joanplana\/wp-json\/wp\/v2\/media?parent=2583"}],"curies":[{"name":"wp","href":"https:\/\/api.w.org\/{rel}","templated":true}]}}