{"id":22,"date":"2014-09-18T12:19:57","date_gmt":"2014-09-18T10:19:57","guid":{"rendered":"http:\/\/agora.xtec.cat\/ceip-joanplana\/?page_id=22"},"modified":"2024-11-14T15:47:53","modified_gmt":"2024-11-14T14:47:53","slug":"lescola","status":"publish","type":"page","link":"https:\/\/agora.xtec.cat\/ceip-joanplana\/lescola\/","title":{"rendered":"L&#8217;ESCOLA"},"content":{"rendered":"<p>L\u2019Escola Joan Plana, d\u2019una l\u00ednia, <strong>\u00e9s l\u2019escola p\u00fablica d\u2019educaci\u00f3 infantil i prim\u00e0ria de Puigpelat, <\/strong>un poble amb uns 1100 habitants de la comarca l\u2019Alt Camp.<\/p>\n<p>\u00c9s una escola molt bonica <strong>ubicada en una zona tranquil.la de la poblaci\u00f3<\/strong> on es potencien activitats relacionades amb el poble, ja que, molt a prop hi trobem la piscina i sala d\u2019actes i espectacles del municipi.<\/p>\n<p>La import\u00e0ncia de la lectura fa que, des de la nostra biblioteca, s\u2019impulsin <strong>activitats d\u2019animaci\u00f3 a la lectura<\/strong> des dels m\u00e9s petits fins als m\u00e9s grans<strong>.<\/strong><\/p>\n<p>Ara l\u2019Escola <strong>obre l\u2019aula d\u2019angl\u00e8s<\/strong> que permet <strong>viure aquesta llengua estrangera des dels quatre anys<\/strong> de manera l\u00fadica i experimental.<\/p>\n<p>Des de l\u2019\u00e0rea d\u2019Educaci\u00f3 F\u00edsica es procura diversificar i treure el m\u00e0xim de rendiment de l\u2019esport aprofitant les bones instal\u00b7lacions de les quals disposa el centre.<\/p>\n<p><strong>Una Escola nova i gran, confortable i espaiosa on s\u2019atenen les necessitats de cada nen\/a dins d\u2019un clima proper i hum\u00e0.<\/strong><\/p>\n","protected":false},"excerpt":{"rendered":"<p>L\u2019Escola Joan Plana, d\u2019una l\u00ednia, \u00e9s l\u2019escola p\u00fablica d\u2019educaci\u00f3 infantil i prim\u00e0ria de Puigpelat, un poble amb uns 1100 habitants de la comarca l\u2019Alt Camp.<br \/>\n\u00c9s una escola molt bonica ubicada en una zona tranquil.la de la poblaci\u00f3 on es potencien activitats relacionades amb el poble,&hellip;  <a href=\"https:\/\/agora.xtec.cat\/ceip-joanplana\/lescola\/\" title=\"Read L&#8217;ESCOLA\">Llegeix m\u00e9s\u00bb<\/a><\/p>\n","protected":false},"author":1,"featured_media":0,"parent":0,"menu_order":0,"comment_status":"closed","ping_status":"closed","template":"page-templates\/side-menu.php","meta":{"_bbp_topic_count":0,"_bbp_reply_count":0,"_bbp_total_topic_count":0,"_bbp_total_reply_count":0,"_bbp_voice_count":0,"_bbp_anonymous_reply_count":0,"_bbp_topic_count_hidden":0,"_bbp_reply_count_hidden":0,"_bbp_forum_subforum_count":0,"footnotes":""},"class_list":["post-22","page","type-page","status-publish","hentry"],"post_mailing_queue_ids":[],"_links":{"self":[{"href":"https:\/\/agora.xtec.cat\/ceip-joanplana\/wp-json\/wp\/v2\/pages\/22","targetHints":{"allow":["GET"]}}],"collection":[{"href":"https:\/\/agora.xtec.cat\/ceip-joanplana\/wp-json\/wp\/v2\/pages"}],"about":[{"href":"https:\/\/agora.xtec.cat\/ceip-joanplana\/wp-json\/wp\/v2\/types\/page"}],"author":[{"embeddable":true,"href":"https:\/\/agora.xtec.cat\/ceip-joanplana\/wp-json\/wp\/v2\/users\/1"}],"replies":[{"embeddable":true,"href":"https:\/\/agora.xtec.cat\/ceip-joanplana\/wp-json\/wp\/v2\/comments?post=22"}],"version-history":[{"count":3,"href":"https:\/\/agora.xtec.cat\/ceip-joanplana\/wp-json\/wp\/v2\/pages\/22\/revisions"}],"predecessor-version":[{"id":2334,"href":"https:\/\/agora.xtec.cat\/ceip-joanplana\/wp-json\/wp\/v2\/pages\/22\/revisions\/2334"}],"wp:attachment":[{"href":"https:\/\/agora.xtec.cat\/ceip-joanplana\/wp-json\/wp\/v2\/media?parent=22"}],"curies":[{"name":"wp","href":"https:\/\/api.w.org\/{rel}","templated":true}]}}