{"id":1789,"date":"2023-09-28T10:11:49","date_gmt":"2023-09-28T08:11:49","guid":{"rendered":"https:\/\/agora.xtec.cat\/ceip-joanplana\/?page_id=1789"},"modified":"2023-09-28T10:15:52","modified_gmt":"2023-09-28T08:15:52","slug":"historia","status":"publish","type":"page","link":"https:\/\/agora.xtec.cat\/ceip-joanplana\/lescola\/historia\/","title":{"rendered":"Hist\u00f2ria"},"content":{"rendered":"<p><strong>L\u2019escola Joan Plana<\/strong> \u00e9s un centre d\u2019Educaci\u00f3 Infantil i Prim\u00e0ria p\u00fablic d\u2019una l\u00ednia que dep\u00e8n de la<br \/>\nGeneralitat de Catalunya. Est\u00e0 situada al municipi de Puigpelat, a la comarca de l\u2019Alt Camp. \u00c9s<br \/>\nl\u2019\u00fanica escola del municipi.<br \/>\nAl curs 2009-2010 es va estrenar el nou edifici i una nova situaci\u00f3 administrativa ja que fins<br \/>\naleshores i durant vint anys estava integrada a la ZER Atzavara.<\/p>\n<p><a href=\"https:\/\/agora.xtec.cat\/ceip-joanplana\/wp-content\/uploads\/usu1704\/2023\/09\/DSC01887-1-e1694599459776.jpg\"><img loading=\"lazy\" decoding=\"async\" class=\"alignnone  wp-image-1708\" src=\"https:\/\/agora.xtec.cat\/ceip-joanplana\/wp-content\/uploads\/usu1704\/2023\/09\/DSC01887-1-e1694599459776.jpg\" alt=\"\" width=\"586\" height=\"271\" srcset=\"https:\/\/agora.xtec.cat\/ceip-joanplana\/wp-content\/uploads\/usu1704\/2023\/09\/DSC01887-1-e1694599459776.jpg 800w, https:\/\/agora.xtec.cat\/ceip-joanplana\/wp-content\/uploads\/usu1704\/2023\/09\/DSC01887-1-e1694599459776-300x139.jpg 300w, https:\/\/agora.xtec.cat\/ceip-joanplana\/wp-content\/uploads\/usu1704\/2023\/09\/DSC01887-1-e1694599459776-768x355.jpg 768w\" sizes=\"auto, (max-width: 586px) 100vw, 586px\" \/><\/a><br \/>\nEntenem l\u2019educaci\u00f3 com una tasca que implica la fam\u00edlia, l\u2019escola i la societat en general.<br \/>\nD\u2019aquesta manera l\u2019escola esdev\u00e9 una comunitat oberta en la que hi participen alumnes, pares,<br \/>\nmares, mestres i altres estaments relacionats amb l\u2019educaci\u00f3. Aprenem tot convivint en<br \/>\nharmonia procurant oferir una educaci\u00f3 integral.<br \/>\nEns proposem avan\u00e7ar en la l\u00ednia de la formaci\u00f3 permanent per tal de potenciar i de cohesionar<br \/>\nel treball en equip, estimular les ganes d\u2019aprendre i plantejar noves hip\u00f2tesis de treball que<br \/>\ngenerin noves alternatives davant una realitat canviant.<\/p>\n","protected":false},"excerpt":{"rendered":"<p>L\u2019escola Joan Plana \u00e9s un centre d\u2019Educaci\u00f3 Infantil i Prim\u00e0ria p\u00fablic d\u2019una l\u00ednia que dep\u00e8n de la<br \/>\nGeneralitat de Catalunya. Est\u00e0 situada al municipi de Puigpelat, a la comarca de l\u2019Alt Camp. \u00c9s<br \/>\nl\u2019\u00fanica escola del municipi.<br \/>\nAl curs 2009-2010 es va estrenar el nou edifici i una&hellip;  <a href=\"https:\/\/agora.xtec.cat\/ceip-joanplana\/lescola\/historia\/\" title=\"Read Hist\u00f2ria\">Llegeix m\u00e9s\u00bb<\/a><\/p>\n","protected":false},"author":1,"featured_media":0,"parent":22,"menu_order":0,"comment_status":"closed","ping_status":"closed","template":"page-templates\/side-menu.php","meta":{"_bbp_topic_count":0,"_bbp_reply_count":0,"_bbp_total_topic_count":0,"_bbp_total_reply_count":0,"_bbp_voice_count":0,"_bbp_anonymous_reply_count":0,"_bbp_topic_count_hidden":0,"_bbp_reply_count_hidden":0,"_bbp_forum_subforum_count":0,"footnotes":""},"class_list":["post-1789","page","type-page","status-publish","hentry"],"post_mailing_queue_ids":[],"_links":{"self":[{"href":"https:\/\/agora.xtec.cat\/ceip-joanplana\/wp-json\/wp\/v2\/pages\/1789","targetHints":{"allow":["GET"]}}],"collection":[{"href":"https:\/\/agora.xtec.cat\/ceip-joanplana\/wp-json\/wp\/v2\/pages"}],"about":[{"href":"https:\/\/agora.xtec.cat\/ceip-joanplana\/wp-json\/wp\/v2\/types\/page"}],"author":[{"embeddable":true,"href":"https:\/\/agora.xtec.cat\/ceip-joanplana\/wp-json\/wp\/v2\/users\/1"}],"replies":[{"embeddable":true,"href":"https:\/\/agora.xtec.cat\/ceip-joanplana\/wp-json\/wp\/v2\/comments?post=1789"}],"version-history":[{"count":2,"href":"https:\/\/agora.xtec.cat\/ceip-joanplana\/wp-json\/wp\/v2\/pages\/1789\/revisions"}],"predecessor-version":[{"id":1793,"href":"https:\/\/agora.xtec.cat\/ceip-joanplana\/wp-json\/wp\/v2\/pages\/1789\/revisions\/1793"}],"up":[{"embeddable":true,"href":"https:\/\/agora.xtec.cat\/ceip-joanplana\/wp-json\/wp\/v2\/pages\/22"}],"wp:attachment":[{"href":"https:\/\/agora.xtec.cat\/ceip-joanplana\/wp-json\/wp\/v2\/media?parent=1789"}],"curies":[{"name":"wp","href":"https:\/\/api.w.org\/{rel}","templated":true}]}}