{"id":1764,"date":"2023-09-15T14:28:50","date_gmt":"2023-09-15T12:28:50","guid":{"rendered":"https:\/\/agora.xtec.cat\/ceip-joanplana\/?page_id=1764"},"modified":"2023-09-29T13:20:30","modified_gmt":"2023-09-29T11:20:30","slug":"biblioteca","status":"publish","type":"page","link":"https:\/\/agora.xtec.cat\/ceip-joanplana\/projecte-educatiu\/biblioteca\/","title":{"rendered":"Biblioteca"},"content":{"rendered":"<p>La biblioteca de la nostra escola disposa d\u2019un gran fons o cat\u00e0leg de contes i llibres que, gr\u00e0cies al conveni que tenim amb l\u2019AFA i l\u2019Ajuntament, anem ampliant cada curs.<br \/>\nA la biblioteca escolar es realitzen v\u00e0ries activitats per a fomentar el gust i la dinamitzaci\u00f3 de la lectura. Tamb\u00e9 es dur a terme el pr\u00e9stec de contes\/llibres per als alumnes i a les fam\u00edlies.<\/p>\n<p><a href=\"https:\/\/agora.xtec.cat\/ceip-joanplana\/wp-content\/uploads\/usu1704\/2023\/09\/IMG_20230920_135626.jpg\"><img loading=\"lazy\" decoding=\"async\" class=\"wp-image-1786 alignleft\" src=\"https:\/\/agora.xtec.cat\/ceip-joanplana\/wp-content\/uploads\/usu1704\/2023\/09\/IMG_20230920_135626.jpg\" alt=\"\" width=\"447\" height=\"335\" srcset=\"https:\/\/agora.xtec.cat\/ceip-joanplana\/wp-content\/uploads\/usu1704\/2023\/09\/IMG_20230920_135626.jpg 800w, https:\/\/agora.xtec.cat\/ceip-joanplana\/wp-content\/uploads\/usu1704\/2023\/09\/IMG_20230920_135626-300x225.jpg 300w, https:\/\/agora.xtec.cat\/ceip-joanplana\/wp-content\/uploads\/usu1704\/2023\/09\/IMG_20230920_135626-768x576.jpg 768w, https:\/\/agora.xtec.cat\/ceip-joanplana\/wp-content\/uploads\/usu1704\/2023\/09\/IMG_20230920_135626-200x150.jpg 200w\" sizes=\"auto, (max-width: 447px) 100vw, 447px\" \/><\/a><\/p>\n<p><a href=\"https:\/\/agora.xtec.cat\/ceip-joanplana\/wp-content\/uploads\/usu1704\/2023\/09\/mussol.png\"><img loading=\"lazy\" decoding=\"async\" class=\"alignnone size-full wp-image-1794\" src=\"https:\/\/agora.xtec.cat\/ceip-joanplana\/wp-content\/uploads\/usu1704\/2023\/09\/mussol.png\" alt=\"\" width=\"208\" height=\"295\" \/><\/a><\/p>\n","protected":false},"excerpt":{"rendered":"<p>La biblioteca de la nostra escola disposa d\u2019un gran fons o cat\u00e0leg de contes i llibres que, gr\u00e0cies al conveni que tenim amb l\u2019AFA i l\u2019Ajuntament, anem ampliant cada curs.<br \/>\nA la biblioteca escolar es realitzen v\u00e0ries activitats per a fomentar el gust i la dinamitzaci\u00f3&hellip;  <a href=\"https:\/\/agora.xtec.cat\/ceip-joanplana\/projecte-educatiu\/biblioteca\/\" title=\"Read Biblioteca\">Llegeix m\u00e9s\u00bb<\/a><\/p>\n","protected":false},"author":1,"featured_media":0,"parent":1759,"menu_order":0,"comment_status":"closed","ping_status":"closed","template":"page-templates\/side-menu.php","meta":{"_bbp_topic_count":0,"_bbp_reply_count":0,"_bbp_total_topic_count":0,"_bbp_total_reply_count":0,"_bbp_voice_count":0,"_bbp_anonymous_reply_count":0,"_bbp_topic_count_hidden":0,"_bbp_reply_count_hidden":0,"_bbp_forum_subforum_count":0,"footnotes":""},"class_list":["post-1764","page","type-page","status-publish","hentry"],"post_mailing_queue_ids":[],"_links":{"self":[{"href":"https:\/\/agora.xtec.cat\/ceip-joanplana\/wp-json\/wp\/v2\/pages\/1764","targetHints":{"allow":["GET"]}}],"collection":[{"href":"https:\/\/agora.xtec.cat\/ceip-joanplana\/wp-json\/wp\/v2\/pages"}],"about":[{"href":"https:\/\/agora.xtec.cat\/ceip-joanplana\/wp-json\/wp\/v2\/types\/page"}],"author":[{"embeddable":true,"href":"https:\/\/agora.xtec.cat\/ceip-joanplana\/wp-json\/wp\/v2\/users\/1"}],"replies":[{"embeddable":true,"href":"https:\/\/agora.xtec.cat\/ceip-joanplana\/wp-json\/wp\/v2\/comments?post=1764"}],"version-history":[{"count":4,"href":"https:\/\/agora.xtec.cat\/ceip-joanplana\/wp-json\/wp\/v2\/pages\/1764\/revisions"}],"predecessor-version":[{"id":1795,"href":"https:\/\/agora.xtec.cat\/ceip-joanplana\/wp-json\/wp\/v2\/pages\/1764\/revisions\/1795"}],"up":[{"embeddable":true,"href":"https:\/\/agora.xtec.cat\/ceip-joanplana\/wp-json\/wp\/v2\/pages\/1759"}],"wp:attachment":[{"href":"https:\/\/agora.xtec.cat\/ceip-joanplana\/wp-json\/wp\/v2\/media?parent=1764"}],"curies":[{"name":"wp","href":"https:\/\/api.w.org\/{rel}","templated":true}]}}