{"id":1751,"date":"2023-09-15T12:56:38","date_gmt":"2023-09-15T10:56:38","guid":{"rendered":"https:\/\/agora.xtec.cat\/ceip-joanplana\/?page_id=1751"},"modified":"2023-09-15T13:13:33","modified_gmt":"2023-09-15T11:13:33","slug":"consell-escolar","status":"publish","type":"page","link":"https:\/\/agora.xtec.cat\/ceip-joanplana\/lescola\/consell-escolar\/","title":{"rendered":"Consell Escolar"},"content":{"rendered":"<p>El consell escolar del centre \u00e9s l&#8217;<strong>\u00f2rgan col\u00b7legiat de participaci\u00f3<\/strong>\u00a0de la comunitat escolar en el govern del centre. En el consell escolar hi ha representats tots els col\u00b7lectius que intervenen en la comunitat educativa: director o directora, professorat, alumnes, personal d&#8217;administraci\u00f3 i serveis, etc.<\/p>\n<p>En els centres p\u00fablics, la funci\u00f3 principal del consell escolar \u00e9s participar en la presa de decisions en relaci\u00f3 amb aquells temes importants per al funcionament i l&#8217;organitzaci\u00f3 del centre: el projecte educatiu, la programaci\u00f3 general, la gesti\u00f3 econ\u00f2mica, etc.<\/p>\n<p>Els membres del consell escolar s\u00f3n elegits per un per\u00edode de quatre anys i es renoven per meitats cada dos anys.<\/p>\n<p><strong>Composici\u00f3 del Consell Escolar<\/strong><\/p>\n<p>El consell escolar d&#8217;un centre p\u00fablic est\u00e0 integrat per:<\/p>\n<ul>\n<li>El director o directora, que el presideix.<\/li>\n<li>El cap o la cap d&#8217;estudis.<\/li>\n<li>Un o una representant de l&#8217;ajuntament de la localitat on es troba situat el centre.<\/li>\n<li>El secretari o secret\u00e0ria del centre que assisteix amb veu i sense vot i exerceix la secretaria del consell.<\/li>\n<li>Els i les representants del professorat s&#8217;elegeixen pel claustre.<\/li>\n<li>Els i les representants de l&#8217;alumnat i dels pares i mares o tutors, elegits respectivament per ells i entre ells.<\/li>\n<li>Un o una representant del personal d&#8217;administraci\u00f3 i serveis, elegit per i entre aquest personal.<\/li>\n<\/ul>\n","protected":false},"excerpt":{"rendered":"<p>El consell escolar del centre \u00e9s l&#8217;\u00f2rgan col\u00b7legiat de participaci\u00f3\u00a0de la comunitat escolar en el govern del centre. En el consell escolar hi ha representats tots els col\u00b7lectius que intervenen en la comunitat educativa: director o directora, professorat, alumnes, personal d&#8217;administraci\u00f3 i serveis, etc.<br \/>\nEn els&hellip;  <a href=\"https:\/\/agora.xtec.cat\/ceip-joanplana\/lescola\/consell-escolar\/\" title=\"Read Consell Escolar\">Llegeix m\u00e9s\u00bb<\/a><\/p>\n","protected":false},"author":1,"featured_media":0,"parent":22,"menu_order":0,"comment_status":"closed","ping_status":"closed","template":"page-templates\/side-menu.php","meta":{"_bbp_topic_count":0,"_bbp_reply_count":0,"_bbp_total_topic_count":0,"_bbp_total_reply_count":0,"_bbp_voice_count":0,"_bbp_anonymous_reply_count":0,"_bbp_topic_count_hidden":0,"_bbp_reply_count_hidden":0,"_bbp_forum_subforum_count":0,"footnotes":""},"class_list":["post-1751","page","type-page","status-publish","hentry"],"post_mailing_queue_ids":[],"_links":{"self":[{"href":"https:\/\/agora.xtec.cat\/ceip-joanplana\/wp-json\/wp\/v2\/pages\/1751","targetHints":{"allow":["GET"]}}],"collection":[{"href":"https:\/\/agora.xtec.cat\/ceip-joanplana\/wp-json\/wp\/v2\/pages"}],"about":[{"href":"https:\/\/agora.xtec.cat\/ceip-joanplana\/wp-json\/wp\/v2\/types\/page"}],"author":[{"embeddable":true,"href":"https:\/\/agora.xtec.cat\/ceip-joanplana\/wp-json\/wp\/v2\/users\/1"}],"replies":[{"embeddable":true,"href":"https:\/\/agora.xtec.cat\/ceip-joanplana\/wp-json\/wp\/v2\/comments?post=1751"}],"version-history":[{"count":3,"href":"https:\/\/agora.xtec.cat\/ceip-joanplana\/wp-json\/wp\/v2\/pages\/1751\/revisions"}],"predecessor-version":[{"id":1755,"href":"https:\/\/agora.xtec.cat\/ceip-joanplana\/wp-json\/wp\/v2\/pages\/1751\/revisions\/1755"}],"up":[{"embeddable":true,"href":"https:\/\/agora.xtec.cat\/ceip-joanplana\/wp-json\/wp\/v2\/pages\/22"}],"wp:attachment":[{"href":"https:\/\/agora.xtec.cat\/ceip-joanplana\/wp-json\/wp\/v2\/media?parent=1751"}],"curies":[{"name":"wp","href":"https:\/\/api.w.org\/{rel}","templated":true}]}}