{"id":1747,"date":"2023-09-15T12:34:29","date_gmt":"2023-09-15T10:34:29","guid":{"rendered":"https:\/\/agora.xtec.cat\/ceip-joanplana\/?page_id=1747"},"modified":"2024-09-09T10:47:16","modified_gmt":"2024-09-09T08:47:16","slug":"secretaria","status":"publish","type":"page","link":"https:\/\/agora.xtec.cat\/ceip-joanplana\/lescola\/secretaria\/","title":{"rendered":"Secretaria"},"content":{"rendered":"<header class=\"entry-header\">\n<h5 class=\"entry-title\"><strong style=\"font-family: inherit; font-size: 1em;\">Horari d\u2019atenci\u00f3 al p\u00fablic<\/strong><\/h5>\n<\/header>\n<div class=\"entry-content\">\n<p>Els horaris de gesti\u00f3 i direcci\u00f3 s\u00f3n els seg\u00fcents:<\/p>\n<table style=\"width: 71.4703%;\">\n<tbody>\n<tr>\n<td style=\"width: 26.8489%;\" width=\"307\"><strong>Secretaria<\/strong><\/td>\n<td style=\"width: 56.9132%;\" width=\"307\">Dilluns i dimecres de 09:00 a 11:00h<\/td>\n<\/tr>\n<tr>\n<td style=\"width: 26.8489%;\" width=\"307\"><strong>Equip Directiu<\/strong><\/td>\n<td style=\"width: 56.9132%;\" width=\"307\">Pr\u00e8via petici\u00f3 d\u2019hora<\/td>\n<\/tr>\n<tr>\n<td style=\"width: 26.8489%;\" width=\"307\"><strong>Equip Mestres<\/strong><\/td>\n<td style=\"width: 56.9132%;\" width=\"307\">Dilluns de 12:30 a 13:30h<\/td>\n<\/tr>\n<\/tbody>\n<\/table>\n<\/div>\n","protected":false},"excerpt":{"rendered":"<p>Horari d\u2019atenci\u00f3 al p\u00fablic<\/p>\n<p>Els horaris de gesti\u00f3 i direcci\u00f3 s\u00f3n els seg\u00fcents:<\/p>\n<p>Secretaria<br \/>\nDilluns i dimecres de 09:00 a 11:00h<\/p>\n<p>Equip Directiu<br \/>\nPr\u00e8via petici\u00f3 d\u2019hora<\/p>\n<p>Equip Mestres<br \/>\nDilluns de 12:30 a 13:30h<\/p>\n","protected":false},"author":1,"featured_media":0,"parent":22,"menu_order":0,"comment_status":"closed","ping_status":"closed","template":"page-templates\/side-menu.php","meta":{"_bbp_topic_count":0,"_bbp_reply_count":0,"_bbp_total_topic_count":0,"_bbp_total_reply_count":0,"_bbp_voice_count":0,"_bbp_anonymous_reply_count":0,"_bbp_topic_count_hidden":0,"_bbp_reply_count_hidden":0,"_bbp_forum_subforum_count":0,"footnotes":""},"class_list":["post-1747","page","type-page","status-publish","hentry"],"post_mailing_queue_ids":[],"_links":{"self":[{"href":"https:\/\/agora.xtec.cat\/ceip-joanplana\/wp-json\/wp\/v2\/pages\/1747","targetHints":{"allow":["GET"]}}],"collection":[{"href":"https:\/\/agora.xtec.cat\/ceip-joanplana\/wp-json\/wp\/v2\/pages"}],"about":[{"href":"https:\/\/agora.xtec.cat\/ceip-joanplana\/wp-json\/wp\/v2\/types\/page"}],"author":[{"embeddable":true,"href":"https:\/\/agora.xtec.cat\/ceip-joanplana\/wp-json\/wp\/v2\/users\/1"}],"replies":[{"embeddable":true,"href":"https:\/\/agora.xtec.cat\/ceip-joanplana\/wp-json\/wp\/v2\/comments?post=1747"}],"version-history":[{"count":3,"href":"https:\/\/agora.xtec.cat\/ceip-joanplana\/wp-json\/wp\/v2\/pages\/1747\/revisions"}],"predecessor-version":[{"id":2215,"href":"https:\/\/agora.xtec.cat\/ceip-joanplana\/wp-json\/wp\/v2\/pages\/1747\/revisions\/2215"}],"up":[{"embeddable":true,"href":"https:\/\/agora.xtec.cat\/ceip-joanplana\/wp-json\/wp\/v2\/pages\/22"}],"wp:attachment":[{"href":"https:\/\/agora.xtec.cat\/ceip-joanplana\/wp-json\/wp\/v2\/media?parent=1747"}],"curies":[{"name":"wp","href":"https:\/\/api.w.org\/{rel}","templated":true}]}}