{"id":1379,"date":"2022-01-18T18:44:54","date_gmt":"2022-01-18T17:44:54","guid":{"rendered":"https:\/\/agora.xtec.cat\/ceip-joanplana\/?page_id=1379"},"modified":"2026-03-09T16:16:53","modified_gmt":"2026-03-09T15:16:53","slug":"documents-de-centre","status":"publish","type":"page","link":"https:\/\/agora.xtec.cat\/ceip-joanplana\/documents-2\/documents-de-centre\/","title":{"rendered":"Documents de centre"},"content":{"rendered":"<h4><a href=\"https:\/\/drive.google.com\/file\/d\/1Ag2GrjmYTLhl-CjwRt3BDqKhqnVqXrL5\/view?usp=sharing\" target=\"_blank\" rel=\"noopener\">NOFC ( Normes d&#8217;organitzaci\u00f3 i funcionament del centre)\u00a0\u00a0<\/a><\/h4>\n<h4><a href=\"https:\/\/drive.google.com\/file\/d\/1nSKbCQ2A4_i00D1jcFrWKEeaLSCRGYGA\/view?usp=sharing\" target=\"_blank\" rel=\"noopener\">PLC (projecte ling\u00fc\u00edstic de centre)\u00a0<\/a><\/h4>\n<h4><a href=\"https:\/\/drive.google.com\/file\/d\/1EUqtr8ivZ2b5RQU5yK7Lgha-bxJjnCb_\/view?usp=sharing\" target=\"_blank\" rel=\"noopener\">PEC (projecte educatiu de centre)<\/a><\/h4>\n<h4><a href=\"https:\/\/drive.google.com\/file\/d\/1b12XJmpTb1JdMn_3SCHm_CYiYeicpWa0\/view?usp=sharing\" target=\"_blank\" rel=\"noopener\">Projecte de direcci\u00f3<\/a><\/h4>\n<h4><a href=\"https:\/\/drive.google.com\/file\/d\/1EzmqPbXosjWLhmrYAfbMZCQs6rrPcTkF\/view?usp=sharing\" target=\"_blank\" rel=\"noopener\">Pla de comunicaci\u00f3<\/a><\/h4>\n<h4><a href=\"http:\/\/Informar la fam\u00edlia del projecte educatiu de centre (PEC) i de les normes d'organitzaci\u00f3 i funcionament del centre (NOFC), incloent-hi els acords de centre sobre l'\u00fas dels tel\u00e8fons m\u00f2bils.\" target=\"_blank\" rel=\"noopener\">Carta de comprom\u00eds educatiu<\/a><\/h4>\n","protected":false},"excerpt":{"rendered":"<p><a href=\"https:\/\/drive.google.com\/file\/d\/1Ag2GrjmYTLhl-CjwRt3BDqKhqnVqXrL5\/view?usp=sharing\" target=\"_blank\" rel=\"noopener\">NOFC ( Normes d&#8217;organitzaci\u00f3 i funcionament del centre)\u00a0\u00a0<\/a><br \/>\n<a href=\"https:\/\/drive.google.com\/file\/d\/1nSKbCQ2A4_i00D1jcFrWKEeaLSCRGYGA\/view?usp=sharing\" target=\"_blank\" rel=\"noopener\">PLC (projecte ling\u00fc\u00edstic de centre)\u00a0<\/a><br \/>\n<a href=\"https:\/\/drive.google.com\/file\/d\/1EUqtr8ivZ2b5RQU5yK7Lgha-bxJjnCb_\/view?usp=sharing\" target=\"_blank\" rel=\"noopener\">PEC (projecte educatiu de centre)<\/a><br \/>\n<a href=\"https:\/\/drive.google.com\/file\/d\/1b12XJmpTb1JdMn_3SCHm_CYiYeicpWa0\/view?usp=sharing\" target=\"_blank\" rel=\"noopener\">Projecte de direcci\u00f3<\/a><br \/>\n<a href=\"https:\/\/drive.google.com\/file\/d\/1EzmqPbXosjWLhmrYAfbMZCQs6rrPcTkF\/view?usp=sharing\" target=\"_blank\" rel=\"noopener\">Pla de comunicaci\u00f3<\/a><br \/>\n<a href=\"http:\/\/Informar la fam\u00edlia del projecte educatiu de centre (PEC) i&hellip;  <a href=\"https:\/\/agora.xtec.cat\/ceip-joanplana\/documents-2\/documents-de-centre\/\" title=\"Read Documents de centre\">Llegeix m\u00e9s\u00bb<\/a><\/p>\n","protected":false},"author":9,"featured_media":0,"parent":1824,"menu_order":30,"comment_status":"closed","ping_status":"closed","template":"page-templates\/side-menu.php","meta":{"_bbp_topic_count":0,"_bbp_reply_count":0,"_bbp_total_topic_count":0,"_bbp_total_reply_count":0,"_bbp_voice_count":0,"_bbp_anonymous_reply_count":0,"_bbp_topic_count_hidden":0,"_bbp_reply_count_hidden":0,"_bbp_forum_subforum_count":0,"footnotes":""},"class_list":["post-1379","page","type-page","status-publish","hentry"],"post_mailing_queue_ids":[],"_links":{"self":[{"href":"https:\/\/agora.xtec.cat\/ceip-joanplana\/wp-json\/wp\/v2\/pages\/1379","targetHints":{"allow":["GET"]}}],"collection":[{"href":"https:\/\/agora.xtec.cat\/ceip-joanplana\/wp-json\/wp\/v2\/pages"}],"about":[{"href":"https:\/\/agora.xtec.cat\/ceip-joanplana\/wp-json\/wp\/v2\/types\/page"}],"author":[{"embeddable":true,"href":"https:\/\/agora.xtec.cat\/ceip-joanplana\/wp-json\/wp\/v2\/users\/9"}],"replies":[{"embeddable":true,"href":"https:\/\/agora.xtec.cat\/ceip-joanplana\/wp-json\/wp\/v2\/comments?post=1379"}],"version-history":[{"count":6,"href":"https:\/\/agora.xtec.cat\/ceip-joanplana\/wp-json\/wp\/v2\/pages\/1379\/revisions"}],"predecessor-version":[{"id":2946,"href":"https:\/\/agora.xtec.cat\/ceip-joanplana\/wp-json\/wp\/v2\/pages\/1379\/revisions\/2946"}],"up":[{"embeddable":true,"href":"https:\/\/agora.xtec.cat\/ceip-joanplana\/wp-json\/wp\/v2\/pages\/1824"}],"wp:attachment":[{"href":"https:\/\/agora.xtec.cat\/ceip-joanplana\/wp-json\/wp\/v2\/media?parent=1379"}],"curies":[{"name":"wp","href":"https:\/\/api.w.org\/{rel}","templated":true}]}}