{"id":5575,"date":"2021-12-18T10:10:37","date_gmt":"2021-12-18T09:10:37","guid":{"rendered":"https:\/\/agora.xtec.cat\/ceip-joanmontllor\/?page_id=5575"},"modified":"2025-02-17T15:13:07","modified_gmt":"2025-02-17T14:13:07","slug":"menjador","status":"publish","type":"page","link":"https:\/\/agora.xtec.cat\/ceip-joanmontllor\/menjador\/","title":{"rendered":"Menjador"},"content":{"rendered":"<p><strong>Servei de menjador.<\/strong><\/p>\n<p>El centre disposa de menjador escolar, que s\u2019organitza d\u2019acord al que disposa el Decret 160\/1996, de 14 de maig, i seguint el preceptiu pla de menjador escolar que l\u2019empresa responsable elabora a l\u2019efecte. Aquest pla seguir\u00e0 criteris alimentaris i educatius, i inclour\u00e0 tant l\u2019organitzaci\u00f3 dels \u00e0pats com el desenvolupament d\u2019activitats educatives de lleure per part de l\u2019alumnat.<\/p>\n<p>El funcionament i gesti\u00f3 del menjador escolar \u00e9s responsabilitat de l\u2019empresa que l\u2019Ajuntament de Sabadell contracta per a gestionar els menjadors escolars de la ciutat.<\/p>\n<p>Pel que fa a l\u2019alumnat, aquest es regir\u00e0 per les normes generals del centre establertes en aquestes NOFC.<\/p>\n<p>L\u2019horari de menjador ocupa la franja entremig de classe i classe al migdia (de 13h a 15h), temps en qu\u00e8 l\u2019alumnat est\u00e0 sota la responsabilitat de l\u2019equip de monitores que l\u2019empresa estipuli.<\/p>\n<p>\u00c9s responsabilitat de l\u2019empresa adjudicat\u00e0ria vetllar pel manteniment, conservaci\u00f3 i reparaci\u00f3 si s\u2019escau, dels materials del centre que es puguin malmetre pel seu \u00fas en horari de menjador.<\/p>\n<p>Pr\u00e0cticament tots els usuaris de menjador s\u00f3n becats ( entre el 50% i el 100%). Es fa servir el sistema de compactaci\u00f3 per tal que l\u2019alumnat pugui aprofitar el recurs, ja que de l\u2019altra manera ( pagant la part no subvencionada) no se n\u2019aprofitaven.<\/p>\n<p>&nbsp;<\/p>\n<p><a href=\"https:\/\/agora.xtec.cat\/ceip-joanmontllor\/general\/menjador\/\">Fotograf\u00edes antigues<\/a><br \/>\n<a href=\"https:\/\/agora.xtec.cat\/ceip-joanmontllor\/menjador-24-25\/\">Fotograf\u00edes 24-25<\/a><\/p>\n<h2><\/h2>\n<h2 style=\"text-align: center;\">\u00a0EMPRESA MENJADOR<\/h2>\n<h6 style=\"text-align: center;\"><a href=\"https:\/\/alessa-saludable.com\/\">https:\/\/alessa-saludable.com\/<\/a><\/h6>\n<p>Al seg\u00fcent enlla\u00e7 trobareu les explicacions de com descarregar l&#8217;aplicaci\u00f3:<\/p>\n<p style=\"text-align: center;\"><strong><a href=\"https:\/\/agora.xtec.cat\/ceip-joanmontllor\/wp-content\/uploads\/usu1258\/2024\/09\/APP-COLECHEF.pdf\">App COLECHEF<\/a><\/strong><\/p>\n<h5 style=\"text-align: center;\"><strong>CERTIFICAT POLLASTRE HALAL<\/strong><a style=\"color: #2795b6;\" href=\"https:\/\/agora.xtec.cat\/ceip-joanmontllor\/wp-content\/uploads\/usu1258\/2024\/02\/pollastre.jpg\"><img loading=\"lazy\" decoding=\"async\" class=\"aligncenter wp-image-8355\" src=\"https:\/\/agora.xtec.cat\/ceip-joanmontllor\/wp-content\/uploads\/usu1258\/2024\/02\/pollastre.jpg\" alt=\"\" width=\"270\" height=\"393\" srcset=\"https:\/\/agora.xtec.cat\/ceip-joanmontllor\/wp-content\/uploads\/usu1258\/2024\/02\/pollastre.jpg 598w, https:\/\/agora.xtec.cat\/ceip-joanmontllor\/wp-content\/uploads\/usu1258\/2024\/02\/pollastre-206x300.jpg 206w\" sizes=\"auto, (max-width: 270px) 100vw, 270px\" \/><\/a><\/h5>\n<p><span style=\"color: #2795b6;\">\u00a0<\/span><\/p>\n","protected":false},"excerpt":{"rendered":"<p>Servei de menjador. El centre disposa de menjador escolar, que s\u2019organitza d\u2019acord al que disposa el Decret 160\/1996, de 14 de maig, i seguint el preceptiu pla de menjador escolar que l\u2019empresa responsable elabora a l\u2019efecte. Aquest pla seguir\u00e0 criteris alimentaris i educatius, i inclour\u00e0 tant l\u2019organitzaci\u00f3 dels \u00e0pats com el desenvolupament d\u2019activitats educatives de [&hellip;]<\/p>\n","protected":false},"author":1,"featured_media":0,"parent":0,"menu_order":0,"comment_status":"closed","ping_status":"closed","template":"","meta":{"site-sidebar-layout":"default","site-content-layout":"","ast-site-content-layout":"","site-content-style":"default","site-sidebar-style":"default","ast-global-header-display":"","ast-banner-title-visibility":"","ast-main-header-display":"","ast-hfb-above-header-display":"","ast-hfb-below-header-display":"","ast-hfb-mobile-header-display":"","site-post-title":"","ast-breadcrumbs-content":"","ast-featured-img":"","footer-sml-layout":"","theme-transparent-header-meta":"","adv-header-id-meta":"","stick-header-meta":"","header-above-stick-meta":"","header-main-stick-meta":"","header-below-stick-meta":"","astra-migrate-meta-layouts":"default","ast-page-background-enabled":"default","ast-page-background-meta":{"desktop":{"background-color":"var(--ast-global-color-4)","background-image":"","background-repeat":"repeat","background-position":"center center","background-size":"auto","background-attachment":"scroll","background-type":"","background-media":"","overlay-type":"","overlay-color":"","overlay-opacity":"","overlay-gradient":""},"tablet":{"background-color":"","background-image":"","background-repeat":"repeat","background-position":"center center","background-size":"auto","background-attachment":"scroll","background-type":"","background-media":"","overlay-type":"","overlay-color":"","overlay-opacity":"","overlay-gradient":""},"mobile":{"background-color":"","background-image":"","background-repeat":"repeat","background-position":"center center","background-size":"auto","background-attachment":"scroll","background-type":"","background-media":"","overlay-type":"","overlay-color":"","overlay-opacity":"","overlay-gradient":""}},"ast-content-background-meta":{"desktop":{"background-color":"var(--ast-global-color-5)","background-image":"","background-repeat":"repeat","background-position":"center center","background-size":"auto","background-attachment":"scroll","background-type":"","background-media":"","overlay-type":"","overlay-color":"","overlay-opacity":"","overlay-gradient":""},"tablet":{"background-color":"var(--ast-global-color-5)","background-image":"","background-repeat":"repeat","background-position":"center center","background-size":"auto","background-attachment":"scroll","background-type":"","background-media":"","overlay-type":"","overlay-color":"","overlay-opacity":"","overlay-gradient":""},"mobile":{"background-color":"var(--ast-global-color-5)","background-image":"","background-repeat":"repeat","background-position":"center center","background-size":"auto","background-attachment":"scroll","background-type":"","background-media":"","overlay-type":"","overlay-color":"","overlay-opacity":"","overlay-gradient":""}},"footnotes":""},"class_list":["post-5575","page","type-page","status-publish","hentry"],"post_mailing_queue_ids":[],"_links":{"self":[{"href":"https:\/\/agora.xtec.cat\/ceip-joanmontllor\/wp-json\/wp\/v2\/pages\/5575","targetHints":{"allow":["GET"]}}],"collection":[{"href":"https:\/\/agora.xtec.cat\/ceip-joanmontllor\/wp-json\/wp\/v2\/pages"}],"about":[{"href":"https:\/\/agora.xtec.cat\/ceip-joanmontllor\/wp-json\/wp\/v2\/types\/page"}],"author":[{"embeddable":true,"href":"https:\/\/agora.xtec.cat\/ceip-joanmontllor\/wp-json\/wp\/v2\/users\/1"}],"replies":[{"embeddable":true,"href":"https:\/\/agora.xtec.cat\/ceip-joanmontllor\/wp-json\/wp\/v2\/comments?post=5575"}],"version-history":[{"count":8,"href":"https:\/\/agora.xtec.cat\/ceip-joanmontllor\/wp-json\/wp\/v2\/pages\/5575\/revisions"}],"predecessor-version":[{"id":9939,"href":"https:\/\/agora.xtec.cat\/ceip-joanmontllor\/wp-json\/wp\/v2\/pages\/5575\/revisions\/9939"}],"wp:attachment":[{"href":"https:\/\/agora.xtec.cat\/ceip-joanmontllor\/wp-json\/wp\/v2\/media?parent=5575"}],"curies":[{"name":"wp","href":"https:\/\/api.w.org\/{rel}","templated":true}]}}