{"id":4204,"date":"2020-05-08T18:29:32","date_gmt":"2020-05-08T16:29:32","guid":{"rendered":"http:\/\/agora.xtec.cat\/ceip-joanmontllor\/?page_id=4204"},"modified":"2026-02-17T09:28:57","modified_gmt":"2026-02-17T08:28:57","slug":"preinscripcio-i-matriculacio-2020-21","status":"publish","type":"page","link":"https:\/\/agora.xtec.cat\/ceip-joanmontllor\/lescola\/preinscripcio-i-matriculacio-2020-21\/","title":{"rendered":"Preinscripci\u00f3 i matr\u00edcula 2026-2027"},"content":{"rendered":"<h4><a href=\"https:\/\/agora.xtec.cat\/ceipcreualta\/wp-content\/uploads\/usu503\/2021\/01\/calendario-2.png\"><img loading=\"lazy\" decoding=\"async\" class=\"alignnone wp-image-19214\" src=\"https:\/\/agora.xtec.cat\/ceipcreualta\/wp-content\/uploads\/usu503\/2021\/01\/calendario-2.png\" sizes=\"auto, (max-width: 48px) 100vw, 48px\" srcset=\"https:\/\/agora.xtec.cat\/ceipcreualta\/wp-content\/uploads\/usu503\/2021\/01\/calendario-2.png 512w, https:\/\/agora.xtec.cat\/ceipcreualta\/wp-content\/uploads\/usu503\/2021\/01\/calendario-2-150x150.png 150w, https:\/\/agora.xtec.cat\/ceipcreualta\/wp-content\/uploads\/usu503\/2021\/01\/calendario-2-300x300.png 300w\" alt=\"\" width=\"48\" height=\"48\" \/><\/a> Dates de presentaci\u00f3 de sol\u00b7licituds (Infantil i Prim\u00e0ria):<\/h4>\n<p><a href=\"https:\/\/agora.xtec.cat\/ceip-joanmontllor\/wp-content\/uploads\/usu1258\/2026\/02\/IMG-20260129-WA0017-1-2.jpg\"><img loading=\"lazy\" decoding=\"async\" class=\"wp-image-11290 aligncenter\" src=\"https:\/\/agora.xtec.cat\/ceip-joanmontllor\/wp-content\/uploads\/usu1258\/2026\/02\/IMG-20260129-WA0017-1-2-724x1024.jpg\" alt=\"\" width=\"255\" height=\"360\" srcset=\"https:\/\/agora.xtec.cat\/ceip-joanmontllor\/wp-content\/uploads\/usu1258\/2026\/02\/IMG-20260129-WA0017-1-2-724x1024.jpg 724w, https:\/\/agora.xtec.cat\/ceip-joanmontllor\/wp-content\/uploads\/usu1258\/2026\/02\/IMG-20260129-WA0017-1-2-212x300.jpg 212w, https:\/\/agora.xtec.cat\/ceip-joanmontllor\/wp-content\/uploads\/usu1258\/2026\/02\/IMG-20260129-WA0017-1-2-768x1086.jpg 768w, https:\/\/agora.xtec.cat\/ceip-joanmontllor\/wp-content\/uploads\/usu1258\/2026\/02\/IMG-20260129-WA0017-1-2-1086x1536.jpg 1086w, https:\/\/agora.xtec.cat\/ceip-joanmontllor\/wp-content\/uploads\/usu1258\/2026\/02\/IMG-20260129-WA0017-1-2.jpg 1131w\" sizes=\"auto, (max-width: 255px) 100vw, 255px\" \/><\/a><\/p>\n<h6><span style=\"color: #ff0000;\"><a style=\"color: #ff0000;\" href=\"https:\/\/agora.xtec.cat\/ceipcreualta\/wp-content\/uploads\/usu503\/2021\/01\/lista-de-verificacion.png\"><img loading=\"lazy\" decoding=\"async\" class=\"alignnone wp-image-19218\" src=\"https:\/\/agora.xtec.cat\/ceipcreualta\/wp-content\/uploads\/usu503\/2021\/01\/lista-de-verificacion.png\" sizes=\"auto, (max-width: 56px) 100vw, 56px\" srcset=\"https:\/\/agora.xtec.cat\/ceipcreualta\/wp-content\/uploads\/usu503\/2021\/01\/lista-de-verificacion.png 512w, https:\/\/agora.xtec.cat\/ceipcreualta\/wp-content\/uploads\/usu503\/2021\/01\/lista-de-verificacion-150x150.png 150w, https:\/\/agora.xtec.cat\/ceipcreualta\/wp-content\/uploads\/usu503\/2021\/01\/lista-de-verificacion-300x300.png 300w\" alt=\"\" width=\"56\" height=\"56\" \/><\/a><span style=\"color: #000000;\">M\u00e9s informaci\u00f3:<\/span><\/span><\/h6>\n<p><span style=\"color: #000000;\">Correu electr\u00f2nic de l&#8217;escola: <strong>a08023979@xtec.cat<\/strong><\/span><\/p>\n<p><span style=\"color: #000000;\">Horari d\u2019atenci\u00f3: Dilluns a Divendres de 9.00 a 14.00 i de 15.00 a 16.30.<\/span><\/p>\n<ul>\n<li><span style=\"color: #000000;\">DOCUMENTACI\u00d3 A PRESENTAR<\/span>\n<ul>\n<li style=\"list-style-type: none;\">\n<ul>\n<li style=\"list-style-type: none;\">\n<ul>\n<li><span style=\"color: #000000;\">DNI, NIE o passaport del pare, mare o tutor.<\/span><\/li>\n<li><span style=\"color: #000000;\">DNI del menor si el t\u00e9<\/span><\/li>\n<li><span style=\"color: #000000;\">Llibre de fam\u00edlia o document relatiu a la filiaci\u00f3 del menor<\/span><\/li>\n<li><span style=\"color: #000000;\">Tarja sanit\u00e0ria<\/span><\/li>\n<li><span style=\"color: #000000;\">Carnet de vacunacions<\/span><\/li>\n<li><span style=\"color: #000000;\">Carnet de fam\u00edlia nombrosa o monoparental si s&#8217;escau<\/span><\/li>\n<\/ul>\n<\/li>\n<\/ul>\n<\/li>\n<\/ul>\n<\/li>\n<li>Preinscripci\u00f3 telem\u00e0tica (pendent)<\/li>\n<li>Guiar per a la inscripci\u00f3 (pendent)<\/li>\n<li>Informe oferta inicial (pendent)<\/li>\n<\/ul>\n<h4><a href=\"https:\/\/agora.xtec.cat\/ceipcreualta\/wp-content\/uploads\/usu503\/2021\/01\/calendario-2.png\"><img loading=\"lazy\" decoding=\"async\" class=\"alignnone wp-image-19214\" src=\"https:\/\/agora.xtec.cat\/ceipcreualta\/wp-content\/uploads\/usu503\/2021\/01\/calendario-2.png\" sizes=\"auto, (max-width: 48px) 100vw, 48px\" srcset=\"https:\/\/agora.xtec.cat\/ceipcreualta\/wp-content\/uploads\/usu503\/2021\/01\/calendario-2.png 512w, https:\/\/agora.xtec.cat\/ceipcreualta\/wp-content\/uploads\/usu503\/2021\/01\/calendario-2-150x150.png 150w, https:\/\/agora.xtec.cat\/ceipcreualta\/wp-content\/uploads\/usu503\/2021\/01\/calendario-2-300x300.png 300w\" alt=\"\" width=\"48\" height=\"48\" \/><\/a> Dates de presentaci\u00f3 de sol\u00b7licituds a la ESO:<\/h4>\n<p>Del 6 al 18 de mar\u00e7 del 2026.\u00a0 L&#8217;institut adscrit al nostre centre \u00e9s l&#8217;<a href=\"https:\/\/agora.xtec.cat\/inslaserrasabadell\/\">Institut La Serra<\/a>.<\/p>\n<ul>\n<li style=\"list-style-type: none;\"><a href=\"https:\/\/agora.xtec.cat\/ceip-joanmontllor\/wp-content\/uploads\/usu1258\/2026\/02\/Xerrada.jpg\"><img loading=\"lazy\" decoding=\"async\" class=\"wp-image-11370 aligncenter\" src=\"https:\/\/agora.xtec.cat\/ceip-joanmontllor\/wp-content\/uploads\/usu1258\/2026\/02\/Xerrada.jpg\" alt=\"\" width=\"282\" height=\"333\" srcset=\"https:\/\/agora.xtec.cat\/ceip-joanmontllor\/wp-content\/uploads\/usu1258\/2026\/02\/Xerrada.jpg 484w, https:\/\/agora.xtec.cat\/ceip-joanmontllor\/wp-content\/uploads\/usu1258\/2026\/02\/Xerrada-254x300.jpg 254w\" sizes=\"auto, (max-width: 282px) 100vw, 282px\" \/><\/a><\/li>\n<\/ul>\n","protected":false},"excerpt":{"rendered":"<p>Dates de presentaci\u00f3 de sol\u00b7licituds (Infantil i Prim\u00e0ria): M\u00e9s informaci\u00f3: Correu electr\u00f2nic de l&#8217;escola: a08023979@xtec.cat Horari d\u2019atenci\u00f3: Dilluns a Divendres de 9.00 a 14.00 i de 15.00 a 16.30. DOCUMENTACI\u00d3 A PRESENTAR DNI, NIE o passaport del pare, mare o tutor. DNI del menor si el t\u00e9 Llibre de fam\u00edlia o document relatiu a la [&hellip;]<\/p>\n","protected":false},"author":1,"featured_media":0,"parent":22,"menu_order":0,"comment_status":"closed","ping_status":"closed","template":"","meta":{"site-sidebar-layout":"default","site-content-layout":"","ast-site-content-layout":"default","site-content-style":"default","site-sidebar-style":"default","ast-global-header-display":"","ast-banner-title-visibility":"","ast-main-header-display":"","ast-hfb-above-header-display":"","ast-hfb-below-header-display":"","ast-hfb-mobile-header-display":"","site-post-title":"","ast-breadcrumbs-content":"","ast-featured-img":"","footer-sml-layout":"","theme-transparent-header-meta":"","adv-header-id-meta":"","stick-header-meta":"","header-above-stick-meta":"","header-main-stick-meta":"","header-below-stick-meta":"","astra-migrate-meta-layouts":"set","ast-page-background-enabled":"default","ast-page-background-meta":{"desktop":{"background-color":"var(--ast-global-color-4)","background-image":"","background-repeat":"repeat","background-position":"center center","background-size":"auto","background-attachment":"scroll","background-type":"","background-media":"","overlay-type":"","overlay-color":"","overlay-opacity":"","overlay-gradient":""},"tablet":{"background-color":"","background-image":"","background-repeat":"repeat","background-position":"center center","background-size":"auto","background-attachment":"scroll","background-type":"","background-media":"","overlay-type":"","overlay-color":"","overlay-opacity":"","overlay-gradient":""},"mobile":{"background-color":"","background-image":"","background-repeat":"repeat","background-position":"center center","background-size":"auto","background-attachment":"scroll","background-type":"","background-media":"","overlay-type":"","overlay-color":"","overlay-opacity":"","overlay-gradient":""}},"ast-content-background-meta":{"desktop":{"background-color":"var(--ast-global-color-5)","background-image":"","background-repeat":"repeat","background-position":"center center","background-size":"auto","background-attachment":"scroll","background-type":"","background-media":"","overlay-type":"","overlay-color":"","overlay-opacity":"","overlay-gradient":""},"tablet":{"background-color":"var(--ast-global-color-5)","background-image":"","background-repeat":"repeat","background-position":"center center","background-size":"auto","background-attachment":"scroll","background-type":"","background-media":"","overlay-type":"","overlay-color":"","overlay-opacity":"","overlay-gradient":""},"mobile":{"background-color":"var(--ast-global-color-5)","background-image":"","background-repeat":"repeat","background-position":"center center","background-size":"auto","background-attachment":"scroll","background-type":"","background-media":"","overlay-type":"","overlay-color":"","overlay-opacity":"","overlay-gradient":""}},"footnotes":""},"class_list":["post-4204","page","type-page","status-publish","hentry"],"post_mailing_queue_ids":[],"_links":{"self":[{"href":"https:\/\/agora.xtec.cat\/ceip-joanmontllor\/wp-json\/wp\/v2\/pages\/4204","targetHints":{"allow":["GET"]}}],"collection":[{"href":"https:\/\/agora.xtec.cat\/ceip-joanmontllor\/wp-json\/wp\/v2\/pages"}],"about":[{"href":"https:\/\/agora.xtec.cat\/ceip-joanmontllor\/wp-json\/wp\/v2\/types\/page"}],"author":[{"embeddable":true,"href":"https:\/\/agora.xtec.cat\/ceip-joanmontllor\/wp-json\/wp\/v2\/users\/1"}],"replies":[{"embeddable":true,"href":"https:\/\/agora.xtec.cat\/ceip-joanmontllor\/wp-json\/wp\/v2\/comments?post=4204"}],"version-history":[{"count":6,"href":"https:\/\/agora.xtec.cat\/ceip-joanmontllor\/wp-json\/wp\/v2\/pages\/4204\/revisions"}],"predecessor-version":[{"id":11374,"href":"https:\/\/agora.xtec.cat\/ceip-joanmontllor\/wp-json\/wp\/v2\/pages\/4204\/revisions\/11374"}],"up":[{"embeddable":true,"href":"https:\/\/agora.xtec.cat\/ceip-joanmontllor\/wp-json\/wp\/v2\/pages\/22"}],"wp:attachment":[{"href":"https:\/\/agora.xtec.cat\/ceip-joanmontllor\/wp-json\/wp\/v2\/media?parent=4204"}],"curies":[{"name":"wp","href":"https:\/\/api.w.org\/{rel}","templated":true}]}}