{"id":3746,"date":"2019-12-11T10:58:01","date_gmt":"2019-12-11T09:58:01","guid":{"rendered":"http:\/\/agora.xtec.cat\/ceip-joanmontllor\/?page_id=3746"},"modified":"2020-01-20T17:42:08","modified_gmt":"2020-01-20T16:42:08","slug":"organs-unipersonals","status":"publish","type":"page","link":"https:\/\/agora.xtec.cat\/ceip-joanmontllor\/lescola\/normes-dorganitzacio-i-funcionament-del-centre-nofc\/organs-unipersonals\/","title":{"rendered":"\u00d2rgans unipersonals"},"content":{"rendered":"<p>1.- ESTRUCTURA ORGANITZATIVA<a href=\"https:\/\/agora.xtec.cat\/ceip-joanmontllor\/wp-content\/uploads\/usu1258\/2020\/01\/5.jpg\"><img loading=\"lazy\" decoding=\"async\" class=\"size-medium wp-image-3915 alignright\" src=\"https:\/\/agora.xtec.cat\/ceip-joanmontllor\/wp-content\/uploads\/usu1258\/2020\/01\/5-300x221.jpg\" alt=\"\" width=\"300\" height=\"221\" \/><\/a><br \/>\n1.1.- \u00d2rgans unipersonals de govern:<br \/>\n1.1.1.- Director<br \/>\nS\u00f3n funcions del director:<br \/>\n. Tenir la representaci\u00f3 del centre, representar l\u2019Administraci\u00f3 educativa en el centre i fer arribar a aquesta Administraci\u00f3 els plantejaments, les aspiracions i les necessitats de la comunitat educativa.<br \/>\n. Dirigir i coordinar totes les activitats del centre, sense perjudici de les compet\u00e8ncies atribu\u00efdes al claustre de professors i al Consell Escolar.<br \/>\n. Formular, quan escaigui, la proposta inicial de Projecte Educatiu i les modificacions i adaptacions corresponents, posar el Projecte Educatiu a disposici\u00f3 de l&#8217;administraci\u00f3 educativa i impulsar, d&#8217;acord amb els indicadors de progr\u00e9s, l&#8217;avaluaci\u00f3 del Projecte Educatiu i, eventualment, la dels acords de corresponsabilitat.<br \/>\n. Assegurar l&#8217;aplicaci\u00f3 de la carta de comprom\u00eds educatiu, del Projecte Ling\u00fc\u00edstic i dels plantejaments tutorials, coeducatius i d&#8217;inclusi\u00f3.<br \/>\n. Impulsar l&#8217;elaboraci\u00f3 i l&#8217;aprovaci\u00f3 de les normes d&#8217;organitzaci\u00f3 i funcionament del centre i dirigir-ne l&#8217;aplicaci\u00f3, establir els elements organitzatius del centre determinats pel Projecte Educatiu i impulsar i adoptar mesures per millorar l&#8217;estructura organitzativa del centre.<br \/>\n. Proposar, d&#8217;acord amb el Projecte Educatiu i les assignacions pressupost\u00e0ries, la relaci\u00f3 de llocs de treball del centre i les modificacions successives, aix\u00ed com la definici\u00f3 de requisits o perfils propis d&#8217;alguns llocs de treball.<br \/>\n. Orientar, dirigir i supervisar les activitats del centre, dirigir l&#8217;aplicaci\u00f3 de la programaci\u00f3 general anual i vetllar perqu\u00e8 s&#8217;aprovin un desplegament i una concreci\u00f3 del curr\u00edculum coherents amb el Projecte Educatiu i garantir-ne el compliment.<br \/>\n. Gestionar el centre, d&#8217;acord amb l&#8217;Article 99.1 de la Llei d&#8217;Educaci\u00f3. Aix\u00f2 comporta, amb les limitacions aplicables a cada cas:<br \/>\n. La gesti\u00f3 del professorat, del personal d\u2019atenci\u00f3 educativa i del personal d\u2019administraci\u00f3 i serveis.<br \/>\n. L\u2019adquisici\u00f3 i contractaci\u00f3 de bens i serveis.<br \/>\n. L\u2019adquisici\u00f3 i l\u2019\u00fas dels recursos econ\u00f2mics del centre.<br \/>\n. L\u2019obtenci\u00f3 i l\u2019acceptaci\u00f3, si escau, de recursos econ\u00f2mics i materials addicionals.<br \/>\n1.1.2.- Cap d\u2019estudis:<br \/>\nCorrespon al cap d&#8217;estudis la planificaci\u00f3, el seguiment i l&#8217;avaluaci\u00f3 interna de les activitats del centre, i la seva organitzaci\u00f3 i coordinaci\u00f3, sota el comandament del\/la director del col\u00b7legi.<br \/>\nS\u00f3n funcions espec\u00edfiques del cap d\u2019estudis :<br \/>\n&#8211; Coordinar les activitats escolars reglades, tant en el si del centre com amb els centres p\u00fablics que imparteixen l&#8217;educaci\u00f3 secund\u00e0ria obligat\u00f2ria, als quals estigui adscrit. Coordinar tamb\u00e9, quan escaigui, les activitats escolars complement\u00e0ries i dur a terme l&#8217;elaboraci\u00f3 de l&#8217;horari escolar i la distribuci\u00f3 dels grups, de les aules i altres espais docents segons la naturalesa de l&#8217;activitat acad\u00e8mica, escoltat el claustre.<br \/>\n&#8211; Coordinar les activitats extraescolars en col\u00b7laboraci\u00f3 amb el consell escolar del centre i les associacions de pares. Coordinar les relacions amb els serveis educatius<br \/>\ndel Departament d\u2019Educaci\u00f3 i especialment amb els equips d&#8217;assessorament psicopedag\u00f2gic.<br \/>\n&#8211; Substituir el director en cas d&#8217;abs\u00e8ncia, malaltia o vacant.<br \/>\n&#8211; Coordinar l&#8217;elaboraci\u00f3 i l&#8217;actualitzaci\u00f3 del projecte curricular de centre i vetllar per l&#8217;elaboraci\u00f3 de les adequacions curriculars necess\u00e0ries per atendre la diversitat dels ritmes d&#8217;aprenentatge i la singularitat de cada alumne, especialment d&#8217;aquells que presentin necessitats educatives especials, tot procurant la col\u00b7laboraci\u00f3 i participaci\u00f3 de tos els mestres del claustre en els grups de treball.<br \/>\n&#8211; Vetllar perqu\u00e8 l&#8217;avaluaci\u00f3 del proc\u00e9s d&#8217;aprenentatge dels alumnes es dugui a terme en relaci\u00f3 amb els objectius generals d&#8217;\u00e0rea i d&#8217;etapa i en relaci\u00f3 amb els criteris fixats pel claustre de professors en el projecte curricular de centre. Coordinar la realitzaci\u00f3 de les reunions d&#8217;avaluaci\u00f3 i presidir les sessions d&#8217;avaluaci\u00f3 de fi de cicle.<br \/>\n&#8211; Vetllar per la coher\u00e8ncia i l&#8217;adequaci\u00f3 en la selecci\u00f3 dels llibres de text i del material did\u00e0ctic i complementari utilitzat en els diferents ensenyaments que s&#8217;imparteixen a l\u2019escola.<br \/>\n&#8211; Coordinar la programaci\u00f3 de l&#8217;acci\u00f3 tutorial desenvolupada en el centre i fer-ne el seguiment.<br \/>\n&#8211; Coordinar les accions d&#8217;investigaci\u00f3 i innovaci\u00f3 educatives i de formaci\u00f3 i reciclatge del professorat que es desenvolupin en el col\u00b7legi, quan s&#8217;escaigui.<br \/>\ni. Aquelles altres que li siguin encomanades pel director o atribu\u00efdes per disposicions del Departament d\u2019Educaci\u00f3.<br \/>\n1.1.3.- Secretari<br \/>\nCorrespon al secretari dur a terme la gesti\u00f3 de l&#8217;activitat econ\u00f2mica i administrativa del col\u00b7legi, sota el comandament del director, i exercir, per delegaci\u00f3 seva, la prefectura del personal d&#8217;administraci\u00f3 i serveis adscrit al col\u00b7legi, quan el director ho determini.<br \/>\nS\u00f3n funcions espec\u00edfiques del secretari:<br \/>\n&#8211; Exercir la secretaria del claustre i del consell escolar i aixecar les actes de les reunions que celebrin.<br \/>\n&#8211; Tenir cura de les tasques administratives del col\u00b7legi, atenent la seva programaci\u00f3 general i el calendari escolar.<br \/>\n&#8211; Estendre les certificacions i els documents oficials del col\u00b7legi, amb el vist i plau del director.<br \/>\n&#8211; Dur a terme la gesti\u00f3 econ\u00f2mica del centre, la comptabilitat que se&#8217;n deriva i elaborar i custodiar la documentaci\u00f3 preceptiva. Obrir i mantenir els comptes necessaris en entitats financeres, juntament amb el director. Elaborar el projecte de pressupost de l\u2019escola.<br \/>\n&#8211; Vetllar per l&#8217;adequat compliment de la gesti\u00f3 administrativa del proc\u00e9s de preinscripci\u00f3 i matriculaci\u00f3 d&#8217;alumnes, tot garantint que s\u2019adeq\u00fci a les disposicions vigents.<br \/>\n&#8211; Tenir cura que els expedients acad\u00e8mics dels alumnes estiguin complets i diligenciats d&#8217;acord amb la normativa vigent.<br \/>\n&#8211; Ordenar el proc\u00e9s d&#8217;arxiu dels documents del centre, assegurar la unitat dels registres i expedients acad\u00e8mics, diligenciar els documents oficials i custodiar-los.<br \/>\n&#8211; Confeccionar i mantenir l&#8217;inventari general del centre.<br \/>\n&#8211; Vetllar pel manteniment i conservaci\u00f3 general del centre, de les seves instal\u00b7lacions, mobiliari i equipament d&#8217;acord amb les indicacions del directori les disposicions vigents. Tenir cura de la seva reparaci\u00f3 quan correspongui.<br \/>\n&#8211; Dur a terme la correcta preparaci\u00f3 dels documents relatius a l&#8217;adquisici\u00f3, alienaci\u00f3 o lloguer de b\u00e9ns i els contractes de serveis i subministraments, d&#8217;acord amb la normativa vigent.<br \/>\n&#8211; Aquelles altres funcions que li siguin encarregades pel director de l\u2019escola o atribu\u00efdes pel Departament d\u2019Educaci\u00f3.<\/p>\n","protected":false},"excerpt":{"rendered":"<p>1.- ESTRUCTURA ORGANITZATIVA 1.1.- \u00d2rgans unipersonals de govern: 1.1.1.- Director S\u00f3n funcions del director: . Tenir la representaci\u00f3 del centre, representar l\u2019Administraci\u00f3 educativa en el centre i fer arribar a aquesta Administraci\u00f3 els plantejaments, les aspiracions i les necessitats de la comunitat educativa. . Dirigir i coordinar totes les activitats del centre, sense perjudici de [&hellip;]<\/p>\n","protected":false},"author":1,"featured_media":0,"parent":3729,"menu_order":0,"comment_status":"closed","ping_status":"closed","template":"","meta":{"site-sidebar-layout":"default","site-content-layout":"","ast-site-content-layout":"","site-content-style":"default","site-sidebar-style":"default","ast-global-header-display":"","ast-banner-title-visibility":"","ast-main-header-display":"","ast-hfb-above-header-display":"","ast-hfb-below-header-display":"","ast-hfb-mobile-header-display":"","site-post-title":"","ast-breadcrumbs-content":"","ast-featured-img":"","footer-sml-layout":"","theme-transparent-header-meta":"","adv-header-id-meta":"","stick-header-meta":"","header-above-stick-meta":"","header-main-stick-meta":"","header-below-stick-meta":"","astra-migrate-meta-layouts":"default","ast-page-background-enabled":"default","ast-page-background-meta":{"desktop":{"background-color":"var(--ast-global-color-4)","background-image":"","background-repeat":"repeat","background-position":"center center","background-size":"auto","background-attachment":"scroll","background-type":"","background-media":"","overlay-type":"","overlay-color":"","overlay-opacity":"","overlay-gradient":""},"tablet":{"background-color":"","background-image":"","background-repeat":"repeat","background-position":"center center","background-size":"auto","background-attachment":"scroll","background-type":"","background-media":"","overlay-type":"","overlay-color":"","overlay-opacity":"","overlay-gradient":""},"mobile":{"background-color":"","background-image":"","background-repeat":"repeat","background-position":"center center","background-size":"auto","background-attachment":"scroll","background-type":"","background-media":"","overlay-type":"","overlay-color":"","overlay-opacity":"","overlay-gradient":""}},"ast-content-background-meta":{"desktop":{"background-color":"var(--ast-global-color-5)","background-image":"","background-repeat":"repeat","background-position":"center center","background-size":"auto","background-attachment":"scroll","background-type":"","background-media":"","overlay-type":"","overlay-color":"","overlay-opacity":"","overlay-gradient":""},"tablet":{"background-color":"var(--ast-global-color-5)","background-image":"","background-repeat":"repeat","background-position":"center center","background-size":"auto","background-attachment":"scroll","background-type":"","background-media":"","overlay-type":"","overlay-color":"","overlay-opacity":"","overlay-gradient":""},"mobile":{"background-color":"var(--ast-global-color-5)","background-image":"","background-repeat":"repeat","background-position":"center center","background-size":"auto","background-attachment":"scroll","background-type":"","background-media":"","overlay-type":"","overlay-color":"","overlay-opacity":"","overlay-gradient":""}},"footnotes":""},"class_list":["post-3746","page","type-page","status-publish","hentry"],"post_mailing_queue_ids":[],"_links":{"self":[{"href":"https:\/\/agora.xtec.cat\/ceip-joanmontllor\/wp-json\/wp\/v2\/pages\/3746","targetHints":{"allow":["GET"]}}],"collection":[{"href":"https:\/\/agora.xtec.cat\/ceip-joanmontllor\/wp-json\/wp\/v2\/pages"}],"about":[{"href":"https:\/\/agora.xtec.cat\/ceip-joanmontllor\/wp-json\/wp\/v2\/types\/page"}],"author":[{"embeddable":true,"href":"https:\/\/agora.xtec.cat\/ceip-joanmontllor\/wp-json\/wp\/v2\/users\/1"}],"replies":[{"embeddable":true,"href":"https:\/\/agora.xtec.cat\/ceip-joanmontllor\/wp-json\/wp\/v2\/comments?post=3746"}],"version-history":[{"count":3,"href":"https:\/\/agora.xtec.cat\/ceip-joanmontllor\/wp-json\/wp\/v2\/pages\/3746\/revisions"}],"predecessor-version":[{"id":3916,"href":"https:\/\/agora.xtec.cat\/ceip-joanmontllor\/wp-json\/wp\/v2\/pages\/3746\/revisions\/3916"}],"up":[{"embeddable":true,"href":"https:\/\/agora.xtec.cat\/ceip-joanmontllor\/wp-json\/wp\/v2\/pages\/3729"}],"wp:attachment":[{"href":"https:\/\/agora.xtec.cat\/ceip-joanmontllor\/wp-json\/wp\/v2\/media?parent=3746"}],"curies":[{"name":"wp","href":"https:\/\/api.w.org\/{rel}","templated":true}]}}