{"id":24,"date":"2014-09-18T12:23:15","date_gmt":"2014-09-18T11:23:15","guid":{"rendered":"http:\/\/agora.xtec.cat\/ceip-joanmontllor\/?page_id=24"},"modified":"2026-03-02T17:43:56","modified_gmt":"2026-03-02T16:43:56","slug":"on-som-2","status":"publish","type":"page","link":"https:\/\/agora.xtec.cat\/ceip-joanmontllor\/escola\/on-som-2\/","title":{"rendered":"Contacta&#8217;ns"},"content":{"rendered":"<p>L\u2019<strong data-start=\"811\" data-end=\"835\">Escola Joan Montllor<\/strong> \u00e9s a <strong data-start=\"841\" data-end=\"856\">Torre Romeu<\/strong>, a Sabadell, molt a prop del <strong data-start=\"886\" data-end=\"900\">riu Ripoll<\/strong>. Un indret ple de vida on cada dia aprenem i compartim amb el nostre barri.<\/p>\n<p>\ud83d\udccdVisita&#8217;ns! La nostra <strong>adre\u00e7a<\/strong> \u00e9s Pla\u00e7a de Karl Marx, s\/n. 08202 (Sabadell)<a href=\"https:\/\/agora.xtec.cat\/ceip-joanmontllor\/wp-content\/uploads\/usu1258\/2025\/09\/escola.jpg\">\u00a0\u00a0<\/a><\/p>\n<p>\ud83d\udcdeTruca&#8217;ns al <strong>tel\u00e8fon<\/strong>: 93 727 58 28 \/ 682 811 429<\/p>\n<p>\ud83d\udda5\ufe0fEscriu-nos al <strong>correu electr\u00f2nic<\/strong>: a8023979@xtec.cat<\/p>\n<p>\u23f0El nostre\u00a0<strong>horari d\u2019atenci\u00f3<\/strong>\u00a0\u00e9s de \u00a09h a 14h i de 15 a 16:30h<\/p>\n<p><a href=\"https:\/\/agora.xtec.cat\/ceip-joanmontllor\/wp-content\/uploads\/usu1258\/2025\/09\/escola.jpg\"><img loading=\"lazy\" decoding=\"async\" class=\"alignnone  wp-image-10780\" src=\"https:\/\/agora.xtec.cat\/ceip-joanmontllor\/wp-content\/uploads\/usu1258\/2025\/09\/escola.jpg\" alt=\"\" width=\"250\" height=\"270\" srcset=\"https:\/\/agora.xtec.cat\/ceip-joanmontllor\/wp-content\/uploads\/usu1258\/2025\/09\/escola.jpg 461w, https:\/\/agora.xtec.cat\/ceip-joanmontllor\/wp-content\/uploads\/usu1258\/2025\/09\/escola-278x300.jpg 278w\" sizes=\"auto, (max-width: 250px) 100vw, 250px\" \/><\/a><\/p>\n","protected":false},"excerpt":{"rendered":"<p>L\u2019Escola Joan Montllor \u00e9s a Torre Romeu, a Sabadell, molt a prop del riu Ripoll. Un indret ple de vida on cada dia aprenem i compartim amb el nostre barri. \ud83d\udccdVisita&#8217;ns! La nostra adre\u00e7a \u00e9s Pla\u00e7a de Karl Marx, s\/n. 08202 (Sabadell)\u00a0\u00a0 \ud83d\udcdeTruca&#8217;ns al tel\u00e8fon: 93 727 58 28 \/ 682 811 429 \ud83d\udda5\ufe0fEscriu-nos al [&hellip;]<\/p>\n","protected":false},"author":1,"featured_media":0,"parent":4859,"menu_order":0,"comment_status":"closed","ping_status":"closed","template":"","meta":{"site-sidebar-layout":"default","site-content-layout":"","ast-site-content-layout":"default","site-content-style":"default","site-sidebar-style":"default","ast-global-header-display":"","ast-banner-title-visibility":"","ast-main-header-display":"","ast-hfb-above-header-display":"","ast-hfb-below-header-display":"","ast-hfb-mobile-header-display":"","site-post-title":"","ast-breadcrumbs-content":"","ast-featured-img":"","footer-sml-layout":"","theme-transparent-header-meta":"","adv-header-id-meta":"","stick-header-meta":"","header-above-stick-meta":"","header-main-stick-meta":"","header-below-stick-meta":"","astra-migrate-meta-layouts":"set","ast-page-background-enabled":"default","ast-page-background-meta":{"desktop":{"background-color":"var(--ast-global-color-4)","background-image":"","background-repeat":"repeat","background-position":"center center","background-size":"auto","background-attachment":"scroll","background-type":"","background-media":"","overlay-type":"","overlay-color":"","overlay-opacity":"","overlay-gradient":""},"tablet":{"background-color":"","background-image":"","background-repeat":"repeat","background-position":"center center","background-size":"auto","background-attachment":"scroll","background-type":"","background-media":"","overlay-type":"","overlay-color":"","overlay-opacity":"","overlay-gradient":""},"mobile":{"background-color":"","background-image":"","background-repeat":"repeat","background-position":"center center","background-size":"auto","background-attachment":"scroll","background-type":"","background-media":"","overlay-type":"","overlay-color":"","overlay-opacity":"","overlay-gradient":""}},"ast-content-background-meta":{"desktop":{"background-color":"var(--ast-global-color-5)","background-image":"","background-repeat":"repeat","background-position":"center center","background-size":"auto","background-attachment":"scroll","background-type":"","background-media":"","overlay-type":"","overlay-color":"","overlay-opacity":"","overlay-gradient":""},"tablet":{"background-color":"var(--ast-global-color-5)","background-image":"","background-repeat":"repeat","background-position":"center center","background-size":"auto","background-attachment":"scroll","background-type":"","background-media":"","overlay-type":"","overlay-color":"","overlay-opacity":"","overlay-gradient":""},"mobile":{"background-color":"var(--ast-global-color-5)","background-image":"","background-repeat":"repeat","background-position":"center center","background-size":"auto","background-attachment":"scroll","background-type":"","background-media":"","overlay-type":"","overlay-color":"","overlay-opacity":"","overlay-gradient":""}},"footnotes":""},"class_list":["post-24","page","type-page","status-publish","hentry"],"post_mailing_queue_ids":[],"_links":{"self":[{"href":"https:\/\/agora.xtec.cat\/ceip-joanmontllor\/wp-json\/wp\/v2\/pages\/24","targetHints":{"allow":["GET"]}}],"collection":[{"href":"https:\/\/agora.xtec.cat\/ceip-joanmontllor\/wp-json\/wp\/v2\/pages"}],"about":[{"href":"https:\/\/agora.xtec.cat\/ceip-joanmontllor\/wp-json\/wp\/v2\/types\/page"}],"author":[{"embeddable":true,"href":"https:\/\/agora.xtec.cat\/ceip-joanmontllor\/wp-json\/wp\/v2\/users\/1"}],"replies":[{"embeddable":true,"href":"https:\/\/agora.xtec.cat\/ceip-joanmontllor\/wp-json\/wp\/v2\/comments?post=24"}],"version-history":[{"count":6,"href":"https:\/\/agora.xtec.cat\/ceip-joanmontllor\/wp-json\/wp\/v2\/pages\/24\/revisions"}],"predecessor-version":[{"id":11395,"href":"https:\/\/agora.xtec.cat\/ceip-joanmontllor\/wp-json\/wp\/v2\/pages\/24\/revisions\/11395"}],"up":[{"embeddable":true,"href":"https:\/\/agora.xtec.cat\/ceip-joanmontllor\/wp-json\/wp\/v2\/pages\/4859"}],"wp:attachment":[{"href":"https:\/\/agora.xtec.cat\/ceip-joanmontllor\/wp-json\/wp\/v2\/media?parent=24"}],"curies":[{"name":"wp","href":"https:\/\/api.w.org\/{rel}","templated":true}]}}