{"id":11385,"date":"2026-03-02T17:33:23","date_gmt":"2026-03-02T16:33:23","guid":{"rendered":"https:\/\/agora.xtec.cat\/ceip-joanmontllor\/?page_id=11385"},"modified":"2026-03-24T10:53:30","modified_gmt":"2026-03-24T09:53:30","slug":"aquiproubullying","status":"publish","type":"page","link":"https:\/\/agora.xtec.cat\/ceip-joanmontllor\/aquiproubullying\/","title":{"rendered":"#Aqu\u00edproubullying"},"content":{"rendered":"\n<p><\/p>\n\n\n\n<div class=\"wp-block-media-text is-stacked-on-mobile\" style=\"grid-template-columns:22% auto\"><figure class=\"wp-block-media-text__media\"><img loading=\"lazy\" decoding=\"async\" width=\"299\" height=\"299\" src=\"https:\/\/agora.xtec.cat\/ceip-joanmontllor\/wp-content\/uploads\/usu1258\/2026\/03\/299x299-aqui-prou-bullying.png_30133267.png\" alt=\"\" class=\"wp-image-11389 size-full\" srcset=\"https:\/\/agora.xtec.cat\/ceip-joanmontllor\/wp-content\/uploads\/usu1258\/2026\/03\/299x299-aqui-prou-bullying.png_30133267.png 299w, https:\/\/agora.xtec.cat\/ceip-joanmontllor\/wp-content\/uploads\/usu1258\/2026\/03\/299x299-aqui-prou-bullying.png_30133267-150x150.png 150w\" sizes=\"auto, (max-width: 299px) 100vw, 299px\" \/><\/figure><div class=\"wp-block-media-text__content\">\n<p>Des del curs 2025-2026, l\u2019escola participa en el Programa d\u2019Innovaci\u00f3 Educativa <strong><a href=\"https:\/\/xtec.gencat.cat\/ca\/centres\/projeducatiu\/convivencia\/aquiproubullying\/\">#Aquiproubullying<\/a><\/strong> amb l\u2019objectiu de refor\u00e7ar la prevenci\u00f3, detecci\u00f3 i intervenci\u00f3 davant qualsevol situaci\u00f3 d\u2019assetjament entre iguals.<\/p>\n\n\n\n<p>A m\u00e9s, el centre disposa d\u2019un<strong> circuit d\u2019actuaci\u00f3 en cas d\u2019alerta de bullying,<\/strong> tant en situacions lleus com greus, aix\u00ed com d\u2019un protocol espec\u00edfic adre\u00e7at a l\u2019alumnat, al professorat i a les fam\u00edlies.<\/p>\n\n\n\n<p>El centre aposta per enfortir el seu Pla de Conviv\u00e8ncia amb una mirada m\u00e9s preventiva, sist\u00e8mica i comunit\u00e0ria, passant d\u2019un model reactiu a un model basat en la <strong>prevenci\u00f3<\/strong> i l\u2019educaci\u00f3 emocional. El projecte promou el respecte, l\u2019empatia i el bon tracte, aix\u00ed com l\u2019\u00fas responsable de les tecnologies i la resoluci\u00f3 pac\u00edfica de conflictes.<\/p>\n\n\n\n<p>La iniciativa implica tota la comunitat educativa (docents, personal no docent, alumnat i fam\u00edlies) i posa un \u00e8mfasi especial en l\u2019empoderament de l\u2019alumnat mitjan\u00e7ant figures com l\u2019alumnat ajudant o mediadors\/es. Tot plegat s\u2019alinea amb els valors del centre: inclusi\u00f3, equitat, coeducaci\u00f3 i respecte a la diversitat.<\/p>\n\n\n\n<p>Amb aquesta participaci\u00f3, l\u2019escola consolida el seu <strong>comprom\u00eds amb el benestar emocional, la conviv\u00e8ncia positiva i la creaci\u00f3 d\u2019un entorn segur<\/strong> on tots els infants se sentin escoltats, respectats i protegits.<\/p>\n<\/div><\/div>\n\n\n\n<figure class=\"wp-block-image alignleft size-full is-resized\"><a href=\"https:\/\/agora.xtec.cat\/ceip-joanmontllor\/wp-content\/uploads\/usu1258\/2026\/03\/1.jpg\"><img loading=\"lazy\" decoding=\"async\" width=\"295\" height=\"748\" src=\"https:\/\/agora.xtec.cat\/ceip-joanmontllor\/wp-content\/uploads\/usu1258\/2026\/03\/1.jpg\" alt=\"\" class=\"wp-image-11422\" style=\"width:313px;height:auto\" srcset=\"https:\/\/agora.xtec.cat\/ceip-joanmontllor\/wp-content\/uploads\/usu1258\/2026\/03\/1.jpg 295w, https:\/\/agora.xtec.cat\/ceip-joanmontllor\/wp-content\/uploads\/usu1258\/2026\/03\/1-118x300.jpg 118w\" sizes=\"auto, (max-width: 295px) 100vw, 295px\" \/><\/a><\/figure>\n\n\n\n<figure class=\"wp-block-image alignleft size-full is-resized\"><a href=\"https:\/\/agora.xtec.cat\/ceip-joanmontllor\/wp-content\/uploads\/usu1258\/2026\/03\/2.jpg\"><img loading=\"lazy\" decoding=\"async\" width=\"292\" height=\"745\" src=\"https:\/\/agora.xtec.cat\/ceip-joanmontllor\/wp-content\/uploads\/usu1258\/2026\/03\/2.jpg\" alt=\"\" class=\"wp-image-11423\" style=\"width:313px;height:auto\" srcset=\"https:\/\/agora.xtec.cat\/ceip-joanmontllor\/wp-content\/uploads\/usu1258\/2026\/03\/2.jpg 292w, https:\/\/agora.xtec.cat\/ceip-joanmontllor\/wp-content\/uploads\/usu1258\/2026\/03\/2-118x300.jpg 118w\" sizes=\"auto, (max-width: 292px) 100vw, 292px\" \/><\/a><\/figure>\n\n\n\n<figure class=\"wp-block-image alignleft size-full is-resized\"><a href=\"https:\/\/agora.xtec.cat\/ceip-joanmontllor\/wp-content\/uploads\/usu1258\/2026\/03\/3.jpg\"><img loading=\"lazy\" decoding=\"async\" width=\"294\" height=\"735\" src=\"https:\/\/agora.xtec.cat\/ceip-joanmontllor\/wp-content\/uploads\/usu1258\/2026\/03\/3.jpg\" alt=\"\" class=\"wp-image-11424\" style=\"width:333px;height:auto\" srcset=\"https:\/\/agora.xtec.cat\/ceip-joanmontllor\/wp-content\/uploads\/usu1258\/2026\/03\/3.jpg 294w, https:\/\/agora.xtec.cat\/ceip-joanmontllor\/wp-content\/uploads\/usu1258\/2026\/03\/3-120x300.jpg 120w\" sizes=\"auto, (max-width: 294px) 100vw, 294px\" \/><\/a><\/figure>\n\n\n\n<figure class=\"wp-block-image alignleft size-full is-resized\"><a href=\"https:\/\/agora.xtec.cat\/ceip-joanmontllor\/wp-content\/uploads\/usu1258\/2026\/03\/4-1.jpg\"><img loading=\"lazy\" decoding=\"async\" width=\"289\" height=\"735\" src=\"https:\/\/agora.xtec.cat\/ceip-joanmontllor\/wp-content\/uploads\/usu1258\/2026\/03\/4-1.jpg\" alt=\"\" class=\"wp-image-11428\" style=\"width:329px;height:auto\" srcset=\"https:\/\/agora.xtec.cat\/ceip-joanmontllor\/wp-content\/uploads\/usu1258\/2026\/03\/4-1.jpg 289w, https:\/\/agora.xtec.cat\/ceip-joanmontllor\/wp-content\/uploads\/usu1258\/2026\/03\/4-1-118x300.jpg 118w\" sizes=\"auto, (max-width: 289px) 100vw, 289px\" \/><\/a><\/figure>\n","protected":false},"excerpt":{"rendered":"<p>Des del curs 2025-2026, l\u2019escola participa en el Programa d\u2019Innovaci\u00f3 Educativa #Aquiproubullying amb l\u2019objectiu de refor\u00e7ar la prevenci\u00f3, detecci\u00f3 i intervenci\u00f3 davant qualsevol situaci\u00f3 d\u2019assetjament entre iguals. A m\u00e9s, el centre disposa d\u2019un circuit d\u2019actuaci\u00f3 en cas d\u2019alerta de bullying, tant en situacions lleus com greus, aix\u00ed com d\u2019un protocol espec\u00edfic adre\u00e7at a l\u2019alumnat, al [&hellip;]<\/p>\n","protected":false},"author":15,"featured_media":0,"parent":0,"menu_order":0,"comment_status":"closed","ping_status":"close","template":"","meta":{"site-sidebar-layout":"default","site-content-layout":"","ast-site-content-layout":"default","site-content-style":"default","site-sidebar-style":"default","ast-global-header-display":"","ast-banner-title-visibility":"","ast-main-header-display":"","ast-hfb-above-header-display":"","ast-hfb-below-header-display":"","ast-hfb-mobile-header-display":"","site-post-title":"","ast-breadcrumbs-content":"","ast-featured-img":"","footer-sml-layout":"","theme-transparent-header-meta":"","adv-header-id-meta":"","stick-header-meta":"","header-above-stick-meta":"","header-main-stick-meta":"","header-below-stick-meta":"","astra-migrate-meta-layouts":"set","ast-page-background-enabled":"default","ast-page-background-meta":{"desktop":{"background-color":"var(--ast-global-color-4)","background-image":"","background-repeat":"repeat","background-position":"center center","background-size":"auto","background-attachment":"scroll","background-type":"","background-media":"","overlay-type":"","overlay-color":"","overlay-opacity":"","overlay-gradient":""},"tablet":{"background-color":"","background-image":"","background-repeat":"repeat","background-position":"center center","background-size":"auto","background-attachment":"scroll","background-type":"","background-media":"","overlay-type":"","overlay-color":"","overlay-opacity":"","overlay-gradient":""},"mobile":{"background-color":"","background-image":"","background-repeat":"repeat","background-position":"center center","background-size":"auto","background-attachment":"scroll","background-type":"","background-media":"","overlay-type":"","overlay-color":"","overlay-opacity":"","overlay-gradient":""}},"ast-content-background-meta":{"desktop":{"background-color":"var(--ast-global-color-5)","background-image":"","background-repeat":"repeat","background-position":"center center","background-size":"auto","background-attachment":"scroll","background-type":"","background-media":"","overlay-type":"","overlay-color":"","overlay-opacity":"","overlay-gradient":""},"tablet":{"background-color":"var(--ast-global-color-5)","background-image":"","background-repeat":"repeat","background-position":"center center","background-size":"auto","background-attachment":"scroll","background-type":"","background-media":"","overlay-type":"","overlay-color":"","overlay-opacity":"","overlay-gradient":""},"mobile":{"background-color":"var(--ast-global-color-5)","background-image":"","background-repeat":"repeat","background-position":"center center","background-size":"auto","background-attachment":"scroll","background-type":"","background-media":"","overlay-type":"","overlay-color":"","overlay-opacity":"","overlay-gradient":""}},"footnotes":""},"class_list":["post-11385","page","type-page","status-publish","hentry"],"post_mailing_queue_ids":[],"_links":{"self":[{"href":"https:\/\/agora.xtec.cat\/ceip-joanmontllor\/wp-json\/wp\/v2\/pages\/11385","targetHints":{"allow":["GET"]}}],"collection":[{"href":"https:\/\/agora.xtec.cat\/ceip-joanmontllor\/wp-json\/wp\/v2\/pages"}],"about":[{"href":"https:\/\/agora.xtec.cat\/ceip-joanmontllor\/wp-json\/wp\/v2\/types\/page"}],"author":[{"embeddable":true,"href":"https:\/\/agora.xtec.cat\/ceip-joanmontllor\/wp-json\/wp\/v2\/users\/15"}],"replies":[{"embeddable":true,"href":"https:\/\/agora.xtec.cat\/ceip-joanmontllor\/wp-json\/wp\/v2\/comments?post=11385"}],"version-history":[{"count":5,"href":"https:\/\/agora.xtec.cat\/ceip-joanmontllor\/wp-json\/wp\/v2\/pages\/11385\/revisions"}],"predecessor-version":[{"id":11429,"href":"https:\/\/agora.xtec.cat\/ceip-joanmontllor\/wp-json\/wp\/v2\/pages\/11385\/revisions\/11429"}],"wp:attachment":[{"href":"https:\/\/agora.xtec.cat\/ceip-joanmontllor\/wp-json\/wp\/v2\/media?parent=11385"}],"curies":[{"name":"wp","href":"https:\/\/api.w.org\/{rel}","templated":true}]}}