{"id":10936,"date":"2025-09-19T14:51:17","date_gmt":"2025-09-19T12:51:17","guid":{"rendered":"https:\/\/agora.xtec.cat\/ceip-joanmontllor\/?page_id=10936"},"modified":"2025-09-23T17:03:41","modified_gmt":"2025-09-23T15:03:41","slug":"mediacio","status":"publish","type":"page","link":"https:\/\/agora.xtec.cat\/ceip-joanmontllor\/mediacio\/","title":{"rendered":"\ud83e\udd1dMediaci\u00f3"},"content":{"rendered":"\n<p>Al nostre centre donem un valor especial a la conviv\u00e8ncia i al benestar de tothom, i per aix\u00f2 impulsem el projecte de <strong>Mediaci\u00f3 Escolar<\/strong>, que forma part del nostre treball de <strong>COCOBE <\/strong>(Coeducaci\u00f3, Conviv\u00e8ncia i Benestar).<\/p>\n\n\n\n<p>Els mediadors i mediadores s\u00f3n alumnat de<strong> sis\u00e8 de prim\u00e0ria<\/strong>, que han rebut formaci\u00f3 pr\u00e8via durant cinqu\u00e8 en habilitats de comunicaci\u00f3, escolta activa i resoluci\u00f3 pac\u00edfica de conflictes. Aquest aprenentatge els permet acompanyar companys i companyes a l\u2019hora de resoldre petits desacords que sorgeixen a les hores de pati.<\/p>\n\n\n\n<p>La seva tasca \u00e9s escoltar, facilitar el di\u00e0leg i ajudar a trobar solucions justes i pactades. Aix\u00ed, promouen l\u2019<strong>autoregulaci\u00f3<\/strong>, el <strong>respecte mutu<\/strong> i la <strong>responsabilitat compartida <\/strong>dins de l\u2019escola.<\/p>\n\n\n\n<p>Amb la mediaci\u00f3 descobrim que els conflictes poden ser una oportunitat per cr\u00e9ixer, aprendre a conviure millor i enfortir els vincles entre tots els membres de la comunitat educativa.<\/p>\n\n\n\n<p><\/p>\n","protected":false},"excerpt":{"rendered":"<p>Al nostre centre donem un valor especial a la conviv\u00e8ncia i al benestar de tothom, i per aix\u00f2 impulsem el projecte de Mediaci\u00f3 Escolar, que forma part del nostre treball de COCOBE (Coeducaci\u00f3, Conviv\u00e8ncia i Benestar). Els mediadors i mediadores s\u00f3n alumnat de sis\u00e8 de prim\u00e0ria, que han rebut formaci\u00f3 pr\u00e8via durant cinqu\u00e8 en habilitats [&hellip;]<\/p>\n","protected":false},"author":15,"featured_media":0,"parent":0,"menu_order":0,"comment_status":"closed","ping_status":"close","template":"","meta":{"site-sidebar-layout":"default","site-content-layout":"","ast-site-content-layout":"default","site-content-style":"default","site-sidebar-style":"default","ast-global-header-display":"","ast-banner-title-visibility":"","ast-main-header-display":"","ast-hfb-above-header-display":"","ast-hfb-below-header-display":"","ast-hfb-mobile-header-display":"","site-post-title":"","ast-breadcrumbs-content":"","ast-featured-img":"","footer-sml-layout":"","theme-transparent-header-meta":"","adv-header-id-meta":"","stick-header-meta":"","header-above-stick-meta":"","header-main-stick-meta":"","header-below-stick-meta":"","astra-migrate-meta-layouts":"set","ast-page-background-enabled":"default","ast-page-background-meta":{"desktop":{"background-color":"var(--ast-global-color-4)","background-image":"","background-repeat":"repeat","background-position":"center center","background-size":"auto","background-attachment":"scroll","background-type":"","background-media":"","overlay-type":"","overlay-color":"","overlay-opacity":"","overlay-gradient":""},"tablet":{"background-color":"","background-image":"","background-repeat":"repeat","background-position":"center center","background-size":"auto","background-attachment":"scroll","background-type":"","background-media":"","overlay-type":"","overlay-color":"","overlay-opacity":"","overlay-gradient":""},"mobile":{"background-color":"","background-image":"","background-repeat":"repeat","background-position":"center center","background-size":"auto","background-attachment":"scroll","background-type":"","background-media":"","overlay-type":"","overlay-color":"","overlay-opacity":"","overlay-gradient":""}},"ast-content-background-meta":{"desktop":{"background-color":"var(--ast-global-color-5)","background-image":"","background-repeat":"repeat","background-position":"center center","background-size":"auto","background-attachment":"scroll","background-type":"","background-media":"","overlay-type":"","overlay-color":"","overlay-opacity":"","overlay-gradient":""},"tablet":{"background-color":"var(--ast-global-color-5)","background-image":"","background-repeat":"repeat","background-position":"center center","background-size":"auto","background-attachment":"scroll","background-type":"","background-media":"","overlay-type":"","overlay-color":"","overlay-opacity":"","overlay-gradient":""},"mobile":{"background-color":"var(--ast-global-color-5)","background-image":"","background-repeat":"repeat","background-position":"center center","background-size":"auto","background-attachment":"scroll","background-type":"","background-media":"","overlay-type":"","overlay-color":"","overlay-opacity":"","overlay-gradient":""}},"footnotes":""},"class_list":["post-10936","page","type-page","status-publish","hentry"],"post_mailing_queue_ids":[],"_links":{"self":[{"href":"https:\/\/agora.xtec.cat\/ceip-joanmontllor\/wp-json\/wp\/v2\/pages\/10936","targetHints":{"allow":["GET"]}}],"collection":[{"href":"https:\/\/agora.xtec.cat\/ceip-joanmontllor\/wp-json\/wp\/v2\/pages"}],"about":[{"href":"https:\/\/agora.xtec.cat\/ceip-joanmontllor\/wp-json\/wp\/v2\/types\/page"}],"author":[{"embeddable":true,"href":"https:\/\/agora.xtec.cat\/ceip-joanmontllor\/wp-json\/wp\/v2\/users\/15"}],"replies":[{"embeddable":true,"href":"https:\/\/agora.xtec.cat\/ceip-joanmontllor\/wp-json\/wp\/v2\/comments?post=10936"}],"version-history":[{"count":6,"href":"https:\/\/agora.xtec.cat\/ceip-joanmontllor\/wp-json\/wp\/v2\/pages\/10936\/revisions"}],"predecessor-version":[{"id":10969,"href":"https:\/\/agora.xtec.cat\/ceip-joanmontllor\/wp-json\/wp\/v2\/pages\/10936\/revisions\/10969"}],"wp:attachment":[{"href":"https:\/\/agora.xtec.cat\/ceip-joanmontllor\/wp-json\/wp\/v2\/media?parent=10936"}],"curies":[{"name":"wp","href":"https:\/\/api.w.org\/{rel}","templated":true}]}}