{"id":8315,"date":"2021-02-02T09:35:19","date_gmt":"2021-02-02T08:35:19","guid":{"rendered":"http:\/\/agora.xtec.cat\/ceip-joanmiro-barcelona\/?page_id=8315"},"modified":"2026-03-19T09:00:25","modified_gmt":"2026-03-19T08:00:25","slug":"preinscripcio-2026-2027","status":"publish","type":"page","link":"https:\/\/agora.xtec.cat\/ceip-joanmiro-barcelona\/preinscripcio-2026-2027\/","title":{"rendered":"Preinscripci\u00f3 2026-2027"},"content":{"rendered":"<h1><b>\u00a0<\/b><\/h1>\n<p>______________________________________________________________________________________________________________<\/p>\n<h1><b>Calendari de preinscripci\u00f3:<\/b><\/h1>\n<h5><b>3 de mar\u00e7 de 2026: <a href=\"https:\/\/drive.google.com\/file\/d\/1ytC_ZABTs9p22kvvXK8W4MZ2mbx5LfLq\/view?usp=sharing\">Publicaci\u00f3 de l&#8217;oferta inicial<\/a>\u00a0<\/b><\/h5>\n<h5><b>Del 4 al 18 de mar\u00e7 de 2026: <a href=\"https:\/\/preinscripcio.gencat.cat\/ca\/estudis\/infantil-3-6\/inici\/\">presentaci\u00f3 de sol\u00b7licituds<\/a><\/b><\/h5>\n<h5><b>15 d\u2019abril de 2026: llista de sol\u00b7licituds amb la puntuaci\u00f3 provisional<\/b><\/h5>\n<h5><b>Del 15 al 20 d\u2019abril de 2026: presentaci\u00f3 de reclamacions<\/b><\/h5>\n<h5><b>23 d\u2019abril de 2026: publicaci\u00f3 de la llista de sol\u00b7licituds amb puntuaci\u00f3 definitiva, resoltes les reclamacions<\/b><\/h5>\n<h5><b>28 d\u2019abril: sorteig del n\u00famero de desempat per resoldre les sol\u00b7licituds de preinscripci\u00f3 empatades en punts.<\/b><\/h5>\n<h5><b>29 d\u2019abril de 2026: llista ordenada per puntuaci\u00f3 i n\u00famero de desempat<\/b><\/h5>\n<h5><b>Del 13 al 14 de maig de 2026: ampliaci\u00f3 de peticions per a les sol\u00b7licituds de preinscripci\u00f3 d&#8217;alumnat NESE B sense assignaci\u00f3<\/b><\/h5>\n<h5><b>De l\u20191 al 3 de juny: ampliaci\u00f3 de peticions per a les sol\u00b7licituds de preinscripci\u00f3 sense assignaci\u00f3 (assignaci\u00f3 d&#8217;ofici)<\/b><\/h5>\n<h5><b>10 de juny de 2026: llista de l&#8217;alumnat amb l&#8217;assignaci\u00f3 i possible llista d\u2019espera<\/b><\/h5>\n<p>&nbsp;<\/p>\n","protected":false},"excerpt":{"rendered":"<p>\u00a0<br \/>\n______________________________________________________________________________________________________________<br \/>\nCalendari de preinscripci\u00f3:<br \/>\n3 de mar\u00e7 de 2026: <a href=\"https:\/\/drive.google.com\/file\/d\/1ytC_ZABTs9p22kvvXK8W4MZ2mbx5LfLq\/view?usp=sharing\">Publicaci\u00f3 de l&#8217;oferta inicial<\/a>\u00a0<br \/>\nDel 4 al 18 de mar\u00e7 de 2026: <a href=\"https:\/\/preinscripcio.gencat.cat\/ca\/estudis\/infantil-3-6\/inici\/\">presentaci\u00f3 de sol\u00b7licituds<\/a><br \/>\n15 d\u2019abril de 2026: llista de sol\u00b7licituds amb la puntuaci\u00f3 provisional<br \/>\nDel 15 al 20 d\u2019abril de 2026: presentaci\u00f3 de reclamacions<br \/>\n23 d\u2019abril de 2026:&hellip;  <a href=\"https:\/\/agora.xtec.cat\/ceip-joanmiro-barcelona\/preinscripcio-2026-2027\/\" title=\"Read Preinscripci\u00f3 2026-2027\">Llegeix m\u00e9s\u00bb<\/a><\/p>\n","protected":false},"author":50,"featured_media":0,"parent":0,"menu_order":90,"comment_status":"closed","ping_status":"closed","template":"","meta":{"_bbp_topic_count":0,"_bbp_reply_count":0,"_bbp_total_topic_count":0,"_bbp_total_reply_count":0,"_bbp_voice_count":0,"_bbp_anonymous_reply_count":0,"_bbp_topic_count_hidden":0,"_bbp_reply_count_hidden":0,"_bbp_forum_subforum_count":0,"footnotes":""},"class_list":["post-8315","page","type-page","status-publish","hentry"],"post_mailing_queue_ids":[],"_links":{"self":[{"href":"https:\/\/agora.xtec.cat\/ceip-joanmiro-barcelona\/wp-json\/wp\/v2\/pages\/8315","targetHints":{"allow":["GET"]}}],"collection":[{"href":"https:\/\/agora.xtec.cat\/ceip-joanmiro-barcelona\/wp-json\/wp\/v2\/pages"}],"about":[{"href":"https:\/\/agora.xtec.cat\/ceip-joanmiro-barcelona\/wp-json\/wp\/v2\/types\/page"}],"author":[{"embeddable":true,"href":"https:\/\/agora.xtec.cat\/ceip-joanmiro-barcelona\/wp-json\/wp\/v2\/users\/50"}],"replies":[{"embeddable":true,"href":"https:\/\/agora.xtec.cat\/ceip-joanmiro-barcelona\/wp-json\/wp\/v2\/comments?post=8315"}],"version-history":[{"count":8,"href":"https:\/\/agora.xtec.cat\/ceip-joanmiro-barcelona\/wp-json\/wp\/v2\/pages\/8315\/revisions"}],"predecessor-version":[{"id":13761,"href":"https:\/\/agora.xtec.cat\/ceip-joanmiro-barcelona\/wp-json\/wp\/v2\/pages\/8315\/revisions\/13761"}],"wp:attachment":[{"href":"https:\/\/agora.xtec.cat\/ceip-joanmiro-barcelona\/wp-json\/wp\/v2\/media?parent=8315"}],"curies":[{"name":"wp","href":"https:\/\/api.w.org\/{rel}","templated":true}]}}