{"id":1158,"date":"2016-11-22T17:49:10","date_gmt":"2016-11-22T16:49:10","guid":{"rendered":"http:\/\/agora.xtec.cat\/ceip-joanmiro-barcelona\/?page_id=1158"},"modified":"2016-11-28T21:15:46","modified_gmt":"2016-11-28T20:15:46","slug":"escoles-sostenibles-2","status":"publish","type":"page","link":"https:\/\/agora.xtec.cat\/ceip-joanmiro-barcelona\/lescola\/projectes-descola\/escoles-sostenibles-2\/","title":{"rendered":"Escoles + Sostenibles"},"content":{"rendered":"<p><span style=\"font-weight: 400;\">Aquest projecte, juntament amb el REMA i l\u2019Hort escolar, \u00a0ajuden al prop\u00f2sit de conscienciar als infants, i a tota la comunitat educativa, sobre la cura del medi ambient.<img loading=\"lazy\" decoding=\"async\" class=\"alignnone size-full wp-image-487\" src=\"http:\/\/agora.xtec.cat\/ceip-joanmiro-barcelona\/wp-content\/uploads\/usu741\/2016\/06\/escoles-sostenibles.jpg\" alt=\"escoles sostenibles\" width=\"701\" height=\"151\" srcset=\"https:\/\/agora.xtec.cat\/ceip-joanmiro-barcelona\/wp-content\/uploads\/usu741\/2016\/06\/escoles-sostenibles.jpg 701w, https:\/\/agora.xtec.cat\/ceip-joanmiro-barcelona\/wp-content\/uploads\/usu741\/2016\/06\/escoles-sostenibles-300x65.jpg 300w\" sizes=\"auto, (max-width: 701px) 100vw, 701px\" \/><\/span><\/p>\n<p><b>REMA (REutilitzaci\u00f3 de llibres i MAterial)<\/b><\/p>\n<p><span style=\"font-weight: 400;\">A Prim\u00e0ria la majoria de llibres s\u00f3n <\/span><b>socialitzats<\/b><span style=\"font-weight: 400;\"> (al cicle inicial els llibres de lectura i a partir de 3r els llibres de text, que serveixen de consulta).<br \/>\nLes fam\u00edlies es comprometen, mitjan\u00e7ant el <\/span><b>full de comprom\u00eds<\/b><span style=\"font-weight: 400;\"> a participar en el programa de reutilitzaci\u00f3, a fer-ne un bon \u00fas i a tornar els \u00a0llibres en bon estat al juny.<br \/>\nLa reutilitzaci\u00f3 de llibres de text esdev\u00e9 una aposta de futur per a la cura del medi ambient i agra\u00efm la col\u00b7laboraci\u00f3 de totes les persones que ajuden \u00a0en aquesta fita. Hi ha una comissi\u00f3 formada per AMPA i Escola, encarregada de gestionar el funcionament d\u2019aquest projecte.<br \/>\n<\/span><\/p>\n<p>&nbsp;<\/p>\n<p><span style=\"font-weight: 400;\"><b>La fruita a l&#8217;escola\u00a0<\/b><\/span><span style=\"font-weight: 400;\"><br \/>\n<\/span><\/p>\n<p><span style=\"font-weight: 400;\"> Recomanem un esmorzar saludable i variat (fruita, cereals, entrepans&#8230;), evitant la brioxeria industrial.<\/span><\/p>\n<p>Durant el curs escolar, una setmana de cada mes, es distribuir\u00e0 fruita i\/o verdura seleccionada en funci\u00f3 de l\u2019estaci\u00f3 de l\u2019any, la proximitat de producci\u00f3 i la qualitat. Us avisarem amb antelaci\u00f3 de la setmana de la fruita.<\/p>\n<p><span style=\"font-weight: 400;\">Per tal de no generar residus, a l\u2019escola tenim les seg\u00fcents normes:<\/span><\/p>\n<ul>\n<ul>\n<ul>\n<li style=\"font-weight: 400;\"><span style=\"font-weight: 400;\">Fem servir <\/span><b>carmanyoles, bossetes de roba, boc\u2019n roll&#8230;<\/b><span style=\"font-weight: 400;\"> evitant els embolcalls de paper d\u2019alumini o film; aix\u00ed ens assegurem que no s\u2019embruta l\u2019espai de joc i la conservaci\u00f3 del medi ambient.<\/span><\/li>\n<\/ul>\n<\/ul>\n<\/ul>\n","protected":false},"excerpt":{"rendered":"<p>Aquest projecte, juntament amb el REMA i l\u2019Hort escolar, \u00a0ajuden al prop\u00f2sit de conscienciar als infants, i a tota la comunitat educativa, sobre la cura del medi ambient.<br \/>\nREMA (REutilitzaci\u00f3 de llibres i MAterial)<br \/>\nA Prim\u00e0ria la majoria de llibres s\u00f3n socialitzats (al cicle inicial els llibres&hellip;  <a href=\"https:\/\/agora.xtec.cat\/ceip-joanmiro-barcelona\/lescola\/projectes-descola\/escoles-sostenibles-2\/\" title=\"Read Escoles + Sostenibles\">Llegeix m\u00e9s\u00bb<\/a><\/p>\n","protected":false},"author":6,"featured_media":0,"parent":288,"menu_order":40,"comment_status":"closed","ping_status":"closed","template":"page-templates\/side-menu.php","meta":{"_bbp_topic_count":0,"_bbp_reply_count":0,"_bbp_total_topic_count":0,"_bbp_total_reply_count":0,"_bbp_voice_count":0,"_bbp_anonymous_reply_count":0,"_bbp_topic_count_hidden":0,"_bbp_reply_count_hidden":0,"_bbp_forum_subforum_count":0,"footnotes":""},"class_list":["post-1158","page","type-page","status-publish","hentry"],"post_mailing_queue_ids":[],"_links":{"self":[{"href":"https:\/\/agora.xtec.cat\/ceip-joanmiro-barcelona\/wp-json\/wp\/v2\/pages\/1158","targetHints":{"allow":["GET"]}}],"collection":[{"href":"https:\/\/agora.xtec.cat\/ceip-joanmiro-barcelona\/wp-json\/wp\/v2\/pages"}],"about":[{"href":"https:\/\/agora.xtec.cat\/ceip-joanmiro-barcelona\/wp-json\/wp\/v2\/types\/page"}],"author":[{"embeddable":true,"href":"https:\/\/agora.xtec.cat\/ceip-joanmiro-barcelona\/wp-json\/wp\/v2\/users\/6"}],"replies":[{"embeddable":true,"href":"https:\/\/agora.xtec.cat\/ceip-joanmiro-barcelona\/wp-json\/wp\/v2\/comments?post=1158"}],"version-history":[{"count":3,"href":"https:\/\/agora.xtec.cat\/ceip-joanmiro-barcelona\/wp-json\/wp\/v2\/pages\/1158\/revisions"}],"predecessor-version":[{"id":1267,"href":"https:\/\/agora.xtec.cat\/ceip-joanmiro-barcelona\/wp-json\/wp\/v2\/pages\/1158\/revisions\/1267"}],"up":[{"embeddable":true,"href":"https:\/\/agora.xtec.cat\/ceip-joanmiro-barcelona\/wp-json\/wp\/v2\/pages\/288"}],"wp:attachment":[{"href":"https:\/\/agora.xtec.cat\/ceip-joanmiro-barcelona\/wp-json\/wp\/v2\/media?parent=1158"}],"curies":[{"name":"wp","href":"https:\/\/api.w.org\/{rel}","templated":true}]}}