{"id":77,"date":"2014-09-18T14:05:08","date_gmt":"2014-09-18T13:05:08","guid":{"rendered":"http:\/\/agora.xtec.cat\/ceip-joanmaragall-esplugues\/?page_id=77"},"modified":"2025-08-30T14:15:11","modified_gmt":"2025-08-30T12:15:11","slug":"acollida","status":"publish","type":"page","link":"https:\/\/agora.xtec.cat\/ceip-joanmaragall-esplugues\/serveis\/acollida\/","title":{"rendered":"Acollida matinal 25-26"},"content":{"rendered":"<p>L\u2019acollida \u00e9s un servei que pret\u00e9n donar resposta a les necessitats d\u2019aquelles fam\u00edlies que per circumst\u00e0ncies laborals o d\u2019altre mena no poden atendre als seus fills en l\u2019horari que va des de les<strong> 8:00 del mat\u00ed a les 9:00 hores. Tamb\u00e9 pot ser una franja de mitja hora.<\/strong><\/p>\n<p>El servei estar\u00e0 a c\u00e0rrec de monitors\/es.<\/p>\n<p>La din\u00e0mica de l\u2019acollida pel mat\u00ed, ser\u00e0 la seg\u00fcent: el monitor\/a rebr\u00e0 als nens i nenes a la porta de l\u2019escola i seguidament es passar\u00e0 a l\u2019espai escollit per realitzar aquesta activitat: (Biblioteca, Menjador, altres sales).<\/p>\n<p><strong>PREUS 25-26<\/strong><\/p>\n<div>\n<p>Preu Acollida de 8:00h a 9:00h\u00a0\u00a0\u00a0\u00a0\u00a0\u00a0\u00a0\u00a0\u00a0\u00a0\u00a0\u00a0\u00a0\u00a0\u00a0\u00a0\u00a0\u00a0\u00a0\u00a0\u00a0\u00a0\u00a0\u00a0\u00a0\u00a0\u00a0\u00a0\u00a0\u00a0 33,30 euros<\/p>\n<p>Preu espor\u00e0dics de 8:00h a 9:00\u00a0\u00a0\u00a0\u00a0\u00a0\u00a0\u00a0\u00a0\u00a0\u00a0\u00a0\u00a0\u00a0\u00a0\u00a0\u00a0\u00a0\u00a0\u00a0\u00a0\u00a0\u00a0\u00a0\u00a0\u00a0\u00a0\u00a0\u00a0\u00a0 3,10euros<\/p>\n<p>Preu Acollida de 8:30h a 9:00h\u00a0\u00a0\u00a0\u00a0\u00a0\u00a0\u00a0\u00a0\u00a0\u00a0\u00a0\u00a0\u00a0\u00a0\u00a0\u00a0\u00a0\u00a0\u00a0\u00a0\u00a0\u00a0\u00a0\u00a0\u00a0\u00a0\u00a0\u00a0\u00a0\u00a0 22,00 euros<\/p>\n<p>Preu espor\u00e0dics de 8:30h a 9:00h\u00a0\u00a0\u00a0\u00a0\u00a0\u00a0\u00a0\u00a0\u00a0\u00a0\u00a0\u00a0\u00a0\u00a0\u00a0\u00a0\u00a0\u00a0\u00a0\u00a0\u00a0\u00a0\u00a0\u00a0\u00a0\u00a0\u00a0 2,10 euros<\/p>\n<\/div>\n<p>&nbsp;<\/p>\n","protected":false},"excerpt":{"rendered":"<p>L\u2019acollida \u00e9s un servei que pret\u00e9n donar resposta a les necessitats d\u2019aquelles fam\u00edlies que per circumst\u00e0ncies laborals o d\u2019altre mena no poden atendre als seus fills en l\u2019horari que va des de les 8:00 del mat\u00ed a les 9:00 hores. Tamb\u00e9 pot ser una franja&hellip;  <a href=\"https:\/\/agora.xtec.cat\/ceip-joanmaragall-esplugues\/serveis\/acollida\/\" title=\"Read Acollida matinal 25-26\">Llegeix m\u00e9s\u00bb<\/a><\/p>\n","protected":false},"author":1,"featured_media":0,"parent":66,"menu_order":20,"comment_status":"closed","ping_status":"closed","template":"page-templates\/side-menu.php","meta":{"_bbp_topic_count":0,"_bbp_reply_count":0,"_bbp_total_topic_count":0,"_bbp_total_reply_count":0,"_bbp_voice_count":0,"_bbp_anonymous_reply_count":0,"_bbp_topic_count_hidden":0,"_bbp_reply_count_hidden":0,"_bbp_forum_subforum_count":0,"footnotes":""},"class_list":["post-77","page","type-page","status-publish","hentry"],"post_mailing_queue_ids":[],"_links":{"self":[{"href":"https:\/\/agora.xtec.cat\/ceip-joanmaragall-esplugues\/wp-json\/wp\/v2\/pages\/77","targetHints":{"allow":["GET"]}}],"collection":[{"href":"https:\/\/agora.xtec.cat\/ceip-joanmaragall-esplugues\/wp-json\/wp\/v2\/pages"}],"about":[{"href":"https:\/\/agora.xtec.cat\/ceip-joanmaragall-esplugues\/wp-json\/wp\/v2\/types\/page"}],"author":[{"embeddable":true,"href":"https:\/\/agora.xtec.cat\/ceip-joanmaragall-esplugues\/wp-json\/wp\/v2\/users\/1"}],"replies":[{"embeddable":true,"href":"https:\/\/agora.xtec.cat\/ceip-joanmaragall-esplugues\/wp-json\/wp\/v2\/comments?post=77"}],"version-history":[{"count":6,"href":"https:\/\/agora.xtec.cat\/ceip-joanmaragall-esplugues\/wp-json\/wp\/v2\/pages\/77\/revisions"}],"predecessor-version":[{"id":1763,"href":"https:\/\/agora.xtec.cat\/ceip-joanmaragall-esplugues\/wp-json\/wp\/v2\/pages\/77\/revisions\/1763"}],"up":[{"embeddable":true,"href":"https:\/\/agora.xtec.cat\/ceip-joanmaragall-esplugues\/wp-json\/wp\/v2\/pages\/66"}],"wp:attachment":[{"href":"https:\/\/agora.xtec.cat\/ceip-joanmaragall-esplugues\/wp-json\/wp\/v2\/media?parent=77"}],"curies":[{"name":"wp","href":"https:\/\/api.w.org\/{rel}","templated":true}]}}