{"id":537,"date":"2021-01-12T17:37:41","date_gmt":"2021-01-12T16:37:41","guid":{"rendered":"https:\/\/agora.xtec.cat\/ceip-joanmaragall-esplugues\/?page_id=537"},"modified":"2021-01-12T19:41:08","modified_gmt":"2021-01-12T18:41:08","slug":"poefa","status":"publish","type":"page","link":"https:\/\/agora.xtec.cat\/ceip-joanmaragall-esplugues\/poefa\/","title":{"rendered":"POEFA"},"content":{"rendered":"<p>L\u2019escola participa al POEFA:<\/p>\n<p>Projectes amb oportunitats d\u2019\u00e8xit educatiu a favor de l\u2019alumnat en centres educatius p\u00fablics (POEFA).<\/p>\n<p>Aquesta actuaci\u00f3 forma part del Programa d\u2019orientaci\u00f3 i refor\u00e7 per a l\u2019avan\u00e7 i suport a l\u2019educaci\u00f3 del Ministeri d\u2019Educaci\u00f3 i Formaci\u00f3 Professional, que est\u00e0 cofinan\u00e7at pel Programa operatiu d\u2019ocupaci\u00f3, formaci\u00f3 i educaci\u00f3 del Fons Social Europeu.<\/p>\n<p><a href=\"https:\/\/agora.xtec.cat\/ceip-joanmaragall-esplugues\/wp-content\/uploads\/usu1278\/2021\/01\/POEFA-2.jpg\"><img loading=\"lazy\" decoding=\"async\" class=\"alignnone size-full wp-image-539\" src=\"https:\/\/agora.xtec.cat\/ceip-joanmaragall-esplugues\/wp-content\/uploads\/usu1278\/2021\/01\/POEFA-2.jpg\" alt=\"\" width=\"640\" height=\"480\" srcset=\"https:\/\/agora.xtec.cat\/ceip-joanmaragall-esplugues\/wp-content\/uploads\/usu1278\/2021\/01\/POEFA-2.jpg 640w, https:\/\/agora.xtec.cat\/ceip-joanmaragall-esplugues\/wp-content\/uploads\/usu1278\/2021\/01\/POEFA-2-300x225.jpg 300w, https:\/\/agora.xtec.cat\/ceip-joanmaragall-esplugues\/wp-content\/uploads\/usu1278\/2021\/01\/POEFA-2-200x150.jpg 200w\" sizes=\"auto, (max-width: 640px) 100vw, 640px\" \/><\/a><\/p>\n<p><a href=\"https:\/\/agora.xtec.cat\/ceip-joanmaragall-esplugues\/wp-content\/uploads\/usu1278\/2021\/01\/POEFA.jpg\"><img loading=\"lazy\" decoding=\"async\" class=\"alignnone size-full wp-image-540\" src=\"https:\/\/agora.xtec.cat\/ceip-joanmaragall-esplugues\/wp-content\/uploads\/usu1278\/2021\/01\/POEFA.jpg\" alt=\"\" width=\"640\" height=\"480\" srcset=\"https:\/\/agora.xtec.cat\/ceip-joanmaragall-esplugues\/wp-content\/uploads\/usu1278\/2021\/01\/POEFA.jpg 640w, https:\/\/agora.xtec.cat\/ceip-joanmaragall-esplugues\/wp-content\/uploads\/usu1278\/2021\/01\/POEFA-300x225.jpg 300w, https:\/\/agora.xtec.cat\/ceip-joanmaragall-esplugues\/wp-content\/uploads\/usu1278\/2021\/01\/POEFA-200x150.jpg 200w\" sizes=\"auto, (max-width: 640px) 100vw, 640px\" \/><\/a><\/p>\n<p>&nbsp;<\/p>\n","protected":false},"excerpt":{"rendered":"<p>L\u2019escola participa al POEFA:<br \/>\nProjectes amb oportunitats d\u2019\u00e8xit educatiu a favor de l\u2019alumnat en centres educatius p\u00fablics (POEFA).<br \/>\nAquesta actuaci\u00f3 forma part del Programa d\u2019orientaci\u00f3 i refor\u00e7 per a l\u2019avan\u00e7 i suport a l\u2019educaci\u00f3 del Ministeri d\u2019Educaci\u00f3 i Formaci\u00f3 Professional, que est\u00e0 cofinan\u00e7at pel Programa operatiu d\u2019ocupaci\u00f3,&hellip;  <a href=\"https:\/\/agora.xtec.cat\/ceip-joanmaragall-esplugues\/poefa\/\" title=\"Read POEFA\">Llegeix m\u00e9s\u00bb<\/a><\/p>\n","protected":false},"author":1,"featured_media":0,"parent":0,"menu_order":0,"comment_status":"closed","ping_status":"closed","template":"","meta":{"_bbp_topic_count":0,"_bbp_reply_count":0,"_bbp_total_topic_count":0,"_bbp_total_reply_count":0,"_bbp_voice_count":0,"_bbp_anonymous_reply_count":0,"_bbp_topic_count_hidden":0,"_bbp_reply_count_hidden":0,"_bbp_forum_subforum_count":0,"footnotes":""},"class_list":["post-537","page","type-page","status-publish","hentry"],"post_mailing_queue_ids":[],"_links":{"self":[{"href":"https:\/\/agora.xtec.cat\/ceip-joanmaragall-esplugues\/wp-json\/wp\/v2\/pages\/537","targetHints":{"allow":["GET"]}}],"collection":[{"href":"https:\/\/agora.xtec.cat\/ceip-joanmaragall-esplugues\/wp-json\/wp\/v2\/pages"}],"about":[{"href":"https:\/\/agora.xtec.cat\/ceip-joanmaragall-esplugues\/wp-json\/wp\/v2\/types\/page"}],"author":[{"embeddable":true,"href":"https:\/\/agora.xtec.cat\/ceip-joanmaragall-esplugues\/wp-json\/wp\/v2\/users\/1"}],"replies":[{"embeddable":true,"href":"https:\/\/agora.xtec.cat\/ceip-joanmaragall-esplugues\/wp-json\/wp\/v2\/comments?post=537"}],"version-history":[{"count":2,"href":"https:\/\/agora.xtec.cat\/ceip-joanmaragall-esplugues\/wp-json\/wp\/v2\/pages\/537\/revisions"}],"predecessor-version":[{"id":541,"href":"https:\/\/agora.xtec.cat\/ceip-joanmaragall-esplugues\/wp-json\/wp\/v2\/pages\/537\/revisions\/541"}],"wp:attachment":[{"href":"https:\/\/agora.xtec.cat\/ceip-joanmaragall-esplugues\/wp-json\/wp\/v2\/media?parent=537"}],"curies":[{"name":"wp","href":"https:\/\/api.w.org\/{rel}","templated":true}]}}