{"id":525,"date":"2021-01-12T17:22:32","date_gmt":"2021-01-12T16:22:32","guid":{"rendered":"https:\/\/agora.xtec.cat\/ceip-joanmaragall-esplugues\/?page_id=525"},"modified":"2022-02-17T12:52:27","modified_gmt":"2022-02-17T11:52:27","slug":"projecte-linguistic-plc","status":"publish","type":"page","link":"https:\/\/agora.xtec.cat\/ceip-joanmaragall-esplugues\/projecte-linguistic-plc\/","title":{"rendered":"Projecte Ling\u00fc\u00edstic (PLC)"},"content":{"rendered":"<p>El Projecte Ling\u00fc\u00edstic del Centre ha estat actualitzat en data de maig de 2019. Per accedir-hi clickeu sobre l\u2019enlla\u00e7.<\/p>\n<h2><strong><a href=\"https:\/\/drive.google.com\/file\/d\/12uNPC6isWIzubzV5DRjunEzjoUu4dPpd\/view\">PLC<\/a><\/strong><\/h2>\n","protected":false},"excerpt":{"rendered":"<p>El Projecte Ling\u00fc\u00edstic del Centre ha estat actualitzat en data de maig de 2019. Per accedir-hi clickeu sobre l\u2019enlla\u00e7.<br \/>\n<a href=\"https:\/\/drive.google.com\/file\/d\/12uNPC6isWIzubzV5DRjunEzjoUu4dPpd\/view\">PLC<\/a><\/p>\n","protected":false},"author":1,"featured_media":0,"parent":0,"menu_order":0,"comment_status":"closed","ping_status":"closed","template":"page-templates\/side-menu.php","meta":{"_bbp_topic_count":0,"_bbp_reply_count":0,"_bbp_total_topic_count":0,"_bbp_total_reply_count":0,"_bbp_voice_count":0,"_bbp_anonymous_reply_count":0,"_bbp_topic_count_hidden":0,"_bbp_reply_count_hidden":0,"_bbp_forum_subforum_count":0,"footnotes":""},"class_list":["post-525","page","type-page","status-publish","hentry"],"post_mailing_queue_ids":[],"_links":{"self":[{"href":"https:\/\/agora.xtec.cat\/ceip-joanmaragall-esplugues\/wp-json\/wp\/v2\/pages\/525","targetHints":{"allow":["GET"]}}],"collection":[{"href":"https:\/\/agora.xtec.cat\/ceip-joanmaragall-esplugues\/wp-json\/wp\/v2\/pages"}],"about":[{"href":"https:\/\/agora.xtec.cat\/ceip-joanmaragall-esplugues\/wp-json\/wp\/v2\/types\/page"}],"author":[{"embeddable":true,"href":"https:\/\/agora.xtec.cat\/ceip-joanmaragall-esplugues\/wp-json\/wp\/v2\/users\/1"}],"replies":[{"embeddable":true,"href":"https:\/\/agora.xtec.cat\/ceip-joanmaragall-esplugues\/wp-json\/wp\/v2\/comments?post=525"}],"version-history":[{"count":3,"href":"https:\/\/agora.xtec.cat\/ceip-joanmaragall-esplugues\/wp-json\/wp\/v2\/pages\/525\/revisions"}],"predecessor-version":[{"id":536,"href":"https:\/\/agora.xtec.cat\/ceip-joanmaragall-esplugues\/wp-json\/wp\/v2\/pages\/525\/revisions\/536"}],"wp:attachment":[{"href":"https:\/\/agora.xtec.cat\/ceip-joanmaragall-esplugues\/wp-json\/wp\/v2\/media?parent=525"}],"curies":[{"name":"wp","href":"https:\/\/api.w.org\/{rel}","templated":true}]}}