{"id":28,"date":"2014-09-18T12:29:35","date_gmt":"2014-09-18T11:29:35","guid":{"rendered":"http:\/\/agora.xtec.cat\/ceip-joanmaragall-esplugues\/?page_id=28"},"modified":"2024-12-10T10:52:06","modified_gmt":"2024-12-10T09:52:06","slug":"consell-escolar","status":"publish","type":"page","link":"https:\/\/agora.xtec.cat\/ceip-joanmaragall-esplugues\/lescola\/consell-escolar\/","title":{"rendered":"Consell escolar"},"content":{"rendered":"<p class=\"MsoNormal\" style=\"margin: 2.4pt 0cm 6pt; font-size: 12pt; font-family: Calibri, sans-serif; color: #000000; background-image: initial; background-position: initial; background-size: initial; background-repeat: initial; background-attachment: initial; background-origin: initial; background-clip: initial;\"><b><span lang=\"CA\" style=\"font-size: 13.5pt; font-family: Arial, sans-serif; color: #ff6600;\">QU\u00c8 \u00c9S EL CONSELL ESCOLAR?<\/span><\/b><\/p>\n<p class=\"MsoNormal\" style=\"margin: 2.4pt 0cm 6pt; font-size: 12pt; font-family: Calibri, sans-serif; color: #000000; background-image: initial; background-position: initial; background-size: initial; background-repeat: initial; background-attachment: initial; background-origin: initial; background-clip: initial;\"><span lang=\"CA\" style=\"font-family: Arial, sans-serif; color: #087eb6;\">\u00c9s l\u2019\u00f2rgan de participaci\u00f3 en el control i gesti\u00f3 del centre des de diferents sectors que constitueixen la comunitat educativa: alumnat, mestres, fam\u00edlies i personal d\u2019administraci\u00f3 i serveis.<\/span><\/p>\n<p class=\"MsoNormal\" style=\"margin: 0cm 0cm 15pt; font-size: 12pt; font-family: Calibri, sans-serif; color: #000000; background-image: initial; background-position: initial; background-size: initial; background-repeat: initial; background-attachment: initial; background-origin: initial; background-clip: initial;\"><span lang=\"CA\" style=\"font-family: Arial, sans-serif; color: #444444;\">\u00a0<\/span><\/p>\n<p class=\"MsoNormal\" style=\"margin: 2.4pt 0cm 6pt; font-size: 12pt; font-family: Calibri, sans-serif; color: #000000; background-image: initial; background-position: initial; background-size: initial; background-repeat: initial; background-attachment: initial; background-origin: initial; background-clip: initial;\"><strong><span lang=\"CA\" style=\"font-size: 13.5pt; font-family: Arial, sans-serif; color: #ff6600;\">RESPONSABLES CONSELL ESCOLAR:<\/span><\/strong><\/p>\n<p class=\"MsoNormal\" style=\"margin: 0cm 0cm 0.0001pt; font-size: 12pt; font-family: Calibri, sans-serif; color: #000000;\"><span lang=\"CA\" style=\"font-family: Arial, sans-serif; color: #087eb6;\">Directora: <\/span><span lang=\"CA\" style=\"font-family: Arial, sans-serif;\">M. \u00c1ngeles \u00c1lvarez<\/span><\/p>\n<p class=\"MsoNormal\" style=\"margin: 2.4pt 0cm 6pt; font-size: 12pt; font-family: Calibri, sans-serif; color: #000000; background-image: initial; background-position: initial; background-size: initial; background-repeat: initial; background-attachment: initial; background-origin: initial; background-clip: initial;\"><span lang=\"CA\" style=\"font-family: Arial, sans-serif; color: #087eb6;\">Cap d\u2019estudis: <\/span><span lang=\"CA\" style=\"font-family: Arial, sans-serif;\">Elisabet Carrillo<\/span><\/p>\n<p class=\"MsoNormal\" style=\"margin: 2.4pt 0cm 6pt; font-size: 12pt; font-family: Calibri, sans-serif; color: #000000; background-image: initial; background-position: initial; background-size: initial; background-repeat: initial; background-attachment: initial; background-origin: initial; background-clip: initial;\"><span lang=\"CA\" style=\"font-family: Arial, sans-serif; color: #087eb6;\">Secretari: <\/span><span lang=\"CA\" style=\"font-family: Arial, sans-serif;\">Ma Carmen L\u00f3pez<\/span><\/p>\n<p class=\"MsoNormal\" style=\"margin: 0cm 0cm 0.0001pt; font-size: 12pt; font-family: Calibri, sans-serif; color: #000000;\"><span lang=\"CA\" style=\"font-family: Arial, sans-serif; color: #087eb6;\">Representants dels mestres: <\/span><span lang=\"CA\" style=\"font-family: Arial, sans-serif;\">Lidia Chaves, Charo Arias, Irene Giraldo, M. Mar Mart\u00edn, Pilar Ib\u00e1\u00f1ez, Sandra Mata<\/span><\/p>\n<p class=\"MsoNormal\" style=\"margin: 2.4pt 0cm 6pt; font-size: 12pt; font-family: Calibri, sans-serif; color: #000000; background-image: initial; background-position: initial; background-size: initial; background-repeat: initial; background-attachment: initial; background-origin: initial; background-clip: initial;\"><span lang=\"CA\" style=\"font-family: Arial, sans-serif; color: #087eb6;\">Representats de les fam\u00edlies: <\/span><span lang=\"CA\" style=\"font-family: Arial, sans-serif;\">Carlos Andrade, Patricia Moreno, Cristina S\u00e1nchez, Maryori Gabriela Flores, Sandra Ruiz.<\/span><\/p>\n<p class=\"MsoNormal\" style=\"margin: 2.4pt 0cm 6pt; font-size: 12pt; font-family: Calibri, sans-serif; color: #000000; background-image: initial; background-position: initial; background-size: initial; background-repeat: initial; background-attachment: initial; background-origin: initial; background-clip: initial;\"><span lang=\"CA\" style=\"font-family: Arial, sans-serif; color: #087eb6;\">Representant de l\u2019AMPA: <\/span><span lang=\"CA\" style=\"font-family: Arial, sans-serif;\">David Gallego<\/span><\/p>\n<p class=\"MsoNormal\" style=\"margin: 2.4pt 0cm 6pt; font-size: 12pt; font-family: Calibri, sans-serif; color: #000000; background-image: initial; background-position: initial; background-size: initial; background-repeat: initial; background-attachment: initial; background-origin: initial; background-clip: initial;\"><span lang=\"CA\" style=\"font-family: Arial, sans-serif; color: #087eb6;\">Representant del PAS: M. Isabel Fuentes Borrego<\/span><\/p>\n<p><span style=\"color: #3366ff;\">Representant Personal Laboral<\/span>: Sara L\u00f3pez Quintero<\/p>\n<p class=\"MsoNormal\" style=\"margin: 0cm 0cm 15pt; font-size: 12pt; font-family: Calibri, sans-serif; color: #000000; background-image: initial; background-position: initial; background-size: initial; background-repeat: initial; background-attachment: initial; background-origin: initial; background-clip: initial;\"><span lang=\"CA\" style=\"font-family: Arial, sans-serif; color: #087eb6;\">Representant de l\u2019Ajuntament: <\/span><span lang=\"CA\" style=\"font-family: Arial, sans-serif;\">Oliver Jos\u00e9 Pe\u00f1a Est\u00e9vez<\/span><\/p>\n<p>&nbsp;<\/p>\n<p class=\"MsoNormal\" style=\"margin: 2.4pt 0cm 6pt; font-size: 12pt; font-family: Calibri, sans-serif; color: #000000; background-image: initial; background-position: initial; background-size: initial; background-repeat: initial; background-attachment: initial; background-origin: initial; background-clip: initial;\"><b><span lang=\"CA\" style=\"font-size: 13.5pt; font-family: Arial, sans-serif; color: #ff6600;\">QUINES S\u00d3N LES FUNCIONS DEL CONSELL ESCOLAR?<\/span><\/b><\/p>\n<p class=\"MsoNormal\" style=\"margin: 2.4pt 0cm 6pt 13.5pt; font-size: 12pt; font-family: Calibri, sans-serif; color: #000000; text-indent: -18pt; background-image: initial; background-position: initial; background-size: initial; background-repeat: initial; background-attachment: initial; background-origin: initial; background-clip: initial;\"><span lang=\"CA\" style=\"font-size: 10pt; font-family: Symbol; color: #087eb6;\">\u00b7<span style=\"font-variant-numeric: normal; font-variant-east-asian: normal; font-stretch: normal; font-size: 7pt; line-height: normal; font-family: 'Times New Roman';\">\u00a0\u00a0\u00a0\u00a0\u00a0\u00a0 <\/span><\/span><span lang=\"CA\" style=\"font-family: Arial, sans-serif; color: #087eb6;\">Aprovar el projecte educatiu i les modificacions corresponents per una majoria de tres cinquenes parts del membres.<\/span><\/p>\n<p class=\"MsoNormal\" style=\"margin: 2.4pt 0cm 6pt 13.5pt; font-size: 12pt; font-family: Calibri, sans-serif; color: #000000; text-indent: -18pt; background-image: initial; background-position: initial; background-size: initial; background-repeat: initial; background-attachment: initial; background-origin: initial; background-clip: initial;\"><span lang=\"CA\" style=\"font-size: 10pt; font-family: Symbol; color: #087eb6;\">\u00b7<span style=\"font-variant-numeric: normal; font-variant-east-asian: normal; font-stretch: normal; font-size: 7pt; line-height: normal; font-family: 'Times New Roman';\">\u00a0\u00a0\u00a0\u00a0\u00a0\u00a0 <\/span><\/span><span lang=\"CA\" style=\"font-family: Arial, sans-serif; color: #087eb6;\">Aprovar la programaci\u00f3 general anual del centre i avaluar-ne el desenvolupament i els resultats.<\/span><\/p>\n<p class=\"MsoNormal\" style=\"margin: 2.4pt 0cm 6pt 13.5pt; font-size: 12pt; font-family: Calibri, sans-serif; color: #000000; text-indent: -18pt; background-image: initial; background-position: initial; background-size: initial; background-repeat: initial; background-attachment: initial; background-origin: initial; background-clip: initial;\"><span lang=\"CA\" style=\"font-size: 10pt; font-family: Symbol; color: #087eb6;\">\u00b7<span style=\"font-variant-numeric: normal; font-variant-east-asian: normal; font-stretch: normal; font-size: 7pt; line-height: normal; font-family: 'Times New Roman';\">\u00a0\u00a0\u00a0\u00a0\u00a0\u00a0 <\/span><\/span><span lang=\"CA\" style=\"font-family: Arial, sans-serif; color: #087eb6;\">Aprovar les propostes d\u2019acord de corresponsabilitat, convenis i altres acords de col\u00b7laboraci\u00f3 del centre amb entitats o institucions.<\/span><\/p>\n<p class=\"MsoNormal\" style=\"margin: 2.4pt 0cm 6pt 13.5pt; font-size: 12pt; font-family: Calibri, sans-serif; color: #000000; text-indent: -18pt; background-image: initial; background-position: initial; background-size: initial; background-repeat: initial; background-attachment: initial; background-origin: initial; background-clip: initial;\"><span lang=\"CA\" style=\"font-size: 10pt; font-family: Symbol; color: #087eb6;\">\u00b7<span style=\"font-variant-numeric: normal; font-variant-east-asian: normal; font-stretch: normal; font-size: 7pt; line-height: normal; font-family: 'Times New Roman';\">\u00a0\u00a0\u00a0\u00a0\u00a0\u00a0 <\/span><\/span><span lang=\"CA\" style=\"font-family: Arial, sans-serif; color: #087eb6;\">Aprovar les normes d\u2019organitzaci\u00f3 i funcionament i les modificacions corresponents.<\/span><\/p>\n<p class=\"MsoNormal\" style=\"margin: 2.4pt 0cm 6pt 13.5pt; font-size: 12pt; font-family: Calibri, sans-serif; color: #000000; text-indent: -18pt; background-image: initial; background-position: initial; background-size: initial; background-repeat: initial; background-attachment: initial; background-origin: initial; background-clip: initial;\"><span lang=\"CA\" style=\"font-size: 10pt; font-family: Symbol; color: #087eb6;\">\u00b7<span style=\"font-variant-numeric: normal; font-variant-east-asian: normal; font-stretch: normal; font-size: 7pt; line-height: normal; font-family: 'Times New Roman';\">\u00a0\u00a0\u00a0\u00a0\u00a0\u00a0 <\/span><\/span><span lang=\"CA\" style=\"font-family: Arial, sans-serif; color: #087eb6;\">Aprovar la carta de comprom\u00eds educatiu.<\/span><\/p>\n<p class=\"MsoNormal\" style=\"margin: 2.4pt 0cm 6pt 13.5pt; font-size: 12pt; font-family: Calibri, sans-serif; color: #000000; text-indent: -18pt; background-image: initial; background-position: initial; background-size: initial; background-repeat: initial; background-attachment: initial; background-origin: initial; background-clip: initial;\"><span lang=\"CA\" style=\"font-size: 10pt; font-family: Symbol; color: #087eb6;\">\u00b7<span style=\"font-variant-numeric: normal; font-variant-east-asian: normal; font-stretch: normal; font-size: 7pt; line-height: normal; font-family: 'Times New Roman';\">\u00a0\u00a0\u00a0\u00a0\u00a0\u00a0 <\/span><\/span><span lang=\"CA\" style=\"font-family: Arial, sans-serif; color: #087eb6;\">Aprovar el pressupost del centre i el rendiment de comptes.<\/span><\/p>\n<p class=\"MsoNormal\" style=\"margin: 2.4pt 0cm 6pt 13.5pt; font-size: 12pt; font-family: Calibri, sans-serif; color: #000000; text-indent: -18pt; background-image: initial; background-position: initial; background-size: initial; background-repeat: initial; background-attachment: initial; background-origin: initial; background-clip: initial;\"><span lang=\"CA\" style=\"font-size: 10pt; font-family: Symbol; color: #087eb6;\">\u00b7<span style=\"font-variant-numeric: normal; font-variant-east-asian: normal; font-stretch: normal; font-size: 7pt; line-height: normal; font-family: 'Times New Roman';\">\u00a0\u00a0\u00a0\u00a0\u00a0\u00a0 <\/span><\/span><span lang=\"CA\" style=\"font-family: Arial, sans-serif; color: #087eb6;\">Intervenir en el procediment d\u2019admissi\u00f3 d\u2019alumnes.<\/span><\/p>\n<p class=\"MsoNormal\" style=\"margin: 2.4pt 0cm 6pt 13.5pt; font-size: 12pt; font-family: Calibri, sans-serif; color: #000000; text-indent: -18pt; background-image: initial; background-position: initial; background-size: initial; background-repeat: initial; background-attachment: initial; background-origin: initial; background-clip: initial;\"><span lang=\"CA\" style=\"font-size: 10pt; font-family: Symbol; color: #087eb6;\">\u00b7<span style=\"font-variant-numeric: normal; font-variant-east-asian: normal; font-stretch: normal; font-size: 7pt; line-height: normal; font-family: 'Times New Roman';\">\u00a0\u00a0\u00a0\u00a0\u00a0\u00a0 <\/span><\/span><span lang=\"CA\" style=\"font-family: Arial, sans-serif; color: #087eb6;\">Participar en el procediment de selecci\u00f3 i en la proposta de cessament del director o directora.<\/span><\/p>\n<p class=\"MsoNormal\" style=\"margin: 2.4pt 0cm 6pt 13.5pt; font-size: 12pt; font-family: Calibri, sans-serif; color: #000000; text-indent: -18pt; background-image: initial; background-position: initial; background-size: initial; background-repeat: initial; background-attachment: initial; background-origin: initial; background-clip: initial;\"><span lang=\"CA\" style=\"font-size: 10pt; font-family: Symbol; color: #087eb6;\">\u00b7<span style=\"font-variant-numeric: normal; font-variant-east-asian: normal; font-stretch: normal; font-size: 7pt; line-height: normal; font-family: 'Times New Roman';\">\u00a0\u00a0\u00a0\u00a0\u00a0\u00a0 <\/span><\/span><span lang=\"CA\" style=\"font-family: Arial, sans-serif; color: #087eb6;\">Intervenir en la resoluci\u00f3 de conflictes i, si s\u2019escau, revisar les sancions als alumnes.<\/span><\/p>\n<p class=\"MsoNormal\" style=\"margin: 2.4pt 0cm 6pt 13.5pt; font-size: 12pt; font-family: Calibri, sans-serif; color: #000000; text-indent: -18pt; background-image: initial; background-position: initial; background-size: initial; background-repeat: initial; background-attachment: initial; background-origin: initial; background-clip: initial;\"><span lang=\"CA\" style=\"font-size: 10pt; font-family: Symbol; color: #087eb6;\">\u00b7<span style=\"font-variant-numeric: normal; font-variant-east-asian: normal; font-stretch: normal; font-size: 7pt; line-height: normal; font-family: 'Times New Roman';\">\u00a0\u00a0\u00a0\u00a0\u00a0\u00a0 <\/span><\/span><span lang=\"CA\" style=\"font-family: Arial, sans-serif; color: #087eb6;\">Aprovar les directrius per a la programaci\u00f3 d\u2019activitats escolars complement\u00e0ries i d\u2019activitats extraescolars, i avaluar-ne el desenvolupament.<\/span><\/p>\n<p class=\"MsoNormal\" style=\"margin: 2.4pt 0cm 6pt 13.5pt; font-size: 12pt; font-family: Calibri, sans-serif; color: #000000; text-indent: -18pt; background-image: initial; background-position: initial; background-size: initial; background-repeat: initial; background-attachment: initial; background-origin: initial; background-clip: initial;\"><span lang=\"CA\" style=\"font-size: 10pt; font-family: Symbol; color: #087eb6;\">\u00b7<span style=\"font-variant-numeric: normal; font-variant-east-asian: normal; font-stretch: normal; font-size: 7pt; line-height: normal; font-family: 'Times New Roman';\">\u00a0\u00a0\u00a0\u00a0\u00a0\u00a0 <\/span><\/span><span lang=\"CA\" style=\"font-family: Arial, sans-serif; color: #087eb6;\">Participar en les an\u00e0lisis i les avaluacions del funcionament general del centre i con\u00e8ixer l\u2019evoluci\u00f3 del rendiment escolar.<\/span><\/p>\n<p class=\"MsoNormal\" style=\"margin: 2.4pt 0cm 6pt 13.5pt; font-size: 12pt; font-family: Calibri, sans-serif; color: #000000; text-indent: -18pt; background-image: initial; background-position: initial; background-size: initial; background-repeat: initial; background-attachment: initial; background-origin: initial; background-clip: initial;\"><span lang=\"CA\" style=\"font-size: 10pt; font-family: Symbol; color: #087eb6;\">\u00b7<span style=\"font-variant-numeric: normal; font-variant-east-asian: normal; font-stretch: normal; font-size: 7pt; line-height: normal; font-family: 'Times New Roman';\">\u00a0\u00a0\u00a0\u00a0\u00a0\u00a0 <\/span><\/span><span lang=\"CA\" style=\"font-family: Arial, sans-serif; color: #087eb6;\">Aprovar els criteris de col\u00b7laboraci\u00f3 amb altres centre i amb l\u2019entorn.<\/span><\/p>\n<p class=\"MsoNormal\" style=\"margin: 2.4pt 0cm 6pt 13.5pt; font-size: 12pt; font-family: Calibri, sans-serif; color: #000000; text-indent: -18pt; background-image: initial; background-position: initial; background-size: initial; background-repeat: initial; background-attachment: initial; background-origin: initial; background-clip: initial;\"><span lang=\"CA\" style=\"font-size: 10pt; font-family: Symbol; color: #087eb6;\">\u00b7<span style=\"font-variant-numeric: normal; font-variant-east-asian: normal; font-stretch: normal; font-size: 7pt; line-height: normal; font-family: 'Times New Roman';\">\u00a0\u00a0\u00a0\u00a0\u00a0\u00a0 <\/span><\/span><span lang=\"CA\" style=\"font-family: Arial, sans-serif; color: #087eb6;\">Qualsevol altra que li sigui atribu\u00efda per les normes legals o reglament\u00e0ries.<\/span><\/p>\n","protected":false},"excerpt":{"rendered":"<p>QU\u00c8 \u00c9S EL CONSELL ESCOLAR?<br \/>\n\u00c9s l\u2019\u00f2rgan de participaci\u00f3 en el control i gesti\u00f3 del centre des de diferents sectors que constitueixen la comunitat educativa: alumnat, mestres, fam\u00edlies i personal d\u2019administraci\u00f3 i serveis.<br \/>\n\u00a0<br \/>\nRESPONSABLES CONSELL ESCOLAR:<br \/>\nDirectora: M. \u00c1ngeles \u00c1lvarez<br \/>\nCap d\u2019estudis: Elisabet Carrillo<br \/>\nSecretari: Ma Carmen L\u00f3pez<br \/>\nRepresentants dels mestres:&hellip;  <a href=\"https:\/\/agora.xtec.cat\/ceip-joanmaragall-esplugues\/lescola\/consell-escolar\/\" title=\"Read Consell escolar\">Llegeix m\u00e9s\u00bb<\/a><\/p>\n","protected":false},"author":1,"featured_media":0,"parent":22,"menu_order":30,"comment_status":"closed","ping_status":"closed","template":"page-templates\/side-menu.php","meta":{"_bbp_topic_count":0,"_bbp_reply_count":0,"_bbp_total_topic_count":0,"_bbp_total_reply_count":0,"_bbp_voice_count":0,"_bbp_anonymous_reply_count":0,"_bbp_topic_count_hidden":0,"_bbp_reply_count_hidden":0,"_bbp_forum_subforum_count":0,"footnotes":""},"class_list":["post-28","page","type-page","status-publish","hentry"],"post_mailing_queue_ids":[],"_links":{"self":[{"href":"https:\/\/agora.xtec.cat\/ceip-joanmaragall-esplugues\/wp-json\/wp\/v2\/pages\/28","targetHints":{"allow":["GET"]}}],"collection":[{"href":"https:\/\/agora.xtec.cat\/ceip-joanmaragall-esplugues\/wp-json\/wp\/v2\/pages"}],"about":[{"href":"https:\/\/agora.xtec.cat\/ceip-joanmaragall-esplugues\/wp-json\/wp\/v2\/types\/page"}],"author":[{"embeddable":true,"href":"https:\/\/agora.xtec.cat\/ceip-joanmaragall-esplugues\/wp-json\/wp\/v2\/users\/1"}],"replies":[{"embeddable":true,"href":"https:\/\/agora.xtec.cat\/ceip-joanmaragall-esplugues\/wp-json\/wp\/v2\/comments?post=28"}],"version-history":[{"count":5,"href":"https:\/\/agora.xtec.cat\/ceip-joanmaragall-esplugues\/wp-json\/wp\/v2\/pages\/28\/revisions"}],"predecessor-version":[{"id":1681,"href":"https:\/\/agora.xtec.cat\/ceip-joanmaragall-esplugues\/wp-json\/wp\/v2\/pages\/28\/revisions\/1681"}],"up":[{"embeddable":true,"href":"https:\/\/agora.xtec.cat\/ceip-joanmaragall-esplugues\/wp-json\/wp\/v2\/pages\/22"}],"wp:attachment":[{"href":"https:\/\/agora.xtec.cat\/ceip-joanmaragall-esplugues\/wp-json\/wp\/v2\/media?parent=28"}],"curies":[{"name":"wp","href":"https:\/\/api.w.org\/{rel}","templated":true}]}}