{"id":26,"date":"2014-09-18T12:24:32","date_gmt":"2014-09-18T11:24:32","guid":{"rendered":"http:\/\/agora.xtec.cat\/ceip-joanmaragall-esplugues\/?page_id=26"},"modified":"2024-02-16T10:38:32","modified_gmt":"2024-02-16T09:38:32","slug":"historia","status":"publish","type":"page","link":"https:\/\/agora.xtec.cat\/ceip-joanmaragall-esplugues\/lescola\/historia\/","title":{"rendered":"Hist\u00f2ria"},"content":{"rendered":"<p>L&#8217;Escola<strong style=\"font-style: italic;\"> Joan Maragall<\/strong> es va construir dins del programa del pla d\u2019urg\u00e8ncies de l\u2019any 1977, com a demanda de l\u2019alta poblaci\u00f3 infantil que en aquest temps hi havia en el cintur\u00f3 industrial de Barcelona.<br \/>\nEl centre va iniciar el seu funcionament el curs 1978\/79 amb una poblaci\u00f3 de 4 i 5 anys de 283 alumnes i la resta, 213 d\u2019un total de 497 d\u2019Educaci\u00f3 General B\u00e0sica (EGB).<br \/>\nL\u2019escola \u00e9s un centre de doble l\u00ednia per\u00f2 inicialment no va tenir l\u2019estructura que li corresponia, perqu\u00e8 havia de donar resposta escolar a l\u2019esmentada poblaci\u00f3. Per tant, es va iniciar amb 6 grups de 4 anys i 5 grups de 5 anys, tots ells amb una mitjana de 27\/28 alumnes per aula.<br \/>\nPer l\u2019altre extrem, \u00e9s a dir el 8\u00e8 d\u2019EGB va comen\u00e7ar amb 6 alumnes que tenien l\u2019aula ubicada a la secretaria de l\u2019escola.<br \/>\nAquest primer any no es tenia l\u2019edifici de p\u00e0rvuls constru\u00eft.<br \/>\nL\u2019edifici de p\u00e0rvuls es posa en funcionament durant el primer trimestre del curs 1979-1980, just al finalitzar la seva construcci\u00f3.<br \/>\nEl curs 1981-1982 es posa en funcionament el menjador escolar.<br \/>\nTamb\u00e9 el curs 1981-1982 hi ha dues aules habilitades a 500 m. de l\u2019escola, en l\u2019antic edifici de l\u2019escola \u201cSanta Teresa\u201d que es compartien amb aules de guarderia municipal.<br \/>\nEl curs 1982-1983una d\u2019aquestes aules va passar al barrac\u00f3 del c\/Mol\u00ed, embri\u00f3 del futur CEIP Can Vidalet. Inicialment en aquest espai cada centre del barri hi tenia una aula habilitada<br \/>\nEn els anys seg\u00fcents es va iniciar el proc\u00e9s d\u2019adequaci\u00f3 a l\u2019estructura oficial del centre, que va durar 10 anys. Fins al curs 88\/89, l\u2019estructura de 2 aules per nivell no es va assolir.<br \/>\nEl curs 91\/92 tamb\u00e9 va ser significatiu amb l\u2019implantaci\u00f3 de l\u2019escolaritzaci\u00f3 de nens i nenes de 3 anys, la qual cosa va implicar una modificaci\u00f3 estructural de la distribuci\u00f3 d\u2019espais.<br \/>\nLa configuraci\u00f3 definitiva del centre no va quedar completament definida fins la desaparici\u00f3 dels cursos de 7\u00e8 i 8\u00e8 de l\u2019escola com a conseq\u00fc\u00e8ncia de la conversi\u00f3 en un centre de prim\u00e0ria d\u2019acord amb la Llei Org\u00e0nica General del Sistema Educatiu (LOGSE)<br \/>\nL\u2019abundant poblaci\u00f3 infantil de l\u2019inici del centre era la conseq\u00fc\u00e8ncia d\u2019un barri obrer amb un percentatge de castellano-parlants del 99%, d\u2019origen majorit\u00e0riament immigrant.Un barri amb un \u00edndex d\u2019atur elevat.<br \/>\nAl llarg dels anys aquesta situaci\u00f3 s\u2019ha anat homogene\u00eftzant, donat que l\u2019\u00edndex d\u2019atur ha disminu\u00eft d\u2019acord amb els temps que corren. A m\u00e9s, el percentatge de mares i pares nascuts a Catalunya \u00e9s cada vegada m\u00e9s alt.<br \/>\nDes del curs 1998\u20131999 s\u2019ha constatat un augment significatiu d\u2019estrangers en la proced\u00e8ncia del seu alumnat. De tenir-ne 2 aquest curs, ha passat a tenir-ne 54 en el curs 2001-2002 fins arribarals 109 aquest curs 2004-2005. Aquesta nova situaci\u00f3 i el fet de que la matriculaci\u00f3 d\u2019aquests alumnes s\u2019ha fet pr\u00e0cticament sempre al llarg de tot el curs escolar i no a l\u2019inici d\u2019aquest, com hauria estat lo desitjable, ha dificultat en gran manera els processos d\u2019adaptaci\u00f3 i integraci\u00f3 aix\u00ed com els d\u2019aprenentatge d\u2019aquests alumnes.<br \/>\nLa manca de recursos sistematitzats, d\u2019una organitzaci\u00f3 coordinada i consensuada que indiquessin com s\u2019ha d\u2019actuar en cada moment, van provocat una improvisaci\u00f3 d\u2019actuacions amb bons resultats (segons els casos), per\u00f2 a la vegada un desgast del professorat que a curt termini condueix al des\u00e0nim.<br \/>\nLa convocat\u00f2ria de Plans Estrat\u00e8gics pel Departament d\u2019Educaci\u00f3 va fer plantejar la participaci\u00f3 del centre amb la finalitat de que fos el revulsiu que serv\u00eds per posar ordre a tot el que s\u2019ha elaborat durant els \u00faltims anys i a aconseguir un instrument que sigui \u00fatil a l\u2019hora d\u2019afrontar aquesta nova realitat Intercultural, reflex de la societat actual.<br \/>\nEn el curs 2004-2005 s\u2019ha aconseguit per primera vegada tenir una plantilla de professorat m\u00ednima per donar resposta a moltes de les inquietuds fonamentalment relacionades amb l\u2019atenci\u00f3 a la diversitat.<br \/>\nEl curs 2007-2008 s&#8217;inicia el proc\u00e9s d&#8217;adaptaci\u00f3 a la LOE i als seus nous curr\u00edculums en el cicle inicial d&#8217;educaci\u00f3 prim\u00e0ria culminant-lo en el curs actual 2009-2010.<br \/>\nEl curs 2009- 2010 vindr\u00e0 marcat per dues circumst\u00e0ncies importants. Una de car\u00e0cter intern, com \u00e9s l&#8217;inici d&#8217;un Pla estrat\u00e8gic d&#8217;autonomia de Centre i una altre de car\u00e0cter m\u00e9s general com \u00e9s l&#8217;inici de l&#8217;aplicaci\u00f3 de la nova llei d&#8217;Educaci\u00f3 Catalana (LEC)<\/p>\n","protected":false},"excerpt":{"rendered":"<p>L&#8217;Escola Joan Maragall es va construir dins del programa del pla d\u2019urg\u00e8ncies de l\u2019any 1977, com a demanda de l\u2019alta poblaci\u00f3 infantil que en aquest temps hi havia en el cintur\u00f3 industrial de Barcelona.<br \/>\nEl centre va iniciar el seu funcionament el curs 1978\/79 amb una&hellip;  <a href=\"https:\/\/agora.xtec.cat\/ceip-joanmaragall-esplugues\/lescola\/historia\/\" title=\"Read Hist\u00f2ria\">Llegeix m\u00e9s\u00bb<\/a><\/p>\n","protected":false},"author":1,"featured_media":0,"parent":22,"menu_order":20,"comment_status":"closed","ping_status":"closed","template":"page-templates\/side-menu.php","meta":{"_bbp_topic_count":0,"_bbp_reply_count":0,"_bbp_total_topic_count":0,"_bbp_total_reply_count":0,"_bbp_voice_count":0,"_bbp_anonymous_reply_count":0,"_bbp_topic_count_hidden":0,"_bbp_reply_count_hidden":0,"_bbp_forum_subforum_count":0,"footnotes":""},"class_list":["post-26","page","type-page","status-publish","hentry"],"post_mailing_queue_ids":[],"_links":{"self":[{"href":"https:\/\/agora.xtec.cat\/ceip-joanmaragall-esplugues\/wp-json\/wp\/v2\/pages\/26","targetHints":{"allow":["GET"]}}],"collection":[{"href":"https:\/\/agora.xtec.cat\/ceip-joanmaragall-esplugues\/wp-json\/wp\/v2\/pages"}],"about":[{"href":"https:\/\/agora.xtec.cat\/ceip-joanmaragall-esplugues\/wp-json\/wp\/v2\/types\/page"}],"author":[{"embeddable":true,"href":"https:\/\/agora.xtec.cat\/ceip-joanmaragall-esplugues\/wp-json\/wp\/v2\/users\/1"}],"replies":[{"embeddable":true,"href":"https:\/\/agora.xtec.cat\/ceip-joanmaragall-esplugues\/wp-json\/wp\/v2\/comments?post=26"}],"version-history":[{"count":3,"href":"https:\/\/agora.xtec.cat\/ceip-joanmaragall-esplugues\/wp-json\/wp\/v2\/pages\/26\/revisions"}],"predecessor-version":[{"id":1599,"href":"https:\/\/agora.xtec.cat\/ceip-joanmaragall-esplugues\/wp-json\/wp\/v2\/pages\/26\/revisions\/1599"}],"up":[{"embeddable":true,"href":"https:\/\/agora.xtec.cat\/ceip-joanmaragall-esplugues\/wp-json\/wp\/v2\/pages\/22"}],"wp:attachment":[{"href":"https:\/\/agora.xtec.cat\/ceip-joanmaragall-esplugues\/wp-json\/wp\/v2\/media?parent=26"}],"curies":[{"name":"wp","href":"https:\/\/api.w.org\/{rel}","templated":true}]}}