{"id":1730,"date":"2025-02-07T13:29:24","date_gmt":"2025-02-07T12:29:24","guid":{"rendered":"https:\/\/agora.xtec.cat\/ceip-joanmaragall-esplugues\/?page_id=1730"},"modified":"2025-02-07T13:32:45","modified_gmt":"2025-02-07T12:32:45","slug":"memoria-2023-2024","status":"publish","type":"page","link":"https:\/\/agora.xtec.cat\/ceip-joanmaragall-esplugues\/memoria-2023-2024\/","title":{"rendered":"MEM\u00d2RIA 2023-2024"},"content":{"rendered":"<p>La Mem\u00f2ria Anual recull l&#8217;assoliment dels objectius establerts a la Programaci\u00f3 General Anual i analitza el grau d&#8217;acompliment dels mateixos.<\/p>\n<h3><a href=\"https:\/\/drive.google.com\/file\/d\/1TwETCUWIjgvinhKweIVrabu34JWJDs8V\/view?usp=sharing\">MEM\u00d2RIA ANUAL 23-24<\/a><\/h3>\n","protected":false},"excerpt":{"rendered":"<p>La Mem\u00f2ria Anual recull l&#8217;assoliment dels objectius establerts a la Programaci\u00f3 General Anual i analitza el grau d&#8217;acompliment dels mateixos.<br \/>\n<a href=\"https:\/\/drive.google.com\/file\/d\/1TwETCUWIjgvinhKweIVrabu34JWJDs8V\/view?usp=sharing\">MEM\u00d2RIA ANUAL 23-24<\/a><\/p>\n","protected":false},"author":1,"featured_media":0,"parent":0,"menu_order":0,"comment_status":"closed","ping_status":"closed","template":"","meta":{"_bbp_topic_count":0,"_bbp_reply_count":0,"_bbp_total_topic_count":0,"_bbp_total_reply_count":0,"_bbp_voice_count":0,"_bbp_anonymous_reply_count":0,"_bbp_topic_count_hidden":0,"_bbp_reply_count_hidden":0,"_bbp_forum_subforum_count":0,"footnotes":""},"class_list":["post-1730","page","type-page","status-publish","hentry"],"post_mailing_queue_ids":[],"_links":{"self":[{"href":"https:\/\/agora.xtec.cat\/ceip-joanmaragall-esplugues\/wp-json\/wp\/v2\/pages\/1730","targetHints":{"allow":["GET"]}}],"collection":[{"href":"https:\/\/agora.xtec.cat\/ceip-joanmaragall-esplugues\/wp-json\/wp\/v2\/pages"}],"about":[{"href":"https:\/\/agora.xtec.cat\/ceip-joanmaragall-esplugues\/wp-json\/wp\/v2\/types\/page"}],"author":[{"embeddable":true,"href":"https:\/\/agora.xtec.cat\/ceip-joanmaragall-esplugues\/wp-json\/wp\/v2\/users\/1"}],"replies":[{"embeddable":true,"href":"https:\/\/agora.xtec.cat\/ceip-joanmaragall-esplugues\/wp-json\/wp\/v2\/comments?post=1730"}],"version-history":[{"count":2,"href":"https:\/\/agora.xtec.cat\/ceip-joanmaragall-esplugues\/wp-json\/wp\/v2\/pages\/1730\/revisions"}],"predecessor-version":[{"id":1733,"href":"https:\/\/agora.xtec.cat\/ceip-joanmaragall-esplugues\/wp-json\/wp\/v2\/pages\/1730\/revisions\/1733"}],"wp:attachment":[{"href":"https:\/\/agora.xtec.cat\/ceip-joanmaragall-esplugues\/wp-json\/wp\/v2\/media?parent=1730"}],"curies":[{"name":"wp","href":"https:\/\/api.w.org\/{rel}","templated":true}]}}