{"id":1726,"date":"2025-02-07T13:25:37","date_gmt":"2025-02-07T12:25:37","guid":{"rendered":"https:\/\/agora.xtec.cat\/ceip-joanmaragall-esplugues\/?page_id=1726"},"modified":"2025-02-07T13:28:52","modified_gmt":"2025-02-07T12:28:52","slug":"programacio-general-anual-2024-2025","status":"publish","type":"page","link":"https:\/\/agora.xtec.cat\/ceip-joanmaragall-esplugues\/programacio-general-anual-2024-2025\/","title":{"rendered":"PROGRAMACI\u00d3 GENERAL ANUAL 2024-2025"},"content":{"rendered":"<p>La Programaci\u00f3 General Anual desplega els objectius del Projecte de Direcci\u00f3 i els concreta cada curs escolar.<\/p>\n<h3><a href=\"https:\/\/drive.google.com\/file\/d\/1aOnR96JJ4kW4gGuKEGFzTvc1XAAaRbeR\/view?usp=sharing\">PGA 24-25<\/a><\/h3>\n","protected":false},"excerpt":{"rendered":"<p>La Programaci\u00f3 General Anual desplega els objectius del Projecte de Direcci\u00f3 i els concreta cada curs escolar.<br \/>\n<a href=\"https:\/\/drive.google.com\/file\/d\/1aOnR96JJ4kW4gGuKEGFzTvc1XAAaRbeR\/view?usp=sharing\">PGA 24-25<\/a><\/p>\n","protected":false},"author":1,"featured_media":0,"parent":0,"menu_order":0,"comment_status":"closed","ping_status":"closed","template":"","meta":{"_bbp_topic_count":0,"_bbp_reply_count":0,"_bbp_total_topic_count":0,"_bbp_total_reply_count":0,"_bbp_voice_count":0,"_bbp_anonymous_reply_count":0,"_bbp_topic_count_hidden":0,"_bbp_reply_count_hidden":0,"_bbp_forum_subforum_count":0,"footnotes":""},"class_list":["post-1726","page","type-page","status-publish","hentry"],"post_mailing_queue_ids":[],"_links":{"self":[{"href":"https:\/\/agora.xtec.cat\/ceip-joanmaragall-esplugues\/wp-json\/wp\/v2\/pages\/1726","targetHints":{"allow":["GET"]}}],"collection":[{"href":"https:\/\/agora.xtec.cat\/ceip-joanmaragall-esplugues\/wp-json\/wp\/v2\/pages"}],"about":[{"href":"https:\/\/agora.xtec.cat\/ceip-joanmaragall-esplugues\/wp-json\/wp\/v2\/types\/page"}],"author":[{"embeddable":true,"href":"https:\/\/agora.xtec.cat\/ceip-joanmaragall-esplugues\/wp-json\/wp\/v2\/users\/1"}],"replies":[{"embeddable":true,"href":"https:\/\/agora.xtec.cat\/ceip-joanmaragall-esplugues\/wp-json\/wp\/v2\/comments?post=1726"}],"version-history":[{"count":2,"href":"https:\/\/agora.xtec.cat\/ceip-joanmaragall-esplugues\/wp-json\/wp\/v2\/pages\/1726\/revisions"}],"predecessor-version":[{"id":1729,"href":"https:\/\/agora.xtec.cat\/ceip-joanmaragall-esplugues\/wp-json\/wp\/v2\/pages\/1726\/revisions\/1729"}],"wp:attachment":[{"href":"https:\/\/agora.xtec.cat\/ceip-joanmaragall-esplugues\/wp-json\/wp\/v2\/media?parent=1726"}],"curies":[{"name":"wp","href":"https:\/\/api.w.org\/{rel}","templated":true}]}}