{"id":1718,"date":"2025-02-07T13:07:34","date_gmt":"2025-02-07T12:07:34","guid":{"rendered":"https:\/\/agora.xtec.cat\/ceip-joanmaragall-esplugues\/?page_id=1718"},"modified":"2025-08-30T14:12:51","modified_gmt":"2025-08-30T12:12:51","slug":"preus","status":"publish","type":"page","link":"https:\/\/agora.xtec.cat\/ceip-joanmaragall-esplugues\/preus\/","title":{"rendered":"PREUS 2025-2026"},"content":{"rendered":"<p>Els preus aprovats en sessi\u00f3 ordin\u00e0ria del Consell Escolar a data 4 de juny de 2025 s\u00f3n els que es detallen a continuaci\u00f3:<\/p>\n<blockquote>\n<h3><strong>Preus 2025-2026<\/strong><\/h3>\n<\/blockquote>\n<table>\n<tbody>\n<tr>\n<td colspan=\"2\" width=\"819\">ESTRUCTURA GENERAL DEL PREUS PEL CURS 2025-2026<\/td>\n<\/tr>\n<tr>\n<td width=\"403\">Educaci\u00f3 Infantil I3, I4, I5<\/td>\n<td width=\"416\">100,00 \u20ac<\/td>\n<\/tr>\n<tr>\n<td width=\"403\">Cicle Inicial 1r i 2n<\/td>\n<td width=\"416\">100,00\u20ac<\/td>\n<\/tr>\n<tr>\n<td width=\"403\">Cicle Mig 3r i 4t<\/td>\n<td width=\"416\">120,00<\/td>\n<\/tr>\n<tr>\n<td width=\"403\">Cicle Superior 5\u00e8<\/td>\n<td width=\"416\">120,00<\/td>\n<\/tr>\n<tr>\n<td width=\"403\">Cicle superior 6\u00e8<\/td>\n<td width=\"416\">145,00<\/td>\n<\/tr>\n<\/tbody>\n<\/table>\n","protected":false},"excerpt":{"rendered":"<p>Els preus aprovats en sessi\u00f3 ordin\u00e0ria del Consell Escolar a data 4 de juny de 2025 s\u00f3n els que es detallen a continuaci\u00f3:<\/p>\n<p>Preus 2025-2026<\/p>\n<p>ESTRUCTURA GENERAL DEL PREUS PEL CURS 2025-2026<\/p>\n<p>Educaci\u00f3 Infantil I3, I4, I5<br \/>\n100,00 \u20ac<\/p>\n<p>Cicle Inicial 1r i 2n<br \/>\n100,00\u20ac<\/p>\n<p>Cicle Mig 3r i 4t<br \/>\n120,00<\/p>\n<p>Cicle Superior 5\u00e8<br \/>\n120,00<\/p>\n<p>Cicle&hellip;  <a href=\"https:\/\/agora.xtec.cat\/ceip-joanmaragall-esplugues\/preus\/\" title=\"Read PREUS 2025-2026\">Llegeix m\u00e9s\u00bb<\/a><\/p>\n","protected":false},"author":1,"featured_media":0,"parent":0,"menu_order":0,"comment_status":"closed","ping_status":"closed","template":"","meta":{"_bbp_topic_count":0,"_bbp_reply_count":0,"_bbp_total_topic_count":0,"_bbp_total_reply_count":0,"_bbp_voice_count":0,"_bbp_anonymous_reply_count":0,"_bbp_topic_count_hidden":0,"_bbp_reply_count_hidden":0,"_bbp_forum_subforum_count":0,"footnotes":""},"class_list":["post-1718","page","type-page","status-publish","hentry"],"post_mailing_queue_ids":[],"_links":{"self":[{"href":"https:\/\/agora.xtec.cat\/ceip-joanmaragall-esplugues\/wp-json\/wp\/v2\/pages\/1718","targetHints":{"allow":["GET"]}}],"collection":[{"href":"https:\/\/agora.xtec.cat\/ceip-joanmaragall-esplugues\/wp-json\/wp\/v2\/pages"}],"about":[{"href":"https:\/\/agora.xtec.cat\/ceip-joanmaragall-esplugues\/wp-json\/wp\/v2\/types\/page"}],"author":[{"embeddable":true,"href":"https:\/\/agora.xtec.cat\/ceip-joanmaragall-esplugues\/wp-json\/wp\/v2\/users\/1"}],"replies":[{"embeddable":true,"href":"https:\/\/agora.xtec.cat\/ceip-joanmaragall-esplugues\/wp-json\/wp\/v2\/comments?post=1718"}],"version-history":[{"count":5,"href":"https:\/\/agora.xtec.cat\/ceip-joanmaragall-esplugues\/wp-json\/wp\/v2\/pages\/1718\/revisions"}],"predecessor-version":[{"id":1760,"href":"https:\/\/agora.xtec.cat\/ceip-joanmaragall-esplugues\/wp-json\/wp\/v2\/pages\/1718\/revisions\/1760"}],"wp:attachment":[{"href":"https:\/\/agora.xtec.cat\/ceip-joanmaragall-esplugues\/wp-json\/wp\/v2\/media?parent=1718"}],"curies":[{"name":"wp","href":"https:\/\/api.w.org\/{rel}","templated":true}]}}