{"id":1634,"date":"2024-04-30T15:58:00","date_gmt":"2024-04-30T13:58:00","guid":{"rendered":"https:\/\/agora.xtec.cat\/ceip-joanmaragall-esplugues\/?page_id=1634"},"modified":"2025-02-07T13:05:29","modified_gmt":"2025-02-07T12:05:29","slug":"gestio-economica","status":"publish","type":"page","link":"https:\/\/agora.xtec.cat\/ceip-joanmaragall-esplugues\/gestio-economica\/","title":{"rendered":"GESTI\u00d3 ECON\u00d2MICA"},"content":{"rendered":"<p>D\u2019acord amb el que preveu l\u2019apartat de <b>Transpar\u00e8ncia i acc\u00e9s a la informaci\u00f3 p\u00fablica<\/b><b>,\u00a0<\/b>els centres educatius hem de publicar al nostre web, entre d\u2019altres informacions, la corresponent al pressupost amb la descripci\u00f3 de les partides pressupost\u00e0ries anuals i les dades de l&#8217;execuci\u00f3 i liquidaci\u00f3 d&#8217;aquest.<\/p>\n<h5><a href=\"https:\/\/drive.google.com\/file\/d\/19zsTIYFREL7aSk5Z42ZPTMq7BTf_ivbV\/view?usp=sharing\"><strong>\u201cLiquidaci\u00f3 del pressupost 2024\u201d.<\/strong><\/a><\/h5>\n<h5><a href=\"https:\/\/drive.google.com\/file\/d\/1c7PLJgHXBe6SgL4jVu2Td_dxne-hf5zm\/view?usp=sharing\">\u201cConsulta les dades del pressupost 2025\u201d\u00a0 \u00a0<\/a><\/h5>\n","protected":false},"excerpt":{"rendered":"<p>D\u2019acord amb el que preveu l\u2019apartat de Transpar\u00e8ncia i acc\u00e9s a la informaci\u00f3 p\u00fablica,\u00a0els centres educatius hem de publicar al nostre web, entre d\u2019altres informacions, la corresponent al pressupost amb la descripci\u00f3 de les partides pressupost\u00e0ries anuals i les dades de l&#8217;execuci\u00f3 i liquidaci\u00f3 d&#8217;aquest.<br \/>\n<a&hellip;  <a href=\"https:\/\/agora.xtec.cat\/ceip-joanmaragall-esplugues\/gestio-economica\/\" title=\"Read GESTI\u00d3 ECON\u00d2MICA\">Llegeix m\u00e9s\u00bb<\/a><\/p>\n","protected":false},"author":1,"featured_media":0,"parent":0,"menu_order":0,"comment_status":"closed","ping_status":"closed","template":"","meta":{"_bbp_topic_count":0,"_bbp_reply_count":0,"_bbp_total_topic_count":0,"_bbp_total_reply_count":0,"_bbp_voice_count":0,"_bbp_anonymous_reply_count":0,"_bbp_topic_count_hidden":0,"_bbp_reply_count_hidden":0,"_bbp_forum_subforum_count":0,"footnotes":""},"class_list":["post-1634","page","type-page","status-publish","hentry"],"post_mailing_queue_ids":[],"_links":{"self":[{"href":"https:\/\/agora.xtec.cat\/ceip-joanmaragall-esplugues\/wp-json\/wp\/v2\/pages\/1634","targetHints":{"allow":["GET"]}}],"collection":[{"href":"https:\/\/agora.xtec.cat\/ceip-joanmaragall-esplugues\/wp-json\/wp\/v2\/pages"}],"about":[{"href":"https:\/\/agora.xtec.cat\/ceip-joanmaragall-esplugues\/wp-json\/wp\/v2\/types\/page"}],"author":[{"embeddable":true,"href":"https:\/\/agora.xtec.cat\/ceip-joanmaragall-esplugues\/wp-json\/wp\/v2\/users\/1"}],"replies":[{"embeddable":true,"href":"https:\/\/agora.xtec.cat\/ceip-joanmaragall-esplugues\/wp-json\/wp\/v2\/comments?post=1634"}],"version-history":[{"count":3,"href":"https:\/\/agora.xtec.cat\/ceip-joanmaragall-esplugues\/wp-json\/wp\/v2\/pages\/1634\/revisions"}],"predecessor-version":[{"id":1717,"href":"https:\/\/agora.xtec.cat\/ceip-joanmaragall-esplugues\/wp-json\/wp\/v2\/pages\/1634\/revisions\/1717"}],"wp:attachment":[{"href":"https:\/\/agora.xtec.cat\/ceip-joanmaragall-esplugues\/wp-json\/wp\/v2\/media?parent=1634"}],"curies":[{"name":"wp","href":"https:\/\/api.w.org\/{rel}","templated":true}]}}