{"id":1605,"date":"2024-02-16T10:59:42","date_gmt":"2024-02-16T09:59:42","guid":{"rendered":"https:\/\/agora.xtec.cat\/ceip-joanmaragall-esplugues\/?page_id=1605"},"modified":"2024-02-16T11:43:51","modified_gmt":"2024-02-16T10:43:51","slug":"projecte-de-direccio-pec-en-revisio","status":"publish","type":"page","link":"https:\/\/agora.xtec.cat\/ceip-joanmaragall-esplugues\/pagines-dinici\/projecte-de-direccio-pec-en-revisio\/","title":{"rendered":"PROJECTE DE DIRECCI\u00d3 (PEC en revisi\u00f3)"},"content":{"rendered":"<p>Aqu\u00ed podreu consultar les l\u00ednies estrat\u00e8giques del centre pel per\u00edode 2023-2027 basades en el nou Projecte de Direcci\u00f3 en alineaci\u00f3 amb el Pla estrat\u00e8gic de Millora (PEM) elaborat durant el curs 22-23 sota el marc del programa PMOE_PROA+.<\/p>\n<p>Aquests documents actualitzen la visi\u00f3 del PEC que \u00e9s un document m\u00e9s antic i que actualitzarem en breu.<\/p>\n<h3><a href=\"https:\/\/drive.google.com\/file\/d\/1vN5f5yOrIh3DmeVDPqFRRvuXxHQQS80u\/view?usp=sharing\">PROJECTE DE DIRECCI\u00d3+PEM<\/a><\/h3>\n","protected":false},"excerpt":{"rendered":"<p>Aqu\u00ed podreu consultar les l\u00ednies estrat\u00e8giques del centre pel per\u00edode 2023-2027 basades en el nou Projecte de Direcci\u00f3 en alineaci\u00f3 amb el Pla estrat\u00e8gic de Millora (PEM) elaborat durant el curs 22-23 sota el marc del programa PMOE_PROA+.<br \/>\nAquests documents actualitzen la visi\u00f3 del PEC que&hellip;  <a href=\"https:\/\/agora.xtec.cat\/ceip-joanmaragall-esplugues\/pagines-dinici\/projecte-de-direccio-pec-en-revisio\/\" title=\"Read PROJECTE DE DIRECCI\u00d3 (PEC en revisi\u00f3)\">Llegeix m\u00e9s\u00bb<\/a><\/p>\n","protected":false},"author":1,"featured_media":0,"parent":7,"menu_order":0,"comment_status":"closed","ping_status":"closed","template":"","meta":{"_bbp_topic_count":0,"_bbp_reply_count":0,"_bbp_total_topic_count":0,"_bbp_total_reply_count":0,"_bbp_voice_count":0,"_bbp_anonymous_reply_count":0,"_bbp_topic_count_hidden":0,"_bbp_reply_count_hidden":0,"_bbp_forum_subforum_count":0,"footnotes":""},"class_list":["post-1605","page","type-page","status-publish","hentry"],"post_mailing_queue_ids":[],"_links":{"self":[{"href":"https:\/\/agora.xtec.cat\/ceip-joanmaragall-esplugues\/wp-json\/wp\/v2\/pages\/1605","targetHints":{"allow":["GET"]}}],"collection":[{"href":"https:\/\/agora.xtec.cat\/ceip-joanmaragall-esplugues\/wp-json\/wp\/v2\/pages"}],"about":[{"href":"https:\/\/agora.xtec.cat\/ceip-joanmaragall-esplugues\/wp-json\/wp\/v2\/types\/page"}],"author":[{"embeddable":true,"href":"https:\/\/agora.xtec.cat\/ceip-joanmaragall-esplugues\/wp-json\/wp\/v2\/users\/1"}],"replies":[{"embeddable":true,"href":"https:\/\/agora.xtec.cat\/ceip-joanmaragall-esplugues\/wp-json\/wp\/v2\/comments?post=1605"}],"version-history":[{"count":1,"href":"https:\/\/agora.xtec.cat\/ceip-joanmaragall-esplugues\/wp-json\/wp\/v2\/pages\/1605\/revisions"}],"predecessor-version":[{"id":1606,"href":"https:\/\/agora.xtec.cat\/ceip-joanmaragall-esplugues\/wp-json\/wp\/v2\/pages\/1605\/revisions\/1606"}],"up":[{"embeddable":true,"href":"https:\/\/agora.xtec.cat\/ceip-joanmaragall-esplugues\/wp-json\/wp\/v2\/pages\/7"}],"wp:attachment":[{"href":"https:\/\/agora.xtec.cat\/ceip-joanmaragall-esplugues\/wp-json\/wp\/v2\/media?parent=1605"}],"curies":[{"name":"wp","href":"https:\/\/api.w.org\/{rel}","templated":true}]}}