{"id":336,"date":"2015-06-20T17:54:48","date_gmt":"2015-06-20T16:54:48","guid":{"rendered":"http:\/\/agora.xtec.cat\/ceip-joan23-terrassa\/?page_id=336"},"modified":"2026-05-06T13:33:51","modified_gmt":"2026-05-06T11:33:51","slug":"equip-huma","status":"publish","type":"page","link":"https:\/\/agora.xtec.cat\/ceip-joan23-terrassa\/lescola\/equip-huma\/","title":{"rendered":"Equip hum\u00e0"},"content":{"rendered":"<table style=\"border-collapse: collapse;\">\n<tbody>\n<tr>\n<td style=\"width: 100%;\"><\/td>\n<\/tr>\n<\/tbody>\n<\/table>\n<p style=\"text-align: justify;\">A m\u00e9s dels mestres\u00a0tutors, tenim mestres especialistes de m\u00fasica, en educaci\u00f3 f\u00edsica, angl\u00e8s, educaci\u00f3 especial. Els alumnes de 3 anys tenen el suport d\u2019un TEI (T\u00e8cnic d\u2019Educaci\u00f3 Infantil). Hi ha un suport setmanal de l\u2019equip d\u2019assessorament psicopedag\u00f2gic de la zona (EAP) i d\u2019un assessor de llengua, interculturalitat i cohesi\u00f3 social.<\/p>\n<p style=\"text-align: justify;\"><strong>Curs 2025-2026<\/strong><\/p>\n<table dir=\"ltr\" style=\"width: 89.3538%; height: 1798px;\" border=\"1\" cellspacing=\"0\" cellpadding=\"0\">\n<colgroup>\n<col width=\"100\" \/>\n<col width=\"100\" \/>\n<col width=\"100\" \/>\n<col width=\"100\" \/>\n<col width=\"100\" \/>\n<col width=\"100\" \/><\/colgroup>\n<tbody>\n<tr style=\"height: 32px;\">\n<td style=\"width: 19.8728%; height: 112px;\" rowspan=\"3\" data-sheets-value=\"{&quot;1&quot;:2,&quot;2&quot;:&quot;EQUIP DIRECTIU&quot;}\">\n<div>EQUIP DIRECTIU<\/div>\n<\/td>\n<td style=\"width: 15.8983%; height: 32px;\" data-sheets-value=\"{&quot;1&quot;:2,&quot;2&quot;:&quot;Director&quot;}\">Director<\/td>\n<td style=\"width: 15.8983%; height: 32px;\" data-sheets-value=\"{&quot;1&quot;:2,&quot;2&quot;:&quot;Jordi G.&quot;}\">Jordi G.<\/td>\n<td style=\"width: 48.1207%; height: 32px;\" colspan=\"3\"><\/td>\n<\/tr>\n<tr style=\"height: 48px;\">\n<td style=\"width: 15.8983%; height: 48px;\" data-sheets-value=\"{&quot;1&quot;:2,&quot;2&quot;:&quot;Cap d\u2019Estudis&quot;}\">Cap d\u2019Estudis<\/td>\n<td style=\"width: 15.8983%; height: 48px;\" data-sheets-value=\"{&quot;1&quot;:2,&quot;2&quot;:&quot;Manoli C.&quot;}\">Berta M.<\/td>\n<td style=\"width: 48.1207%; height: 48px;\" colspan=\"3\"><\/td>\n<\/tr>\n<tr style=\"height: 32px;\">\n<td style=\"width: 15.8983%; height: 32px;\" data-sheets-value=\"{&quot;1&quot;:2,&quot;2&quot;:&quot;Secret\u00e0ria&quot;}\">Secret\u00e0ria<\/td>\n<td style=\"width: 15.8983%; height: 32px;\" data-sheets-value=\"{&quot;1&quot;:2,&quot;2&quot;:&quot;Sonia R.&quot;}\">Sonia R.<\/td>\n<td style=\"width: 48.1207%; height: 32px;\" colspan=\"3\"><\/td>\n<\/tr>\n<tr style=\"height: 32px;\">\n<td style=\"width: 99.7901%; height: 32px;\" colspan=\"6\"><\/td>\n<\/tr>\n<tr style=\"height: 32px;\">\n<td style=\"width: 19.8728%; height: 224px;\" rowspan=\"7\" data-sheets-value=\"{&quot;1&quot;:2,&quot;2&quot;:&quot;EDUCACI\u00d3 INFANTIL&quot;}\">\n<div>EDUCACI\u00d3 INFANTIL<\/div>\n<\/td>\n<td style=\"width: 15.8983%; height: 32px;\" data-sheets-value=\"{&quot;1&quot;:2,&quot;2&quot;:&quot;P3 A&quot;}\">I3 A<\/td>\n<td style=\"width: 48.1207%; height: 32px;\" colspan=\"3\" data-sheets-value=\"{&quot;1&quot;:2,&quot;2&quot;:&quot;Noem\u00ed L.\/Anna N.&quot;}\">Noem\u00ed L.<\/td>\n<td style=\"width: 15.8983%; height: 768px;\" rowspan=\"19\" data-sheets-value=\"{&quot;1&quot;:2,&quot;2&quot;:&quot;TUTORIES&quot;}\">\n<div>TUTORIES<\/div>\n<\/td>\n<\/tr>\n<tr style=\"height: 32px;\">\n<td style=\"width: 15.8983%; height: 32px;\" data-sheets-value=\"{&quot;1&quot;:2,&quot;2&quot;:&quot;P3 B&quot;}\">I3 B<\/td>\n<td style=\"width: 48.1207%; height: 32px;\" colspan=\"3\" data-sheets-value=\"{&quot;1&quot;:2,&quot;2&quot;:&quot;Montse F.&quot;}\">Eul\u00e0lia R.<\/td>\n<\/tr>\n<tr style=\"height: 32px;\">\n<td style=\"width: 15.8983%; height: 32px;\" data-sheets-value=\"{&quot;1&quot;:2,&quot;2&quot;:&quot;P4 A&quot;}\">I4 A<\/td>\n<td style=\"width: 48.1207%; height: 32px;\" colspan=\"3\" data-sheets-value=\"{&quot;1&quot;:2,&quot;2&quot;:&quot;Marga T.&quot;}\">Raquel H.<\/td>\n<\/tr>\n<tr style=\"height: 32px;\">\n<td style=\"width: 15.8983%; height: 32px;\" data-sheets-value=\"{&quot;1&quot;:2,&quot;2&quot;:&quot;P4 B&quot;}\">I4 B<\/td>\n<td style=\"width: 48.1207%; height: 32px;\" colspan=\"3\" data-sheets-value=\"{&quot;1&quot;:2,&quot;2&quot;:&quot;Eul\u00e0lia R.&quot;}\">Marisol L.<\/td>\n<\/tr>\n<tr style=\"height: 32px;\">\n<td style=\"width: 15.8983%; height: 32px;\" data-sheets-value=\"{&quot;1&quot;:2,&quot;2&quot;:&quot;P5 A&quot;}\">I5 A<\/td>\n<td style=\"width: 48.1207%; height: 32px;\" colspan=\"3\" data-sheets-value=\"{&quot;1&quot;:2,&quot;2&quot;:&quot;Raquel H.&quot;}\">Ana G.<\/td>\n<\/tr>\n<tr style=\"height: 32px;\">\n<td style=\"width: 15.8983%; height: 32px;\" data-sheets-value=\"{&quot;1&quot;:2,&quot;2&quot;:&quot;P5 B&quot;}\">I5 B<\/td>\n<td style=\"width: 48.1207%; height: 32px;\" colspan=\"3\" data-sheets-value=\"{&quot;1&quot;:2,&quot;2&quot;:&quot;Marisol L.&quot;}\">M. Carme P.<\/td>\n<\/tr>\n<tr style=\"height: 32px;\">\n<td style=\"width: 15.8983%; height: 32px;\" data-sheets-value=\"{&quot;1&quot;:2,&quot;2&quot;:&quot;Refor\u00e7 EI&quot;}\">Refor\u00e7 EI<\/td>\n<td style=\"width: 48.1207%; height: 32px;\" colspan=\"3\" data-sheets-value=\"{&quot;1&quot;:2,&quot;2&quot;:&quot;Mari Carmen P.\/ Rosa G.&quot;}\">Eva M. \/ Susanna B.<\/td>\n<\/tr>\n<tr style=\"height: 32px;\">\n<td style=\"width: 19.8728%; height: 160px;\" rowspan=\"4\" data-sheets-value=\"{&quot;1&quot;:2,&quot;2&quot;:&quot;CICLE INICIAL&quot;}\">\n<div>CICLE INICIAL<\/div>\n<\/td>\n<td style=\"width: 15.8983%; height: 32px;\" data-sheets-value=\"{&quot;1&quot;:2,&quot;2&quot;:&quot;1r A&quot;}\">1r A<\/td>\n<td style=\"width: 48.1207%; height: 32px;\" colspan=\"3\" data-sheets-value=\"{&quot;1&quot;:2,&quot;2&quot;:&quot;Anna G.&quot;}\">Cristina P.<\/td>\n<\/tr>\n<tr style=\"height: 32px;\">\n<td style=\"width: 15.8983%; height: 32px;\" data-sheets-value=\"{&quot;1&quot;:2,&quot;2&quot;:&quot;1r B&quot;}\">1r B<\/td>\n<td style=\"width: 48.1207%; height: 32px;\" colspan=\"3\" data-sheets-value=\"{&quot;1&quot;:2,&quot;2&quot;:&quot;L\u00eddia Q.\/ Elisa D.&quot;}\">Anna M.<\/td>\n<\/tr>\n<tr style=\"height: 32px;\">\n<td style=\"width: 15.8983%; height: 32px;\" data-sheets-value=\"{&quot;1&quot;:2,&quot;2&quot;:&quot;2n A&quot;}\">2n A<\/td>\n<td style=\"width: 48.1207%; height: 32px;\" colspan=\"3\" data-sheets-value=\"{&quot;1&quot;:2,&quot;2&quot;:&quot;Cristina P.&quot;}\">Anabel S.<\/td>\n<\/tr>\n<tr style=\"height: 32px;\">\n<td style=\"width: 15.8983%; height: 32px;\" data-sheets-value=\"{&quot;1&quot;:2,&quot;2&quot;:&quot;2n B&quot;}\">2n B<\/td>\n<td style=\"width: 48.1207%; height: 32px;\" colspan=\"3\" data-sheets-value=\"{&quot;1&quot;:2,&quot;2&quot;:&quot;Anna M.&quot;}\">Carol Ch.<\/td>\n<\/tr>\n<tr style=\"height: 32px;\">\n<td style=\"width: 19.8728%; height: 192px;\" rowspan=\"4\" data-sheets-value=\"{&quot;1&quot;:2,&quot;2&quot;:&quot;CICLE MITJ\u00c0&quot;}\">\n<div>CICLE MITJ\u00c0<\/div>\n<\/td>\n<td style=\"width: 15.8983%; height: 32px;\" data-sheets-value=\"{&quot;1&quot;:2,&quot;2&quot;:&quot;3r A&quot;}\">3r A<\/td>\n<td style=\"width: 48.1207%; height: 32px;\" colspan=\"3\" data-sheets-value=\"{&quot;1&quot;:2,&quot;2&quot;:&quot;Paco R.&quot;}\">Lorena S..<\/td>\n<\/tr>\n<tr style=\"height: 32px;\">\n<td style=\"width: 15.8983%; height: 32px;\" data-sheets-value=\"{&quot;1&quot;:2,&quot;2&quot;:&quot;3r B&quot;}\">3r B<\/td>\n<td style=\"width: 48.1207%; height: 32px;\" colspan=\"3\" data-sheets-value=\"{&quot;1&quot;:2,&quot;2&quot;:&quot;Carlos R.&quot;}\">Lola R.<\/td>\n<\/tr>\n<tr style=\"height: 32px;\">\n<td style=\"width: 15.8983%; height: 32px;\" data-sheets-value=\"{&quot;1&quot;:2,&quot;2&quot;:&quot;4t A&quot;}\">4t A<\/td>\n<td style=\"width: 48.1207%; height: 32px;\" colspan=\"3\" data-sheets-value=\"{&quot;1&quot;:2,&quot;2&quot;:&quot;Lola R.\/Mar\u00eda M.&quot;}\">Maria R.<\/td>\n<\/tr>\n<tr style=\"height: 32px;\">\n<td style=\"width: 15.8983%; height: 32px;\" data-sheets-value=\"{&quot;1&quot;:2,&quot;2&quot;:&quot;4t B&quot;}\">4t B<\/td>\n<td style=\"width: 48.1207%; height: 32px;\" colspan=\"3\" data-sheets-value=\"{&quot;1&quot;:2,&quot;2&quot;:&quot;Gema M.&quot;}\">Carlos R.<\/td>\n<\/tr>\n<tr style=\"height: 32px;\">\n<td style=\"width: 19.8728%; height: 192px;\" rowspan=\"4\" data-sheets-value=\"{&quot;1&quot;:2,&quot;2&quot;:&quot;CICLE SUPERIOR&quot;}\">\n<div>CICLE SUPERIOR<\/div>\n<\/td>\n<td style=\"width: 15.8983%; height: 32px;\" data-sheets-value=\"{&quot;1&quot;:2,&quot;2&quot;:&quot;5\u00e8 A&quot;}\">5\u00e8 A<\/td>\n<td style=\"width: 48.1207%; height: 32px;\" colspan=\"3\" data-sheets-value=\"{&quot;1&quot;:2,&quot;2&quot;:&quot;Sonia E.&quot;}\">Jordi S.<\/td>\n<\/tr>\n<tr style=\"height: 32px;\">\n<td style=\"width: 15.8983%; height: 32px;\" data-sheets-value=\"{&quot;1&quot;:2,&quot;2&quot;:&quot;5\u00e8 B&quot;}\">5\u00e8 B<\/td>\n<td style=\"width: 48.1207%; height: 32px;\" colspan=\"3\" data-sheets-value=\"{&quot;1&quot;:2,&quot;2&quot;:&quot;Roser N.&quot;}\">Lidia Q.<\/td>\n<\/tr>\n<tr style=\"height: 32px;\">\n<td style=\"width: 15.8983%; height: 32px;\" data-sheets-value=\"{&quot;1&quot;:2,&quot;2&quot;:&quot;6\u00e8 A&quot;}\">6\u00e8 A<\/td>\n<td style=\"width: 48.1207%; height: 32px;\" colspan=\"3\" data-sheets-value=\"{&quot;1&quot;:2,&quot;2&quot;:&quot;Isabel G.\/Alfons Y.&quot;}\">Marta M.<\/td>\n<\/tr>\n<tr style=\"height: 32px;\">\n<td style=\"width: 15.8983%; height: 32px;\" data-sheets-value=\"{&quot;1&quot;:2,&quot;2&quot;:&quot;6\u00e8 B&quot;}\">6\u00e8 B<\/td>\n<td style=\"width: 48.1207%; height: 32px;\" colspan=\"3\" data-sheets-value=\"{&quot;1&quot;:2,&quot;2&quot;:&quot;Montse P.&quot;}\">Roser N.<\/td>\n<\/tr>\n<tr style=\"height: 32px;\">\n<td style=\"width: 99.7901%; height: 32px;\" colspan=\"6\"><\/td>\n<\/tr>\n<tr style=\"height: 32px;\">\n<td style=\"width: 19.8728%; height: 160px;\" rowspan=\"5\" data-sheets-value=\"{&quot;1&quot;:2,&quot;2&quot;:&quot;ESPECIALITATS&quot;}\">\n<div>ESPECIALITATS<\/div>\n<\/td>\n<td style=\"width: 15.8983%; height: 32px;\" data-sheets-value=\"{&quot;1&quot;:2,&quot;2&quot;:&quot;Angl\u00e8s&quot;}\">Angl\u00e8s<\/td>\n<td style=\"width: 64.019%; height: 32px;\" colspan=\"4\" data-sheets-value=\"{&quot;1&quot;:2,&quot;2&quot;:&quot;Dulce Nieves L.\/ Ingrid C.&quot;}\">Paula A.\/ Irene D.\/ Carmen B.<\/td>\n<\/tr>\n<tr style=\"height: 32px;\">\n<td style=\"width: 15.8983%; height: 32px;\" data-sheets-value=\"{&quot;1&quot;:2,&quot;2&quot;:&quot;M\u00fasica&quot;}\">M\u00fasica<\/td>\n<td style=\"width: 64.019%; height: 32px;\" colspan=\"4\" data-sheets-value=\"{&quot;1&quot;:2,&quot;2&quot;:&quot;Berta M.&quot;}\">Berta M.\/ Maria B.<\/td>\n<\/tr>\n<tr style=\"height: 32px;\">\n<td style=\"width: 15.8983%; height: 32px;\" data-sheets-value=\"{&quot;1&quot;:2,&quot;2&quot;:&quot;Ed. F\u00edsica&quot;}\">Ed. F\u00edsica<\/td>\n<td style=\"width: 64.019%; height: 32px;\" colspan=\"4\" data-sheets-value=\"{&quot;1&quot;:2,&quot;2&quot;:&quot;\u00c0lex A.. \/ Jordi G.&quot;}\">\u00c0lex A.. \/ Inma S.<\/td>\n<\/tr>\n<tr style=\"height: 32px;\">\n<td style=\"width: 15.8983%; height: 32px;\" data-sheets-value=\"{&quot;1&quot;:2,&quot;2&quot;:&quot;Religi\u00f3&quot;}\">Religi\u00f3<\/td>\n<td style=\"width: 64.019%; height: 32px;\" colspan=\"4\" data-sheets-value=\"{&quot;1&quot;:2,&quot;2&quot;:&quot;Montserrat R.&quot;}\">Enric A.<\/td>\n<\/tr>\n<tr style=\"height: 32px;\">\n<td style=\"width: 15.8983%; height: 32px;\" data-sheets-value=\"{&quot;1&quot;:2,&quot;2&quot;:&quot;Ed. Especial&quot;}\">MESI<\/td>\n<td style=\"width: 64.019%; height: 32px;\" colspan=\"4\" data-sheets-value=\"{&quot;1&quot;:2,&quot;2&quot;:&quot;Manoli C.\/ Sonia R.\/ Elisa D.&quot;}\">Berta L.\/ Sonia R.\/ Nadine M. \/ Marga T.<\/td>\n<\/tr>\n<tr style=\"height: 32px;\">\n<td style=\"width: 19.8728%; height: 32px;\"><\/td>\n<td style=\"width: 79.9173%; height: 32px;\" colspan=\"5\"><\/td>\n<\/tr>\n<tr style=\"height: 32px;\">\n<td style=\"width: 19.8728%; height: 176px;\" rowspan=\"5\" data-sheets-value=\"{&quot;1&quot;:2,&quot;2&quot;:&quot;PAS&quot;}\">\n<div>PAS<\/div>\n<\/td>\n<td style=\"width: 15.8983%; height: 32px;\" data-sheets-value=\"{&quot;1&quot;:2,&quot;2&quot;:&quot;TEI&quot;}\">TEI<\/td>\n<td style=\"width: 64.019%; height: 32px;\" colspan=\"4\" data-sheets-value=\"{&quot;1&quot;:2,&quot;2&quot;:&quot;Anna N.&quot;}\">M\u00aa Rosa E.<\/td>\n<\/tr>\n<tr style=\"height: 32px;\">\n<td style=\"width: 15.8983%; height: 32px;\" data-sheets-value=\"{&quot;1&quot;:2,&quot;2&quot;:&quot;Administratiu&quot;}\">Administratiu<\/td>\n<td style=\"width: 64.019%; height: 32px;\" colspan=\"4\" data-sheets-value=\"{&quot;1&quot;:2,&quot;2&quot;:&quot;Judit N.&quot;}\">Judit N.<\/td>\n<\/tr>\n<tr style=\"height: 48px;\">\n<td style=\"width: 15.8983%; height: 48px;\" data-sheets-value=\"{&quot;1&quot;:2,&quot;2&quot;:&quot;Oficial de Serveis&quot;}\">Oficial de Serveis<\/td>\n<td style=\"width: 64.019%; height: 48px;\" colspan=\"4\" data-sheets-value=\"{&quot;1&quot;:2,&quot;2&quot;:&quot;Jos\u00e9 Ram\u00f3n J.&quot;}\">Jos\u00e9 Ram\u00f3n J.<\/td>\n<\/tr>\n<tr style=\"height: 32px;\">\n<td style=\"width: 15.8983%; height: 32px;\">AEE Vetllador<\/td>\n<td style=\"width: 64.019%; height: 32px;\" colspan=\"4\">\u00a0Jan L. \/Elisabeth M.<\/td>\n<\/tr>\n<tr style=\"height: 32px;\">\n<td style=\"width: 15.8983%; height: 32px;\">TIS<\/td>\n<td style=\"width: 64.019%; height: 32px;\" colspan=\"4\">&#8211;<\/td>\n<\/tr>\n<\/tbody>\n<\/table>\n","protected":false},"excerpt":{"rendered":"<p>A m\u00e9s dels mestres\u00a0tutors, tenim mestres especialistes de m\u00fasica, en educaci\u00f3 f\u00edsica, angl\u00e8s, educaci\u00f3 especial. Els alumnes de 3 anys tenen el suport d\u2019un TEI (T\u00e8cnic d\u2019Educaci\u00f3 Infantil). Hi ha un suport setmanal de l\u2019equip d\u2019assessorament psicopedag\u00f2gic de la zona (EAP) i d\u2019un assessor de llengua, interculturalitat i cohesi\u00f3 social. Curs 2025-2026 EQUIP DIRECTIU Director [&hellip;]<\/p>\n","protected":false},"author":1,"featured_media":0,"parent":22,"menu_order":30,"comment_status":"closed","ping_status":"closed","template":"","meta":{"_bbp_topic_count":0,"_bbp_reply_count":0,"_bbp_total_topic_count":0,"_bbp_total_reply_count":0,"_bbp_voice_count":0,"_bbp_anonymous_reply_count":0,"_bbp_topic_count_hidden":0,"_bbp_reply_count_hidden":0,"_bbp_forum_subforum_count":0,"site-sidebar-layout":"default","site-content-layout":"","ast-site-content-layout":"default","site-content-style":"default","site-sidebar-style":"default","ast-global-header-display":"","ast-banner-title-visibility":"","ast-main-header-display":"","ast-hfb-above-header-display":"","ast-hfb-below-header-display":"","ast-hfb-mobile-header-display":"","site-post-title":"","ast-breadcrumbs-content":"","ast-featured-img":"","footer-sml-layout":"","theme-transparent-header-meta":"default","adv-header-id-meta":"","stick-header-meta":"","header-above-stick-meta":"","header-main-stick-meta":"","header-below-stick-meta":"","astra-migrate-meta-layouts":"set","ast-page-background-enabled":"default","ast-page-background-meta":{"desktop":{"background-color":"var(--ast-global-color-4)","background-image":"","background-repeat":"repeat","background-position":"center center","background-size":"auto","background-attachment":"scroll","background-type":"","background-media":"","overlay-type":"","overlay-color":"","overlay-opacity":"","overlay-gradient":""},"tablet":{"background-color":"","background-image":"","background-repeat":"repeat","background-position":"center center","background-size":"auto","background-attachment":"scroll","background-type":"","background-media":"","overlay-type":"","overlay-color":"","overlay-opacity":"","overlay-gradient":""},"mobile":{"background-color":"","background-image":"","background-repeat":"repeat","background-position":"center center","background-size":"auto","background-attachment":"scroll","background-type":"","background-media":"","overlay-type":"","overlay-color":"","overlay-opacity":"","overlay-gradient":""}},"ast-content-background-meta":{"desktop":{"background-color":"var(--ast-global-color-5)","background-image":"","background-repeat":"repeat","background-position":"center center","background-size":"auto","background-attachment":"scroll","background-type":"","background-media":"","overlay-type":"","overlay-color":"","overlay-opacity":"","overlay-gradient":""},"tablet":{"background-color":"var(--ast-global-color-5)","background-image":"","background-repeat":"repeat","background-position":"center center","background-size":"auto","background-attachment":"scroll","background-type":"","background-media":"","overlay-type":"","overlay-color":"","overlay-opacity":"","overlay-gradient":""},"mobile":{"background-color":"var(--ast-global-color-5)","background-image":"","background-repeat":"repeat","background-position":"center center","background-size":"auto","background-attachment":"scroll","background-type":"","background-media":"","overlay-type":"","overlay-color":"","overlay-opacity":"","overlay-gradient":""}},"footnotes":""},"class_list":["post-336","page","type-page","status-publish","hentry"],"post_mailing_queue_ids":[],"_links":{"self":[{"href":"https:\/\/agora.xtec.cat\/ceip-joan23-terrassa\/wp-json\/wp\/v2\/pages\/336","targetHints":{"allow":["GET"]}}],"collection":[{"href":"https:\/\/agora.xtec.cat\/ceip-joan23-terrassa\/wp-json\/wp\/v2\/pages"}],"about":[{"href":"https:\/\/agora.xtec.cat\/ceip-joan23-terrassa\/wp-json\/wp\/v2\/types\/page"}],"author":[{"embeddable":true,"href":"https:\/\/agora.xtec.cat\/ceip-joan23-terrassa\/wp-json\/wp\/v2\/users\/1"}],"replies":[{"embeddable":true,"href":"https:\/\/agora.xtec.cat\/ceip-joan23-terrassa\/wp-json\/wp\/v2\/comments?post=336"}],"version-history":[{"count":6,"href":"https:\/\/agora.xtec.cat\/ceip-joan23-terrassa\/wp-json\/wp\/v2\/pages\/336\/revisions"}],"predecessor-version":[{"id":4372,"href":"https:\/\/agora.xtec.cat\/ceip-joan23-terrassa\/wp-json\/wp\/v2\/pages\/336\/revisions\/4372"}],"up":[{"embeddable":true,"href":"https:\/\/agora.xtec.cat\/ceip-joan23-terrassa\/wp-json\/wp\/v2\/pages\/22"}],"wp:attachment":[{"href":"https:\/\/agora.xtec.cat\/ceip-joan23-terrassa\/wp-json\/wp\/v2\/media?parent=336"}],"curies":[{"name":"wp","href":"https:\/\/api.w.org\/{rel}","templated":true}]}}