{"id":30,"date":"2014-09-18T12:30:23","date_gmt":"2014-09-18T12:30:23","guid":{"rendered":"http:\/\/agora.xtec.cat\/ceip-joan23-terrassa\/?page_id=30"},"modified":"2024-10-24T13:26:16","modified_gmt":"2024-10-24T11:26:16","slug":"instal%c2%b7lacions","status":"publish","type":"page","link":"https:\/\/agora.xtec.cat\/ceip-joan23-terrassa\/lescola\/instal%c2%b7lacions\/","title":{"rendered":"Instal\u00b7lacions"},"content":{"rendered":"<p>La nostra escola disposa d&#8217;unes instal.lacions molt diverses i ben equipades.<\/p>\n<p>Totes les aules disposen de pantalles digitals.<\/p>\n<p><strong>Equipaments Educaci\u00f3 Infantil<\/strong><\/p>\n<ul style=\"list-style-type: circle;\">\n<li>6 aules d&#8217;Educaci\u00f3 Infantil<\/li>\n<li>Aula polivalent per a un grup redu\u00eft<\/li>\n<li>Aula de joc simb\u00f2lic per a un grup redu\u00eft<\/li>\n<li>Aula de Psicomotricitat<\/li>\n<li>Pati exclusiu per a I3 i I4<\/li>\n<\/ul>\n<p><strong>Equipaments Educaci\u00f3 Prim\u00e0ria<\/strong><\/p>\n<ul style=\"list-style-type: circle;\">\n<li>12 aules d&#8217;Educaci\u00f3 Prim\u00e0ria<\/li>\n<li>Aula de Ci\u00e8ncies<\/li>\n<li>2 aules d&#8217;atenci\u00f3 a la diversitat<\/li>\n<li>Aula d&#8217;Audiovisuals<\/li>\n<li>2 patis exclusius per a Prim\u00e0ria<\/li>\n<\/ul>\n<p><strong>Equipaments comuns<\/strong><\/p>\n<ul style=\"list-style-type: circle;\">\n<li>Gimn\u00e0s<\/li>\n<li>Aula de M\u00fasica<\/li>\n<li>Biblioteca<\/li>\n<li>Aula d&#8217;Angl\u00e8s<\/li>\n<li>Aula d&#8217;Audiovisuals<\/li>\n<li>Hort escolar<\/li>\n<li>Menjador i cuina<\/li>\n<li>Ascensor. Escola sense barreres arquitect\u00f2niques<\/li>\n<\/ul>\n","protected":false},"excerpt":{"rendered":"<p>La nostra escola disposa d&#8217;unes instal.lacions molt diverses i ben equipades. Totes les aules disposen de pantalles digitals. Equipaments Educaci\u00f3 Infantil 6 aules d&#8217;Educaci\u00f3 Infantil Aula polivalent per a un grup redu\u00eft Aula de joc simb\u00f2lic per a un grup redu\u00eft Aula de Psicomotricitat Pati exclusiu per a I3 i I4 Equipaments Educaci\u00f3 Prim\u00e0ria 12 [&hellip;]<\/p>\n","protected":false},"author":2,"featured_media":0,"parent":22,"menu_order":40,"comment_status":"closed","ping_status":"closed","template":"page-templates\/side-menu.php","meta":{"_bbp_topic_count":0,"_bbp_reply_count":0,"_bbp_total_topic_count":0,"_bbp_total_reply_count":0,"_bbp_voice_count":0,"_bbp_anonymous_reply_count":0,"_bbp_topic_count_hidden":0,"_bbp_reply_count_hidden":0,"_bbp_forum_subforum_count":0,"site-sidebar-layout":"default","site-content-layout":"","ast-site-content-layout":"","site-content-style":"default","site-sidebar-style":"default","ast-global-header-display":"","ast-banner-title-visibility":"","ast-main-header-display":"","ast-hfb-above-header-display":"","ast-hfb-below-header-display":"","ast-hfb-mobile-header-display":"","site-post-title":"","ast-breadcrumbs-content":"","ast-featured-img":"","footer-sml-layout":"","theme-transparent-header-meta":"","adv-header-id-meta":"","stick-header-meta":"","header-above-stick-meta":"","header-main-stick-meta":"","header-below-stick-meta":"","astra-migrate-meta-layouts":"default","ast-page-background-enabled":"default","ast-page-background-meta":{"desktop":{"background-color":"var(--ast-global-color-4)","background-image":"","background-repeat":"repeat","background-position":"center center","background-size":"auto","background-attachment":"scroll","background-type":"","background-media":"","overlay-type":"","overlay-color":"","overlay-opacity":"","overlay-gradient":""},"tablet":{"background-color":"","background-image":"","background-repeat":"repeat","background-position":"center center","background-size":"auto","background-attachment":"scroll","background-type":"","background-media":"","overlay-type":"","overlay-color":"","overlay-opacity":"","overlay-gradient":""},"mobile":{"background-color":"","background-image":"","background-repeat":"repeat","background-position":"center center","background-size":"auto","background-attachment":"scroll","background-type":"","background-media":"","overlay-type":"","overlay-color":"","overlay-opacity":"","overlay-gradient":""}},"ast-content-background-meta":{"desktop":{"background-color":"var(--ast-global-color-5)","background-image":"","background-repeat":"repeat","background-position":"center center","background-size":"auto","background-attachment":"scroll","background-type":"","background-media":"","overlay-type":"","overlay-color":"","overlay-opacity":"","overlay-gradient":""},"tablet":{"background-color":"var(--ast-global-color-5)","background-image":"","background-repeat":"repeat","background-position":"center center","background-size":"auto","background-attachment":"scroll","background-type":"","background-media":"","overlay-type":"","overlay-color":"","overlay-opacity":"","overlay-gradient":""},"mobile":{"background-color":"var(--ast-global-color-5)","background-image":"","background-repeat":"repeat","background-position":"center center","background-size":"auto","background-attachment":"scroll","background-type":"","background-media":"","overlay-type":"","overlay-color":"","overlay-opacity":"","overlay-gradient":""}},"footnotes":""},"class_list":["post-30","page","type-page","status-publish","hentry"],"post_mailing_queue_ids":[],"_links":{"self":[{"href":"https:\/\/agora.xtec.cat\/ceip-joan23-terrassa\/wp-json\/wp\/v2\/pages\/30","targetHints":{"allow":["GET"]}}],"collection":[{"href":"https:\/\/agora.xtec.cat\/ceip-joan23-terrassa\/wp-json\/wp\/v2\/pages"}],"about":[{"href":"https:\/\/agora.xtec.cat\/ceip-joan23-terrassa\/wp-json\/wp\/v2\/types\/page"}],"author":[{"embeddable":true,"href":"https:\/\/agora.xtec.cat\/ceip-joan23-terrassa\/wp-json\/wp\/v2\/users\/2"}],"replies":[{"embeddable":true,"href":"https:\/\/agora.xtec.cat\/ceip-joan23-terrassa\/wp-json\/wp\/v2\/comments?post=30"}],"version-history":[{"count":4,"href":"https:\/\/agora.xtec.cat\/ceip-joan23-terrassa\/wp-json\/wp\/v2\/pages\/30\/revisions"}],"predecessor-version":[{"id":3999,"href":"https:\/\/agora.xtec.cat\/ceip-joan23-terrassa\/wp-json\/wp\/v2\/pages\/30\/revisions\/3999"}],"up":[{"embeddable":true,"href":"https:\/\/agora.xtec.cat\/ceip-joan23-terrassa\/wp-json\/wp\/v2\/pages\/22"}],"wp:attachment":[{"href":"https:\/\/agora.xtec.cat\/ceip-joan23-terrassa\/wp-json\/wp\/v2\/media?parent=30"}],"curies":[{"name":"wp","href":"https:\/\/api.w.org\/{rel}","templated":true}]}}