{"id":26,"date":"2014-09-18T12:24:32","date_gmt":"2014-09-18T12:24:32","guid":{"rendered":"http:\/\/agora.xtec.cat\/ceip-joan23-terrassa\/?page_id=26"},"modified":"2016-10-01T16:15:44","modified_gmt":"2016-10-01T15:15:44","slug":"historia","status":"publish","type":"page","link":"https:\/\/agora.xtec.cat\/ceip-joan23-terrassa\/lescola\/historia\/","title":{"rendered":"Hist\u00f2ria"},"content":{"rendered":"<p style=\"text-align: justify;\">L\u2019escola JOAN XXIII es troba ubicada al barri de Les Arenes i comen\u00e7\u00e0 el seu funcionament en el mes de novembre de 1965. Les Arenes \u00e9s un barri nascut a mitjans del segle XX a l\u2019extrem oriental del districte 6, al nord-est de la ciutat de Terrassa, arran l\u2019ampli llit fluvial de la riera que d\u00f3na nom al barri i limitat pel ferrocarril i els descampats propers al bosc.<\/p>\n<p><a href=\"http:\/\/agora.xtec.cat\/ceip-joan23-terrassa\/wp-content\/uploads\/usu236\/2015\/06\/colegi-magdalena-rosell.jpg\"><img loading=\"lazy\" decoding=\"async\" class=\"size-medium wp-image-321 alignleft\" src=\"http:\/\/agora.xtec.cat\/ceip-joan23-terrassa\/wp-content\/uploads\/usu236\/2015\/06\/colegi-magdalena-rosell-300x202.jpg\" alt=\"colegi-magdalena-rosell\" width=\"300\" height=\"202\" srcset=\"https:\/\/agora.xtec.cat\/ceip-joan23-terrassa\/wp-content\/uploads\/usu236\/2015\/06\/colegi-magdalena-rosell-300x202.jpg 300w, https:\/\/agora.xtec.cat\/ceip-joan23-terrassa\/wp-content\/uploads\/usu236\/2015\/06\/colegi-magdalena-rosell-1024x691.jpg 1024w, https:\/\/agora.xtec.cat\/ceip-joan23-terrassa\/wp-content\/uploads\/usu236\/2015\/06\/colegi-magdalena-rosell.jpg 1154w\" sizes=\"auto, (max-width: 300px) 100vw, 300px\" \/><\/a> <a href=\"http:\/\/agora.xtec.cat\/ceip-joan23-terrassa\/wp-content\/uploads\/usu236\/2015\/06\/colegi-joan-xxiii.jpg\"><img loading=\"lazy\" decoding=\"async\" class=\"size-medium wp-image-320 alignleft\" src=\"http:\/\/agora.xtec.cat\/ceip-joan23-terrassa\/wp-content\/uploads\/usu236\/2015\/06\/colegi-joan-xxiii-300x204.jpg\" alt=\"colegi-joan-xxiii\" width=\"300\" height=\"204\" srcset=\"https:\/\/agora.xtec.cat\/ceip-joan23-terrassa\/wp-content\/uploads\/usu236\/2015\/06\/colegi-joan-xxiii-300x204.jpg 300w, https:\/\/agora.xtec.cat\/ceip-joan23-terrassa\/wp-content\/uploads\/usu236\/2015\/06\/colegi-joan-xxiii-1024x698.jpg 1024w, https:\/\/agora.xtec.cat\/ceip-joan23-terrassa\/wp-content\/uploads\/usu236\/2015\/06\/colegi-joan-xxiii.jpg 1161w\" sizes=\"auto, (max-width: 300px) 100vw, 300px\" \/><\/a><\/p>\n<p>&nbsp;<\/p>\n<p>&nbsp;<\/p>\n<p>&nbsp;<\/p>\n<p>&nbsp;<\/p>\n<p>&nbsp;<\/p>\n<p style=\"text-align: justify;\">Avui dia conformen el barri: \u201cLes Arenes &#8211; La Gr\u00edpia &#8211; Can Montllor\u201d que t\u00e9 una poblaci\u00f3 d\u2019uns 14.000 habitants. El principal tret definidor de l\u2019escola JOAN XXIII \u00e9s que va n\u00e9ixer d\u2019una iniciativa social endegada per un frare escolapi, el pare Alexandre Garcia, que arran la riuada de 1962 va organitzar tot el moviment associatiu del barri. D\u2019aquesta iniciativa van sortir m\u00faltiples millores per al vell barri de Les Arenes i una d\u2019elles va \u00e9sser l\u2019escola.<\/p>\n<p><a href=\"http:\/\/agora.xtec.cat\/ceip-joan23-terrassa\/wp-content\/uploads\/usu236\/2015\/06\/padre-chinchachoma.jpg\"><img loading=\"lazy\" decoding=\"async\" class=\"wp-image-324 alignleft\" src=\"http:\/\/agora.xtec.cat\/ceip-joan23-terrassa\/wp-content\/uploads\/usu236\/2015\/06\/padre-chinchachoma.jpg\" alt=\"padre-chinchachoma\" width=\"174\" height=\"145\" \/><\/a> <a href=\"http:\/\/agora.xtec.cat\/ceip-joan23-terrassa\/wp-content\/uploads\/usu236\/2015\/06\/padre_chinchachoma2.jpg\"><img loading=\"lazy\" decoding=\"async\" class=\" wp-image-323 alignleft\" src=\"http:\/\/agora.xtec.cat\/ceip-joan23-terrassa\/wp-content\/uploads\/usu236\/2015\/06\/padre_chinchachoma2-150x150.jpg\" alt=\"padre_chinchachoma2\" width=\"145\" height=\"145\" \/><\/a> <a href=\"http:\/\/agora.xtec.cat\/ceip-joan23-terrassa\/wp-content\/uploads\/usu236\/2015\/06\/P1040547.jpg\"><img loading=\"lazy\" decoding=\"async\" class=\"wp-image-322 alignleft\" src=\"http:\/\/agora.xtec.cat\/ceip-joan23-terrassa\/wp-content\/uploads\/usu236\/2015\/06\/P1040547-300x225.jpg\" alt=\"P1040547\" width=\"194\" height=\"145\" srcset=\"https:\/\/agora.xtec.cat\/ceip-joan23-terrassa\/wp-content\/uploads\/usu236\/2015\/06\/P1040547-300x225.jpg 300w, https:\/\/agora.xtec.cat\/ceip-joan23-terrassa\/wp-content\/uploads\/usu236\/2015\/06\/P1040547-1024x768.jpg 1024w, https:\/\/agora.xtec.cat\/ceip-joan23-terrassa\/wp-content\/uploads\/usu236\/2015\/06\/P1040547-200x150.jpg 200w, https:\/\/agora.xtec.cat\/ceip-joan23-terrassa\/wp-content\/uploads\/usu236\/2015\/06\/P1040547.jpg 1600w\" sizes=\"auto, (max-width: 194px) 100vw, 194px\" \/><\/a><\/p>\n<p><img loading=\"lazy\" decoding=\"async\" class=\"wp-image-328 alignleft\" src=\"http:\/\/agora.xtec.cat\/ceip-joan23-terrassa\/wp-content\/uploads\/usu236\/2015\/06\/P1040545-300x225.jpg\" alt=\"P1040545\" width=\"194\" height=\"145\" srcset=\"https:\/\/agora.xtec.cat\/ceip-joan23-terrassa\/wp-content\/uploads\/usu236\/2015\/06\/P1040545-300x225.jpg 300w, https:\/\/agora.xtec.cat\/ceip-joan23-terrassa\/wp-content\/uploads\/usu236\/2015\/06\/P1040545-1024x768.jpg 1024w, https:\/\/agora.xtec.cat\/ceip-joan23-terrassa\/wp-content\/uploads\/usu236\/2015\/06\/P1040545-200x150.jpg 200w, https:\/\/agora.xtec.cat\/ceip-joan23-terrassa\/wp-content\/uploads\/usu236\/2015\/06\/P1040545.jpg 1600w\" sizes=\"auto, (max-width: 194px) 100vw, 194px\" \/><\/p>\n<p><a href=\"http:\/\/agora.xtec.cat\/ceip-joan23-terrassa\/wp-content\/uploads\/usu236\/2015\/06\/P1040545.jpg\"><br \/>\n<\/a><\/p>\n<p>&nbsp;<\/p>\n<p>&nbsp;<\/p>\n<p>&nbsp;<\/p>\n<p>Aquesta escola p\u00fablica ha continuat funcionant i millorant al llarg del temps i ha esdevingut l\u2019actual centre on s\u2019atenen a 460 alumnes.<\/p>\n<p><a href=\"http:\/\/agora.xtec.cat\/ceip-joan23-terrassa\/wp-content\/uploads\/usu236\/2015\/06\/P1040535.jpg\"><img loading=\"lazy\" decoding=\"async\" class=\"aligncenter size-medium wp-image-325\" src=\"http:\/\/agora.xtec.cat\/ceip-joan23-terrassa\/wp-content\/uploads\/usu236\/2015\/06\/P1040535-300x225.jpg\" alt=\"P1040535\" width=\"300\" height=\"225\" srcset=\"https:\/\/agora.xtec.cat\/ceip-joan23-terrassa\/wp-content\/uploads\/usu236\/2015\/06\/P1040535-300x225.jpg 300w, https:\/\/agora.xtec.cat\/ceip-joan23-terrassa\/wp-content\/uploads\/usu236\/2015\/06\/P1040535-1024x768.jpg 1024w, https:\/\/agora.xtec.cat\/ceip-joan23-terrassa\/wp-content\/uploads\/usu236\/2015\/06\/P1040535-200x150.jpg 200w, https:\/\/agora.xtec.cat\/ceip-joan23-terrassa\/wp-content\/uploads\/usu236\/2015\/06\/P1040535.jpg 1600w\" sizes=\"auto, (max-width: 300px) 100vw, 300px\" \/><\/a><\/p>\n","protected":false},"excerpt":{"rendered":"<p>L\u2019escola JOAN XXIII es troba ubicada al barri de Les Arenes i comen\u00e7\u00e0 el seu funcionament en el mes de novembre de 1965. Les Arenes \u00e9s un barri nascut a mitjans del segle XX a l\u2019extrem oriental del districte 6, al nord-est de la ciutat de Terrassa, arran l\u2019ampli llit fluvial de la riera que [&hellip;]<\/p>\n","protected":false},"author":2,"featured_media":0,"parent":22,"menu_order":20,"comment_status":"closed","ping_status":"closed","template":"page-templates\/side-menu.php","meta":{"_bbp_topic_count":0,"_bbp_reply_count":0,"_bbp_total_topic_count":0,"_bbp_total_reply_count":0,"_bbp_voice_count":0,"_bbp_anonymous_reply_count":0,"_bbp_topic_count_hidden":0,"_bbp_reply_count_hidden":0,"_bbp_forum_subforum_count":0,"site-sidebar-layout":"default","site-content-layout":"","ast-site-content-layout":"","site-content-style":"default","site-sidebar-style":"default","ast-global-header-display":"","ast-banner-title-visibility":"","ast-main-header-display":"","ast-hfb-above-header-display":"","ast-hfb-below-header-display":"","ast-hfb-mobile-header-display":"","site-post-title":"","ast-breadcrumbs-content":"","ast-featured-img":"","footer-sml-layout":"","theme-transparent-header-meta":"","adv-header-id-meta":"","stick-header-meta":"","header-above-stick-meta":"","header-main-stick-meta":"","header-below-stick-meta":"","astra-migrate-meta-layouts":"default","ast-page-background-enabled":"default","ast-page-background-meta":{"desktop":{"background-color":"var(--ast-global-color-4)","background-image":"","background-repeat":"repeat","background-position":"center center","background-size":"auto","background-attachment":"scroll","background-type":"","background-media":"","overlay-type":"","overlay-color":"","overlay-opacity":"","overlay-gradient":""},"tablet":{"background-color":"","background-image":"","background-repeat":"repeat","background-position":"center center","background-size":"auto","background-attachment":"scroll","background-type":"","background-media":"","overlay-type":"","overlay-color":"","overlay-opacity":"","overlay-gradient":""},"mobile":{"background-color":"","background-image":"","background-repeat":"repeat","background-position":"center center","background-size":"auto","background-attachment":"scroll","background-type":"","background-media":"","overlay-type":"","overlay-color":"","overlay-opacity":"","overlay-gradient":""}},"ast-content-background-meta":{"desktop":{"background-color":"var(--ast-global-color-5)","background-image":"","background-repeat":"repeat","background-position":"center center","background-size":"auto","background-attachment":"scroll","background-type":"","background-media":"","overlay-type":"","overlay-color":"","overlay-opacity":"","overlay-gradient":""},"tablet":{"background-color":"var(--ast-global-color-5)","background-image":"","background-repeat":"repeat","background-position":"center center","background-size":"auto","background-attachment":"scroll","background-type":"","background-media":"","overlay-type":"","overlay-color":"","overlay-opacity":"","overlay-gradient":""},"mobile":{"background-color":"var(--ast-global-color-5)","background-image":"","background-repeat":"repeat","background-position":"center center","background-size":"auto","background-attachment":"scroll","background-type":"","background-media":"","overlay-type":"","overlay-color":"","overlay-opacity":"","overlay-gradient":""}},"footnotes":""},"class_list":["post-26","page","type-page","status-publish","hentry"],"post_mailing_queue_ids":[],"_links":{"self":[{"href":"https:\/\/agora.xtec.cat\/ceip-joan23-terrassa\/wp-json\/wp\/v2\/pages\/26","targetHints":{"allow":["GET"]}}],"collection":[{"href":"https:\/\/agora.xtec.cat\/ceip-joan23-terrassa\/wp-json\/wp\/v2\/pages"}],"about":[{"href":"https:\/\/agora.xtec.cat\/ceip-joan23-terrassa\/wp-json\/wp\/v2\/types\/page"}],"author":[{"embeddable":true,"href":"https:\/\/agora.xtec.cat\/ceip-joan23-terrassa\/wp-json\/wp\/v2\/users\/2"}],"replies":[{"embeddable":true,"href":"https:\/\/agora.xtec.cat\/ceip-joan23-terrassa\/wp-json\/wp\/v2\/comments?post=26"}],"version-history":[{"count":4,"href":"https:\/\/agora.xtec.cat\/ceip-joan23-terrassa\/wp-json\/wp\/v2\/pages\/26\/revisions"}],"predecessor-version":[{"id":391,"href":"https:\/\/agora.xtec.cat\/ceip-joan23-terrassa\/wp-json\/wp\/v2\/pages\/26\/revisions\/391"}],"up":[{"embeddable":true,"href":"https:\/\/agora.xtec.cat\/ceip-joan23-terrassa\/wp-json\/wp\/v2\/pages\/22"}],"wp:attachment":[{"href":"https:\/\/agora.xtec.cat\/ceip-joan23-terrassa\/wp-json\/wp\/v2\/media?parent=26"}],"curies":[{"name":"wp","href":"https:\/\/api.w.org\/{rel}","templated":true}]}}