{"id":9618,"date":"2024-03-11T09:48:26","date_gmt":"2024-03-11T08:48:26","guid":{"rendered":"https:\/\/agora.xtec.cat\/ceip-jbserra-alcanar\/?page_id=9618"},"modified":"2024-03-11T10:01:57","modified_gmt":"2024-03-11T09:01:57","slug":"nofc","status":"publish","type":"page","link":"https:\/\/agora.xtec.cat\/ceip-jbserra-alcanar\/projecte-educatiu\/nofc\/","title":{"rendered":"NOFC"},"content":{"rendered":"<p>A continuaci\u00f3, facilitem els diferents documents referents a les normes d&#8217;organitzaci\u00f3 i funcionament de centre:<\/p>\n<table style=\"border-collapse: collapse; width: 100%; height: 361px;\">\n<tbody>\n<tr style=\"height: 32px;\">\n<td style=\"width: 33.3333%; text-align: center; height: 32px;\"><span style=\"color: #3366ff;\"><strong>Codi<\/strong><\/span><\/td>\n<td style=\"width: 33.3333%; text-align: center; height: 32px;\"><span style=\"color: #3366ff;\"><strong>Identificaci\u00f3<\/strong><\/span><\/td>\n<\/tr>\n<tr style=\"height: 47px;\">\n<td style=\"width: 33.3333%; text-align: center; height: 47px;\">NOFC<\/td>\n<td style=\"width: 33.3333%; text-align: center; height: 47px;\"><a href=\"https:\/\/agora.xtec.cat\/ceip-jbserra-alcanar\/wp-content\/uploads\/usu286\/2024\/03\/NOFC_V1.0-1.pdf\">Normes d&#8217;organitzaci\u00f3 i funcionament de centre<\/a><\/td>\n<\/tr>\n<tr style=\"height: 47px;\">\n<td style=\"width: 33.3333%; text-align: center; height: 47px;\">NOFC<\/td>\n<td style=\"width: 33.3333%; text-align: center; height: 47px;\"><a href=\"https:\/\/agora.xtec.cat\/ceip-jbserra-alcanar\/wp-content\/uploads\/usu286\/2024\/03\/NOFC_V1.1_ANNEX1-Conductes-contraries-convivencia.pdf\">ANNEX 1. Conductes contr\u00e0ries a la conviv\u00e8ncia del centre<\/a><\/td>\n<\/tr>\n<tr style=\"height: 47px;\">\n<td style=\"width: 33.3333%; text-align: center; height: 47px;\">NOFC<\/td>\n<td style=\"width: 33.3333%; text-align: center; height: 47px;\"><a href=\"https:\/\/agora.xtec.cat\/ceip-jbserra-alcanar\/wp-content\/uploads\/usu286\/2024\/03\/NOFC_V1.2.pdf\">ANNEX 2. Pla obertura escoles setembre 2020 COVID 19<\/a><\/td>\n<\/tr>\n<tr style=\"height: 47px;\">\n<td style=\"width: 33.3333%; text-align: center; height: 47px;\">NOFC<\/td>\n<td style=\"width: 33.3333%; text-align: center; height: 47px;\"><a href=\"https:\/\/agora.xtec.cat\/ceip-jbserra-alcanar\/wp-content\/uploads\/usu286\/2024\/03\/NOFC_V1.3_Addenda-dispostius-Chromebook.pdf\">ANNEX 3. \u00das de dispositius chromebooks<\/a><\/td>\n<\/tr>\n<tr style=\"height: 47px;\">\n<td style=\"width: 33.3333%; text-align: center; height: 47px;\">NOFC<\/td>\n<td style=\"width: 33.3333%; text-align: center; height: 47px;\"><a href=\"https:\/\/agora.xtec.cat\/ceip-jbserra-alcanar\/wp-content\/uploads\/usu286\/2024\/03\/NOFC_V1.4_Addenda_Sortides.pdf\">ANNEX 4. Activitats extraescolars i complement\u00e0ries<\/a><\/td>\n<\/tr>\n<tr style=\"height: 47px;\">\n<td style=\"width: 33.3333%; text-align: center; height: 47px;\">NOFC<\/td>\n<td style=\"width: 33.3333%; text-align: center; height: 47px;\"><a href=\"https:\/\/agora.xtec.cat\/ceip-jbserra-alcanar\/wp-content\/uploads\/usu286\/2024\/03\/NOFC_V1.5_ANNEX2_Normes-Educacio-Fisica.pdf\">ANNEX 5. Normes d&#8217;Educaci\u00f3 F\u00edsica<\/a><\/td>\n<\/tr>\n<tr style=\"height: 47px;\">\n<td style=\"width: 33.3333%; text-align: center; height: 47px;\">NOFC<\/td>\n<td style=\"width: 33.3333%; text-align: center; height: 47px;\"><a href=\"https:\/\/agora.xtec.cat\/ceip-jbserra-alcanar\/wp-content\/uploads\/usu286\/2024\/03\/NOFC_V1.6_Normativa-vehicles-de-mobilitat-personal.pdf\">ANNEX 6.Normativa vehicles mobilitat personal<\/a><\/td>\n<\/tr>\n<\/tbody>\n<\/table>\n","protected":false},"excerpt":{"rendered":"<p>A continuaci\u00f3, facilitem els diferents documents referents a les normes d&#8217;organitzaci\u00f3 i funcionament de centre: Codi Identificaci\u00f3 NOFC Normes d&#8217;organitzaci\u00f3 i funcionament de centre NOFC ANNEX 1. Conductes contr\u00e0ries a la conviv\u00e8ncia del centre NOFC ANNEX 2. Pla obertura escoles setembre 2020 COVID 19 NOFC ANNEX 3. \u00das de dispositius chromebooks NOFC ANNEX 4. Activitats [&hellip;]<\/p>\n","protected":false},"author":1,"featured_media":0,"parent":64,"menu_order":0,"comment_status":"closed","ping_status":"closed","template":"","meta":{"_bbp_topic_count":0,"_bbp_reply_count":0,"_bbp_total_topic_count":0,"_bbp_total_reply_count":0,"_bbp_voice_count":0,"_bbp_anonymous_reply_count":0,"_bbp_topic_count_hidden":0,"_bbp_reply_count_hidden":0,"_bbp_forum_subforum_count":0,"site-sidebar-layout":"default","site-content-layout":"","ast-site-content-layout":"","site-content-style":"default","site-sidebar-style":"default","ast-global-header-display":"","ast-banner-title-visibility":"","ast-main-header-display":"","ast-hfb-above-header-display":"","ast-hfb-below-header-display":"","ast-hfb-mobile-header-display":"","site-post-title":"","ast-breadcrumbs-content":"","ast-featured-img":"","footer-sml-layout":"","theme-transparent-header-meta":"","adv-header-id-meta":"","stick-header-meta":"","header-above-stick-meta":"","header-main-stick-meta":"","header-below-stick-meta":"","astra-migrate-meta-layouts":"default","ast-page-background-enabled":"default","ast-page-background-meta":{"desktop":{"background-color":"var(--ast-global-color-4)","background-image":"","background-repeat":"repeat","background-position":"center center","background-size":"auto","background-attachment":"scroll","background-type":"","background-media":"","overlay-type":"","overlay-color":"","overlay-opacity":"","overlay-gradient":""},"tablet":{"background-color":"","background-image":"","background-repeat":"repeat","background-position":"center center","background-size":"auto","background-attachment":"scroll","background-type":"","background-media":"","overlay-type":"","overlay-color":"","overlay-opacity":"","overlay-gradient":""},"mobile":{"background-color":"","background-image":"","background-repeat":"repeat","background-position":"center center","background-size":"auto","background-attachment":"scroll","background-type":"","background-media":"","overlay-type":"","overlay-color":"","overlay-opacity":"","overlay-gradient":""}},"ast-content-background-meta":{"desktop":{"background-color":"var(--ast-global-color-5)","background-image":"","background-repeat":"repeat","background-position":"center center","background-size":"auto","background-attachment":"scroll","background-type":"","background-media":"","overlay-type":"","overlay-color":"","overlay-opacity":"","overlay-gradient":""},"tablet":{"background-color":"var(--ast-global-color-5)","background-image":"","background-repeat":"repeat","background-position":"center center","background-size":"auto","background-attachment":"scroll","background-type":"","background-media":"","overlay-type":"","overlay-color":"","overlay-opacity":"","overlay-gradient":""},"mobile":{"background-color":"var(--ast-global-color-5)","background-image":"","background-repeat":"repeat","background-position":"center center","background-size":"auto","background-attachment":"scroll","background-type":"","background-media":"","overlay-type":"","overlay-color":"","overlay-opacity":"","overlay-gradient":""}},"footnotes":""},"class_list":["post-9618","page","type-page","status-publish","hentry"],"post_mailing_queue_ids":[],"_links":{"self":[{"href":"https:\/\/agora.xtec.cat\/ceip-jbserra-alcanar\/wp-json\/wp\/v2\/pages\/9618","targetHints":{"allow":["GET"]}}],"collection":[{"href":"https:\/\/agora.xtec.cat\/ceip-jbserra-alcanar\/wp-json\/wp\/v2\/pages"}],"about":[{"href":"https:\/\/agora.xtec.cat\/ceip-jbserra-alcanar\/wp-json\/wp\/v2\/types\/page"}],"author":[{"embeddable":true,"href":"https:\/\/agora.xtec.cat\/ceip-jbserra-alcanar\/wp-json\/wp\/v2\/users\/1"}],"replies":[{"embeddable":true,"href":"https:\/\/agora.xtec.cat\/ceip-jbserra-alcanar\/wp-json\/wp\/v2\/comments?post=9618"}],"version-history":[{"count":1,"href":"https:\/\/agora.xtec.cat\/ceip-jbserra-alcanar\/wp-json\/wp\/v2\/pages\/9618\/revisions"}],"predecessor-version":[{"id":9626,"href":"https:\/\/agora.xtec.cat\/ceip-jbserra-alcanar\/wp-json\/wp\/v2\/pages\/9618\/revisions\/9626"}],"up":[{"embeddable":true,"href":"https:\/\/agora.xtec.cat\/ceip-jbserra-alcanar\/wp-json\/wp\/v2\/pages\/64"}],"wp:attachment":[{"href":"https:\/\/agora.xtec.cat\/ceip-jbserra-alcanar\/wp-json\/wp\/v2\/media?parent=9618"}],"curies":[{"name":"wp","href":"https:\/\/api.w.org\/{rel}","templated":true}]}}