{"id":34,"date":"2014-09-18T12:32:18","date_gmt":"2014-09-18T11:32:18","guid":{"rendered":"http:\/\/agora.xtec.cat\/ceip-jbserra-alcanar\/?page_id=34"},"modified":"2018-11-14T10:53:13","modified_gmt":"2018-11-14T09:53:13","slug":"oferta-educativa","status":"publish","type":"page","link":"https:\/\/agora.xtec.cat\/ceip-jbserra-alcanar\/lescola\/oferta-educativa\/","title":{"rendered":"Oferta educativa"},"content":{"rendered":"<p>A l&#8217;Escola Joan Baptista Serra s&#8217;ofereix lo segon cicle d&#8217;educaci\u00f3 infantil, anomenat Parvulari (3-5 anys) i tota l&#8217;educaci\u00f3 prim\u00e0ria (6-11 anys)<\/p>\n<p>A m\u00e9s de les\u00a0especialitats\u00a0comunes a tots los centres (Infantil, Prim\u00e0ria, M\u00fasica, Educaci\u00f3 Especial, Educaci\u00f3 F\u00edsica, Llengua anglesa), la nostra escola ofereix:<\/p>\n<ul>\n<li>Audici\u00f3 i Llenguatge<\/li>\n<li>Llengua francesa<\/li>\n<li>Educaci\u00f3 Visual i Pl\u00e0stica a Prim\u00e0ria fent servir l&#8217;angl\u00e8s com a llengua vehicular. De 1r. a 6t. des del curs 2012-2013.<\/li>\n<li>Educaci\u00f3 F\u00edsica fent servir l&#8217;angl\u00e8s com a llengua vehicular. De 3r. a 6t. des del curs 2016-2017.<\/li>\n<li>Angl\u00e8s a Parvulari des del curs 2016-2017.<\/li>\n<li>Suport Intensiu per a l&#8217;Escolaritzaci\u00f3 Inclusiva.<\/li>\n<\/ul>\n","protected":false},"excerpt":{"rendered":"<p>A l&#8217;Escola Joan Baptista Serra s&#8217;ofereix lo segon cicle d&#8217;educaci\u00f3 infantil, anomenat Parvulari (3-5 anys) i tota l&#8217;educaci\u00f3 prim\u00e0ria (6-11 anys) A m\u00e9s de les\u00a0especialitats\u00a0comunes a tots los centres (Infantil, Prim\u00e0ria, M\u00fasica, Educaci\u00f3 Especial, Educaci\u00f3 F\u00edsica, Llengua anglesa), la nostra escola ofereix: Audici\u00f3 i Llenguatge Llengua francesa Educaci\u00f3 Visual i Pl\u00e0stica a Prim\u00e0ria fent servir [&hellip;]<\/p>\n","protected":false},"author":1,"featured_media":0,"parent":22,"menu_order":60,"comment_status":"closed","ping_status":"closed","template":"page-templates\/side-menu.php","meta":{"_bbp_topic_count":0,"_bbp_reply_count":0,"_bbp_total_topic_count":0,"_bbp_total_reply_count":0,"_bbp_voice_count":0,"_bbp_anonymous_reply_count":0,"_bbp_topic_count_hidden":0,"_bbp_reply_count_hidden":0,"_bbp_forum_subforum_count":0,"site-sidebar-layout":"default","site-content-layout":"","ast-site-content-layout":"","site-content-style":"default","site-sidebar-style":"default","ast-global-header-display":"","ast-banner-title-visibility":"","ast-main-header-display":"","ast-hfb-above-header-display":"","ast-hfb-below-header-display":"","ast-hfb-mobile-header-display":"","site-post-title":"","ast-breadcrumbs-content":"","ast-featured-img":"","footer-sml-layout":"","theme-transparent-header-meta":"","adv-header-id-meta":"","stick-header-meta":"","header-above-stick-meta":"","header-main-stick-meta":"","header-below-stick-meta":"","astra-migrate-meta-layouts":"default","ast-page-background-enabled":"default","ast-page-background-meta":{"desktop":{"background-color":"var(--ast-global-color-4)","background-image":"","background-repeat":"repeat","background-position":"center center","background-size":"auto","background-attachment":"scroll","background-type":"","background-media":"","overlay-type":"","overlay-color":"","overlay-opacity":"","overlay-gradient":""},"tablet":{"background-color":"","background-image":"","background-repeat":"repeat","background-position":"center center","background-size":"auto","background-attachment":"scroll","background-type":"","background-media":"","overlay-type":"","overlay-color":"","overlay-opacity":"","overlay-gradient":""},"mobile":{"background-color":"","background-image":"","background-repeat":"repeat","background-position":"center center","background-size":"auto","background-attachment":"scroll","background-type":"","background-media":"","overlay-type":"","overlay-color":"","overlay-opacity":"","overlay-gradient":""}},"ast-content-background-meta":{"desktop":{"background-color":"var(--ast-global-color-5)","background-image":"","background-repeat":"repeat","background-position":"center center","background-size":"auto","background-attachment":"scroll","background-type":"","background-media":"","overlay-type":"","overlay-color":"","overlay-opacity":"","overlay-gradient":""},"tablet":{"background-color":"var(--ast-global-color-5)","background-image":"","background-repeat":"repeat","background-position":"center center","background-size":"auto","background-attachment":"scroll","background-type":"","background-media":"","overlay-type":"","overlay-color":"","overlay-opacity":"","overlay-gradient":""},"mobile":{"background-color":"var(--ast-global-color-5)","background-image":"","background-repeat":"repeat","background-position":"center center","background-size":"auto","background-attachment":"scroll","background-type":"","background-media":"","overlay-type":"","overlay-color":"","overlay-opacity":"","overlay-gradient":""}},"footnotes":""},"class_list":["post-34","page","type-page","status-publish","hentry"],"post_mailing_queue_ids":[],"_links":{"self":[{"href":"https:\/\/agora.xtec.cat\/ceip-jbserra-alcanar\/wp-json\/wp\/v2\/pages\/34","targetHints":{"allow":["GET"]}}],"collection":[{"href":"https:\/\/agora.xtec.cat\/ceip-jbserra-alcanar\/wp-json\/wp\/v2\/pages"}],"about":[{"href":"https:\/\/agora.xtec.cat\/ceip-jbserra-alcanar\/wp-json\/wp\/v2\/types\/page"}],"author":[{"embeddable":true,"href":"https:\/\/agora.xtec.cat\/ceip-jbserra-alcanar\/wp-json\/wp\/v2\/users\/1"}],"replies":[{"embeddable":true,"href":"https:\/\/agora.xtec.cat\/ceip-jbserra-alcanar\/wp-json\/wp\/v2\/comments?post=34"}],"version-history":[{"count":3,"href":"https:\/\/agora.xtec.cat\/ceip-jbserra-alcanar\/wp-json\/wp\/v2\/pages\/34\/revisions"}],"predecessor-version":[{"id":2873,"href":"https:\/\/agora.xtec.cat\/ceip-jbserra-alcanar\/wp-json\/wp\/v2\/pages\/34\/revisions\/2873"}],"up":[{"embeddable":true,"href":"https:\/\/agora.xtec.cat\/ceip-jbserra-alcanar\/wp-json\/wp\/v2\/pages\/22"}],"wp:attachment":[{"href":"https:\/\/agora.xtec.cat\/ceip-jbserra-alcanar\/wp-json\/wp\/v2\/media?parent=34"}],"curies":[{"name":"wp","href":"https:\/\/api.w.org\/{rel}","templated":true}]}}