{"id":28,"date":"2014-09-18T12:29:35","date_gmt":"2014-09-18T11:29:35","guid":{"rendered":"http:\/\/agora.xtec.cat\/ceip-jbserra-alcanar\/?page_id=28"},"modified":"2026-03-13T09:25:07","modified_gmt":"2026-03-13T08:25:07","slug":"consell-escolar","status":"publish","type":"page","link":"https:\/\/agora.xtec.cat\/ceip-jbserra-alcanar\/lescola\/consell-escolar\/","title":{"rendered":"Consell escolar"},"content":{"rendered":"<p><strong>COMPOSICI\u00d3<\/strong> (A 10 de desembre de 2025)<\/p>\n<p><strong><em>President<\/em>:<\/strong> <span style=\"font-family: inherit; font-size: 1em;\">Josep Forcadell. (director)<\/span><\/p>\n<p><strong><em>Cap d&#8217;Estudis: <\/em><\/strong><span style=\"font-family: inherit; font-size: 1em;\">Anna Prades.<\/span><\/p>\n<p><strong><em>Secret\u00e0ria: <\/em><\/strong><span style=\"font-family: inherit; font-size: 1em;\">Sara Morales.<\/span><\/p>\n<p><em>Representant de l&#8217;Ajuntament:<\/em><\/p>\n<ul>\n<li>Xavier Barrera.<\/li>\n<\/ul>\n<p><em>Representant del Personal d&#8217;Administraci\u00f3 i Serveis:<\/em><\/p>\n<ul>\n<li>Juan Agustin Forcadell.<\/li>\n<\/ul>\n<p><em>Representat del Personal d&#8217;Atenci\u00f3 Educativa:<\/em><\/p>\n<ul>\n<li>Neus Gavald\u00e0.<\/li>\n<\/ul>\n<p><em>Representants de Fam\u00edlies:<\/em><\/p>\n<ul>\n<li>Xavier Fibla.<\/li>\n<li><span style=\"font-weight: 400;\">Maria Magdalena Secareanu.<\/span><\/li>\n<li>\u00c0gueda Verge.<\/li>\n<li>Ver\u00f3nica Andr\u00e9s.<\/li>\n<li>Larissa Silaghi.<\/li>\n<\/ul>\n<p><em>Representant AMPA:<\/em><\/p>\n<ul>\n<li>Xavi Fabregat.<\/li>\n<\/ul>\n<p><em>Representants del Professorat<\/em><\/p>\n<ul style=\"list-style-type: disc;\">\n<li>Eva Sancho.<\/li>\n<li>Cristina Pla.<\/li>\n<li>Merc\u00e8 Esteller.<\/li>\n<li>M\u00aa Amparo Poveda.<\/li>\n<li>M\u00aa Amparo Pellicer.<\/li>\n<li>Olga Mart\u00ed.<\/li>\n<\/ul>\n<p><strong>ACORDS DEL CONSELL ESCOLAR- CURS 22-23<\/strong><\/p>\n<ul>\n<li><a href=\"https:\/\/agora.xtec.cat\/ceip-jbserra-alcanar\/wp-content\/uploads\/usu286\/2023\/04\/ACORDS_CONSELL-ESCOLAR-1-2023.docx-1.pdf\">CONSELL ESCOLAR 1-2023 (30\/01\/2023)<\/a><\/li>\n<li><a href=\"https:\/\/agora.xtec.cat\/ceip-jbserra-alcanar\/wp-content\/uploads\/usu286\/2023\/04\/ACORDS_CONSELL-ESCOLAR-2-2023.docx-1.pdf\">CONSELL ESCOLAR 2-2023 (30\/03\/2023)<\/a><\/li>\n<li><a href=\"https:\/\/drive.google.com\/file\/d\/1YEeMI3quKq7I3fRkEjOSBxGOtrLaKFYJ\/view?usp=drive_link\">CONSELL ESCOLAR 3-2023 (26\/06\/2023)<\/a><\/li>\n<\/ul>\n<p><strong>ACORDS DEL CONSELL ESCOLAR- CURS 23-24<\/strong><\/p>\n<ul>\n<li><a href=\"https:\/\/drive.google.com\/file\/d\/1Yg94jKPVusoVREYlHwszSH47MdndpXXk\/view?usp=drive_link\">CONSELL ESCOLAR 4-2023 (10\/10\/2023)<\/a><\/li>\n<li><a href=\"https:\/\/agora.xtec.cat\/ceip-jbserra-alcanar\/wp-content\/uploads\/usu286\/2024\/03\/ACORDS_CONSELL-ESCOLAR-5-2023.docx-2.pdf\">CONSELL ESCOLAR 5-2023 (14\/12\/2023)<\/a><\/li>\n<li><a href=\"https:\/\/agora.xtec.cat\/ceip-jbserra-alcanar\/wp-content\/uploads\/usu286\/2024\/03\/ACORDS_CONSELL-ESCOLAR-1-2024.docx-2.pdf\">CONSELL ESCOLAR 1-2024 (30\/01\/2024)<\/a><\/li>\n<li><a href=\"https:\/\/agora.xtec.cat\/ceip-jbserra-alcanar\/wp-content\/uploads\/usu286\/2024\/06\/ACORDS_CONSELL-ESCOLAR-2-2024-4.pdf\">CONSELL ESCOLAR 2-2024 (21\/03\/2024)<\/a><\/li>\n<li><a href=\"https:\/\/agora.xtec.cat\/ceip-jbserra-alcanar\/wp-content\/uploads\/usu286\/2024\/06\/ACORDS_CONSELL-ESCOLAR-3-2024-1-2.pdf\">CONSELL ESCOLAR 3-2024 (18\/06\/2024)<\/a><\/li>\n<\/ul>\n<p><strong>ACORDS DEL CONSELL ESCOLAR- CURS 24-25<\/strong><\/p>\n<ul>\n<li><a href=\"https:\/\/agora.xtec.cat\/ceip-jbserra-alcanar\/wp-content\/uploads\/usu286\/2024\/10\/ACORDS_CONSELL-ESCOLAR-4-2024.pdf\">CONSELL ESCOLAR 4-2024 (15\/10\/2024)<\/a><\/li>\n<li><a href=\"https:\/\/agora.xtec.cat\/ceip-jbserra-alcanar\/wp-content\/uploads\/usu286\/2024\/11\/ACORDS_CONSELL-ESCOLAR-5-2024.docx.pdf\">CONSELL ESCOLAR 5-2024 (06\/11\/2024)<\/a><\/li>\n<li><a href=\"https:\/\/agora.xtec.cat\/ceip-jbserra-alcanar\/wp-content\/uploads\/usu286\/2024\/12\/ACORDS_CONSELL-ESCOLAR-6-2024.docx.pdf\">CONSELL ESCOLAR 6-2024 (12\/12\/2024)<\/a><\/li>\n<li><a href=\"https:\/\/agora.xtec.cat\/ceip-jbserra-alcanar\/wp-content\/uploads\/usu286\/2025\/01\/ACORDS_CONSELL-ESCOLAR-1-2025.docx.pdf\">CONSELL ESCOLAR 1-2025 (29\/01\/2025)<\/a><\/li>\n<li><a href=\"https:\/\/agora.xtec.cat\/ceip-jbserra-alcanar\/wp-content\/uploads\/usu286\/2025\/03\/20250305_ACO_Acords_Consell_Escolar_2-2025.docx.pdf\">CONSELL ESCOLAR 2-2025 (05\/03\/2025)<\/a><\/li>\n<li><a href=\"https:\/\/agora.xtec.cat\/ceip-jbserra-alcanar\/wp-content\/uploads\/usu286\/2025\/06\/20250619_ACO_Acords_Consell_Escolar_3-2025.pdf\">CONSELL ESCOLAR 3-2025 (19\/06\/2025)<\/a><\/li>\n<\/ul>\n<p><strong>ACORDS DEL CONSELL ESCOLAR- CURS 25-26<\/strong><\/p>\n<ul>\n<li><a href=\"https:\/\/agora.xtec.cat\/ceip-jbserra-alcanar\/wp-content\/uploads\/usu286\/2025\/10\/20251022_ACO_Acords_Consell_Escolar_4-2025-1.pdf\">CONSELL ESCOLAR 4-2025 (22\/10\/2025)<\/a><\/li>\n<li><a href=\"https:\/\/agora.xtec.cat\/ceip-jbserra-alcanar\/wp-content\/uploads\/usu286\/2025\/12\/20251210_ACO_Acords_Consell_Escolar_4-2025.pdf\">CONSELL ESCOLAR 5-2025 (10\/12\/2025)<\/a><\/li>\n<li><a href=\"https:\/\/agora.xtec.cat\/ceip-jbserra-alcanar\/wp-content\/uploads\/usu286\/2026\/01\/20260128_ACO_Acords_Consell_Escolar_1-2026.pdf\">CONSELL ESCOLAR 1-2026 (28\/01\/2026)<\/a><\/li>\n<li><a href=\"https:\/\/agora.xtec.cat\/ceip-jbserra-alcanar\/wp-content\/uploads\/usu286\/2026\/03\/20260311_ACO_Acords_Consell_Escolar_2-2026.docx.pdf\">CONSELL ESCOLAR 2-2026 (11\/03\/2026)<\/a><\/li>\n<\/ul>\n","protected":false},"excerpt":{"rendered":"<p>COMPOSICI\u00d3 (A 10 de desembre de 2025) President: Josep Forcadell. (director) Cap d&#8217;Estudis: Anna Prades. Secret\u00e0ria: Sara Morales. Representant de l&#8217;Ajuntament: Xavier Barrera. Representant del Personal d&#8217;Administraci\u00f3 i Serveis: Juan Agustin Forcadell. Representat del Personal d&#8217;Atenci\u00f3 Educativa: Neus Gavald\u00e0. Representants de Fam\u00edlies: Xavier Fibla. Maria Magdalena Secareanu. \u00c0gueda Verge. Ver\u00f3nica Andr\u00e9s. Larissa Silaghi. Representant AMPA: [&hellip;]<\/p>\n","protected":false},"author":1,"featured_media":0,"parent":22,"menu_order":30,"comment_status":"closed","ping_status":"closed","template":"","meta":{"_bbp_topic_count":0,"_bbp_reply_count":0,"_bbp_total_topic_count":0,"_bbp_total_reply_count":0,"_bbp_voice_count":0,"_bbp_anonymous_reply_count":0,"_bbp_topic_count_hidden":0,"_bbp_reply_count_hidden":0,"_bbp_forum_subforum_count":0,"site-sidebar-layout":"default","site-content-layout":"","ast-site-content-layout":"default","site-content-style":"default","site-sidebar-style":"default","ast-global-header-display":"","ast-banner-title-visibility":"","ast-main-header-display":"","ast-hfb-above-header-display":"","ast-hfb-below-header-display":"","ast-hfb-mobile-header-display":"","site-post-title":"","ast-breadcrumbs-content":"","ast-featured-img":"","footer-sml-layout":"","theme-transparent-header-meta":"default","adv-header-id-meta":"","stick-header-meta":"","header-above-stick-meta":"","header-main-stick-meta":"","header-below-stick-meta":"","astra-migrate-meta-layouts":"set","ast-page-background-enabled":"default","ast-page-background-meta":{"desktop":{"background-color":"var(--ast-global-color-4)","background-image":"","background-repeat":"repeat","background-position":"center center","background-size":"auto","background-attachment":"scroll","background-type":"","background-media":"","overlay-type":"","overlay-color":"","overlay-opacity":"","overlay-gradient":""},"tablet":{"background-color":"","background-image":"","background-repeat":"repeat","background-position":"center center","background-size":"auto","background-attachment":"scroll","background-type":"","background-media":"","overlay-type":"","overlay-color":"","overlay-opacity":"","overlay-gradient":""},"mobile":{"background-color":"","background-image":"","background-repeat":"repeat","background-position":"center center","background-size":"auto","background-attachment":"scroll","background-type":"","background-media":"","overlay-type":"","overlay-color":"","overlay-opacity":"","overlay-gradient":""}},"ast-content-background-meta":{"desktop":{"background-color":"var(--ast-global-color-5)","background-image":"","background-repeat":"repeat","background-position":"center center","background-size":"auto","background-attachment":"scroll","background-type":"","background-media":"","overlay-type":"","overlay-color":"","overlay-opacity":"","overlay-gradient":""},"tablet":{"background-color":"var(--ast-global-color-5)","background-image":"","background-repeat":"repeat","background-position":"center center","background-size":"auto","background-attachment":"scroll","background-type":"","background-media":"","overlay-type":"","overlay-color":"","overlay-opacity":"","overlay-gradient":""},"mobile":{"background-color":"var(--ast-global-color-5)","background-image":"","background-repeat":"repeat","background-position":"center center","background-size":"auto","background-attachment":"scroll","background-type":"","background-media":"","overlay-type":"","overlay-color":"","overlay-opacity":"","overlay-gradient":""}},"footnotes":""},"class_list":["post-28","page","type-page","status-publish","hentry"],"post_mailing_queue_ids":[],"_links":{"self":[{"href":"https:\/\/agora.xtec.cat\/ceip-jbserra-alcanar\/wp-json\/wp\/v2\/pages\/28","targetHints":{"allow":["GET"]}}],"collection":[{"href":"https:\/\/agora.xtec.cat\/ceip-jbserra-alcanar\/wp-json\/wp\/v2\/pages"}],"about":[{"href":"https:\/\/agora.xtec.cat\/ceip-jbserra-alcanar\/wp-json\/wp\/v2\/types\/page"}],"author":[{"embeddable":true,"href":"https:\/\/agora.xtec.cat\/ceip-jbserra-alcanar\/wp-json\/wp\/v2\/users\/1"}],"replies":[{"embeddable":true,"href":"https:\/\/agora.xtec.cat\/ceip-jbserra-alcanar\/wp-json\/wp\/v2\/comments?post=28"}],"version-history":[{"count":7,"href":"https:\/\/agora.xtec.cat\/ceip-jbserra-alcanar\/wp-json\/wp\/v2\/pages\/28\/revisions"}],"predecessor-version":[{"id":10835,"href":"https:\/\/agora.xtec.cat\/ceip-jbserra-alcanar\/wp-json\/wp\/v2\/pages\/28\/revisions\/10835"}],"up":[{"embeddable":true,"href":"https:\/\/agora.xtec.cat\/ceip-jbserra-alcanar\/wp-json\/wp\/v2\/pages\/22"}],"wp:attachment":[{"href":"https:\/\/agora.xtec.cat\/ceip-jbserra-alcanar\/wp-json\/wp\/v2\/media?parent=28"}],"curies":[{"name":"wp","href":"https:\/\/api.w.org\/{rel}","templated":true}]}}