{"id":26,"date":"2014-09-18T12:24:32","date_gmt":"2014-09-18T11:24:32","guid":{"rendered":"http:\/\/agora.xtec.cat\/ceip-jbserra-alcanar\/?page_id=26"},"modified":"2020-04-22T19:20:22","modified_gmt":"2020-04-22T17:20:22","slug":"historia","status":"publish","type":"page","link":"https:\/\/agora.xtec.cat\/ceip-jbserra-alcanar\/lescola\/historia\/","title":{"rendered":"Hist\u00f2ria"},"content":{"rendered":"<p style=\"text-align: justify;\">El curs 1959-60 van comen\u00e7ar a funcionar les escoles del carrer de C\u00e0lig. Fins llavors els xiquets i xiquets d\u2019Alcanar havien anat a diferents edificis: l\u2019antic Ajuntament, el convent, l\u2019edifici que hi havia on ara es troba la biblioteca, el \u201cPalacio\u201d i altres aules improvisades.<\/p>\n<p style=\"text-align: justify;\">Degut a l\u2019augment de la matr\u00edcula escolar, motivat b\u00e0sicament per una major aflu\u00e8ncia d\u2019alumnes a les aules, les escoles del carrer de C\u00e0lig, ben aviat es van quedat petites, havent d\u2019ubicar alumnes a l\u2019antic convent i fer ampliacions al pati de les pr\u00f2pies escoles.<\/p>\n<p style=\"text-align: justify;\">Aquesta mancan\u00e7a d\u2019espais va fer necess\u00e0ria la construcci\u00f3 d\u2019un nou edifici escolar a les afores del poble, que comen\u00e7\u00e0 a funcionar el curs 1977-78. All\u00ed s\u2019hi ubic\u00e0 la llavors anomenada Segona Etapa, formada pels alumnes de 6\u00e8, 7\u00e8 i 8\u00e8 d\u2019E.G.B. quedant els cursos inferiors a l\u2019escola del carrer de C\u00e0lig, diferenciant des de llavors els dos edificis, que van passar a ser coneguts com Escoles Velles i Escoles Noves.<\/p>\n<p style=\"text-align: justify;\">Durant una revisi\u00f3 rutin\u00e0ria, feta a l\u2019estiu de 1991, per la brigada municipal, es van detectar bigues aluminoses a les Escoles Velles, la qual cosa va provocar un seguit de gestions, que van donar lloc a l\u2019ampliaci\u00f3 de les Escoles Noves, on es van traslladar tots els alumnes d\u2019Alcanar, el curs 1997-98, deixant d\u2019utilitzar-se les Escoles Velles, que foren enderrocades l\u2019any 1999 i. en seu lloc, actualment, s\u2019hi troba el Centre d\u2019Assist\u00e8ncia Prim\u00e0ria d\u2019Alcanar.<\/p>\n<p>Si en voleu saber m\u00e9s detalls, llegiu el seg\u00fcent article publicat a la revista d&#8217;Alcanar l&#8217;any 1999:<\/p>\n<div style=\"text-align: center;\">\n<div style=\"margin: 8px 0px 4px;\">\n<div style=\"text-align: center;\">\n<div style=\"margin: 8px 0px 4px;\"><a href=\"https:\/\/www.calameo.com\/books\/005819615e3491869d373\" target=\"_blank\" rel=\"noopener noreferrer\">Hist\u00f2ria de la nostra escola &#8211; Revista d&#8217;Alcanar 1999<\/a><\/div>\n<p><iframe loading=\"lazy\" src=\"\/\/v.calameo.com\/?bkcode=005819615e3491869d373\" width=\"400\" height=\"294\" frameborder=\"0\"><span data-mce-type=\"bookmark\" style=\"display: inline-block; width: 0px; overflow: hidden; line-height: 0;\" class=\"mce_SELRES_start\">\ufeff<\/span><\/iframe><\/p>\n<div style=\"margin: 4px 0px 8px;\"><\/div>\n<\/div>\n<\/div>\n<p>&nbsp;<\/p>\n<div style=\"margin: 4px 0px 8px;\"><\/div>\n<\/div>\n","protected":false},"excerpt":{"rendered":"<p>El curs 1959-60 van comen\u00e7ar a funcionar les escoles del carrer de C\u00e0lig. Fins llavors els xiquets i xiquets d\u2019Alcanar havien anat a diferents edificis: l\u2019antic Ajuntament, el convent, l\u2019edifici que hi havia on ara es troba la biblioteca, el \u201cPalacio\u201d i altres aules improvisades. Degut a l\u2019augment de la matr\u00edcula escolar, motivat b\u00e0sicament per [&hellip;]<\/p>\n","protected":false},"author":1,"featured_media":0,"parent":22,"menu_order":20,"comment_status":"closed","ping_status":"closed","template":"page-templates\/side-menu.php","meta":{"_bbp_topic_count":0,"_bbp_reply_count":0,"_bbp_total_topic_count":0,"_bbp_total_reply_count":0,"_bbp_voice_count":0,"_bbp_anonymous_reply_count":0,"_bbp_topic_count_hidden":0,"_bbp_reply_count_hidden":0,"_bbp_forum_subforum_count":0,"site-sidebar-layout":"default","site-content-layout":"","ast-site-content-layout":"","site-content-style":"default","site-sidebar-style":"default","ast-global-header-display":"","ast-banner-title-visibility":"","ast-main-header-display":"","ast-hfb-above-header-display":"","ast-hfb-below-header-display":"","ast-hfb-mobile-header-display":"","site-post-title":"","ast-breadcrumbs-content":"","ast-featured-img":"","footer-sml-layout":"","theme-transparent-header-meta":"","adv-header-id-meta":"","stick-header-meta":"","header-above-stick-meta":"","header-main-stick-meta":"","header-below-stick-meta":"","astra-migrate-meta-layouts":"default","ast-page-background-enabled":"default","ast-page-background-meta":{"desktop":{"background-color":"var(--ast-global-color-4)","background-image":"","background-repeat":"repeat","background-position":"center center","background-size":"auto","background-attachment":"scroll","background-type":"","background-media":"","overlay-type":"","overlay-color":"","overlay-opacity":"","overlay-gradient":""},"tablet":{"background-color":"","background-image":"","background-repeat":"repeat","background-position":"center center","background-size":"auto","background-attachment":"scroll","background-type":"","background-media":"","overlay-type":"","overlay-color":"","overlay-opacity":"","overlay-gradient":""},"mobile":{"background-color":"","background-image":"","background-repeat":"repeat","background-position":"center center","background-size":"auto","background-attachment":"scroll","background-type":"","background-media":"","overlay-type":"","overlay-color":"","overlay-opacity":"","overlay-gradient":""}},"ast-content-background-meta":{"desktop":{"background-color":"var(--ast-global-color-5)","background-image":"","background-repeat":"repeat","background-position":"center center","background-size":"auto","background-attachment":"scroll","background-type":"","background-media":"","overlay-type":"","overlay-color":"","overlay-opacity":"","overlay-gradient":""},"tablet":{"background-color":"var(--ast-global-color-5)","background-image":"","background-repeat":"repeat","background-position":"center center","background-size":"auto","background-attachment":"scroll","background-type":"","background-media":"","overlay-type":"","overlay-color":"","overlay-opacity":"","overlay-gradient":""},"mobile":{"background-color":"var(--ast-global-color-5)","background-image":"","background-repeat":"repeat","background-position":"center center","background-size":"auto","background-attachment":"scroll","background-type":"","background-media":"","overlay-type":"","overlay-color":"","overlay-opacity":"","overlay-gradient":""}},"footnotes":""},"class_list":["post-26","page","type-page","status-publish","hentry"],"post_mailing_queue_ids":[],"_links":{"self":[{"href":"https:\/\/agora.xtec.cat\/ceip-jbserra-alcanar\/wp-json\/wp\/v2\/pages\/26","targetHints":{"allow":["GET"]}}],"collection":[{"href":"https:\/\/agora.xtec.cat\/ceip-jbserra-alcanar\/wp-json\/wp\/v2\/pages"}],"about":[{"href":"https:\/\/agora.xtec.cat\/ceip-jbserra-alcanar\/wp-json\/wp\/v2\/types\/page"}],"author":[{"embeddable":true,"href":"https:\/\/agora.xtec.cat\/ceip-jbserra-alcanar\/wp-json\/wp\/v2\/users\/1"}],"replies":[{"embeddable":true,"href":"https:\/\/agora.xtec.cat\/ceip-jbserra-alcanar\/wp-json\/wp\/v2\/comments?post=26"}],"version-history":[{"count":3,"href":"https:\/\/agora.xtec.cat\/ceip-jbserra-alcanar\/wp-json\/wp\/v2\/pages\/26\/revisions"}],"predecessor-version":[{"id":5481,"href":"https:\/\/agora.xtec.cat\/ceip-jbserra-alcanar\/wp-json\/wp\/v2\/pages\/26\/revisions\/5481"}],"up":[{"embeddable":true,"href":"https:\/\/agora.xtec.cat\/ceip-jbserra-alcanar\/wp-json\/wp\/v2\/pages\/22"}],"wp:attachment":[{"href":"https:\/\/agora.xtec.cat\/ceip-jbserra-alcanar\/wp-json\/wp\/v2\/media?parent=26"}],"curies":[{"name":"wp","href":"https:\/\/api.w.org\/{rel}","templated":true}]}}