{"id":10545,"date":"2025-11-07T10:43:39","date_gmt":"2025-11-07T09:43:39","guid":{"rendered":"https:\/\/agora.xtec.cat\/ceip-jbserra-alcanar\/?page_id=10545"},"modified":"2026-03-27T11:00:38","modified_gmt":"2026-03-27T10:00:38","slug":"radio-jbserra-2","status":"publish","type":"page","link":"https:\/\/agora.xtec.cat\/ceip-jbserra-alcanar\/radio-jbserra-2\/","title":{"rendered":"R\u00c0DIOJBS"},"content":{"rendered":"<p>L&#8217;alumnat de 2n de l&#8217;escola realitza un taller de R\u00c0DIO durant tot el curs. En esta p\u00e0gina s&#8217;aniran penjant els diferents programes que es vagin realitzant al taller.<\/p>\n<p><span style=\"font-size: 12pt;\"><a href=\"https:\/\/agora.xtec.cat\/ceip-jbserra-alcanar\/radio-jbserra-24_25\/\"><span style=\"background-color: #ccffff;\"><strong><span style=\"color: #0000ff; background-color: #ccffff;\">CURS 2024-2025<\/span><\/strong><\/span><\/a><\/span><\/p>\n<p><span style=\"font-size: 18pt;\"><strong><span style=\"background-color: #ffcc99; color: #ff6600;\">CURS 2025-2026<\/span><\/strong><\/span><\/p>\n<p><span style=\"font-size: 12pt;\"><strong>GRUP 3<\/strong><\/span><\/p>\n<p><span style=\"background-color: #ffff00;\"><strong><span style=\"font-size: 14pt; background-color: #ffff00;\">PROGRAMA 2 GRUP 3. 12_03_2026<\/span><\/strong><\/span><\/p>\n<p><a href=\"https:\/\/drive.google.com\/file\/d\/10Reii5JxesNCsEOYY62G6arZ5yq4V474\/view?usp=drive_link\"><img loading=\"lazy\" decoding=\"async\" class=\"aligncenter wp-image-10132 size-full\" src=\"https:\/\/agora.xtec.cat\/ceip-jbserra-alcanar\/wp-content\/uploads\/usu286\/2025\/02\/Screenshot_2025-02-28-09-54-59.png\" alt=\"\" width=\"1533\" height=\"135\" srcset=\"https:\/\/agora.xtec.cat\/ceip-jbserra-alcanar\/wp-content\/uploads\/usu286\/2025\/02\/Screenshot_2025-02-28-09-54-59.png 1533w, https:\/\/agora.xtec.cat\/ceip-jbserra-alcanar\/wp-content\/uploads\/usu286\/2025\/02\/Screenshot_2025-02-28-09-54-59-300x26.png 300w, https:\/\/agora.xtec.cat\/ceip-jbserra-alcanar\/wp-content\/uploads\/usu286\/2025\/02\/Screenshot_2025-02-28-09-54-59-1024x90.png 1024w, https:\/\/agora.xtec.cat\/ceip-jbserra-alcanar\/wp-content\/uploads\/usu286\/2025\/02\/Screenshot_2025-02-28-09-54-59-768x68.png 768w\" sizes=\"auto, (max-width: 1533px) 100vw, 1533px\" \/><\/a><\/p>\n<p><span style=\"background-color: #ffffff;\"><span style=\"font-size: 14pt; background-color: #ffffff;\">PROGRAMA 1 GRUP 3. 26_02_2026<\/span><\/span><\/p>\n<!--[if lt IE 9]><script>document.createElement('audio');<\/script><![endif]-->\n<audio class=\"wp-audio-shortcode\" id=\"audio-10545-1\" preload=\"none\" style=\"width: 100%;\" controls=\"controls\"><source type=\"audio\/mpeg\" src=\"https:\/\/agora.xtec.cat\/ceip-jbserra-alcanar\/wp-content\/uploads\/usu286\/2026\/03\/PROGRAMA-26_2_2026.mp3?_=1\" \/><a href=\"https:\/\/agora.xtec.cat\/ceip-jbserra-alcanar\/wp-content\/uploads\/usu286\/2026\/03\/PROGRAMA-26_2_2026.mp3\">https:\/\/agora.xtec.cat\/ceip-jbserra-alcanar\/wp-content\/uploads\/usu286\/2026\/03\/PROGRAMA-26_2_2026.mp3<\/a><\/audio>\n<p><strong>GRUP 2<\/strong><\/p>\n<p><span style=\"font-size: 14pt; background-color: #ffffff;\">PROGRAMA FINAL GRUP 2. 29_01_2026<\/span><\/p>\n<audio class=\"wp-audio-shortcode\" id=\"audio-10545-2\" preload=\"none\" style=\"width: 100%;\" controls=\"controls\"><source type=\"audio\/mpeg\" src=\"https:\/\/agora.xtec.cat\/ceip-jbserra-alcanar\/wp-content\/uploads\/usu286\/2026\/02\/PROGRAMA-29_01_26.mp3?_=2\" \/><a href=\"https:\/\/agora.xtec.cat\/ceip-jbserra-alcanar\/wp-content\/uploads\/usu286\/2026\/02\/PROGRAMA-29_01_26.mp3\">https:\/\/agora.xtec.cat\/ceip-jbserra-alcanar\/wp-content\/uploads\/usu286\/2026\/02\/PROGRAMA-29_01_26.mp3<\/a><\/audio>\n<p><span style=\"font-size: 14pt; background-color: #ffffff;\">PROGRAMA 2. 14_01_2026<\/span><\/p>\n<audio class=\"wp-audio-shortcode\" id=\"audio-10545-3\" preload=\"none\" style=\"width: 100%;\" controls=\"controls\"><source type=\"audio\/mpeg\" src=\"https:\/\/agora.xtec.cat\/ceip-jbserra-alcanar\/wp-content\/uploads\/usu286\/2026\/01\/PROGRAMA-14_1_26.mp3?_=3\" \/><a href=\"https:\/\/agora.xtec.cat\/ceip-jbserra-alcanar\/wp-content\/uploads\/usu286\/2026\/01\/PROGRAMA-14_1_26.mp3\">https:\/\/agora.xtec.cat\/ceip-jbserra-alcanar\/wp-content\/uploads\/usu286\/2026\/01\/PROGRAMA-14_1_26.mp3<\/a><\/audio>\n<p><span style=\"background-color: #ffffff;\">PROGRAMA 1. 11_12_25<\/span><\/p>\n<audio class=\"wp-audio-shortcode\" id=\"audio-10545-4\" preload=\"none\" style=\"width: 100%;\" controls=\"controls\"><source type=\"audio\/mpeg\" src=\"https:\/\/agora.xtec.cat\/ceip-jbserra-alcanar\/wp-content\/uploads\/usu286\/2026\/01\/PROGRAMA-11_12_25.mp3?_=4\" \/><a href=\"https:\/\/agora.xtec.cat\/ceip-jbserra-alcanar\/wp-content\/uploads\/usu286\/2026\/01\/PROGRAMA-11_12_25.mp3\">https:\/\/agora.xtec.cat\/ceip-jbserra-alcanar\/wp-content\/uploads\/usu286\/2026\/01\/PROGRAMA-11_12_25.mp3<\/a><\/audio>\n<p><strong>GRUP 1<\/strong><\/p>\n<p>PROGRAMA 3. FINAL DE GRUP 1. 28_11_2025<\/p>\n<audio class=\"wp-audio-shortcode\" id=\"audio-10545-5\" preload=\"none\" style=\"width: 100%;\" controls=\"controls\"><source type=\"audio\/mpeg\" src=\"https:\/\/agora.xtec.cat\/ceip-jbserra-alcanar\/wp-content\/uploads\/usu286\/2025\/11\/PROGRAMA-FINAL.-20_11_25.mp3?_=5\" \/><a href=\"https:\/\/agora.xtec.cat\/ceip-jbserra-alcanar\/wp-content\/uploads\/usu286\/2025\/11\/PROGRAMA-FINAL.-20_11_25.mp3\">https:\/\/agora.xtec.cat\/ceip-jbserra-alcanar\/wp-content\/uploads\/usu286\/2025\/11\/PROGRAMA-FINAL.-20_11_25.mp3<\/a><\/audio>\n<p>PROGRAMA 2. 06_11_2025<\/p>\n<audio class=\"wp-audio-shortcode\" id=\"audio-10545-6\" preload=\"none\" style=\"width: 100%;\" controls=\"controls\"><source type=\"audio\/mpeg\" src=\"https:\/\/agora.xtec.cat\/ceip-jbserra-alcanar\/wp-content\/uploads\/usu286\/2025\/11\/PROGRAMA-2_06_11_25.mp3?_=6\" \/><a href=\"https:\/\/agora.xtec.cat\/ceip-jbserra-alcanar\/wp-content\/uploads\/usu286\/2025\/11\/PROGRAMA-2_06_11_25.mp3\">https:\/\/agora.xtec.cat\/ceip-jbserra-alcanar\/wp-content\/uploads\/usu286\/2025\/11\/PROGRAMA-2_06_11_25.mp3<\/a><\/audio>\n<p>PROGRAMA 1. 16_10_2025<\/p>\n<audio class=\"wp-audio-shortcode\" id=\"audio-10545-7\" preload=\"none\" style=\"width: 100%;\" controls=\"controls\"><source type=\"audio\/mpeg\" src=\"https:\/\/agora.xtec.cat\/ceip-jbserra-alcanar\/wp-content\/uploads\/usu286\/2025\/11\/PROGRAMA-1-16_10_2015.mp3?_=7\" \/><a href=\"https:\/\/agora.xtec.cat\/ceip-jbserra-alcanar\/wp-content\/uploads\/usu286\/2025\/11\/PROGRAMA-1-16_10_2015.mp3\">https:\/\/agora.xtec.cat\/ceip-jbserra-alcanar\/wp-content\/uploads\/usu286\/2025\/11\/PROGRAMA-1-16_10_2015.mp3<\/a><\/audio>\n","protected":false},"excerpt":{"rendered":"<p>L&#8217;alumnat de 2n de l&#8217;escola realitza un taller de R\u00c0DIO durant tot el curs. En esta p\u00e0gina s&#8217;aniran penjant els diferents programes que es vagin realitzant al taller. CURS 2024-2025 CURS 2025-2026 GRUP 3 PROGRAMA 2 GRUP 3. 12_03_2026 PROGRAMA 1 GRUP 3. 26_02_2026 GRUP 2 PROGRAMA FINAL GRUP 2. 29_01_2026 PROGRAMA 2. 14_01_2026 PROGRAMA [&hellip;]<\/p>\n","protected":false},"author":1,"featured_media":0,"parent":0,"menu_order":0,"comment_status":"closed","ping_status":"closed","template":"","meta":{"_bbp_topic_count":0,"_bbp_reply_count":0,"_bbp_total_topic_count":0,"_bbp_total_reply_count":0,"_bbp_voice_count":0,"_bbp_anonymous_reply_count":0,"_bbp_topic_count_hidden":0,"_bbp_reply_count_hidden":0,"_bbp_forum_subforum_count":0,"site-sidebar-layout":"default","site-content-layout":"","ast-site-content-layout":"default","site-content-style":"default","site-sidebar-style":"default","ast-global-header-display":"","ast-banner-title-visibility":"","ast-main-header-display":"","ast-hfb-above-header-display":"","ast-hfb-below-header-display":"","ast-hfb-mobile-header-display":"","site-post-title":"","ast-breadcrumbs-content":"","ast-featured-img":"","footer-sml-layout":"","theme-transparent-header-meta":"default","adv-header-id-meta":"","stick-header-meta":"","header-above-stick-meta":"","header-main-stick-meta":"","header-below-stick-meta":"","astra-migrate-meta-layouts":"set","ast-page-background-enabled":"default","ast-page-background-meta":{"desktop":{"background-color":"var(--ast-global-color-4)","background-image":"","background-repeat":"repeat","background-position":"center center","background-size":"auto","background-attachment":"scroll","background-type":"","background-media":"","overlay-type":"","overlay-color":"","overlay-opacity":"","overlay-gradient":""},"tablet":{"background-color":"","background-image":"","background-repeat":"repeat","background-position":"center center","background-size":"auto","background-attachment":"scroll","background-type":"","background-media":"","overlay-type":"","overlay-color":"","overlay-opacity":"","overlay-gradient":""},"mobile":{"background-color":"","background-image":"","background-repeat":"repeat","background-position":"center center","background-size":"auto","background-attachment":"scroll","background-type":"","background-media":"","overlay-type":"","overlay-color":"","overlay-opacity":"","overlay-gradient":""}},"ast-content-background-meta":{"desktop":{"background-color":"var(--ast-global-color-5)","background-image":"","background-repeat":"repeat","background-position":"center center","background-size":"auto","background-attachment":"scroll","background-type":"","background-media":"","overlay-type":"","overlay-color":"","overlay-opacity":"","overlay-gradient":""},"tablet":{"background-color":"var(--ast-global-color-5)","background-image":"","background-repeat":"repeat","background-position":"center center","background-size":"auto","background-attachment":"scroll","background-type":"","background-media":"","overlay-type":"","overlay-color":"","overlay-opacity":"","overlay-gradient":""},"mobile":{"background-color":"var(--ast-global-color-5)","background-image":"","background-repeat":"repeat","background-position":"center center","background-size":"auto","background-attachment":"scroll","background-type":"","background-media":"","overlay-type":"","overlay-color":"","overlay-opacity":"","overlay-gradient":""}},"footnotes":""},"class_list":["post-10545","page","type-page","status-publish","hentry"],"post_mailing_queue_ids":[],"_links":{"self":[{"href":"https:\/\/agora.xtec.cat\/ceip-jbserra-alcanar\/wp-json\/wp\/v2\/pages\/10545","targetHints":{"allow":["GET"]}}],"collection":[{"href":"https:\/\/agora.xtec.cat\/ceip-jbserra-alcanar\/wp-json\/wp\/v2\/pages"}],"about":[{"href":"https:\/\/agora.xtec.cat\/ceip-jbserra-alcanar\/wp-json\/wp\/v2\/types\/page"}],"author":[{"embeddable":true,"href":"https:\/\/agora.xtec.cat\/ceip-jbserra-alcanar\/wp-json\/wp\/v2\/users\/1"}],"replies":[{"embeddable":true,"href":"https:\/\/agora.xtec.cat\/ceip-jbserra-alcanar\/wp-json\/wp\/v2\/comments?post=10545"}],"version-history":[{"count":6,"href":"https:\/\/agora.xtec.cat\/ceip-jbserra-alcanar\/wp-json\/wp\/v2\/pages\/10545\/revisions"}],"predecessor-version":[{"id":10856,"href":"https:\/\/agora.xtec.cat\/ceip-jbserra-alcanar\/wp-json\/wp\/v2\/pages\/10545\/revisions\/10856"}],"wp:attachment":[{"href":"https:\/\/agora.xtec.cat\/ceip-jbserra-alcanar\/wp-json\/wp\/v2\/media?parent=10545"}],"curies":[{"name":"wp","href":"https:\/\/api.w.org\/{rel}","templated":true}]}}