{"id":10099,"date":"2025-03-11T13:01:25","date_gmt":"2025-03-11T12:01:25","guid":{"rendered":"https:\/\/agora.xtec.cat\/ceip-jbserra-alcanar\/?page_id=10099"},"modified":"2026-03-27T13:18:32","modified_gmt":"2026-03-27T12:18:32","slug":"biblioteca-%f0%9f%93%96","status":"publish","type":"page","link":"https:\/\/agora.xtec.cat\/ceip-jbserra-alcanar\/biblioteca-%f0%9f%93%96\/","title":{"rendered":"BIBLIOTECA \ud83d\udcd6"},"content":{"rendered":"<p>En aquesta p\u00e0gina s&#8217;aniran publicant not\u00edcies, informacions i activitats relacionades amb la biblioteca.<\/p>\n<p><span style=\"font-family: 'comic sans ms', sans-serif; color: #0000ff; background-color: #ccffff; font-size: 14pt;\"><strong>RECOMANACIONS DE LECTURES<\/strong><\/span><\/p>\n<p>Per a la primavera compartim una selecci\u00f3 de 8 llibres per a infants i familiars, entre els que hi ha una guia per l&#8217;educaci\u00f3 en l&#8217;univers de les pantalles i\u00a0 consells a favor del sentit com\u00fa.\u00a0 Bones lectures tinguem. (CLIQUEU DAMUNT LA IMATGE PER AMPLIAR)<\/p>\n<p><a href=\"https:\/\/agora.xtec.cat\/ceip-jbserra-alcanar\/wp-content\/uploads\/usu286\/2026\/03\/RECOMANACIONS-DE-LECTURA-2.pdf\"><img loading=\"lazy\" decoding=\"async\" class=\"alignleft wp-image-10858\" src=\"https:\/\/agora.xtec.cat\/ceip-jbserra-alcanar\/wp-content\/uploads\/usu286\/2026\/03\/RECOMANACIONS.jpg\" alt=\"\" width=\"284\" height=\"390\" srcset=\"https:\/\/agora.xtec.cat\/ceip-jbserra-alcanar\/wp-content\/uploads\/usu286\/2026\/03\/RECOMANACIONS.jpg 564w, https:\/\/agora.xtec.cat\/ceip-jbserra-alcanar\/wp-content\/uploads\/usu286\/2026\/03\/RECOMANACIONS-218x300.jpg 218w\" sizes=\"auto, (max-width: 284px) 100vw, 284px\" \/><\/a><\/p>\n<p>&nbsp;<\/p>\n<p>&nbsp;<\/p>\n<p>&nbsp;<\/p>\n<p>&nbsp;<\/p>\n<p>&nbsp;<\/p>\n<p>&nbsp;<\/p>\n<p>&nbsp;<\/p>\n<p>&nbsp;<\/p>\n<p>&nbsp;<\/p>\n<p><span style=\"color: #ff6600;\"><strong><span style=\"font-size: 18pt;\">Llengua i Cohesi\u00f3 Social: 21 de febrer<\/span><\/strong><\/span><\/p>\n<p><span style=\"color: #0000ff;\">Eva Sancho Fibla<\/span><\/p>\n<p><strong>21 de febrer, <a href=\"https:\/\/projectes.xtec.cat\/origen\/general\/dia-de-la-llengua-materna-2026\/\">dia internacional de la llengua<\/a><\/strong><strong> materna (DILM)<\/strong><\/p>\n<p>Les fam\u00edlies tamb\u00e9 van participar en una activitat ling\u00fc\u00edstica oberta a l&#8217;entorn amb col\u00b7laboraci\u00f3, especialment per als aprenents inicials, per con\u00e8ixer algunes paraules significatives de la llengua amb que van aprendre a parlar els xiquets i les xiquetes de l&#8217;escola.<\/p>\n<p>Un recull de paraules escrites, a un paper rectangular de color, com objectes la majoria entre altres com plantes, animals, expressions d&#8217;emocions positives&#8230; escrites totes elles amb les respectives lleng\u00fces maternes de l&#8217;alumnat i tamb\u00e9 amb la llengua catalana eina vehicular d&#8217;aprenentatge i comunicaci\u00f3 de l&#8217;escola.<\/p>\n<p>Tal com apareix a la imatge fotografiada amb m\u00e9s detall, paraules\u00a0 acompanyades d&#8217;un dibuix\u00a0 per donar sentit personal i expressi\u00f3 art\u00edstica a la llengua escrita i parlada.<\/p>\n<p>Al clicar la imatge es poden veure fotografies de l&#8217;exposici\u00f3 de dibuixos i paraules que decoren l&#8217;entrada de l&#8217;edifici principal de l&#8217;escola Joan Baptista Serra.<\/p>\n<p><a href=\"https:\/\/photos.app.goo.gl\/Bs1zFkAgRzSjwgDeA\"><img loading=\"lazy\" decoding=\"async\" class=\"alignleft wp-image-10809 size-full\" src=\"https:\/\/agora.xtec.cat\/ceip-jbserra-alcanar\/wp-content\/uploads\/usu286\/2026\/03\/llengues-maternes.jpg\" alt=\"\" width=\"281\" height=\"466\" srcset=\"https:\/\/agora.xtec.cat\/ceip-jbserra-alcanar\/wp-content\/uploads\/usu286\/2026\/03\/llengues-maternes.jpg 281w, https:\/\/agora.xtec.cat\/ceip-jbserra-alcanar\/wp-content\/uploads\/usu286\/2026\/03\/llengues-maternes-181x300.jpg 181w\" sizes=\"auto, (max-width: 281px) 100vw, 281px\" \/><\/a><\/p>\n<p>&nbsp;<\/p>\n<p>&nbsp;<\/p>\n<p>&nbsp;<\/p>\n<p>&nbsp;<\/p>\n<p>&nbsp;<\/p>\n<p>&nbsp;<\/p>\n<p>&nbsp;<\/p>\n<p>&nbsp;<\/p>\n<p>&nbsp;<\/p>\n<p>&nbsp;<\/p>\n<p>&nbsp;<\/p>\n<p><strong><span style=\"font-size: 18pt;\">Nou recurs de la BiblioJBSerra<\/span><\/strong><\/p>\n<p>La biblioteca de l\u2019escola vol compartir que\u00a0 s\u2019ha rebut en pr\u00e9stec, des del Centre de Recursos pedag\u00f2gics (CRP), una maleta de cartr\u00f3 amb m\u00e9s de vuitanta llibres de lectura de la parla del catal\u00e0 occidental tamb\u00e9 d\u2019autores i autors de les Terres de l\u2019Ebre.<\/p>\n<p><img loading=\"lazy\" decoding=\"async\" class=\"wp-image-10700 alignleft\" src=\"https:\/\/agora.xtec.cat\/ceip-jbserra-alcanar\/wp-content\/uploads\/usu286\/2026\/01\/LLibres_maletaCRP.jpg\" alt=\"\" width=\"538\" height=\"303\" srcset=\"https:\/\/agora.xtec.cat\/ceip-jbserra-alcanar\/wp-content\/uploads\/usu286\/2026\/01\/LLibres_maletaCRP.jpg 1024w, https:\/\/agora.xtec.cat\/ceip-jbserra-alcanar\/wp-content\/uploads\/usu286\/2026\/01\/LLibres_maletaCRP-300x169.jpg 300w, https:\/\/agora.xtec.cat\/ceip-jbserra-alcanar\/wp-content\/uploads\/usu286\/2026\/01\/LLibres_maletaCRP-768x432.jpg 768w\" sizes=\"auto, (max-width: 538px) 100vw, 538px\" \/><\/p>\n<p>&nbsp;<\/p>\n<p>&nbsp;<\/p>\n<p>&nbsp;<\/p>\n<p>&nbsp;<\/p>\n<p>&nbsp;<\/p>\n<p>&nbsp;<\/p>\n<p>&nbsp;<\/p>\n<p>&nbsp;<\/p>\n<p><span style=\"color: #0000ff;\">Eva Sancho Fibla<\/span><\/p>\n<p>&nbsp;<\/p>\n","protected":false},"excerpt":{"rendered":"<p>En aquesta p\u00e0gina s&#8217;aniran publicant not\u00edcies, informacions i activitats relacionades amb la biblioteca. RECOMANACIONS DE LECTURES Per a la primavera compartim una selecci\u00f3 de 8 llibres per a infants i familiars, entre els que hi ha una guia per l&#8217;educaci\u00f3 en l&#8217;univers de les pantalles i\u00a0 consells a favor del sentit com\u00fa.\u00a0 Bones lectures tinguem. [&hellip;]<\/p>\n","protected":false},"author":1,"featured_media":0,"parent":0,"menu_order":0,"comment_status":"closed","ping_status":"closed","template":"","meta":{"_bbp_topic_count":0,"_bbp_reply_count":0,"_bbp_total_topic_count":0,"_bbp_total_reply_count":0,"_bbp_voice_count":0,"_bbp_anonymous_reply_count":0,"_bbp_topic_count_hidden":0,"_bbp_reply_count_hidden":0,"_bbp_forum_subforum_count":0,"site-sidebar-layout":"default","site-content-layout":"","ast-site-content-layout":"default","site-content-style":"default","site-sidebar-style":"default","ast-global-header-display":"","ast-banner-title-visibility":"","ast-main-header-display":"","ast-hfb-above-header-display":"","ast-hfb-below-header-display":"","ast-hfb-mobile-header-display":"","site-post-title":"","ast-breadcrumbs-content":"","ast-featured-img":"","footer-sml-layout":"","theme-transparent-header-meta":"default","adv-header-id-meta":"","stick-header-meta":"","header-above-stick-meta":"","header-main-stick-meta":"","header-below-stick-meta":"","astra-migrate-meta-layouts":"set","ast-page-background-enabled":"default","ast-page-background-meta":{"desktop":{"background-color":"var(--ast-global-color-4)","background-image":"","background-repeat":"repeat","background-position":"center center","background-size":"auto","background-attachment":"scroll","background-type":"","background-media":"","overlay-type":"","overlay-color":"","overlay-opacity":"","overlay-gradient":""},"tablet":{"background-color":"","background-image":"","background-repeat":"repeat","background-position":"center center","background-size":"auto","background-attachment":"scroll","background-type":"","background-media":"","overlay-type":"","overlay-color":"","overlay-opacity":"","overlay-gradient":""},"mobile":{"background-color":"","background-image":"","background-repeat":"repeat","background-position":"center center","background-size":"auto","background-attachment":"scroll","background-type":"","background-media":"","overlay-type":"","overlay-color":"","overlay-opacity":"","overlay-gradient":""}},"ast-content-background-meta":{"desktop":{"background-color":"var(--ast-global-color-5)","background-image":"","background-repeat":"repeat","background-position":"center center","background-size":"auto","background-attachment":"scroll","background-type":"","background-media":"","overlay-type":"","overlay-color":"","overlay-opacity":"","overlay-gradient":""},"tablet":{"background-color":"var(--ast-global-color-5)","background-image":"","background-repeat":"repeat","background-position":"center center","background-size":"auto","background-attachment":"scroll","background-type":"","background-media":"","overlay-type":"","overlay-color":"","overlay-opacity":"","overlay-gradient":""},"mobile":{"background-color":"var(--ast-global-color-5)","background-image":"","background-repeat":"repeat","background-position":"center center","background-size":"auto","background-attachment":"scroll","background-type":"","background-media":"","overlay-type":"","overlay-color":"","overlay-opacity":"","overlay-gradient":""}},"footnotes":""},"class_list":["post-10099","page","type-page","status-publish","hentry"],"post_mailing_queue_ids":[],"_links":{"self":[{"href":"https:\/\/agora.xtec.cat\/ceip-jbserra-alcanar\/wp-json\/wp\/v2\/pages\/10099","targetHints":{"allow":["GET"]}}],"collection":[{"href":"https:\/\/agora.xtec.cat\/ceip-jbserra-alcanar\/wp-json\/wp\/v2\/pages"}],"about":[{"href":"https:\/\/agora.xtec.cat\/ceip-jbserra-alcanar\/wp-json\/wp\/v2\/types\/page"}],"author":[{"embeddable":true,"href":"https:\/\/agora.xtec.cat\/ceip-jbserra-alcanar\/wp-json\/wp\/v2\/users\/1"}],"replies":[{"embeddable":true,"href":"https:\/\/agora.xtec.cat\/ceip-jbserra-alcanar\/wp-json\/wp\/v2\/comments?post=10099"}],"version-history":[{"count":6,"href":"https:\/\/agora.xtec.cat\/ceip-jbserra-alcanar\/wp-json\/wp\/v2\/pages\/10099\/revisions"}],"predecessor-version":[{"id":10861,"href":"https:\/\/agora.xtec.cat\/ceip-jbserra-alcanar\/wp-json\/wp\/v2\/pages\/10099\/revisions\/10861"}],"wp:attachment":[{"href":"https:\/\/agora.xtec.cat\/ceip-jbserra-alcanar\/wp-json\/wp\/v2\/media?parent=10099"}],"curies":[{"name":"wp","href":"https:\/\/api.w.org\/{rel}","templated":true}]}}