{"id":77,"date":"2014-09-18T14:05:08","date_gmt":"2014-09-18T13:05:08","guid":{"rendered":"http:\/\/agora.xtec.cat\/ceip-jbalmes-cervera\/?page_id=77"},"modified":"2025-09-01T17:38:30","modified_gmt":"2025-09-01T15:38:30","slug":"acollida","status":"publish","type":"page","link":"https:\/\/agora.xtec.cat\/ceip-jbalmes-cervera\/afa\/acollida\/","title":{"rendered":"Acollida matinal"},"content":{"rendered":"<p>Ajudem a les fam\u00edlies a millorar la consciliaci\u00f3 familiar. Per aix\u00f2, des del primer dia de curs oferim l&#8217;acollida matinal d&#8217;aquell alumnat m\u00e9s matiner.<\/p>\n<p>Horari: de 7:50h a 9:00h<\/p>\n<ul>\n<li>Inscripci\u00f3 en horari fix, ompliu el <strong><a href=\"https:\/\/forms.gle\/BCsQ2oAaUivcbEti8\">formulari<\/a><\/strong><\/li>\n<li>Inscripci\u00f3 puntual, contacteu amb la coordinadora a:\u00a0 <strong><a href=\"mailto:afa.activitats@jaumebalmescervera.cat\">afa.activitats@jaumebalmescervera.cat<\/a><\/strong><\/li>\n<\/ul>\n<p>Durant l&#8217;acollida l&#8217;alumnat esmorzar\u00e0 i far\u00e0 activitats variades com tallers, jocs de taula&#8230;<a href=\"https:\/\/agora.xtec.cat\/ceip-jbalmes-cervera\/wp-content\/uploads\/usu479\/2024\/11\/2024-ACOLLIDA-MATINAL-e1731606325639.jpg\"><img loading=\"lazy\" decoding=\"async\" class=\"wp-image-12091 aligncenter\" src=\"https:\/\/agora.xtec.cat\/ceip-jbalmes-cervera\/wp-content\/uploads\/usu479\/2024\/11\/2024-ACOLLIDA-MATINAL-e1731606325639-1024x525.jpg\" alt=\"\" width=\"331\" height=\"170\" srcset=\"https:\/\/agora.xtec.cat\/ceip-jbalmes-cervera\/wp-content\/uploads\/usu479\/2024\/11\/2024-ACOLLIDA-MATINAL-e1731606325639-1024x525.jpg 1024w, https:\/\/agora.xtec.cat\/ceip-jbalmes-cervera\/wp-content\/uploads\/usu479\/2024\/11\/2024-ACOLLIDA-MATINAL-e1731606325639-300x154.jpg 300w, https:\/\/agora.xtec.cat\/ceip-jbalmes-cervera\/wp-content\/uploads\/usu479\/2024\/11\/2024-ACOLLIDA-MATINAL-e1731606325639-768x394.jpg 768w, https:\/\/agora.xtec.cat\/ceip-jbalmes-cervera\/wp-content\/uploads\/usu479\/2024\/11\/2024-ACOLLIDA-MATINAL-e1731606325639-1536x788.jpg 1536w, https:\/\/agora.xtec.cat\/ceip-jbalmes-cervera\/wp-content\/uploads\/usu479\/2024\/11\/2024-ACOLLIDA-MATINAL-e1731606325639.jpg 1730w\" sizes=\"auto, (max-width: 331px) 100vw, 331px\" \/><\/a><\/p>\n<p>Preu:<\/p>\n<table style=\"border-collapse: collapse; width: 52.6061%;\">\n<tbody>\n<tr>\n<td style=\"width: 17.8181%;\"><\/td>\n<td style=\"width: 18.1818%; text-align: center;\"><strong>Socis<\/strong><\/td>\n<td style=\"width: 16.6061%; text-align: center;\"><strong>No socis<\/strong><\/td>\n<\/tr>\n<tr>\n<td style=\"width: 17.8181%; text-align: center;\"><strong>Mensual<\/strong><\/td>\n<td style=\"width: 18.1818%; text-align: center;\"><strong>30\u20ac<\/strong><\/td>\n<td style=\"width: 16.6061%; text-align: center;\"><strong>40\u20ac<\/strong><\/td>\n<\/tr>\n<\/tbody>\n<\/table>\n<p>Per poder gaudir d&#8217;aquest servei cal estar al corrent del pagament de la quota de l&#8217;AFA.<\/p>\n","protected":false},"excerpt":{"rendered":"<p>Ajudem a les fam\u00edlies a millorar la consciliaci\u00f3 familiar. Per aix\u00f2, des del primer dia de curs oferim l&#8217;acollida matinal d&#8217;aquell alumnat m\u00e9s matiner. Horari: de 7:50h a 9:00h Inscripci\u00f3 en horari fix, ompliu el formulari Inscripci\u00f3 puntual, contacteu amb la coordinadora a:\u00a0 afa.activitats@jaumebalmescervera.cat Durant l&#8217;acollida l&#8217;alumnat esmorzar\u00e0 i far\u00e0 activitats variades com tallers, jocs [&hellip;]<\/p>\n","protected":false},"author":1,"featured_media":0,"parent":11470,"menu_order":2,"comment_status":"closed","ping_status":"closed","template":"page-templates\/side-menu.php","meta":{"_bbp_topic_count":0,"_bbp_reply_count":0,"_bbp_total_topic_count":0,"_bbp_total_reply_count":0,"_bbp_voice_count":0,"_bbp_anonymous_reply_count":0,"_bbp_topic_count_hidden":0,"_bbp_reply_count_hidden":0,"_bbp_forum_subforum_count":0,"site-sidebar-layout":"default","site-content-layout":"","ast-site-content-layout":"","site-content-style":"default","site-sidebar-style":"default","ast-global-header-display":"","ast-banner-title-visibility":"","ast-main-header-display":"","ast-hfb-above-header-display":"","ast-hfb-below-header-display":"","ast-hfb-mobile-header-display":"","site-post-title":"","ast-breadcrumbs-content":"","ast-featured-img":"","footer-sml-layout":"","theme-transparent-header-meta":"","adv-header-id-meta":"","stick-header-meta":"","header-above-stick-meta":"","header-main-stick-meta":"","header-below-stick-meta":"","astra-migrate-meta-layouts":"default","ast-page-background-enabled":"default","ast-page-background-meta":{"desktop":{"background-color":"var(--ast-global-color-4)","background-image":"","background-repeat":"repeat","background-position":"center center","background-size":"auto","background-attachment":"scroll","background-type":"","background-media":"","overlay-type":"","overlay-color":"","overlay-opacity":"","overlay-gradient":""},"tablet":{"background-color":"","background-image":"","background-repeat":"repeat","background-position":"center center","background-size":"auto","background-attachment":"scroll","background-type":"","background-media":"","overlay-type":"","overlay-color":"","overlay-opacity":"","overlay-gradient":""},"mobile":{"background-color":"","background-image":"","background-repeat":"repeat","background-position":"center center","background-size":"auto","background-attachment":"scroll","background-type":"","background-media":"","overlay-type":"","overlay-color":"","overlay-opacity":"","overlay-gradient":""}},"ast-content-background-meta":{"desktop":{"background-color":"var(--ast-global-color-5)","background-image":"","background-repeat":"repeat","background-position":"center center","background-size":"auto","background-attachment":"scroll","background-type":"","background-media":"","overlay-type":"","overlay-color":"","overlay-opacity":"","overlay-gradient":""},"tablet":{"background-color":"var(--ast-global-color-5)","background-image":"","background-repeat":"repeat","background-position":"center center","background-size":"auto","background-attachment":"scroll","background-type":"","background-media":"","overlay-type":"","overlay-color":"","overlay-opacity":"","overlay-gradient":""},"mobile":{"background-color":"var(--ast-global-color-5)","background-image":"","background-repeat":"repeat","background-position":"center center","background-size":"auto","background-attachment":"scroll","background-type":"","background-media":"","overlay-type":"","overlay-color":"","overlay-opacity":"","overlay-gradient":""}},"footnotes":""},"class_list":["post-77","page","type-page","status-publish","hentry"],"post_mailing_queue_ids":[],"_links":{"self":[{"href":"https:\/\/agora.xtec.cat\/ceip-jbalmes-cervera\/wp-json\/wp\/v2\/pages\/77","targetHints":{"allow":["GET"]}}],"collection":[{"href":"https:\/\/agora.xtec.cat\/ceip-jbalmes-cervera\/wp-json\/wp\/v2\/pages"}],"about":[{"href":"https:\/\/agora.xtec.cat\/ceip-jbalmes-cervera\/wp-json\/wp\/v2\/types\/page"}],"author":[{"embeddable":true,"href":"https:\/\/agora.xtec.cat\/ceip-jbalmes-cervera\/wp-json\/wp\/v2\/users\/1"}],"replies":[{"embeddable":true,"href":"https:\/\/agora.xtec.cat\/ceip-jbalmes-cervera\/wp-json\/wp\/v2\/comments?post=77"}],"version-history":[{"count":6,"href":"https:\/\/agora.xtec.cat\/ceip-jbalmes-cervera\/wp-json\/wp\/v2\/pages\/77\/revisions"}],"predecessor-version":[{"id":12771,"href":"https:\/\/agora.xtec.cat\/ceip-jbalmes-cervera\/wp-json\/wp\/v2\/pages\/77\/revisions\/12771"}],"up":[{"embeddable":true,"href":"https:\/\/agora.xtec.cat\/ceip-jbalmes-cervera\/wp-json\/wp\/v2\/pages\/11470"}],"wp:attachment":[{"href":"https:\/\/agora.xtec.cat\/ceip-jbalmes-cervera\/wp-json\/wp\/v2\/media?parent=77"}],"curies":[{"name":"wp","href":"https:\/\/api.w.org\/{rel}","templated":true}]}}