{"id":26,"date":"2014-09-18T12:24:32","date_gmt":"2014-09-18T11:24:32","guid":{"rendered":"http:\/\/agora.xtec.cat\/ceip-jbalmes-cervera\/?page_id=26"},"modified":"2025-07-12T13:19:12","modified_gmt":"2025-07-12T11:19:12","slug":"historia","status":"publish","type":"page","link":"https:\/\/agora.xtec.cat\/ceip-jbalmes-cervera\/lescola\/historia\/","title":{"rendered":"Hist\u00f2ria"},"content":{"rendered":"<blockquote>\n<p><span style=\"color: #00ccff;\"><em>Espai en progr\u00e9s. Disculpeu les mol\u00e8sties.<\/em><\/span>.<\/p>\n<\/blockquote>\n\n\n<p>.<\/p>\n\n\n\n<p><strong>La construcci\u00f3 de l&#8217;escola<\/strong>.<\/p>\n\n\n\n<p>L&#8217;any 1933, el Ministeri d&#8217;Instrucci\u00f3 P\u00fablica va aprovar el projecte de construcci\u00f3 d&#8217;un nou edifici de nova planta destinat a escoles graduades. L&#8217;aportaci\u00f3 que havia de fer l&#8217;Ajuntament corresponia al 30% del cost de l&#8217;obra i era de 116.475,95 pessetes, a ingressar abans de comen\u00e7ar l&#8217;obra, per\u00f2 un any despr\u00e9s el Consell municipal encara no havia fet l&#8217;ingr\u00e9s. S&#8217;observa, un cop m\u00e9s, la manca de voluntat; era evident que existia un alentiment intencionat en no voler comen\u00e7ar l&#8217;obra. Malgrat tot, l&#8217;aleshores regidor Dom\u00e8nec Puigredon va desbloquejar l&#8217;afer manifestant que s&#8217;havia de treballar a fi de resoldre&#8217;l, deixant de banda qualsevol subterfugi, car no era hora de buscar raons ni de donar la culpa a ning\u00fa, i manifest\u00e0 que la minoria republicana tenia la voluntat de col\u00b7laborar-hi.<\/p>\n\n\n\n<p>El mes d&#8217;octubre de 1934 per fi se sign\u00e0 l&#8217;escriptura per la qual &#8220;La Caixa de Pensions&#8221; concedia un cr\u00e8dit de 450.000 pessetes, i l&#8217;Ajuntament va ingressar a disposici\u00f3 de la Direcci\u00f3 General d&#8217;Ensenyament Primari l&#8217;aportaci\u00f3 de 162.106,48 pessetes, per a la construcci\u00f3 del grup escolar. Pocs dies despr\u00e9s es van iniciar les obres sota la direcci\u00f3 de l&#8217;arquitecte provincial <a href=\"https:\/\/ca.wikipedia.org\/wiki\/Ignasi_de_Villalonga_i_Casa%C3%B1es\">Ignasi de Villalonga<\/a>, autor del projecte.<\/p>\n\n\n\n<p>El Consell municipal va insistir en la instal\u00b7laci\u00f3 d&#8217;un sistema de calefacci\u00f3 central a proposta de la Junta local d&#8217;Ensenyament Primari. El seu cost era de 42.005,27 pessetes, de les quals a l&#8217;Ajuntament n&#8217;hi corresponia pagar 12.601,72, diners que el mes de juliol de 1936 se&#8217;n feu c\u00e0rrec el Consell de Ministres, com a aportaci\u00f3 addicional per al projecte d&#8217;instal\u00b7laci\u00f3 de la calefacci\u00f3.<\/p>\n\n\n\n<p>.<\/p>\n\n\n\n<figure class=\"wp-block-image aligncenter size-full is-resized\"><a href=\"https:\/\/agora.xtec.cat\/ceip-jbalmes-cervera\/wp-content\/uploads\/usu479\/2025\/03\/Construcci_-de-lescola-Jaume-Balmes-any-1935-1.jpg\"><img loading=\"lazy\" decoding=\"async\" width=\"454\" height=\"397\" src=\"https:\/\/agora.xtec.cat\/ceip-jbalmes-cervera\/wp-content\/uploads\/usu479\/2025\/03\/Construcci_-de-lescola-Jaume-Balmes-any-1935-1.jpg\" alt=\"\" class=\"wp-image-12247\" style=\"width:477px;height:auto\" srcset=\"https:\/\/agora.xtec.cat\/ceip-jbalmes-cervera\/wp-content\/uploads\/usu479\/2025\/03\/Construcci_-de-lescola-Jaume-Balmes-any-1935-1.jpg 454w, https:\/\/agora.xtec.cat\/ceip-jbalmes-cervera\/wp-content\/uploads\/usu479\/2025\/03\/Construcci_-de-lescola-Jaume-Balmes-any-1935-1-300x262.jpg 300w\" sizes=\"auto, (max-width: 454px) 100vw, 454px\" \/><\/a><figcaption class=\"wp-element-caption\"><em><sup>Arxiu Comarcal de la Segarra (ACSG); Fons Agust\u00ed Duran i Sanpere, registre: 2; data foto: 1935; descripci\u00f3: Vista a\u00e8ria Cervera: tra\u00e7a de vies de comunicaci\u00f3: carrers.<\/sup><\/em><\/figcaption><\/figure>\n\n\n\n<figure class=\"wp-block-image aligncenter size-large is-resized\"><a href=\"https:\/\/agora.xtec.cat\/ceip-jbalmes-cervera\/wp-content\/uploads\/usu479\/2025\/05\/Construccio-_-1935-_-AHCS-_-Gomez-Grau-rotated.jpg\"><img loading=\"lazy\" decoding=\"async\" width=\"1024\" height=\"747\" src=\"https:\/\/agora.xtec.cat\/ceip-jbalmes-cervera\/wp-content\/uploads\/usu479\/2025\/05\/Construccio-_-1935-_-AHCS-_-Gomez-Grau-1024x747.jpg\" alt=\"\" class=\"wp-image-12569\" style=\"width:475px;height:auto\" srcset=\"https:\/\/agora.xtec.cat\/ceip-jbalmes-cervera\/wp-content\/uploads\/usu479\/2025\/05\/Construccio-_-1935-_-AHCS-_-Gomez-Grau-1024x747.jpg 1024w, https:\/\/agora.xtec.cat\/ceip-jbalmes-cervera\/wp-content\/uploads\/usu479\/2025\/05\/Construccio-_-1935-_-AHCS-_-Gomez-Grau-300x219.jpg 300w, https:\/\/agora.xtec.cat\/ceip-jbalmes-cervera\/wp-content\/uploads\/usu479\/2025\/05\/Construccio-_-1935-_-AHCS-_-Gomez-Grau-768x560.jpg 768w, https:\/\/agora.xtec.cat\/ceip-jbalmes-cervera\/wp-content\/uploads\/usu479\/2025\/05\/Construccio-_-1935-_-AHCS-_-Gomez-Grau-1536x1121.jpg 1536w, https:\/\/agora.xtec.cat\/ceip-jbalmes-cervera\/wp-content\/uploads\/usu479\/2025\/05\/Construccio-_-1935-_-AHCS-_-Gomez-Grau-2048x1494.jpg 2048w\" sizes=\"auto, (max-width: 1024px) 100vw, 1024px\" \/><\/a><figcaption class=\"wp-element-caption\"><sup><em>Construcci\u00f3. Any 1935. AHCS. Foto G\u00f3mez Grau.<\/em><\/sup><\/figcaption><\/figure>\n\n\n\n<figure class=\"wp-block-image aligncenter size-large is-resized\"><a href=\"https:\/\/agora.xtec.cat\/ceip-jbalmes-cervera\/wp-content\/uploads\/usu479\/2025\/05\/Accident-durant-les-obres-_-1935-_-AHCS-_-Gomez-Grau-scaled.jpg\"><img loading=\"lazy\" decoding=\"async\" width=\"1024\" height=\"734\" src=\"https:\/\/agora.xtec.cat\/ceip-jbalmes-cervera\/wp-content\/uploads\/usu479\/2025\/05\/Accident-durant-les-obres-_-1935-_-AHCS-_-Gomez-Grau-1024x734.jpg\" alt=\"\" class=\"wp-image-12570\" style=\"width:471px;height:auto\" srcset=\"https:\/\/agora.xtec.cat\/ceip-jbalmes-cervera\/wp-content\/uploads\/usu479\/2025\/05\/Accident-durant-les-obres-_-1935-_-AHCS-_-Gomez-Grau-1024x734.jpg 1024w, https:\/\/agora.xtec.cat\/ceip-jbalmes-cervera\/wp-content\/uploads\/usu479\/2025\/05\/Accident-durant-les-obres-_-1935-_-AHCS-_-Gomez-Grau-300x215.jpg 300w, https:\/\/agora.xtec.cat\/ceip-jbalmes-cervera\/wp-content\/uploads\/usu479\/2025\/05\/Accident-durant-les-obres-_-1935-_-AHCS-_-Gomez-Grau-768x550.jpg 768w, https:\/\/agora.xtec.cat\/ceip-jbalmes-cervera\/wp-content\/uploads\/usu479\/2025\/05\/Accident-durant-les-obres-_-1935-_-AHCS-_-Gomez-Grau-1536x1100.jpg 1536w, https:\/\/agora.xtec.cat\/ceip-jbalmes-cervera\/wp-content\/uploads\/usu479\/2025\/05\/Accident-durant-les-obres-_-1935-_-AHCS-_-Gomez-Grau-2048x1467.jpg 2048w\" sizes=\"auto, (max-width: 1024px) 100vw, 1024px\" \/><\/a><figcaption class=\"wp-element-caption\"><sup><em>Accident durant les obres. Any 1935. AHCS. Foto G\u00f3mez Grau.<\/em><\/sup><\/figcaption><\/figure>\n\n\n\n<figure class=\"wp-block-image aligncenter size-large is-resized\"><a href=\"https:\/\/agora.xtec.cat\/ceip-jbalmes-cervera\/wp-content\/uploads\/usu479\/2025\/05\/Vista-de-la-part-posterior-_-1935-_-AHCS-_-Gomez-Grau-scaled.jpg\"><img loading=\"lazy\" decoding=\"async\" width=\"1024\" height=\"714\" src=\"https:\/\/agora.xtec.cat\/ceip-jbalmes-cervera\/wp-content\/uploads\/usu479\/2025\/05\/Vista-de-la-part-posterior-_-1935-_-AHCS-_-Gomez-Grau-1024x714.jpg\" alt=\"\" class=\"wp-image-12572\" style=\"width:464px;height:auto\" srcset=\"https:\/\/agora.xtec.cat\/ceip-jbalmes-cervera\/wp-content\/uploads\/usu479\/2025\/05\/Vista-de-la-part-posterior-_-1935-_-AHCS-_-Gomez-Grau-1024x714.jpg 1024w, https:\/\/agora.xtec.cat\/ceip-jbalmes-cervera\/wp-content\/uploads\/usu479\/2025\/05\/Vista-de-la-part-posterior-_-1935-_-AHCS-_-Gomez-Grau-300x209.jpg 300w, https:\/\/agora.xtec.cat\/ceip-jbalmes-cervera\/wp-content\/uploads\/usu479\/2025\/05\/Vista-de-la-part-posterior-_-1935-_-AHCS-_-Gomez-Grau-768x536.jpg 768w, https:\/\/agora.xtec.cat\/ceip-jbalmes-cervera\/wp-content\/uploads\/usu479\/2025\/05\/Vista-de-la-part-posterior-_-1935-_-AHCS-_-Gomez-Grau-1536x1071.jpg 1536w, https:\/\/agora.xtec.cat\/ceip-jbalmes-cervera\/wp-content\/uploads\/usu479\/2025\/05\/Vista-de-la-part-posterior-_-1935-_-AHCS-_-Gomez-Grau-2048x1428.jpg 2048w\" sizes=\"auto, (max-width: 1024px) 100vw, 1024px\" \/><\/a><figcaption class=\"wp-element-caption\"><em><sup>Vista de la part posterior. Any 1935. AHCS. Foto G\u00f3mez Grau.<\/sup><\/em><\/figcaption><\/figure>\n\n\n\n<figure class=\"wp-block-image aligncenter size-large is-resized\"><a href=\"https:\/\/agora.xtec.cat\/ceip-jbalmes-cervera\/wp-content\/uploads\/usu479\/2025\/05\/Part-posterior-_-AHCS-_-Gomez-Grau-scaled.jpg\"><img loading=\"lazy\" decoding=\"async\" width=\"744\" height=\"1024\" src=\"https:\/\/agora.xtec.cat\/ceip-jbalmes-cervera\/wp-content\/uploads\/usu479\/2025\/05\/Part-posterior-_-AHCS-_-Gomez-Grau-744x1024.jpg\" alt=\"\" class=\"wp-image-12573\" style=\"width:466px;height:auto\" srcset=\"https:\/\/agora.xtec.cat\/ceip-jbalmes-cervera\/wp-content\/uploads\/usu479\/2025\/05\/Part-posterior-_-AHCS-_-Gomez-Grau-744x1024.jpg 744w, https:\/\/agora.xtec.cat\/ceip-jbalmes-cervera\/wp-content\/uploads\/usu479\/2025\/05\/Part-posterior-_-AHCS-_-Gomez-Grau-218x300.jpg 218w, https:\/\/agora.xtec.cat\/ceip-jbalmes-cervera\/wp-content\/uploads\/usu479\/2025\/05\/Part-posterior-_-AHCS-_-Gomez-Grau-768x1057.jpg 768w, https:\/\/agora.xtec.cat\/ceip-jbalmes-cervera\/wp-content\/uploads\/usu479\/2025\/05\/Part-posterior-_-AHCS-_-Gomez-Grau-1117x1536.jpg 1117w, https:\/\/agora.xtec.cat\/ceip-jbalmes-cervera\/wp-content\/uploads\/usu479\/2025\/05\/Part-posterior-_-AHCS-_-Gomez-Grau-1489x2048.jpg 1489w, https:\/\/agora.xtec.cat\/ceip-jbalmes-cervera\/wp-content\/uploads\/usu479\/2025\/05\/Part-posterior-_-AHCS-_-Gomez-Grau-scaled.jpg 1861w\" sizes=\"auto, (max-width: 744px) 100vw, 744px\" \/><\/a><figcaption class=\"wp-element-caption\"><sup><em>Part posterior. AHCS. Foto G\u00f3mez Grau.<\/em><\/sup><\/figcaption><\/figure>\n\n\n\n<p>.<\/p>\n\n\n\n<p>En aquells anys, l&#8217;escola p\u00fablica de nenes estava empla\u00e7ada a l&#8217;edifici &#8220;d&#8217;Educandas&#8221;, despla\u00e7ant-se el 1934 a un local del carrer Major, possiblement a causa de les obres que es realitzaren per situar all\u00e0 la Biblioteca Popular. La graduada de nenes estava situada al carrer Estudivell (a l&#8217;edifici dels Jutjats), mentre la graduada de nens es trobava a l&#8217;edifici del &#8220;Prado catal\u00e1n&#8221;, i la unit\u00e0ria de nens en un local del carrer Major. En el curs 1936\/37 les quatre escoles p\u00fabliques passaren a instal\u00b7lar-se en el nou grup escolar.<\/p>\n\n\n\n<p><\/p>\n\n\n\n<p><strong>L&#8217;inici de les classes.<\/strong><\/p>\n\n\n\n<p>Les classes al nou grup escolar van comen\u00e7ar el 15 d&#8217;octubre de 1936 i es van veure interrompudes el 28 de mar\u00e7 de 1938 a causa de la proximitat del front i de l&#8217;habilitaci\u00f3 del grup escolar com a hospital militar; malgrat els intents per part de l&#8217;Ajuntament i del Consell local d&#8217;ensenyament primari, les classes ja no van poder continuar.<\/p>\n\n\n\n<p><\/p>\n\n\n\n<p><strong>La Guerra Civil.<\/strong><\/p>\n\n\n\n<p>A l&#8217;abril de 1938, Catalunya va passar a convertir-se en l&#8217;escenari principal de la guerra. En aquest context, l&#8217;alt comandament republic\u00e0 va preparar l&#8217;atac a les posicions enemigues de Balaguer, la Baronia, Tremp, Sort i Ser\u00f3s. Els preparatius van incloure l&#8217;organitzaci\u00f3 dels serveis sanitaris que els caps de la sanitat del XVIII i l&#8217;XI Cos d&#8217;Ex\u00e8rcit van ordenar que s&#8217;establissin a Cervera i Sana\u00fcja, respectivament. <\/p>\n\n\n\n<p>A principis de maig de 1938 el Grup Escolar (avui, l&#8217;Escola Jaume Balmes) i els baixos de l&#8217;edifici de la Universitat van habilitar-se com a hospital militar dependent del XVIII Cos d&#8217;Ex\u00e8rcit republic\u00e0. La instal\u00b7laci\u00f3, amb cl\u00ednica quir\u00fargica i cl\u00ednica m\u00e8dica, estava preparada per a 962 llits.<\/p>\n\n\n\n<p>.<\/p>\n\n\n\n<figure class=\"wp-block-image aligncenter size-large is-resized\"><a href=\"https:\/\/agora.xtec.cat\/ceip-jbalmes-cervera\/wp-content\/uploads\/usu479\/2025\/05\/L2-Espais-de-la-Reraguarda-_-Escola-Jaume-Balmes.jpg\"><img loading=\"lazy\" decoding=\"async\" width=\"1024\" height=\"768\" src=\"https:\/\/agora.xtec.cat\/ceip-jbalmes-cervera\/wp-content\/uploads\/usu479\/2025\/05\/L2-Espais-de-la-Reraguarda-_-Escola-Jaume-Balmes-1024x768.jpg\" alt=\"\" class=\"wp-image-12534\" style=\"object-fit:cover;width:474px;height:auto\" srcset=\"https:\/\/agora.xtec.cat\/ceip-jbalmes-cervera\/wp-content\/uploads\/usu479\/2025\/05\/L2-Espais-de-la-Reraguarda-_-Escola-Jaume-Balmes-1024x768.jpg 1024w, https:\/\/agora.xtec.cat\/ceip-jbalmes-cervera\/wp-content\/uploads\/usu479\/2025\/05\/L2-Espais-de-la-Reraguarda-_-Escola-Jaume-Balmes-300x225.jpg 300w, https:\/\/agora.xtec.cat\/ceip-jbalmes-cervera\/wp-content\/uploads\/usu479\/2025\/05\/L2-Espais-de-la-Reraguarda-_-Escola-Jaume-Balmes-768x576.jpg 768w, https:\/\/agora.xtec.cat\/ceip-jbalmes-cervera\/wp-content\/uploads\/usu479\/2025\/05\/L2-Espais-de-la-Reraguarda-_-Escola-Jaume-Balmes-1536x1152.jpg 1536w, https:\/\/agora.xtec.cat\/ceip-jbalmes-cervera\/wp-content\/uploads\/usu479\/2025\/05\/L2-Espais-de-la-Reraguarda-_-Escola-Jaume-Balmes-200x150.jpg 200w, https:\/\/agora.xtec.cat\/ceip-jbalmes-cervera\/wp-content\/uploads\/usu479\/2025\/05\/L2-Espais-de-la-Reraguarda-_-Escola-Jaume-Balmes.jpg 1984w\" sizes=\"auto, (max-width: 1024px) 100vw, 1024px\" \/><\/a><figcaption class=\"wp-element-caption\"><sup><em>Plaf\u00f3 L\u00ednia L-2. Itinerari pels espais de la Guerra Civil a la Segarra.<\/em><\/sup><\/figcaption><\/figure>\n\n\n\n<p>.<\/p>\n\n\n\n<p>L&#8217;atac simultani contra aquelles posicions franquistes, que tingu\u00e9 lloc el 22 de maig de 1938, va provocar una allau humana de ferits i malalts, que ja no va aturar-se fins a l&#8217;evacuaci\u00f3 de l&#8217;hospital militar a comen\u00e7ament de gener de 1939.<\/p>\n\n\n\n<p>Amb l&#8217;ocupaci\u00f3 de Cervera per part de les tropes franquistes, el 16 de gener de 1939, les depend\u00e8ncies de l&#8217;hospital van ser utilitzades per diverses unitats d&#8217;aquest ex\u00e8rcit.<\/p>\n\n\n\n<p><\/p>\n\n\n\n<p><strong>Els anys de la postguerra: de les escoles graduades a l&#8217;escola mixta.<\/strong><\/p>\n\n\n\n<p>Com ja hem esmentat anteriorment, l&#8217;escola Jaume Balmes fou inaugurada el curs 1936-1937, amb dotze aules: sis per a l&#8217;escola graduada de nenes, que ocupava el primer pis, i sis per a l&#8217;escola graduada de nens, que es trobava a la planta baixa. <\/p>\n\n\n\n<p>La primera acta que es t\u00e9 de l&#8217;escola graduada de nenes \u00e9s del 1940. Fins a l&#8217;any 1963, en el qual s&#8217;unificaren les dues escoles en una de sola (Grup Escolar Mixt de Cervera) i en una sola direcci\u00f3, les dues escoles funcionaren separadament: hi havia dos claustres i dos directors (una directora per a les nenes i un director per als nens).<\/p>\n\n\n\n<p>A partir del curs 1966-1967 es convert\u00ed en escola comarcal, ja que se suprim\u00ed la major part de les escoles unit\u00e0ries de les rodalies de Cervera, i els alumnes d&#8217;aquests centres es concentraren a l&#8217;Escola Jaume Balmes. Aquest fet implic\u00e0 que s&#8217;endegu\u00e9s el menjador escolar i el servei de transports amb autocars.<\/p>\n\n\n\n<p><\/p>\n\n\n\n<p><strong>La d\u00e8cada dels anys 70<\/strong>.<\/p>\n\n\n\n<p>Amb motiu d&#8217;unes obres a l&#8217;escola que es van allargar per un per\u00edode de dos cursos (anys 1972 i 1973), alguns grups d&#8217;alumnes es van haver de traslladar a l&#8217;edifici de la Universitat, on hi havia l&#8217;institut de batxillerat.<\/p>\n\n\n\n<p><\/p>\n\n\n\n<p><strong>El 50\u00e8 aniversari<\/strong>.<\/p>\n\n\n\n<p>L&#8217;escola va celebrar el seu 50\u00e8 aniversari el curs 1986\/87, en concret durant el mes de maig de 1987, programant-se diferents actes (confer\u00e8ncies, cantata, teatre, mostra de treballs de pl\u00e0stica, exposici\u00f3 de fotografies&#8230; i festa final), i editant aquest fullet\u00f3 commemoratiu.<\/p>\n\n\n\n<p>.<\/p>\n\n\n\n<p><\/p>\n\n\n\n<div data-wp-interactive=\"core\/file\" class=\"wp-block-file\"><object data-wp-bind--hidden=\"!state.hasPdfPreview\" hidden class=\"wp-block-file__embed\" data=\"https:\/\/agora.xtec.cat\/ceip-jbalmes-cervera\/wp-content\/uploads\/usu479\/2025\/05\/50anysCPJaumeBalmes.pdf\" type=\"application\/pdf\" style=\"width:100%;height:600px\" aria-label=\"Incrustaci\u00f3 del fitxer 50anysCPJaumeBalmes.\"><\/object><a id=\"wp-block-file--media-44dabbf7-2bc2-4775-9fea-45ec7c86bb5e\" href=\"https:\/\/agora.xtec.cat\/ceip-jbalmes-cervera\/wp-content\/uploads\/usu479\/2025\/05\/50anysCPJaumeBalmes.pdf\">50anysCPJaumeBalmes<\/a><a href=\"https:\/\/agora.xtec.cat\/ceip-jbalmes-cervera\/wp-content\/uploads\/usu479\/2025\/05\/50anysCPJaumeBalmes.pdf\" class=\"wp-block-file__button wp-element-button\" download aria-describedby=\"wp-block-file--media-44dabbf7-2bc2-4775-9fea-45ec7c86bb5e\">Baixa<\/a><\/div>\n\n\n\n<p>.<\/p>\n\n\n\n<p><\/p>\n\n\n\n<p><strong>Bibliografia.<\/strong><\/p>\n\n\n\n<ul class=\"wp-block-list\">\n<li><sup>Escola Jaume Balmes (maig 1987). <em>50 anys del Col\u00b7legi P\u00fablic Jaume Balmes de Cervera.<\/em><\/sup><\/li>\n\n\n\n<li><sub>Llona Porredon, Albert (2016). <em>L&#8217;ensenyament primari a Cervera, 1875-1939.<\/em><\/sub><\/li>\n<\/ul>\n\n\n\n<p><\/p>\n","protected":false},"excerpt":{"rendered":"<p>Espai en progr\u00e9s. Disculpeu les mol\u00e8sties.. . La construcci\u00f3 de l&#8217;escola. L&#8217;any 1933, el Ministeri d&#8217;Instrucci\u00f3 P\u00fablica va aprovar el projecte de construcci\u00f3 d&#8217;un nou edifici de nova planta destinat a escoles graduades. L&#8217;aportaci\u00f3 que havia de fer l&#8217;Ajuntament corresponia al 30% del cost de l&#8217;obra i era de 116.475,95 pessetes, a ingressar abans de [&hellip;]<\/p>\n","protected":false},"author":1,"featured_media":0,"parent":22,"menu_order":20,"comment_status":"closed","ping_status":"closed","template":"page-templates\/side-menu.php","meta":{"_bbp_topic_count":0,"_bbp_reply_count":0,"_bbp_total_topic_count":0,"_bbp_total_reply_count":0,"_bbp_voice_count":0,"_bbp_anonymous_reply_count":0,"_bbp_topic_count_hidden":0,"_bbp_reply_count_hidden":0,"_bbp_forum_subforum_count":0,"site-sidebar-layout":"default","site-content-layout":"","ast-site-content-layout":"","site-content-style":"default","site-sidebar-style":"default","ast-global-header-display":"","ast-banner-title-visibility":"","ast-main-header-display":"","ast-hfb-above-header-display":"","ast-hfb-below-header-display":"","ast-hfb-mobile-header-display":"","site-post-title":"","ast-breadcrumbs-content":"","ast-featured-img":"","footer-sml-layout":"","theme-transparent-header-meta":"","adv-header-id-meta":"","stick-header-meta":"","header-above-stick-meta":"","header-main-stick-meta":"","header-below-stick-meta":"","astra-migrate-meta-layouts":"default","ast-page-background-enabled":"default","ast-page-background-meta":{"desktop":{"background-color":"var(--ast-global-color-4)","background-image":"","background-repeat":"repeat","background-position":"center center","background-size":"auto","background-attachment":"scroll","background-type":"","background-media":"","overlay-type":"","overlay-color":"","overlay-opacity":"","overlay-gradient":""},"tablet":{"background-color":"","background-image":"","background-repeat":"repeat","background-position":"center center","background-size":"auto","background-attachment":"scroll","background-type":"","background-media":"","overlay-type":"","overlay-color":"","overlay-opacity":"","overlay-gradient":""},"mobile":{"background-color":"","background-image":"","background-repeat":"repeat","background-position":"center center","background-size":"auto","background-attachment":"scroll","background-type":"","background-media":"","overlay-type":"","overlay-color":"","overlay-opacity":"","overlay-gradient":""}},"ast-content-background-meta":{"desktop":{"background-color":"var(--ast-global-color-5)","background-image":"","background-repeat":"repeat","background-position":"center center","background-size":"auto","background-attachment":"scroll","background-type":"","background-media":"","overlay-type":"","overlay-color":"","overlay-opacity":"","overlay-gradient":""},"tablet":{"background-color":"var(--ast-global-color-5)","background-image":"","background-repeat":"repeat","background-position":"center center","background-size":"auto","background-attachment":"scroll","background-type":"","background-media":"","overlay-type":"","overlay-color":"","overlay-opacity":"","overlay-gradient":""},"mobile":{"background-color":"var(--ast-global-color-5)","background-image":"","background-repeat":"repeat","background-position":"center center","background-size":"auto","background-attachment":"scroll","background-type":"","background-media":"","overlay-type":"","overlay-color":"","overlay-opacity":"","overlay-gradient":""}},"footnotes":""},"class_list":["post-26","page","type-page","status-publish","hentry"],"post_mailing_queue_ids":[],"_links":{"self":[{"href":"https:\/\/agora.xtec.cat\/ceip-jbalmes-cervera\/wp-json\/wp\/v2\/pages\/26","targetHints":{"allow":["GET"]}}],"collection":[{"href":"https:\/\/agora.xtec.cat\/ceip-jbalmes-cervera\/wp-json\/wp\/v2\/pages"}],"about":[{"href":"https:\/\/agora.xtec.cat\/ceip-jbalmes-cervera\/wp-json\/wp\/v2\/types\/page"}],"author":[{"embeddable":true,"href":"https:\/\/agora.xtec.cat\/ceip-jbalmes-cervera\/wp-json\/wp\/v2\/users\/1"}],"replies":[{"embeddable":true,"href":"https:\/\/agora.xtec.cat\/ceip-jbalmes-cervera\/wp-json\/wp\/v2\/comments?post=26"}],"version-history":[{"count":6,"href":"https:\/\/agora.xtec.cat\/ceip-jbalmes-cervera\/wp-json\/wp\/v2\/pages\/26\/revisions"}],"predecessor-version":[{"id":12755,"href":"https:\/\/agora.xtec.cat\/ceip-jbalmes-cervera\/wp-json\/wp\/v2\/pages\/26\/revisions\/12755"}],"up":[{"embeddable":true,"href":"https:\/\/agora.xtec.cat\/ceip-jbalmes-cervera\/wp-json\/wp\/v2\/pages\/22"}],"wp:attachment":[{"href":"https:\/\/agora.xtec.cat\/ceip-jbalmes-cervera\/wp-json\/wp\/v2\/media?parent=26"}],"curies":[{"name":"wp","href":"https:\/\/api.w.org\/{rel}","templated":true}]}}