{"id":11470,"date":"2023-10-04T19:14:03","date_gmt":"2023-10-04T17:14:03","guid":{"rendered":"https:\/\/agora.xtec.cat\/ceip-jbalmes-cervera\/?page_id=11470"},"modified":"2025-09-15T19:40:51","modified_gmt":"2025-09-15T17:40:51","slug":"afa","status":"publish","type":"page","link":"https:\/\/agora.xtec.cat\/ceip-jbalmes-cervera\/afa\/","title":{"rendered":"AFA"},"content":{"rendered":"<p><img loading=\"lazy\" decoding=\"async\" class=\" wp-image-11474 aligncenter\" src=\"https:\/\/agora.xtec.cat\/ceip-jbalmes-cervera\/wp-content\/uploads\/usu479\/2023\/10\/AFA_JBALMES.png\" alt=\"Logotip Afa Escola Jaume Balmes\" width=\"315\" height=\"189\" srcset=\"https:\/\/agora.xtec.cat\/ceip-jbalmes-cervera\/wp-content\/uploads\/usu479\/2023\/10\/AFA_JBALMES.png 423w, https:\/\/agora.xtec.cat\/ceip-jbalmes-cervera\/wp-content\/uploads\/usu479\/2023\/10\/AFA_JBALMES-300x180.png 300w\" sizes=\"auto, (max-width: 315px) 100vw, 315px\" \/><\/p>\n<p>L\u2019AFA est\u00e0 formada per totes les fam\u00edlies s\u00f2cies inscrites que, de manera volunt\u00e0ria, contribu\u00efm a la millora de la qualitat del sistema educatiu p\u00fablic i de les condicions d\u2019escolaritzaci\u00f3 de tot l&#8217;alumnat de l&#8217;Escola.<\/p>\n<p><strong>Com ho fem?<\/strong><\/p>\n<ul>\n<li>Som la veu de les fam\u00edlies a les comissions i al consell escolar,<\/li>\n<li>fem un seguiment del servei de menjador,<\/li>\n<li>gestionem el projecte de reutilitzaci\u00f3 de llibres de text,<\/li>\n<li>col\u00b7laborem a les activitats de l&#8217;escola,<\/li>\n<li>organitzem l&#8217;acollida matinal, les activitats extraescolars i propostes de lleure per les darreres setmanes de juny i<\/li>\n<li>participem a les festes de Cervera.<\/li>\n<\/ul>\n<p>Ho fem possible amb l&#8217;aportaci\u00f3 de <strong>25\u20ac anuals per fam\u00edlia<\/strong> que reinvertim en l&#8217;alumnat i l&#8217;escola.<\/p>\n<p><strong>Descomptes per a les fam\u00edlies s\u00f2cies<\/strong>:<\/p>\n<ul>\n<li>A totes les activitats que organitzem<\/li>\n<li>En la reutilitzaci\u00f3 dels llibres de text a partir de 3r de prim\u00e0ria<\/li>\n<\/ul>\n<p><strong>Feu-vos socis!<\/strong><\/p>\n<p>Per ser fam\u00edlia s\u00f2cia nom\u00e9s cal que ompliu aquest <strong><span style=\"color: #993366;\"><a style=\"color: #993366;\" href=\"https:\/\/forms.gle\/5PkDiBQhnaLYgKyq8\">formulari<\/a><\/span>.<\/strong><\/p>\n<p>I si voleu m\u00e9s informaci\u00f3, podeu contactar-nos al correu electr\u00f2nic <a href=\"mailto:afa@jaumebalmescervera.cat\"><strong>afa@jaumebalmescervera.cat\u00a0<\/strong><\/a><\/p>\n<p>Podeu veure tot el que fem a instagram. Seguiu-nos <strong>@afa_jaumebalmescervera<\/strong><\/p>\n<p data-wp-editing=\"1\">\n","protected":false},"excerpt":{"rendered":"<p>L\u2019AFA est\u00e0 formada per totes les fam\u00edlies s\u00f2cies inscrites que, de manera volunt\u00e0ria, contribu\u00efm a la millora de la qualitat del sistema educatiu p\u00fablic i de les condicions d\u2019escolaritzaci\u00f3 de tot l&#8217;alumnat de l&#8217;Escola. Com ho fem? Som la veu de les fam\u00edlies a les comissions i al consell escolar, fem un seguiment del servei [&hellip;]<\/p>\n","protected":false},"author":79,"featured_media":0,"parent":0,"menu_order":0,"comment_status":"closed","ping_status":"closed","template":"page-templates\/side-menu.php","meta":{"_bbp_topic_count":0,"_bbp_reply_count":0,"_bbp_total_topic_count":0,"_bbp_total_reply_count":0,"_bbp_voice_count":0,"_bbp_anonymous_reply_count":0,"_bbp_topic_count_hidden":0,"_bbp_reply_count_hidden":0,"_bbp_forum_subforum_count":0,"site-sidebar-layout":"default","site-content-layout":"","ast-site-content-layout":"","site-content-style":"default","site-sidebar-style":"default","ast-global-header-display":"","ast-banner-title-visibility":"","ast-main-header-display":"","ast-hfb-above-header-display":"","ast-hfb-below-header-display":"","ast-hfb-mobile-header-display":"","site-post-title":"","ast-breadcrumbs-content":"","ast-featured-img":"","footer-sml-layout":"","theme-transparent-header-meta":"","adv-header-id-meta":"","stick-header-meta":"","header-above-stick-meta":"","header-main-stick-meta":"","header-below-stick-meta":"","astra-migrate-meta-layouts":"default","ast-page-background-enabled":"default","ast-page-background-meta":{"desktop":{"background-color":"var(--ast-global-color-4)","background-image":"","background-repeat":"repeat","background-position":"center center","background-size":"auto","background-attachment":"scroll","background-type":"","background-media":"","overlay-type":"","overlay-color":"","overlay-opacity":"","overlay-gradient":""},"tablet":{"background-color":"","background-image":"","background-repeat":"repeat","background-position":"center center","background-size":"auto","background-attachment":"scroll","background-type":"","background-media":"","overlay-type":"","overlay-color":"","overlay-opacity":"","overlay-gradient":""},"mobile":{"background-color":"","background-image":"","background-repeat":"repeat","background-position":"center center","background-size":"auto","background-attachment":"scroll","background-type":"","background-media":"","overlay-type":"","overlay-color":"","overlay-opacity":"","overlay-gradient":""}},"ast-content-background-meta":{"desktop":{"background-color":"var(--ast-global-color-5)","background-image":"","background-repeat":"repeat","background-position":"center center","background-size":"auto","background-attachment":"scroll","background-type":"","background-media":"","overlay-type":"","overlay-color":"","overlay-opacity":"","overlay-gradient":""},"tablet":{"background-color":"var(--ast-global-color-5)","background-image":"","background-repeat":"repeat","background-position":"center center","background-size":"auto","background-attachment":"scroll","background-type":"","background-media":"","overlay-type":"","overlay-color":"","overlay-opacity":"","overlay-gradient":""},"mobile":{"background-color":"var(--ast-global-color-5)","background-image":"","background-repeat":"repeat","background-position":"center center","background-size":"auto","background-attachment":"scroll","background-type":"","background-media":"","overlay-type":"","overlay-color":"","overlay-opacity":"","overlay-gradient":""}},"footnotes":""},"class_list":["post-11470","page","type-page","status-publish","hentry"],"post_mailing_queue_ids":[],"_links":{"self":[{"href":"https:\/\/agora.xtec.cat\/ceip-jbalmes-cervera\/wp-json\/wp\/v2\/pages\/11470","targetHints":{"allow":["GET"]}}],"collection":[{"href":"https:\/\/agora.xtec.cat\/ceip-jbalmes-cervera\/wp-json\/wp\/v2\/pages"}],"about":[{"href":"https:\/\/agora.xtec.cat\/ceip-jbalmes-cervera\/wp-json\/wp\/v2\/types\/page"}],"author":[{"embeddable":true,"href":"https:\/\/agora.xtec.cat\/ceip-jbalmes-cervera\/wp-json\/wp\/v2\/users\/79"}],"replies":[{"embeddable":true,"href":"https:\/\/agora.xtec.cat\/ceip-jbalmes-cervera\/wp-json\/wp\/v2\/comments?post=11470"}],"version-history":[{"count":6,"href":"https:\/\/agora.xtec.cat\/ceip-jbalmes-cervera\/wp-json\/wp\/v2\/pages\/11470\/revisions"}],"predecessor-version":[{"id":12784,"href":"https:\/\/agora.xtec.cat\/ceip-jbalmes-cervera\/wp-json\/wp\/v2\/pages\/11470\/revisions\/12784"}],"wp:attachment":[{"href":"https:\/\/agora.xtec.cat\/ceip-jbalmes-cervera\/wp-json\/wp\/v2\/media?parent=11470"}],"curies":[{"name":"wp","href":"https:\/\/api.w.org\/{rel}","templated":true}]}}