{"id":9303,"date":"2025-05-22T13:29:39","date_gmt":"2025-05-22T11:29:39","guid":{"rendered":"https:\/\/agora.xtec.cat\/ceip-jaumeprimer-pineda\/?page_id=9303"},"modified":"2026-02-06T13:06:00","modified_gmt":"2026-02-06T12:06:00","slug":"pla-lector","status":"publish","type":"page","link":"https:\/\/agora.xtec.cat\/ceip-jaumeprimer-pineda\/projecte-educatiu\/projectes-de-centre\/pla-lector\/","title":{"rendered":"PLA LECTOR"},"content":{"rendered":"\n<p>El Pla lector \u00e9s una prioritat al nostre centre fent servir la lectura com a motivaci\u00f3 pels aprenentatges. A partir de contes i d\u2019activitats diverses promovem el gust per la lectura, l\u2019acc\u00e9s al coneixement i la literatura. El Pla lector tamb\u00e9 \u00e9s un recurs pel desenvolupament de&nbsp; les compet\u00e8ncies transversals, com l\u2019educaci\u00f3 emocional i la&nbsp; col\u00b7laboraci\u00f3 entre alumnes, compartint-ho tamb\u00e9 amb les fam\u00edlies.<\/p>\n\n\n\n<div class=\"wp-block-buttons is-layout-flex wp-block-buttons-is-layout-flex\">\n<div class=\"wp-block-button\"><a class=\"wp-block-button__link wp-element-button\">Biblioteca<\/a><\/div>\n\n\n\n<div class=\"wp-block-button\"><a class=\"wp-block-button__link wp-element-button\">Ep\u00e8rgam<\/a><\/div>\n<\/div>\n\n\n\n<p>La <strong>biblioteca de l\u2019escola<\/strong> \u00e9s un espai viu i acollidor destinat a fomentar el <strong>gust per la lectura<\/strong>, la <strong>curiositat<\/strong> i l\u2019<strong>aprenentatge<\/strong> de l\u2019alumnat. No \u00e9s nom\u00e9s un lloc per llegir, sin\u00f3 tamb\u00e9 un punt de trobada on els infants poden descobrir hist\u00f2ries, investigar, imaginar i cr\u00e9ixer com a lectors i lectores.<\/p>\n\n\n\n<p>L\u2019<strong>objectiu principal<\/strong> de la biblioteca \u00e9s potenciar l\u2019h\u00e0bit lector, desenvolupar la comprensi\u00f3 lectora i donar suport al treball que es fa a l\u2019aula, tot afavorint l\u2019autonomia i el pensament cr\u00edtic.<\/p>\n\n\n\n<p>Al llarg del curs s\u2019hi duen a terme <strong>moltes activitats<\/strong>: hores de lectura, contacontes, recomanacions de llibres, activitats relacionades amb projectes de classe, celebracions de dies especials (com Sant Jordi), entre d\u2019altres. I setmanalment cada curs va una estona per gaudir de la lectura. D\u2019aquesta manera, la biblioteca es converteix en un espai din\u00e0mic que acompanya l\u2019alumnat en el seu proc\u00e9s educatiu i personal. Les fam\u00edlies esteu convidades a participar d&#8217;aquest espai els dimarts a la tarda fora de l&#8217;horari escolar.<\/p>\n\n\n\n<figure class=\"wp-block-image size-large\"><a href=\"https:\/\/agora.xtec.cat\/ceip-jaumeprimer-pineda\/wp-content\/uploads\/usu1816\/2026\/02\/WhatsApp-Image-2026-02-04-at-09.56.43-1-1.jpeg\"><img loading=\"lazy\" decoding=\"async\" width=\"1024\" height=\"768\" src=\"https:\/\/agora.xtec.cat\/ceip-jaumeprimer-pineda\/wp-content\/uploads\/usu1816\/2026\/02\/WhatsApp-Image-2026-02-04-at-09.56.43-1-1-1024x768.jpeg\" alt=\"\" class=\"wp-image-9671\" srcset=\"https:\/\/agora.xtec.cat\/ceip-jaumeprimer-pineda\/wp-content\/uploads\/usu1816\/2026\/02\/WhatsApp-Image-2026-02-04-at-09.56.43-1-1-1024x768.jpeg 1024w, https:\/\/agora.xtec.cat\/ceip-jaumeprimer-pineda\/wp-content\/uploads\/usu1816\/2026\/02\/WhatsApp-Image-2026-02-04-at-09.56.43-1-1-300x225.jpeg 300w, https:\/\/agora.xtec.cat\/ceip-jaumeprimer-pineda\/wp-content\/uploads\/usu1816\/2026\/02\/WhatsApp-Image-2026-02-04-at-09.56.43-1-1-768x576.jpeg 768w, https:\/\/agora.xtec.cat\/ceip-jaumeprimer-pineda\/wp-content\/uploads\/usu1816\/2026\/02\/WhatsApp-Image-2026-02-04-at-09.56.43-1-1-1536x1152.jpeg 1536w, https:\/\/agora.xtec.cat\/ceip-jaumeprimer-pineda\/wp-content\/uploads\/usu1816\/2026\/02\/WhatsApp-Image-2026-02-04-at-09.56.43-1-1.jpeg 2000w\" sizes=\"auto, (max-width: 1024px) 100vw, 1024px\" \/><\/a><\/figure>\n\n\n\n<figure class=\"wp-block-video\"><video controls src=\"https:\/\/agora.xtec.cat\/ceip-jaumeprimer-pineda\/wp-content\/uploads\/usu1816\/2026\/02\/BIBLIOTECA-1.mp4\"><\/video><\/figure>\n\n\n\n<p><\/p>\n","protected":false},"excerpt":{"rendered":"<p>El Pla lector \u00e9s una prioritat al nostre centre fent servir la lectura com a motivaci\u00f3 pels aprenentatges. A partir [&hellip;]<\/p>\n","protected":false},"author":1,"featured_media":0,"parent":9261,"menu_order":0,"comment_status":"closed","ping_status":"close","template":"","meta":{"_bbp_topic_count":0,"_bbp_reply_count":0,"_bbp_total_topic_count":0,"_bbp_total_reply_count":0,"_bbp_voice_count":0,"_bbp_anonymous_reply_count":0,"_bbp_topic_count_hidden":0,"_bbp_reply_count_hidden":0,"_bbp_forum_subforum_count":0,"site-sidebar-layout":"default","site-content-layout":"","ast-site-content-layout":"default","site-content-style":"default","site-sidebar-style":"default","ast-global-header-display":"","ast-banner-title-visibility":"","ast-main-header-display":"","ast-hfb-above-header-display":"","ast-hfb-below-header-display":"","ast-hfb-mobile-header-display":"","site-post-title":"","ast-breadcrumbs-content":"","ast-featured-img":"","footer-sml-layout":"","theme-transparent-header-meta":"","adv-header-id-meta":"","stick-header-meta":"","header-above-stick-meta":"","header-main-stick-meta":"","header-below-stick-meta":"","astra-migrate-meta-layouts":"set","ast-page-background-enabled":"default","ast-page-background-meta":{"desktop":{"background-color":"var(--ast-global-color-4)","background-image":"","background-repeat":"repeat","background-position":"center center","background-size":"auto","background-attachment":"scroll","background-type":"","background-media":"","overlay-type":"","overlay-color":"","overlay-opacity":"","overlay-gradient":""},"tablet":{"background-color":"","background-image":"","background-repeat":"repeat","background-position":"center center","background-size":"auto","background-attachment":"scroll","background-type":"","background-media":"","overlay-type":"","overlay-color":"","overlay-opacity":"","overlay-gradient":""},"mobile":{"background-color":"","background-image":"","background-repeat":"repeat","background-position":"center center","background-size":"auto","background-attachment":"scroll","background-type":"","background-media":"","overlay-type":"","overlay-color":"","overlay-opacity":"","overlay-gradient":""}},"ast-content-background-meta":{"desktop":{"background-color":"var(--ast-global-color-5)","background-image":"","background-repeat":"repeat","background-position":"center center","background-size":"auto","background-attachment":"scroll","background-type":"","background-media":"","overlay-type":"","overlay-color":"","overlay-opacity":"","overlay-gradient":""},"tablet":{"background-color":"var(--ast-global-color-5)","background-image":"","background-repeat":"repeat","background-position":"center center","background-size":"auto","background-attachment":"scroll","background-type":"","background-media":"","overlay-type":"","overlay-color":"","overlay-opacity":"","overlay-gradient":""},"mobile":{"background-color":"var(--ast-global-color-5)","background-image":"","background-repeat":"repeat","background-position":"center center","background-size":"auto","background-attachment":"scroll","background-type":"","background-media":"","overlay-type":"","overlay-color":"","overlay-opacity":"","overlay-gradient":""}},"footnotes":""},"class_list":["post-9303","page","type-page","status-publish","hentry"],"post_mailing_queue_ids":[],"_links":{"self":[{"href":"https:\/\/agora.xtec.cat\/ceip-jaumeprimer-pineda\/wp-json\/wp\/v2\/pages\/9303","targetHints":{"allow":["GET"]}}],"collection":[{"href":"https:\/\/agora.xtec.cat\/ceip-jaumeprimer-pineda\/wp-json\/wp\/v2\/pages"}],"about":[{"href":"https:\/\/agora.xtec.cat\/ceip-jaumeprimer-pineda\/wp-json\/wp\/v2\/types\/page"}],"author":[{"embeddable":true,"href":"https:\/\/agora.xtec.cat\/ceip-jaumeprimer-pineda\/wp-json\/wp\/v2\/users\/1"}],"replies":[{"embeddable":true,"href":"https:\/\/agora.xtec.cat\/ceip-jaumeprimer-pineda\/wp-json\/wp\/v2\/comments?post=9303"}],"version-history":[{"count":5,"href":"https:\/\/agora.xtec.cat\/ceip-jaumeprimer-pineda\/wp-json\/wp\/v2\/pages\/9303\/revisions"}],"predecessor-version":[{"id":9675,"href":"https:\/\/agora.xtec.cat\/ceip-jaumeprimer-pineda\/wp-json\/wp\/v2\/pages\/9303\/revisions\/9675"}],"up":[{"embeddable":true,"href":"https:\/\/agora.xtec.cat\/ceip-jaumeprimer-pineda\/wp-json\/wp\/v2\/pages\/9261"}],"wp:attachment":[{"href":"https:\/\/agora.xtec.cat\/ceip-jaumeprimer-pineda\/wp-json\/wp\/v2\/media?parent=9303"}],"curies":[{"name":"wp","href":"https:\/\/api.w.org\/{rel}","templated":true}]}}