{"id":8860,"date":"2025-01-24T09:14:16","date_gmt":"2025-01-24T08:14:16","guid":{"rendered":"https:\/\/agora.xtec.cat\/ceip-jaumeprimer-pineda\/?page_id=8860"},"modified":"2025-03-05T12:10:35","modified_gmt":"2025-03-05T11:10:35","slug":"historia","status":"publish","type":"page","link":"https:\/\/agora.xtec.cat\/ceip-jaumeprimer-pineda\/lescola\/historia\/","title":{"rendered":"HIST\u00d2RIA"},"content":{"rendered":"\n<figure class=\"wp-block-image aligncenter size-large is-resized is-style-default\"><a href=\"https:\/\/agora.xtec.cat\/ceip-jaumeprimer-pineda\/wp-content\/uploads\/usu1816\/2025\/03\/escola-antiga.jpg\"><img loading=\"lazy\" decoding=\"async\" width=\"1024\" height=\"595\" src=\"https:\/\/agora.xtec.cat\/ceip-jaumeprimer-pineda\/wp-content\/uploads\/usu1816\/2025\/03\/escola-antiga-1024x595.jpg\" alt=\"\" class=\"wp-image-9097\" style=\"width:659px;height:auto\" srcset=\"https:\/\/agora.xtec.cat\/ceip-jaumeprimer-pineda\/wp-content\/uploads\/usu1816\/2025\/03\/escola-antiga-1024x595.jpg 1024w, https:\/\/agora.xtec.cat\/ceip-jaumeprimer-pineda\/wp-content\/uploads\/usu1816\/2025\/03\/escola-antiga-300x174.jpg 300w, https:\/\/agora.xtec.cat\/ceip-jaumeprimer-pineda\/wp-content\/uploads\/usu1816\/2025\/03\/escola-antiga-768x446.jpg 768w, https:\/\/agora.xtec.cat\/ceip-jaumeprimer-pineda\/wp-content\/uploads\/usu1816\/2025\/03\/escola-antiga.jpg 1370w\" sizes=\"auto, (max-width: 1024px) 100vw, 1024px\" \/><\/a><\/figure>\n\n\n\n<p style=\"padding-top:var(--wp--preset--spacing--20);padding-bottom:var(--wp--preset--spacing--20)\">El 20 d&#8217;octubre del 1974 s&#8217;inaugur\u00e0 l&#8217;escola Jaume I, amb 850 alumnes matriculats, fet que permetia alliberar les instal\u00b7lacions provisionals que s&#8217;havien habilitat a diversos indrets de la poblaci\u00f3 per donar cabuda al cada cop m\u00e9s nombr\u00f3s cens escolar. Tot i aix\u00ed, el problema no s&#8217;havia arreglat del tot, perqu\u00e8 els alumnes de parvulari no cabien a la nova escola i van estar anant a unes aules que se&#8217;ls va habilitar a la llar d&#8217;infants de la Pla\u00e7a d&#8217;Orient.<\/p>\n\n\n\n<p>L&#8217;escola va estar funcionant amb la din\u00e0mica d&#8217;aquells temps fins que a l&#8217;any 1983, i veient que el nombre d&#8217;alumnes augmentava, s&#8217;inauguraven dues aules annexes al pati de l&#8217;escola.<\/p>\n\n\n\n<p>A l&#8217;any 1985, l&#8217;escola arribava a tenir la m\u00e0xima quantitat d&#8217;alumnes: 1153. Havent-se vist la massificaci\u00f3 d&#8217;aquesta escola, la Generalitat havia previst de construir un nou centre d&#8217;ensenyament a Pineda i s&#8217;havia d&#8217;esperar fins el 1991 perqu\u00e8 es fes realitat el desglossament d&#8217;alumnes i mestres a la nova escola. Degut a la reducci\u00f3 de l&#8217;alumnat, l&#8217;escola va passar a ser de doble l\u00ednia (dos grups per nivell) i l&#8217;escola infantil de la pla\u00e7a d&#8217;Orient s&#8217;incorporava a l&#8217;edifici del Jaume I.<\/p>\n\n\n\n<p><\/p>\n","protected":false},"excerpt":{"rendered":"<p>El 20 d&#8217;octubre del 1974 s&#8217;inaugur\u00e0 l&#8217;escola Jaume I, amb 850 alumnes matriculats, fet que permetia alliberar les instal\u00b7lacions provisionals [&hellip;]<\/p>\n","protected":false},"author":1,"featured_media":0,"parent":22,"menu_order":0,"comment_status":"closed","ping_status":"closed","template":"","meta":{"_bbp_topic_count":0,"_bbp_reply_count":0,"_bbp_total_topic_count":0,"_bbp_total_reply_count":0,"_bbp_voice_count":0,"_bbp_anonymous_reply_count":0,"_bbp_topic_count_hidden":0,"_bbp_reply_count_hidden":0,"_bbp_forum_subforum_count":0,"site-sidebar-layout":"default","site-content-layout":"","ast-site-content-layout":"default","site-content-style":"default","site-sidebar-style":"default","ast-global-header-display":"","ast-banner-title-visibility":"","ast-main-header-display":"","ast-hfb-above-header-display":"","ast-hfb-below-header-display":"","ast-hfb-mobile-header-display":"","site-post-title":"","ast-breadcrumbs-content":"","ast-featured-img":"","footer-sml-layout":"","theme-transparent-header-meta":"default","adv-header-id-meta":"","stick-header-meta":"","header-above-stick-meta":"","header-main-stick-meta":"","header-below-stick-meta":"","astra-migrate-meta-layouts":"set","ast-page-background-enabled":"default","ast-page-background-meta":{"desktop":{"background-color":"var(--ast-global-color-4)","background-image":"","background-repeat":"repeat","background-position":"center center","background-size":"auto","background-attachment":"scroll","background-type":"","background-media":"","overlay-type":"","overlay-color":"","overlay-opacity":"","overlay-gradient":""},"tablet":{"background-color":"","background-image":"","background-repeat":"repeat","background-position":"center center","background-size":"auto","background-attachment":"scroll","background-type":"","background-media":"","overlay-type":"","overlay-color":"","overlay-opacity":"","overlay-gradient":""},"mobile":{"background-color":"","background-image":"","background-repeat":"repeat","background-position":"center center","background-size":"auto","background-attachment":"scroll","background-type":"","background-media":"","overlay-type":"","overlay-color":"","overlay-opacity":"","overlay-gradient":""}},"ast-content-background-meta":{"desktop":{"background-color":"var(--ast-global-color-5)","background-image":"","background-repeat":"repeat","background-position":"center center","background-size":"auto","background-attachment":"scroll","background-type":"","background-media":"","overlay-type":"","overlay-color":"","overlay-opacity":"","overlay-gradient":""},"tablet":{"background-color":"var(--ast-global-color-5)","background-image":"","background-repeat":"repeat","background-position":"center center","background-size":"auto","background-attachment":"scroll","background-type":"","background-media":"","overlay-type":"","overlay-color":"","overlay-opacity":"","overlay-gradient":""},"mobile":{"background-color":"var(--ast-global-color-5)","background-image":"","background-repeat":"repeat","background-position":"center center","background-size":"auto","background-attachment":"scroll","background-type":"","background-media":"","overlay-type":"","overlay-color":"","overlay-opacity":"","overlay-gradient":""}},"footnotes":""},"class_list":["post-8860","page","type-page","status-publish","hentry"],"post_mailing_queue_ids":[],"_links":{"self":[{"href":"https:\/\/agora.xtec.cat\/ceip-jaumeprimer-pineda\/wp-json\/wp\/v2\/pages\/8860","targetHints":{"allow":["GET"]}}],"collection":[{"href":"https:\/\/agora.xtec.cat\/ceip-jaumeprimer-pineda\/wp-json\/wp\/v2\/pages"}],"about":[{"href":"https:\/\/agora.xtec.cat\/ceip-jaumeprimer-pineda\/wp-json\/wp\/v2\/types\/page"}],"author":[{"embeddable":true,"href":"https:\/\/agora.xtec.cat\/ceip-jaumeprimer-pineda\/wp-json\/wp\/v2\/users\/1"}],"replies":[{"embeddable":true,"href":"https:\/\/agora.xtec.cat\/ceip-jaumeprimer-pineda\/wp-json\/wp\/v2\/comments?post=8860"}],"version-history":[{"count":3,"href":"https:\/\/agora.xtec.cat\/ceip-jaumeprimer-pineda\/wp-json\/wp\/v2\/pages\/8860\/revisions"}],"predecessor-version":[{"id":9100,"href":"https:\/\/agora.xtec.cat\/ceip-jaumeprimer-pineda\/wp-json\/wp\/v2\/pages\/8860\/revisions\/9100"}],"up":[{"embeddable":true,"href":"https:\/\/agora.xtec.cat\/ceip-jaumeprimer-pineda\/wp-json\/wp\/v2\/pages\/22"}],"wp:attachment":[{"href":"https:\/\/agora.xtec.cat\/ceip-jaumeprimer-pineda\/wp-json\/wp\/v2\/media?parent=8860"}],"curies":[{"name":"wp","href":"https:\/\/api.w.org\/{rel}","templated":true}]}}