{"id":84,"date":"2014-09-18T14:11:31","date_gmt":"2014-09-18T13:11:31","guid":{"rendered":"http:\/\/agora.xtec.cat\/ceip-jaumeprimer-pineda\/?page_id=84"},"modified":"2025-11-25T12:05:34","modified_gmt":"2025-11-25T11:05:34","slug":"activitats-extraescolars","status":"publish","type":"page","link":"https:\/\/agora.xtec.cat\/ceip-jaumeprimer-pineda\/serveis\/activitats-extraescolars\/","title":{"rendered":"Activitats extraescolars"},"content":{"rendered":"<h6 class=\"sr-only\">ChatGPT ha dit:<\/h6>\n<div class=\"text-base my-auto mx-auto pb-10 [--thread-content-margin:--spacing(4)] thread-sm:[--thread-content-margin:--spacing(6)] thread-lg:[--thread-content-margin:--spacing(16)] px-(--thread-content-margin)\">\n<div class=\"[--thread-content-max-width:40rem] thread-lg:[--thread-content-max-width:48rem] mx-auto max-w-(--thread-content-max-width) flex-1 group\/turn-messages focus-visible:outline-hidden relative flex w-full min-w-0 flex-col agent-turn\" tabindex=\"-1\">\n<div class=\"flex max-w-full flex-col grow\">\n<div class=\"min-h-8 text-message relative flex w-full flex-col items-end gap-2 text-start break-words whitespace-normal [.text-message+&amp;]:mt-1\" dir=\"auto\" data-message-author-role=\"assistant\" data-message-id=\"df6f7faf-3a49-491e-ab05-4fff07ab66b3\" data-message-model-slug=\"gpt-5-1\">\n<div class=\"flex w-full flex-col gap-1 empty:hidden first:pt-[1px]\">\n<div class=\"markdown prose dark:prose-invert w-full break-words light markdown-new-styling\">\n<p data-start=\"0\" data-end=\"334\">Les <strong data-start=\"4\" data-end=\"21\">extraescolars<\/strong> s\u00f3n activitats que es realitzen <strong data-start=\"54\" data-end=\"81\">fora de l\u2019horari lectiu<\/strong> i que permeten als infants <strong data-start=\"109\" data-end=\"141\">descobrir, aprendre i gaudir<\/strong> de noves experi\u00e8ncies: esport, m\u00fasica, arts, ci\u00e8ncia, idiomes i molt m\u00e9s. Afavoreixen el <strong data-start=\"231\" data-end=\"254\">creixement personal<\/strong>, la <strong data-start=\"259\" data-end=\"274\">creativitat<\/strong> i les <strong data-start=\"281\" data-end=\"302\">relacions socials<\/strong> en un ambient l\u00fadic i educatiu.<\/p>\n<p data-start=\"336\" data-end=\"474\" data-is-last-node=\"\" data-is-only-node=\"\"><strong data-start=\"336\" data-end=\"474\" data-is-last-node=\"\">Les extraescolars estan pensades per oferir als infants oportunitats d\u2019aprendre i divertir-se, sempre en un entorn segur i enriquidor.<\/strong><\/p>\n<p data-start=\"336\" data-end=\"474\" data-is-last-node=\"\" data-is-only-node=\"\">\n<\/div>\n<\/div>\n<\/div>\n<\/div>\n<\/div>\n<\/div>\n<p>S&#8217;ofereixen diferents activitats gestionades per dos canals diferents.<\/p>\n<ul>\n<li>Va de lleure ofereix:\n<ul>\n<li>Circomotricitat (i4-2n)<\/li>\n<li>Arts marcials (1r-6\u00e8)<\/li>\n<li>Patinatge (1r-6\u00e8)<\/li>\n<li>Ball modern (1r-6\u00e8)<\/li>\n<\/ul>\n<\/li>\n<li>AFA ofereix:\n<ul>\n<li>Futbol sala (i5-6\u00e8)<\/li>\n<li>Twirling (i3- 6\u00e8)<\/li>\n<li>Piscina (i3-6\u00e8)<\/li>\n<\/ul>\n<\/li>\n<\/ul>\n<p>Per les inscripcions us heu d&#8217;adre\u00e7ar a:<\/p>\n<p>info@vadelleure.cat<\/p>\n<p>Tel\u00e8fon: 938634658<\/p>\n<p>AFA Escola Jaume I us heu d&#8217;adre\u00e7ar a:<\/p>\n<p>ampajaume1pineda@gmail.com<\/p>\n","protected":false},"excerpt":{"rendered":"<p>ChatGPT ha dit: Les extraescolars s\u00f3n activitats que es realitzen fora de l\u2019horari lectiu i que permeten als infants descobrir, [&hellip;]<\/p>\n","protected":false},"author":1,"featured_media":0,"parent":66,"menu_order":60,"comment_status":"closed","ping_status":"closed","template":"","meta":{"_bbp_topic_count":0,"_bbp_reply_count":0,"_bbp_total_topic_count":0,"_bbp_total_reply_count":0,"_bbp_voice_count":0,"_bbp_anonymous_reply_count":0,"_bbp_topic_count_hidden":0,"_bbp_reply_count_hidden":0,"_bbp_forum_subforum_count":0,"site-sidebar-layout":"default","site-content-layout":"","ast-site-content-layout":"default","site-content-style":"default","site-sidebar-style":"default","ast-global-header-display":"","ast-banner-title-visibility":"","ast-main-header-display":"","ast-hfb-above-header-display":"","ast-hfb-below-header-display":"","ast-hfb-mobile-header-display":"","site-post-title":"","ast-breadcrumbs-content":"","ast-featured-img":"","footer-sml-layout":"","theme-transparent-header-meta":"default","adv-header-id-meta":"","stick-header-meta":"","header-above-stick-meta":"","header-main-stick-meta":"","header-below-stick-meta":"","astra-migrate-meta-layouts":"set","ast-page-background-enabled":"default","ast-page-background-meta":{"desktop":{"background-color":"var(--ast-global-color-4)","background-image":"","background-repeat":"repeat","background-position":"center center","background-size":"auto","background-attachment":"scroll","background-type":"","background-media":"","overlay-type":"","overlay-color":"","overlay-opacity":"","overlay-gradient":""},"tablet":{"background-color":"","background-image":"","background-repeat":"repeat","background-position":"center center","background-size":"auto","background-attachment":"scroll","background-type":"","background-media":"","overlay-type":"","overlay-color":"","overlay-opacity":"","overlay-gradient":""},"mobile":{"background-color":"","background-image":"","background-repeat":"repeat","background-position":"center center","background-size":"auto","background-attachment":"scroll","background-type":"","background-media":"","overlay-type":"","overlay-color":"","overlay-opacity":"","overlay-gradient":""}},"ast-content-background-meta":{"desktop":{"background-color":"var(--ast-global-color-5)","background-image":"","background-repeat":"repeat","background-position":"center center","background-size":"auto","background-attachment":"scroll","background-type":"","background-media":"","overlay-type":"","overlay-color":"","overlay-opacity":"","overlay-gradient":""},"tablet":{"background-color":"var(--ast-global-color-5)","background-image":"","background-repeat":"repeat","background-position":"center center","background-size":"auto","background-attachment":"scroll","background-type":"","background-media":"","overlay-type":"","overlay-color":"","overlay-opacity":"","overlay-gradient":""},"mobile":{"background-color":"var(--ast-global-color-5)","background-image":"","background-repeat":"repeat","background-position":"center center","background-size":"auto","background-attachment":"scroll","background-type":"","background-media":"","overlay-type":"","overlay-color":"","overlay-opacity":"","overlay-gradient":""}},"footnotes":""},"class_list":["post-84","page","type-page","status-publish","hentry"],"post_mailing_queue_ids":[],"_links":{"self":[{"href":"https:\/\/agora.xtec.cat\/ceip-jaumeprimer-pineda\/wp-json\/wp\/v2\/pages\/84","targetHints":{"allow":["GET"]}}],"collection":[{"href":"https:\/\/agora.xtec.cat\/ceip-jaumeprimer-pineda\/wp-json\/wp\/v2\/pages"}],"about":[{"href":"https:\/\/agora.xtec.cat\/ceip-jaumeprimer-pineda\/wp-json\/wp\/v2\/types\/page"}],"author":[{"embeddable":true,"href":"https:\/\/agora.xtec.cat\/ceip-jaumeprimer-pineda\/wp-json\/wp\/v2\/users\/1"}],"replies":[{"embeddable":true,"href":"https:\/\/agora.xtec.cat\/ceip-jaumeprimer-pineda\/wp-json\/wp\/v2\/comments?post=84"}],"version-history":[{"count":3,"href":"https:\/\/agora.xtec.cat\/ceip-jaumeprimer-pineda\/wp-json\/wp\/v2\/pages\/84\/revisions"}],"predecessor-version":[{"id":9493,"href":"https:\/\/agora.xtec.cat\/ceip-jaumeprimer-pineda\/wp-json\/wp\/v2\/pages\/84\/revisions\/9493"}],"up":[{"embeddable":true,"href":"https:\/\/agora.xtec.cat\/ceip-jaumeprimer-pineda\/wp-json\/wp\/v2\/pages\/66"}],"wp:attachment":[{"href":"https:\/\/agora.xtec.cat\/ceip-jaumeprimer-pineda\/wp-json\/wp\/v2\/media?parent=84"}],"curies":[{"name":"wp","href":"https:\/\/api.w.org\/{rel}","templated":true}]}}